{"id":11485,"date":"2018-11-02T14:16:44","date_gmt":"2018-11-02T12:16:44","guid":{"rendered":"http:\/\/culturesconnection.com\/?page_id=11485"},"modified":"2022-06-21T19:02:48","modified_gmt":"2022-06-21T17:02:48","slug":"nasze-chinskie-uslugi-tworzenia-napisow","status":"publish","type":"page","link":"https:\/\/culturesconnection.com\/pl\/nasze-chinskie-uslugi-tlumaczeniowe\/nasze-chinskie-uslugi-tworzenia-napisow\/","title":{"rendered":"Nasze chi\u0144skie us\u0142ugi tworzenia napis\u00f3w"},"content":{"rendered":"\n<h2 class=\"wp-block-heading\">Polsko-chi\u0144skie us\u0142ugi tworzenia napis\u00f3w: Twoje multimedia w Chinach<\/h2>\n\n\n\n<p>W dzisiejszych czasach media odgrywaj\u0105 wa\u017cn\u0105 rol\u0119 w naszym spo\u0142ecze\u0144stwie. Sp\u0119dzamy du\u017co czasu przed ekranami kina, komputer\u00f3w, ekran\u00f3w telewizyjnych&#8230;T\u0142umacze pomagaj\u0105 nam pozosta\u0107 w kontakcie. Dotyczy to wszelkich \u015brodk\u00f3w komunikacyjnych dla czytelnik\u00f3w i s\u0142uchaczy rozmaitych j\u0119zyk\u00f3w i kultur. Czy Twoja firma potrzebuje rozpowszechni\u0107 tre\u015bci multimedialne w Chinach? Zle\u0107 sw\u00f3j projekt naszej <a href=\"https:\/\/culturesconnection.com\/pl\/\">agencji t\u0142umacze\u0144<\/a> i my sprawimy, aby Twoje tre\u015bci by\u0142y dost\u0119pne i zrozumia\u0142e dla Chi\u0144czyk\u00f3w.<\/p>\n\n\n\n<h2 class=\"wp-block-heading\">Szukasz agencji oferuj\u0105cej us\u0142ugi tworzenia napis\u00f3w?<\/h2>\n\n\n\n<p>Audiowizualne t\u0142umaczenie j\u0119zyka nie jest \u0142atwym zadaniem. Z tego powodu korzystamy z <a href=\"https:\/\/culturesconnection.com\/pl\/profesjonalne-uslugi-tlumaczeniowe-we-wszystkich-jezykach\/\">us\u0142ug t\u0142umaczeniowych<\/a> najbardziej wykwalifikowanych specjalist\u00f3w w tej dziedzinie. Posiadaj\u0105 oni doskona\u0142\u0105 znajomo\u015b\u0107 j\u0119zyka polskiego i chi\u0144skiego i zawsze przek\u0142adaj\u0105 na sw\u00f3j j\u0119zyk ojczysty. Ci wyspecjalizowani t\u0142umacze i nasi technicy urz\u0105dze\u0144 audiowizualnych pracuj\u0105 razem, aby zapewni\u0107 Tobie jak najlepsze wyniki, \u015bwiadcz\u0105c chi\u0144skie us\u0142ugi tworzenia napis\u00f3w. Jakie rodzaje <a href=\"https:\/\/culturesconnection.com\/pl\/nasze-uslugi-tworzenia-napisow\/\">us\u0142ug audiowizualnych<\/a>&nbsp;Ciebie interesuj\u0105? Spisywanie nagra\u0144, tworzenie napis\u00f3w, podk\u0142ad g\u0142osowy? Zadbamy o to, aby zapewni\u0107 Tobie optymalne wyniki.<\/p>\n\n\n\n<h2 class=\"wp-block-heading\">T\u0142umaczenie materia\u0142\u00f3w audiowizualnych na j\u0119zyk chi\u0144ski<\/h2>\n\n\n\n<p>Jakiego rodzaju materia\u0142y chcesz przet\u0142umaczy\u0107? Nasi klienci powierzaj\u0105 nam wiele r\u00f3\u017cnych typ\u00f3w projekt\u00f3w. Oto kilka przyk\u0142ad\u00f3w:<\/p>\n\n\n\n<ul class=\"wp-block-list\"><li>Filmy reklamowe i komercyjne<\/li><li>Filmy korporacyjne<\/li><li>Filmy instytucjonalne<\/li><li>Teksty d\u017awi\u0119kowe<\/li><li>Filmy dokumentalne<\/li><li>Gry wideo<\/li><\/ul>\n\n\n\n<h3 class=\"wp-block-heading\">&nbsp;Us\u0142ugi tworzenia napis\u00f3w na wszystkie j\u0119zyki<\/h3>\n\n\n\n<ul class=\"wp-block-list\"><li><a href=\"https:\/\/culturesconnection.com\/pl\/nasze-francuskie-uslugi-tworzenia-napisow\/\">Tworzenie napis\u00f3w na j\u0119zyk francuski<\/a><\/li><li><a href=\"https:\/\/culturesconnection.com\/pl\/nasze-uslugi-tworzenia-napisow-z-hiszpanskiego\/\">Tworzenie napis\u00f3w na j\u0119zyk hiszpa\u0144ski<\/a><\/li><li><a href=\"https:\/\/culturesconnection.com\/pl\/nasze-polsko-niemieckie-uslugi-tworzenia-napisow\/\">Tworzenie napis\u00f3w na j\u0119zyk niemiecki<\/a><\/li><li><a href=\"https:\/\/culturesconnection.com\/pl\/nasze-arabskie-uslugi-tworzenia-napisow\/\">Tworzenie napis\u00f3w na j\u0119zyk arabski<\/a><\/li><li><a href=\"https:\/\/culturesconnection.com\/pl\/nasze-uslugi-tworzenia-napisow-z-jezyka-portugalskiego\/\">Tworzenie napis\u00f3w na j\u0119zyk portugalski<\/a><\/li><li><a href=\"https:\/\/culturesconnection.com\/pl\/nasze-wloskie-uslugi-tworzenia-napisow\/\">Tworzenie napis\u00f3w na j\u0119zyk w\u0142oski<\/a><\/li><li><a href=\"https:\/\/culturesconnection.com\/pl\/niderlandzkie-uslugi-tworzenia-napisow\/\">Tworzenie napis\u00f3w na j\u0119zyk niderlandzki<\/a><\/li><li><a href=\"https:\/\/culturesconnection.com\/pl\/?page_id=13387\">Tworzenie napis\u00f3w na j\u0119zyk turecki<\/a><\/li><li><a href=\"https:\/\/culturesconnection.com\/pl\/nasze-japonskie-uslugi-w-zakresie-tworzenia-napisow\/\">Tworzenie napis\u00f3w na j\u0119zyk japo\u0144ski<\/a><\/li><li><a href=\"https:\/\/culturesconnection.com\/pl\/nasze-uslugi-tworzenia-napisow-z-rosyjskiego\/\">Tworzenie napis\u00f3w na j\u0119zyk rosyjski<\/a><\/li><\/ul>\n","protected":false},"excerpt":{"rendered":"<p>Polsko-chi\u0144skie us\u0142ugi tworzenia napis\u00f3w: Twoje multimedia w Chinach W dzisiejszych czasach media odgrywaj\u0105 wa\u017cn\u0105 rol\u0119 w naszym spo\u0142ecze\u0144stwie. Sp\u0119dzamy du\u017co czasu przed ekranami kina, komputer\u00f3w, [&#8230;]<\/p>\n<p><a class=\"btn btn-secondary understrap-read-more-link\" href=\"https:\/\/culturesconnection.com\/pl\/nasze-chinskie-uslugi-tlumaczeniowe\/nasze-chinskie-uslugi-tworzenia-napisow\/\">Czytaj dalej\u2026<span class=\"screen-reader-text\"> from Nasze chi\u0144skie us\u0142ugi tworzenia napis\u00f3w<\/span><\/a><\/p>\n","protected":false},"author":22,"featured_media":24334,"parent":11487,"menu_order":0,"comment_status":"closed","ping_status":"closed","template":"","meta":{"_acf_changed":false,"_editorskit_title_hidden":false,"_editorskit_reading_time":0,"_editorskit_is_block_options_detached":false,"_editorskit_block_options_position":"{}","footnotes":""},"class_list":["post-11485","page","type-page","status-publish","has-post-thumbnail","hentry"],"acf":[],"_links":{"self":[{"href":"https:\/\/culturesconnection.com\/pl\/wp-json\/wp\/v2\/pages\/11485","targetHints":{"allow":["GET"]}}],"collection":[{"href":"https:\/\/culturesconnection.com\/pl\/wp-json\/wp\/v2\/pages"}],"about":[{"href":"https:\/\/culturesconnection.com\/pl\/wp-json\/wp\/v2\/types\/page"}],"author":[{"embeddable":true,"href":"https:\/\/culturesconnection.com\/pl\/wp-json\/wp\/v2\/users\/22"}],"replies":[{"embeddable":true,"href":"https:\/\/culturesconnection.com\/pl\/wp-json\/wp\/v2\/comments?post=11485"}],"version-history":[{"count":0,"href":"https:\/\/culturesconnection.com\/pl\/wp-json\/wp\/v2\/pages\/11485\/revisions"}],"up":[{"embeddable":true,"href":"https:\/\/culturesconnection.com\/pl\/wp-json\/wp\/v2\/pages\/11487"}],"wp:featuredmedia":[{"embeddable":true,"href":"https:\/\/culturesconnection.com\/pl\/wp-json\/wp\/v2\/media\/24334"}],"wp:attachment":[{"href":"https:\/\/culturesconnection.com\/pl\/wp-json\/wp\/v2\/media?parent=11485"}],"curies":[{"name":"wp","href":"https:\/\/api.w.org\/{rel}","templated":true}]}}