{"id":11484,"date":"2018-11-06T11:33:19","date_gmt":"2018-11-06T09:33:19","guid":{"rendered":"http:\/\/culturesconnection.com\/?page_id=11484"},"modified":"2022-06-21T05:22:28","modified_gmt":"2022-06-21T03:22:28","slug":"nasze-tlumaczenia-naukowe-z-jezyka-chinskiego","status":"publish","type":"page","link":"https:\/\/culturesconnection.com\/pl\/nasze-chinskie-uslugi-tlumaczeniowe\/nasze-tlumaczenia-naukowe-z-jezyka-chinskiego\/","title":{"rendered":"Nasze t\u0142umaczenia naukowe z j\u0119zyka chi\u0144skiego"},"content":{"rendered":"\n<h2 class=\"wp-block-heading\">T\u0142umaczenia naukowe z j\u0119zyka chi\u0144skiego: przede wszystkim precyzja<\/h2>\n\n\n\n<p>Tekst naukowy zawiera skomplikowan\u0105 i precyzyjn\u0105 terminologi\u0119, kt\u00f3ra wymaga rzetelnej pracy wykonanej przez specjalist\u0119 w danej dziedzinie. Bez zale\u017cno\u015bci od tego, czy m\u00f3wimy o zoologii, biotechnologii, odnawialnych \u017ar\u00f3d\u0142ach energii, botanice czy geologii, jedynie profesjonalista posiadaj\u0105cy wiedz\u0119 specjalistyczn\u0105 mo\u017ce poradzi\u0107 sobie z takim zadaniem. <a href=\"https:\/\/culturesconnection.com\/pl\/\">Cultures Connection<\/a> zleci Twoje t\u0142umaczenia naukowe z j\u0119zyka chi\u0144skiego (mandary\u0144ski i kato\u0144ski) specjalistom, wybranym na podstawie ich osi\u0105gni\u0119\u0107 akademickich jak te\u017c zawodowych.<\/p>\n\n\n\n<h2 class=\"wp-block-heading\">Nasza agencja t\u0142umacze\u0144<\/h2>\n\n\n\n<p>Nasza agencja zobowi\u0105zuje si\u0119 do dostarczenia Tobie wysokiej jako\u015bci t\u0142umacze\u0144. Dbamy o to, aby powierzy\u0107 Twoje projekty specjalistom do przek\u0142adu naukowego na j\u0119zyk chi\u0144ski, kt\u00f3rzy s\u0105 dok\u0142adni, przyk\u0142adaj\u0105 wag\u0119 do najdrobniejszych szczeg\u00f3\u0142\u00f3w i pozostaj\u0105 wierni tekstowi \u017ar\u00f3d\u0142owemu. Zawsze upewniamy si\u0119, \u017ce posiadamy w\u0142a\u015bciw\u0105 terminologie, kt\u00f3r\u0105 wykorzystamy w t\u0142umaczeniu. Zdajemy sobie spraw\u0119 z jej wagi i nie chcemy podwa\u017ca\u0107 wiarygodno\u015bci Twojego dokumentu naukowego lub innych tre\u015bci w \u017caden spos\u00f3b. Dlatego te\u017c w razie potrzeby kontaktujemy si\u0119 z klientem oraz zapoznajemy si\u0119 z dokumentami \u017ar\u00f3d\u0142owymi.<\/p>\n\n\n\n<h2 class=\"wp-block-heading\">T\u0142umaczenie dokument\u00f3w naukowych na j\u0119zyk chi\u0144ski<\/h2>\n\n\n\n<p>Oferujemy wysokiej jako\u015bci <a href=\"https:\/\/culturesconnection.com\/pl\/profesjonalne-uslugi-tlumaczeniowe-we-wszystkich-jezykach\/\">us\u0142ugi t\u0142umacze\u0144<\/a> i przek\u0142adamy wiele <a href=\"https:\/\/culturesconnection.com\/pl\/nasze-tlumaczenia-materialow-naukowych\/\">dokument\u00f3w<\/a> z j\u0119zyka chi\u0144skiego lub na j\u0119zyk chi\u0144ski (mandary\u0144ski lub kanto\u0144ski). Poni\u017cej znajduje si\u0119 lista przyk\u0142adowych dokument\u00f3w naukowych, kt\u00f3re cz\u0119sto t\u0142umaczymy:<\/p>\n\n\n\n<ul class=\"wp-block-list\"><li>Leksykony, encyklopedie naukowe i s\u0142owniki<\/li><li>Dokumenty techniczne i artyku\u0142y naukowe<\/li><li>Podr\u0119czniki operatora i instrukcje obs\u0142ugi<\/li><li>Badania laboratoryjne, protoko\u0142y bada\u0144<\/li><li>Dokumenty prawne, patenty i wytyczne<\/li><li>Specyfikacje<\/li><li>Mi\u0119dzynarodowe badania projektu i rynku<\/li><li>Oprogramowania symulacyjne (biotechnologia, \u015brodowisko, przekszta\u0142cenie teren\u00f3w przemys\u0142owych)<\/li><li>Prezentacje multimedialne i wideo<\/li><li>T\u0142umaczenie i lokalizacja stron internetowych<\/li><li>T\u0142umaczenie podr\u0119cznik\u00f3w technicznych, prezentacje konferencyjne<\/li><\/ul>\n\n\n\n<h2 class=\"wp-block-heading\">T\u0142umaczenia naukowe we wszystkich j\u0119zykach<\/h2>\n\n\n\n<ul class=\"wp-block-list\"><li><a href=\"https:\/\/culturesconnection.com\/pl\/nasze-francuskie-uslugi-tlumaczen-naukowych\/\">T\u0142umaczenia naukowe na j\u0119zyk francuski<\/a><\/li><li><a href=\"https:\/\/culturesconnection.com\/pl\/nasze-tlumaczenia-naukowe-z-jezyka-hiszpanskiego\/\">T\u0142umaczenia naukowe na j\u0119zyk hiszpa\u0144ski<\/a><\/li><li><a href=\"https:\/\/culturesconnection.com\/pl\/nasze-niemieckie-uslugi-tlumaczen-naukowych\/\">T\u0142umaczenia naukowe na j\u0119zyk niemiecki<\/a><\/li><li><a href=\"https:\/\/culturesconnection.com\/pl\/nasze-arabskie-uslugi-tlumaczen-naukowych\/\">T\u0142umaczenia naukowe na j\u0119zyk arabski<\/a><\/li><li><a href=\"https:\/\/culturesconnection.com\/pl\/?page_id=13394\">T\u0142umaczenia naukowe na j\u0119zyk portugalski<\/a><\/li><li><a href=\"https:\/\/culturesconnection.com\/pl\/nasze-wloskie-tlumaczenia-naukowe\/\">T\u0142umaczenia naukowe na j\u0119zyk w\u0142oski<\/a><\/li><li><a href=\"https:\/\/culturesconnection.com\/pl\/nasze-niderlandzkie-uslugi-tlumaczen-naukowych\/\">T\u0142umaczenia naukowe na j\u0119zyk niderlandzki<\/a><\/li><li><a href=\"https:\/\/culturesconnection.com\/pl\/?page_id=13386\">T\u0142umaczenia naukowe na j\u0119zyk turecki<\/a><\/li><li><a href=\"https:\/\/culturesconnection.com\/pl\/nasze-japonskie-uslugi-tlumaczen-naukowych\/\">T\u0142umaczenia naukowe na j\u0119zyk japo\u0144ski<\/a><\/li><li><a href=\"https:\/\/culturesconnection.com\/pl\/nasze-tlumaczenia-naukowe-z-jezyka-rosyjskiego\/\">T\u0142umaczenia naukowe na j\u0119zyk rosyjski<\/a><\/li><\/ul>\n","protected":false},"excerpt":{"rendered":"<p>T\u0142umaczenia naukowe z j\u0119zyka chi\u0144skiego: przede wszystkim precyzja Tekst naukowy zawiera skomplikowan\u0105 i precyzyjn\u0105 terminologi\u0119, kt\u00f3ra wymaga rzetelnej pracy wykonanej przez specjalist\u0119 w danej dziedzinie. [&#8230;]<\/p>\n<p><a class=\"btn btn-secondary understrap-read-more-link\" href=\"https:\/\/culturesconnection.com\/pl\/nasze-chinskie-uslugi-tlumaczeniowe\/nasze-tlumaczenia-naukowe-z-jezyka-chinskiego\/\">Czytaj dalej\u2026<span class=\"screen-reader-text\"> from Nasze t\u0142umaczenia naukowe z j\u0119zyka chi\u0144skiego<\/span><\/a><\/p>\n","protected":false},"author":22,"featured_media":24334,"parent":11487,"menu_order":0,"comment_status":"closed","ping_status":"closed","template":"","meta":{"_acf_changed":false,"_editorskit_title_hidden":false,"_editorskit_reading_time":0,"_editorskit_is_block_options_detached":false,"_editorskit_block_options_position":"{}","footnotes":""},"class_list":["post-11484","page","type-page","status-publish","has-post-thumbnail","hentry"],"acf":[],"_links":{"self":[{"href":"https:\/\/culturesconnection.com\/pl\/wp-json\/wp\/v2\/pages\/11484","targetHints":{"allow":["GET"]}}],"collection":[{"href":"https:\/\/culturesconnection.com\/pl\/wp-json\/wp\/v2\/pages"}],"about":[{"href":"https:\/\/culturesconnection.com\/pl\/wp-json\/wp\/v2\/types\/page"}],"author":[{"embeddable":true,"href":"https:\/\/culturesconnection.com\/pl\/wp-json\/wp\/v2\/users\/22"}],"replies":[{"embeddable":true,"href":"https:\/\/culturesconnection.com\/pl\/wp-json\/wp\/v2\/comments?post=11484"}],"version-history":[{"count":0,"href":"https:\/\/culturesconnection.com\/pl\/wp-json\/wp\/v2\/pages\/11484\/revisions"}],"up":[{"embeddable":true,"href":"https:\/\/culturesconnection.com\/pl\/wp-json\/wp\/v2\/pages\/11487"}],"wp:featuredmedia":[{"embeddable":true,"href":"https:\/\/culturesconnection.com\/pl\/wp-json\/wp\/v2\/media\/24334"}],"wp:attachment":[{"href":"https:\/\/culturesconnection.com\/pl\/wp-json\/wp\/v2\/media?parent=11484"}],"curies":[{"name":"wp","href":"https:\/\/api.w.org\/{rel}","templated":true}]}}