{"id":11482,"date":"2018-11-02T13:11:02","date_gmt":"2018-11-02T11:11:02","guid":{"rendered":"http:\/\/culturesconnection.com\/?page_id=11482"},"modified":"2022-06-22T02:13:23","modified_gmt":"2022-06-22T00:13:23","slug":"nasze-chinskie-tlumaczenia-marketingowe","status":"publish","type":"page","link":"https:\/\/culturesconnection.com\/pl\/nasze-chinskie-uslugi-tlumaczeniowe\/nasze-chinskie-tlumaczenia-marketingowe\/","title":{"rendered":"Nasze chi\u0144skie t\u0142umaczenia marketingowe"},"content":{"rendered":"\n<h2 class=\"wp-block-heading\">Polsko-chi\u0144skie t\u0142umaczenia marketingowe<\/h2>\n\n\n\n<p>T\u0142umaczenie marketingowe z j\u0119zyka chi\u0144skiego i na j\u0119zyk chi\u0144ski (mandary\u0144ski i kanto\u0144ski) jest bardzo z\u0142o\u017conym zadaniem. Wymaga to od t\u0142umacza doskona\u0142ej znajomo\u015bci j\u0119zyk\u00f3w jak r\u00f3wnie\u017c wiedzy fachowej w dziedzinie marketingu. Szukasz specjalisty, kt\u00f3ry przet\u0142umaczy Twoje dokumenty przy jednoczesnym dostosowaniu ich do kultury chi\u0144skiej? Mamy to, czego potrzebujesz! Przez lata agencja <a href=\"https:\/\/culturesconnection.com\/pl\/\">Cultures Connection<\/a> stworzy\u0142a szerok\u0105 baz\u0119 lingwist\u00f3w specjalizuj\u0105cych si\u0119 w przek\u0142adzie marketingowym. Naszych t\u0142umaczy selekcjonujemy na podstawie ich kwalifikacji, referencji i do\u015bwiadczenia w \u015bwiecie marketingu. Zawsze zaoferujemy Tobie najbardziej kompetentnego t\u0142umacza polsko-chi\u0144skiego, kt\u00f3ry b\u0119dzie najodpowiedniejszy do pracy nad projektem.<\/p>\n\n\n\n<h2 class=\"wp-block-heading\">Us\u0142ugi t\u0142umacze\u0144 marketingowych to r\u00f3wnie\u017c us\u0142ugi lokalizacyjne<\/h2>\n\n\n\n<p>Zamierzasz wprowadzi\u0107 do obrotu produkt w Chinach, ale Twoje og\u0142oszenie jest dostosowane do polskoj\u0119zycznego odbiorcy? Oto Twoje rozwi\u0105zanie: zle\u0107 sw\u00f3j projekt naszej agencji \u015bwiadcz\u0105cej chi\u0144skie t\u0142umaczenia marketingowe (mandary\u0144skie i kanto\u0144skie), a my oddamy go w r\u0119ce najbardziej odpowiedniego fachowca. Znajdziemy kogo\u015b, kto opr\u00f3cz t\u0142umaczenia j\u0119zyka b\u0119dzie w stanie dostosowa\u0107 Twoje materia\u0142y marketingowe, tak, aby by\u0142y one zrozumia\u0142e i odpowiednie dla populacji i kultury docelowej. Jest to wa\u017cny krok! Proste, dos\u0142owne t\u0142umaczenie og\u0142oszenia mo\u017ce spowodowa\u0107 wiele problem\u00f3w, nieporozumie\u0144, a nawet odrzucenie przez ludzi, do kt\u00f3rych Twoja wiadomo\u015b\u0107 jest skierowana. Wybierz jako\u015b\u0107 i bezpiecze\u0144stwo, zdecyduj si\u0119 na nasze <a href=\"https:\/\/culturesconnection.com\/pl\/profesjonalne-uslugi-tlumaczeniowe-we-wszystkich-jezykach\/\">us\u0142ugi t\u0142umaczeniowe<\/a>.<\/p>\n\n\n\n<h2 class=\"wp-block-heading\">T\u0142umaczenie dokument\u00f3w marketingowych na j\u0119zyk chi\u0144ski<\/h2>\n\n\n\n<p>Bez wzgl\u0119du na rodzaj <a href=\"https:\/\/culturesconnection.com\/pl\/nasze-uslugi-tlumaczen-marketingowych\/\">dokumentu marketingowego<\/a> jaki chcesz przet\u0142umaczy\u0107, b\u0119dziemy w stanie sobie z tym poradzi\u0107 i zapewni\u0107 Tobie najlepsze wyniki. Na co dzie\u0144 t\u0142umaczymy wiele materia\u0142\u00f3w:<\/p>\n\n\n\n<ul class=\"wp-block-list\"><li>Broszury<\/li><li>Materia\u0142y reklamowe<\/li><li>Newslettery<\/li><li>Strony e-commerce<\/li><li>Ulotki<\/li><li>Kampanie marketingowe<\/li><li>Reklamy<\/li><li>Strony internetowe<\/li><li>Slogany<\/li><li>Logotypy<\/li><li>Prezentacje<\/li><li>Wprowadzenie produktu na rynek<\/li><li>Komunikaty prasowe<\/li><li>E-ksi\u0105\u017cki<\/li><\/ul>\n\n\n\n<h3 class=\"wp-block-heading\">&nbsp;T\u0142umaczenia marketingowe we wszystkich j\u0119zykach<\/h3>\n\n\n\n<ul class=\"wp-block-list\"><li><a href=\"https:\/\/culturesconnection.com\/pl\/nasze-francuskie-uslugi-tlumaczen-marketingowych\/\">T\u0142umaczenia marketingowe na j\u0119zyk francuski<\/a><\/li><li><a href=\"https:\/\/culturesconnection.com\/pl\/?page_id=13496\">T\u0142umaczenia marketingowe na j\u0119zyk hiszpa\u0144ski<\/a><\/li><li><a href=\"https:\/\/culturesconnection.com\/pl\/nasze-niemieckie-tlumaczenia-marketingowe\/\">T\u0142umaczenia marketingowe na j\u0119zyk niemiecki<\/a><\/li><li><a href=\"https:\/\/culturesconnection.com\/pl\/nasze-uslugi-arabskich-tlumaczen-marketingowych\/\">T\u0142umaczenia marketingowe na j\u0119zyk arabski<\/a><\/li><li><a href=\"https:\/\/culturesconnection.com\/pl\/nasze-portugalskie-tlumaczenia-marketingowe\/\">T\u0142umaczenia marketingowe na j\u0119zyk portugalski<\/a><\/li><li><a href=\"https:\/\/culturesconnection.com\/pl\/nasze-wloskie-tlumaczenia-marketingowe\/\">T\u0142umaczenia marketingowe na j\u0119zyk w\u0142oski<\/a><\/li><li><a href=\"https:\/\/culturesconnection.com\/pl\/nasze-niderlandzkie-uslugi-tlumaczen-marketingowych\/\">T\u0142umaczenia marketingowe na j\u0119zyk niderlandzki<\/a><\/li><li><a href=\"https:\/\/culturesconnection.com\/pl\/?page_id=13692\">T\u0142umaczenia marketingowe na j\u0119zyk turecki<\/a><\/li><li><a href=\"https:\/\/culturesconnection.com\/pl\/nasze-uslugi-tlumaczen-marketingowych-z-japonskiego\/\">T\u0142umaczenia marketingowe na j\u0119zyk japo\u0144ski<\/a><\/li><li><a href=\"https:\/\/culturesconnection.com\/pl\/?page_id=13691\">T\u0142umaczenia marketingowe na j\u0119zyk rosyjski<\/a><\/li><\/ul>\n","protected":false},"excerpt":{"rendered":"<p>Polsko-chi\u0144skie t\u0142umaczenia marketingowe T\u0142umaczenie marketingowe z j\u0119zyka chi\u0144skiego i na j\u0119zyk chi\u0144ski (mandary\u0144ski i kanto\u0144ski) jest bardzo z\u0142o\u017conym zadaniem. Wymaga to od t\u0142umacza doskona\u0142ej znajomo\u015bci [&#8230;]<\/p>\n<p><a class=\"btn btn-secondary understrap-read-more-link\" href=\"https:\/\/culturesconnection.com\/pl\/nasze-chinskie-uslugi-tlumaczeniowe\/nasze-chinskie-tlumaczenia-marketingowe\/\">Czytaj dalej\u2026<span class=\"screen-reader-text\"> from Nasze chi\u0144skie t\u0142umaczenia marketingowe<\/span><\/a><\/p>\n","protected":false},"author":22,"featured_media":24334,"parent":11487,"menu_order":0,"comment_status":"closed","ping_status":"closed","template":"","meta":{"_acf_changed":false,"_editorskit_title_hidden":false,"_editorskit_reading_time":0,"_editorskit_is_block_options_detached":false,"_editorskit_block_options_position":"{}","footnotes":""},"class_list":["post-11482","page","type-page","status-publish","has-post-thumbnail","hentry"],"acf":[],"_links":{"self":[{"href":"https:\/\/culturesconnection.com\/pl\/wp-json\/wp\/v2\/pages\/11482","targetHints":{"allow":["GET"]}}],"collection":[{"href":"https:\/\/culturesconnection.com\/pl\/wp-json\/wp\/v2\/pages"}],"about":[{"href":"https:\/\/culturesconnection.com\/pl\/wp-json\/wp\/v2\/types\/page"}],"author":[{"embeddable":true,"href":"https:\/\/culturesconnection.com\/pl\/wp-json\/wp\/v2\/users\/22"}],"replies":[{"embeddable":true,"href":"https:\/\/culturesconnection.com\/pl\/wp-json\/wp\/v2\/comments?post=11482"}],"version-history":[{"count":0,"href":"https:\/\/culturesconnection.com\/pl\/wp-json\/wp\/v2\/pages\/11482\/revisions"}],"up":[{"embeddable":true,"href":"https:\/\/culturesconnection.com\/pl\/wp-json\/wp\/v2\/pages\/11487"}],"wp:featuredmedia":[{"embeddable":true,"href":"https:\/\/culturesconnection.com\/pl\/wp-json\/wp\/v2\/media\/24334"}],"wp:attachment":[{"href":"https:\/\/culturesconnection.com\/pl\/wp-json\/wp\/v2\/media?parent=11482"}],"curies":[{"name":"wp","href":"https:\/\/api.w.org\/{rel}","templated":true}]}}