{"id":11481,"date":"2018-11-02T14:01:39","date_gmt":"2018-11-02T12:01:39","guid":{"rendered":"http:\/\/culturesconnection.com\/?page_id=11481"},"modified":"2022-06-19T03:46:09","modified_gmt":"2022-06-19T01:46:09","slug":"nasze-chinskie-uslugi-tlumaczen-prawnych","status":"publish","type":"page","link":"https:\/\/culturesconnection.com\/pl\/nasze-chinskie-uslugi-tlumaczeniowe\/nasze-chinskie-uslugi-tlumaczen-prawnych\/","title":{"rendered":"Nasze chi\u0144skie us\u0142ugi t\u0142umacze\u0144 prawnych"},"content":{"rendered":"\n<h2 class=\"wp-block-heading\">Polsko-chi\u0144skie us\u0142ugi t\u0142umacze\u0144 prawnych w Twoim zasi\u0119gu<\/h2>\n\n\n\n<p>T\u0142umaczenia tekst\u00f3w prawnych w j\u0119zyku chi\u0144skim wcale nie jest \u0142atwe. Wymaga to dok\u0142adnej znajomo\u015bci poj\u0119\u0107 prawnych wraz z zaawansowan\u0105 znajomo\u015bci\u0105 j\u0119zyka. Terminologia prawna jest bardzo z\u0142o\u017cona i odpowiedniki mi\u0119dzy r\u00f3\u017cnymi j\u0119zykami nie s\u0105 zawsze dost\u0119pne. Aby pom\u00f3c Tobie przet\u0142umaczy\u0107 dokumenty prawne i osi\u0105gn\u0105\u0107 wysokiej jako\u015bci wyniki w najlepszej cenie, nasza <a href=\"https:\/\/culturesconnection.com\/pl\/\">agencja t\u0142umacze\u0144<\/a>&nbsp;oferuje us\u0142ugi profesjonalnych t\u0142umaczy, ekspert\u00f3w, \u015bwiadcz\u0105cych polsko-chi\u0144skie us\u0142ugi t\u0142umacze\u0144 prawnych (mandary\u0144ski i kanto\u0144ski).<\/p>\n\n\n\n<h2 class=\"wp-block-heading\">Nasza agencja t\u0142umacze\u0144 prawnych<\/h2>\n\n\n\n<p>Oferujemy naszym klientom wsp\u00f3\u0142prac\u0119 z wieloma t\u0142umaczami tekst\u00f3w prawnych na j\u0119zyk chi\u0144ski. Wzbogacili oni nasz zesp\u00f3\u0142 swoj\u0105 fachowo\u015bci\u0105 i wiedz\u0105 na temat t\u0142umacze\u0144 tekst\u00f3w prawnych na j\u0119zyk chi\u0144ski (mandary\u0144ski i kanto\u0144ski). S\u0105 oni niezwykle obeznani w zagadnieniach prawnych i zastosowuj\u0105 swoje do\u015bwiadczenie w t\u0142umaczeniach, co jest niezaprzeczaln\u0105 korzy\u015bci\u0105 dla naszych klient\u00f3w. Ekspertyza, kt\u00f3r\u0105 posiadaj\u0105 sprawia, \u017ce s\u0105 niezawodni, pracuj\u0105 dok\u0142adnie i mog\u0105 zaoferowa\u0107 niezr\u00f3wnan\u0105 jako\u015b\u0107. T\u0142umacze pracuj\u0105cy dla agencji Cultures Connection s\u0105 oceniani poprzez rygorystyczne egzaminy, aby upewni\u0107 si\u0119, \u017ce spe\u0142ni\u0105 oni nasze kryteria selekcji niezale\u017cnie od rodzaju <a href=\"https:\/\/culturesconnection.com\/pl\/profesjonalne-uslugi-tlumaczeniowe-we-wszystkich-jezykach\/\">us\u0142ug t\u0142umaczeniowych<\/a> jakie oni oferuj\u0105.<\/p>\n\n\n\n<h2 class=\"wp-block-heading\">T\u0142umaczenie dokument\u00f3w prawnych na j\u0119zyk chi\u0144ski<\/h2>\n\n\n\n<p>Na co dzie\u0144 mamy do czynienia z wieloma rodzajami <a href=\"https:\/\/culturesconnection.com\/pl\/nasze-tlumaczenia-dokumentow-prawnych\/\">dokument\u00f3w prawnych<\/a> w j\u0119zyku chi\u0144skim. Oto przyk\u0142ady tre\u015bci, kt\u00f3rymi cz\u0119sto zajmujemy si\u0119:<\/p>\n\n\n\n<ul class=\"wp-block-list\"><li>Umowy dystrybucji, sprzeda\u017cy i zatrudnienia<\/li><li>Z\u0142o\u017cenie skargi<\/li><li>Procedury prawne<\/li><li>Regulaminy<\/li><li>Ekspertyzy<\/li><li>Regulacje<\/li><li>Rejestr spadkowy<\/li><li>Pozwy rozwodowe<\/li><li>Klauzule o zakazie konkurencji i klauzule poufno\u015bci<\/li><li>Listy intencyjne<\/li><li>Dokumenty pe\u0142nomocnictwa<\/li><li>S\u0105dowe dokumenty zwalniaj\u0105ce od odpowiedzialno\u015bci<\/li><li>Dokumenty statutowe<\/li><\/ul>\n\n\n\n<h2 class=\"wp-block-heading\">T\u0142umaczenia prawne we wszystkich j\u0119zykach<\/h2>\n\n\n\n<ul class=\"wp-block-list\"><li><a href=\"https:\/\/culturesconnection.com\/pl\/nasze-francuskie-tlumaczenia-prawne\/\">T\u0142umaczenia prawne na j\u0119zyk francuski<\/a><\/li><li><a href=\"https:\/\/culturesconnection.com\/pl\/nasze-prawnicze-uslugi-tlumaczeniowe-z-jezyka-hiszpanskiego\/\">T\u0142umaczenia prawne na j\u0119zyk hiszpa\u0144ski<\/a><\/li><li><a href=\"https:\/\/culturesconnection.com\/pl\/nasze-niemieckie-tlumaczenia-prawne\/\">T\u0142umaczenia prawne na j\u0119zyk niemiecki<\/a><\/li><li><a href=\"https:\/\/culturesconnection.com\/pl\/nasze-arabskie-tlumaczenia-prawne\/\">T\u0142umaczenia prawne na j\u0119zyk arabski<\/a><\/li><li><a href=\"https:\/\/culturesconnection.com\/pl\/nasze-portugalskie-tlumaczenia-prawne\/\">T\u0142umaczenia prawne na j\u0119zyk portugalski<\/a><\/li><li><a href=\"https:\/\/culturesconnection.com\/pl\/nasze-wloskie-tlumaczenia-prawne\/\">T\u0142umaczenia prawne na j\u0119zyk w\u0142oski<\/a><\/li><li><a href=\"https:\/\/culturesconnection.com\/pl\/nasze-niderlandzkie-uslugi-tlumaczen-prawnych\/\">T\u0142umaczenia prawne na j\u0119zyk niderlandzki<\/a><\/li><li><a href=\"https:\/\/culturesconnection.com\/pl\/nasze-uslugi-tlumaczen-prawniczych-z-tureckiego\/\">T\u0142umaczenia prawne na j\u0119zyk turecki<\/a><\/li><li><a href=\"https:\/\/culturesconnection.com\/pl\/nasze-japonskie-uslugi-tlumaczen-prawnych\/\">T\u0142umaczenia prawne na j\u0119zyk japo\u0144ski<\/a><\/li><li><a href=\"https:\/\/culturesconnection.com\/pl\/nasze-tlumaczenia-prawnicze-z-jezyka-rosyjskiego\/\">T\u0142umaczenia prawne na j\u0119zyk rosyjski<\/a><\/li><\/ul>\n","protected":false},"excerpt":{"rendered":"<p>Polsko-chi\u0144skie us\u0142ugi t\u0142umacze\u0144 prawnych w Twoim zasi\u0119gu T\u0142umaczenia tekst\u00f3w prawnych w j\u0119zyku chi\u0144skim wcale nie jest \u0142atwe. Wymaga to dok\u0142adnej znajomo\u015bci poj\u0119\u0107 prawnych wraz z [&#8230;]<\/p>\n<p><a class=\"btn btn-secondary understrap-read-more-link\" href=\"https:\/\/culturesconnection.com\/pl\/nasze-chinskie-uslugi-tlumaczeniowe\/nasze-chinskie-uslugi-tlumaczen-prawnych\/\">Czytaj dalej\u2026<span class=\"screen-reader-text\"> from Nasze chi\u0144skie us\u0142ugi t\u0142umacze\u0144 prawnych<\/span><\/a><\/p>\n","protected":false},"author":22,"featured_media":24334,"parent":11487,"menu_order":0,"comment_status":"closed","ping_status":"closed","template":"","meta":{"_acf_changed":false,"_editorskit_title_hidden":false,"_editorskit_reading_time":0,"_editorskit_is_block_options_detached":false,"_editorskit_block_options_position":"{}","footnotes":""},"class_list":["post-11481","page","type-page","status-publish","has-post-thumbnail","hentry"],"acf":[],"_links":{"self":[{"href":"https:\/\/culturesconnection.com\/pl\/wp-json\/wp\/v2\/pages\/11481","targetHints":{"allow":["GET"]}}],"collection":[{"href":"https:\/\/culturesconnection.com\/pl\/wp-json\/wp\/v2\/pages"}],"about":[{"href":"https:\/\/culturesconnection.com\/pl\/wp-json\/wp\/v2\/types\/page"}],"author":[{"embeddable":true,"href":"https:\/\/culturesconnection.com\/pl\/wp-json\/wp\/v2\/users\/22"}],"replies":[{"embeddable":true,"href":"https:\/\/culturesconnection.com\/pl\/wp-json\/wp\/v2\/comments?post=11481"}],"version-history":[{"count":0,"href":"https:\/\/culturesconnection.com\/pl\/wp-json\/wp\/v2\/pages\/11481\/revisions"}],"up":[{"embeddable":true,"href":"https:\/\/culturesconnection.com\/pl\/wp-json\/wp\/v2\/pages\/11487"}],"wp:featuredmedia":[{"embeddable":true,"href":"https:\/\/culturesconnection.com\/pl\/wp-json\/wp\/v2\/media\/24334"}],"wp:attachment":[{"href":"https:\/\/culturesconnection.com\/pl\/wp-json\/wp\/v2\/media?parent=11481"}],"curies":[{"name":"wp","href":"https:\/\/api.w.org\/{rel}","templated":true}]}}