{"id":11478,"date":"2018-11-06T12:25:41","date_gmt":"2018-11-06T10:25:41","guid":{"rendered":"http:\/\/culturesconnection.com\/?page_id=11478"},"modified":"2022-06-22T18:32:16","modified_gmt":"2022-06-22T16:32:16","slug":"nasze-uslugi-tlumaczen-arabskich-stron-internetowych","status":"publish","type":"page","link":"https:\/\/culturesconnection.com\/pl\/nasze-arabskie-uslugi-tlumaczeniowe\/nasze-uslugi-tlumaczen-arabskich-stron-internetowych\/","title":{"rendered":"Nasze us\u0142ugi t\u0142umacze\u0144 arabskich stron internetowych"},"content":{"rendered":"\n<h2 class=\"wp-block-heading\">Nasze profesjonalne us\u0142ugi t\u0142umacze\u0144 arabskich stron internetowych<\/h2>\n\n\n\n<p>Czy interesuje Ci\u0119 pozyskanie nowych klient\u00f3w w krajach arabskoj\u0119zycznych? W Algierii, Zjednoczonych Emiratach Arabskich lub w Egipcie? Unikaj wy\u015bwietlania Twojej strony internetowej tylko w j\u0119zyku polskim, poniewa\u017c masz wi\u0119ksze szanse na zyskanie znacznej liczby potencjalnych klient\u00f3w, je\u015bli zaoferujesz im us\u0142ugi lub produkty w ich j\u0119zyku ojczystym. Przet\u0142umaczenie witryny internetowej na j\u0119zyk arabski stanowi pierwszy krok w kierunku zwi\u0119kszenia sprzeda\u017cy i internacjonalizacji firmy. Jest to cenna zaleta, kt\u00f3rej nie nale\u017cy lekcewa\u017cy\u0107! Mo\u017cesz polega\u0107 na us\u0142ugach <a href=\"https:\/\/culturesconnection.com\/pl\/\">Cultures Connection<\/a>. B\u0119dziemy wspiera\u0107 Ci\u0119 w tym projekcie rozbudowy Twojej dzia\u0142alno\u015bci, wykonuj\u0105c us\u0142ugi t\u0142umacze\u0144 arabskich stron internetowych.<\/p>\n\n\n\n<h2 class=\"wp-block-heading\">Nasze biuro us\u0142ug t\u0142umaczeniowych<\/h2>\n\n\n\n<p>Je\u015bli Twoim celem jest naprawd\u0119 przekona\u0107 arabskoj\u0119zycznych internaut\u00f3w, aby zaufali Twojej firmie i kupowali us\u0142ugi lub produkty, musisz znale\u017a\u0107 polsko-arabskiego t\u0142umacza zdolnego do przystosowania Twojej wiadomo\u015bci do kultury docelowej. Na przyk\u0142ad, kultura polska i egipska znacznie r\u00f3\u017cni\u0105 si\u0119 od siebie. W zwi\u0105zku z tym, t\u0142umacz b\u0119dzie musia\u0142 dostosowa\u0107 tre\u015b\u0107 witryny w taki spos\u00f3b, aby odbiorcy zrozumieli i prawid\u0142owo zinterpretowali Twoje intencje i oferty. R\u00f3\u017cnice kulturowe s\u0105 cz\u0119sto \u017ar\u00f3d\u0142em nieporozumie\u0144 i niezrozumienia, kt\u00f3rych nale\u017cy unika\u0107 za wszelk\u0105 cen\u0119. Mo\u017cesz zaufa\u0107 oferowanym przez nas <a href=\"https:\/\/culturesconnection.com\/pl\/profesjonalne-uslugi-tlumaczeniowe-we-wszystkich-jezykach\/\">us\u0142ugom t\u0142umacze\u0144<\/a> w przypadku wszystkich Twoich projekt\u00f3w. Nasz zesp\u00f3\u0142 specjalist\u00f3w od&nbsp;<a href=\"https:\/\/culturesconnection.com\/pl\/tlumaczenie-strony-internetowej-nasze-uslugi-tlumaczen-stron-internetowych\/\">t\u0142umacze\u0144 stron internetowych<\/a> na j\u0119zyk arabski jest odpowiedzialny za przeprowadzenie tego zadania.<\/p>\n\n\n\n<h2 class=\"wp-block-heading\">Nasze us\u0142ugi t\u0142umacze\u0144 stron internetowych na j\u0119zyk arabski<\/h2>\n\n\n\n<p>Dzia\u0142alno\u015b\u0107 naszej agencji obejmuje t\u0142umaczenia r\u00f3\u017cnych rodzaj\u00f3w materia\u0142\u00f3w audiowizualnych, w tym:<\/p>\n\n\n\n<ul class=\"wp-block-list\"><li>Zawarto\u015b\u0107 strony internetowej<\/li><li>Strony e-commerce<\/li><li>Aplikacje mobilne<\/li><li>Platformy obrotu<\/li><li>Karty produktu<\/li><\/ul>\n\n\n\n<h3 class=\"wp-block-heading\">&nbsp;T\u0142umaczenia stron internetowych we wszystkich j\u0119zykach<\/h3>\n\n\n\n<ul class=\"wp-block-list\"><li><a href=\"https:\/\/culturesconnection.com\/pl\/nasze-francuskie-uslugi-tlumaczen-stron-internetowych\/\">T\u0142umaczenia stron internetowych na j\u0119zyk francuski<\/a><\/li><li><a href=\"https:\/\/culturesconnection.com\/pl\/nasze-uslugi-tlumaczen-stron-internetowych-z-hiszpanskiego\/\">T\u0142umaczenia stron internetowych na j\u0119zyk hiszpa\u0144ski<\/a><\/li><li><a href=\"https:\/\/culturesconnection.com\/pl\/nasze-tlumaczenia-stron-internetowych-w-jezyku-niemieckim\/\">T\u0142umaczenia stron internetowych na j\u0119zyk niemiecki<\/a><\/li><li><a href=\"https:\/\/culturesconnection.com\/pl\/nasze-chinskie-tlumaczenia-stron-internetowych\/\">T\u0142umaczenia stron internetowych na j\u0119zyk chi\u0144ski<\/a><\/li><li><a href=\"https:\/\/culturesconnection.com\/pl\/?page_id=13396\">T\u0142umaczenia stron internetowych na j\u0119zyk portugalski<\/a><\/li><li><a href=\"https:\/\/culturesconnection.com\/pl\/uslugi-tlumaczen-stron-internetowych-z-wloskiego\/\">T\u0142umaczenia stron internetowych na j\u0119zyk w\u0142oski<\/a><\/li><li><a href=\"https:\/\/culturesconnection.com\/pl\/nasze-uslugi-tlumaczen-stron-internetowych-na-jezyk-niderlandzki\/\">T\u0142umaczenia stron internetowych na j\u0119zyk niderlandzki<\/a><\/li><li><a href=\"https:\/\/culturesconnection.com\/pl\/?page_id=13389\">T\u0142umaczenia stron internetowych na j\u0119zyk turecki<\/a><\/li><li><a href=\"https:\/\/culturesconnection.com\/pl\/nasze-japonskie-tlumaczenia-stron-internetowych\/\">T\u0142umaczenia stron internetowych na j\u0119zyk japo\u0144ski<\/a><\/li><li><a href=\"https:\/\/culturesconnection.com\/pl\/nasze-tlumaczenia-stron-internetowych-z-jezyka-rosyjskiego\/\">T\u0142umaczenia stron internetowych na j\u0119zyk rosyjski<\/a><\/li><\/ul>\n","protected":false},"excerpt":{"rendered":"<p>Nasze profesjonalne us\u0142ugi t\u0142umacze\u0144 arabskich stron internetowych Czy interesuje Ci\u0119 pozyskanie nowych klient\u00f3w w krajach arabskoj\u0119zycznych? W Algierii, Zjednoczonych Emiratach Arabskich lub w Egipcie? Unikaj [&#8230;]<\/p>\n<p><a class=\"btn btn-secondary understrap-read-more-link\" href=\"https:\/\/culturesconnection.com\/pl\/nasze-arabskie-uslugi-tlumaczeniowe\/nasze-uslugi-tlumaczen-arabskich-stron-internetowych\/\">Czytaj dalej\u2026<span class=\"screen-reader-text\"> from Nasze us\u0142ugi t\u0142umacze\u0144 arabskich stron internetowych<\/span><\/a><\/p>\n","protected":false},"author":22,"featured_media":24334,"parent":11477,"menu_order":0,"comment_status":"closed","ping_status":"closed","template":"","meta":{"_acf_changed":false,"_editorskit_title_hidden":false,"_editorskit_reading_time":0,"_editorskit_is_block_options_detached":false,"_editorskit_block_options_position":"{}","footnotes":""},"class_list":["post-11478","page","type-page","status-publish","has-post-thumbnail","hentry"],"acf":[],"_links":{"self":[{"href":"https:\/\/culturesconnection.com\/pl\/wp-json\/wp\/v2\/pages\/11478","targetHints":{"allow":["GET"]}}],"collection":[{"href":"https:\/\/culturesconnection.com\/pl\/wp-json\/wp\/v2\/pages"}],"about":[{"href":"https:\/\/culturesconnection.com\/pl\/wp-json\/wp\/v2\/types\/page"}],"author":[{"embeddable":true,"href":"https:\/\/culturesconnection.com\/pl\/wp-json\/wp\/v2\/users\/22"}],"replies":[{"embeddable":true,"href":"https:\/\/culturesconnection.com\/pl\/wp-json\/wp\/v2\/comments?post=11478"}],"version-history":[{"count":0,"href":"https:\/\/culturesconnection.com\/pl\/wp-json\/wp\/v2\/pages\/11478\/revisions"}],"up":[{"embeddable":true,"href":"https:\/\/culturesconnection.com\/pl\/wp-json\/wp\/v2\/pages\/11477"}],"wp:featuredmedia":[{"embeddable":true,"href":"https:\/\/culturesconnection.com\/pl\/wp-json\/wp\/v2\/media\/24334"}],"wp:attachment":[{"href":"https:\/\/culturesconnection.com\/pl\/wp-json\/wp\/v2\/media?parent=11478"}],"curies":[{"name":"wp","href":"https:\/\/api.w.org\/{rel}","templated":true}]}}