{"id":11477,"date":"2018-10-31T15:43:22","date_gmt":"2018-10-31T13:43:22","guid":{"rendered":"http:\/\/culturesconnection.com\/?page_id=11477"},"modified":"2022-08-03T10:46:15","modified_gmt":"2022-08-03T08:46:15","slug":"nasze-arabskie-uslugi-tlumaczeniowe","status":"publish","type":"page","link":"https:\/\/culturesconnection.com\/pl\/nasze-arabskie-uslugi-tlumaczeniowe\/","title":{"rendered":"Nasze arabskie us\u0142ugi t\u0142umaczeniowe"},"content":{"rendered":"\n<h2 class=\"wp-block-heading\">Profesjonalne arabskie us\u0142ugi t\u0142umaczeniowe<\/h2>\n\n\n\n<p>J\u0119zykiem arabskim pos\u0142uguje si\u0119 270 mln ludzi, w tym oko\u0142o 220 mln z nich to native speakerzy. Z tego wzgl\u0119du jest to niezwykle przydatny j\u0119zyk, kt\u00f3rego znajomo\u015b\u0107 stanowi strategiczny \u015brodek, w przypadku gdy chcesz eksportowa\u0107 swoj\u0105 dzia\u0142alno\u015b\u0107 biznesow\u0105. T\u0142umaczenie dokument\u00f3w na j\u0119zyk arabski jest kluczem do ekspansji na Bliskim Wschodzie, gdzie istnieje mo\u017cliwo\u015b\u0107 nawi\u0105zania kontaktu z wieloma potencjalnymi partnerami gospodarczymi. W obliczu tych fakt\u00f3w, arabskie us\u0142ugi t\u0142umaczeniowe s\u0105 istotnym narz\u0119dziem strategicznym dla firm chc\u0105cych podbi\u0107 tamtejsze rynki. T\u0142umaczenia z j\u0119zyka polskiego na j\u0119zyk arabski i odwrotnie nale\u017c\u0105 do jednych z naszych najbardziej po\u017c\u0105danych us\u0142ug.<\/p>\n\n\n\n<h2 class=\"wp-block-heading\">Czy potrzebujesz t\u0142umacza polsko-arabskiego?<\/h2>\n\n\n\n<p>Znalezienie wykwalifikowanego t\u0142umacza, kt\u00f3ry opanowa\u0142 tak specyficzny <a href=\"https:\/\/culturesconnection.com\/pl\/profesjonalne-tlumaczenia-w-ponad-40-jezykach\/\">j\u0119zyk<\/a> jakim jest arabski i, kt\u00f3ry r\u00f3wnie\u017c jest wyspecjalizowany w danej dziedzinie, mo\u017ce przyprawi\u0107 o b\u00f3l g\u0142owy. Szukasz profesjonalnego polsko-arabskiego t\u0142umacza? Mo\u017cesz liczy\u0107 na nas w <a href=\"https:\/\/culturesconnection.com\/pl\/\">Cultures Connection<\/a>.<\/p>\n\n\n\n<p>Przez lata dzia\u0142alno\u015bci stworzyli\u015bmy baz\u0119 niezawodnych, rzetelnych i kompetentnych t\u0142umaczy przek\u0142adaj\u0105cych z j\u0119zyka polskiego na arabski i odwrotnie. Wszyscy lingwi\u015bci musz\u0105 zda\u0107 wiele test\u00f3w, po kt\u00f3rych mo\u017cemy zaprosi\u0107 ich do wsp\u00f3\u0142pracy. Tw\u00f3j projekt t\u0142umaczenia znajduje si\u0119 w dobrych r\u0119kach od dnia otrzymania przez nas dokument\u00f3w do momentu ich wydania. Opr\u00f3cz t\u0142umacze\u0144 oferujemy us\u0142ugi korekty, edycji i weryfikacji.<\/p>\n\n\n\n<h2 class=\"wp-block-heading\">Wszystkie z Naszych Arabskich Us\u0142ug T\u0142umaczeniowych<\/h2>\n\n\n\n<ul class=\"wp-block-list\"><li><a href=\"https:\/\/culturesconnection.com\/pl\/nasze-arabskie-uslugi-tlumaczen-finansowych\/\">Arabskie us\u0142ugi t\u0142umacze\u0144 finansowych<\/a><\/li><li><a href=\"https:\/\/culturesconnection.com\/pl\/nasze-biznesowe-tlumaczenia-polsko-arabskie\/\">Arabskie us\u0142ugi t\u0142umacze\u0144 biznesowych<\/a><\/li><li><a href=\"https:\/\/culturesconnection.com\/pl\/nasze-arabskie-uslugi-tlumaczen-naukowych\/\">Arabskie us\u0142ugi t\u0142umacze\u0144 naukowych<\/a><\/li><li><a href=\"https:\/\/culturesconnection.com\/pl\/nasze-arabskie-tlumaczenia-medyczne\/\">Arabskie us\u0142ugi t\u0142umacze\u0144 medycznych<\/a><\/li><li><a href=\"https:\/\/culturesconnection.com\/pl\/nasze-uslugi-tlumaczen-technicznych-z-jezyka-arabskiego\/\">Arabskie us\u0142ugi t\u0142umacze\u0144 technicznych<\/a><\/li><li><a href=\"https:\/\/culturesconnection.com\/pl\/nasze-arabskie-tlumaczenia-prawne\/\">Arabskie us\u0142ugi t\u0142umacze\u0144 prawnych<\/a><\/li><li><a href=\"https:\/\/culturesconnection.com\/pl\/nasze-uslugi-arabskich-tlumaczen-marketingowych\/\">Arabskie us\u0142ugi t\u0142umacze\u0144 marketingowych<\/a><\/li><li><a href=\"https:\/\/culturesconnection.com\/pl\/nasze-uslugi-tlumaczen-arabskich-stron-internetowych\/\">Arabskie us\u0142ugi t\u0142umacze\u0144 stron internetowych<\/a><\/li><li><a href=\"https:\/\/culturesconnection.com\/pl\/nasze-arabskie-uslugi-tworzenia-napisow\/\">Arabskie us\u0142ugi tworzenia napis\u00f3w<\/a><\/li><li><a href=\"https:\/\/culturesconnection.com\/pl\/arabskie-uslugi-tlumaczen-gier-wideo\/\">Arabskie us\u0142ugi t\u0142umacze\u0144 gier wideo<\/a><\/li><li>Szybkie us\u0142ugi t\u0142umacze\u0144 na j\u0119zyk arabski<\/li><\/ul>\n","protected":false},"excerpt":{"rendered":"<p>Profesjonalne arabskie us\u0142ugi t\u0142umaczeniowe J\u0119zykiem arabskim pos\u0142uguje si\u0119 270 mln ludzi, w tym oko\u0142o 220 mln z nich to native speakerzy. Z tego wzgl\u0119du jest [&#8230;]<\/p>\n<p><a class=\"btn btn-secondary understrap-read-more-link\" href=\"https:\/\/culturesconnection.com\/pl\/nasze-arabskie-uslugi-tlumaczeniowe\/\">Czytaj dalej\u2026<span class=\"screen-reader-text\"> from Nasze arabskie us\u0142ugi t\u0142umaczeniowe<\/span><\/a><\/p>\n","protected":false},"author":22,"featured_media":23256,"parent":0,"menu_order":0,"comment_status":"closed","ping_status":"closed","template":"","meta":{"_acf_changed":false,"_editorskit_title_hidden":false,"_editorskit_reading_time":1,"_editorskit_is_block_options_detached":false,"_editorskit_block_options_position":"{}","footnotes":""},"class_list":["post-11477","page","type-page","status-publish","has-post-thumbnail","hentry"],"acf":[],"_links":{"self":[{"href":"https:\/\/culturesconnection.com\/pl\/wp-json\/wp\/v2\/pages\/11477","targetHints":{"allow":["GET"]}}],"collection":[{"href":"https:\/\/culturesconnection.com\/pl\/wp-json\/wp\/v2\/pages"}],"about":[{"href":"https:\/\/culturesconnection.com\/pl\/wp-json\/wp\/v2\/types\/page"}],"author":[{"embeddable":true,"href":"https:\/\/culturesconnection.com\/pl\/wp-json\/wp\/v2\/users\/22"}],"replies":[{"embeddable":true,"href":"https:\/\/culturesconnection.com\/pl\/wp-json\/wp\/v2\/comments?post=11477"}],"version-history":[{"count":0,"href":"https:\/\/culturesconnection.com\/pl\/wp-json\/wp\/v2\/pages\/11477\/revisions"}],"wp:featuredmedia":[{"embeddable":true,"href":"https:\/\/culturesconnection.com\/pl\/wp-json\/wp\/v2\/media\/23256"}],"wp:attachment":[{"href":"https:\/\/culturesconnection.com\/pl\/wp-json\/wp\/v2\/media?parent=11477"}],"curies":[{"name":"wp","href":"https:\/\/api.w.org\/{rel}","templated":true}]}}