{"id":11476,"date":"2018-11-06T13:28:28","date_gmt":"2018-11-06T11:28:28","guid":{"rendered":"http:\/\/culturesconnection.com\/?page_id=11476"},"modified":"2022-06-18T20:52:13","modified_gmt":"2022-06-18T18:52:13","slug":"nasze-uslugi-tlumaczen-technicznych-z-jezyka-arabskiego","status":"publish","type":"page","link":"https:\/\/culturesconnection.com\/pl\/nasze-arabskie-uslugi-tlumaczeniowe\/nasze-uslugi-tlumaczen-technicznych-z-jezyka-arabskiego\/","title":{"rendered":"Nasze us\u0142ugi t\u0142umacze\u0144 technicznych z j\u0119zyka arabskiego"},"content":{"rendered":"\n<h2 class=\"wp-block-heading\">Us\u0142ugi t\u0142umacze\u0144 technicznych z j\u0119zyka arabskiego: terminologia jest spraw\u0105 najwy\u017cszej wagi<\/h2>\n\n\n\n<p>Bior\u0105c pod uwag\u0119 wszechobecno\u015b\u0107 nauki i technologii, nie do pomy\u015blenia jest teraz, aby firma mog\u0142a zaistnie\u0107 na arenie mi\u0119dzynarodowej, bez skorzystania z us\u0142ugi t\u0142umacze\u0144 technicznych z j\u0119zyka arabskiego. Sektor ten wci\u0105\u017c si\u0119 zmienia i wymaga zaawansowanej wiedzy i umiej\u0119tno\u015bci, zar\u00f3wno technicznych, jak i j\u0119zykowych. Cultures Connection powierza t\u0142umaczenia techniczne w r\u0119ce najlepszych specjalist\u00f3w na rynku, gdy\u017c zdajemy sobie spraw\u0119 z wyzwa\u0144 stawianych przez takie zadanie. Nasi t\u0142umacze posiadaj\u0105 do\u015bwiadczenie, wiedz\u0119 i kwalifikacje w dziedzinie techniki. Je\u015bli chcesz zachowa\u0107 wiarygodno\u015b\u0107 swojej firmy, wybierz jako\u015b\u0107: wybierz nasz\u0105 <a href=\"https:\/\/culturesconnection.com\/pl\/\">agencj\u0119 t\u0142umacze\u0144<\/a>!<\/p>\n\n\n\n<h2 class=\"wp-block-heading\">Nasze us\u0142ugi t\u0142umacze\u0144 technicznych<\/h2>\n\n\n\n<p>Agencja Cultures Connection szczyci si\u0119 niezr\u00f3wnan\u0105 jako\u015bci\u0105 t\u0142umacze\u0144 technicznych, jak i wszystkich innych <a href=\"https:\/\/culturesconnection.com\/pl\/profesjonalne-uslugi-tlumaczeniowe-we-wszystkich-jezykach\/\">us\u0142ug t\u0142umaczeniowych<\/a>, kt\u00f3re oferujemy. Wiemy, \u017ce terminologia u\u017cywana w tego typu tekstach jest istotna i \u017ce tylko ekspert mo\u017ce spe\u0142ni\u0107 Twoje oczekiwania. Dzi\u0119ki naszej wsp\u00f3\u0142pracy z wieloma t\u0142umaczami specjalizuj\u0105cymi si\u0119 w przek\u0142adzie tekst\u00f3w technicznych na j\u0119zyk arabski, jeste\u015bmy w stanie obieca\u0107 Tobie rzetelne i szybkie wyniki. Niezale\u017cnie od tego, czy projekt dotyczy elektroniki, informatyki, lotnictwa lub technologii solarnej, nie stanowi to dla nas problemu! Zajmiemy si\u0119 t\u0142umaczeniem Twoich dokument\u00f3w szanuj\u0105c standardy wykonywania <a href=\"https:\/\/culturesconnection.com\/pl\/nasze-tlumaczenia-dokumentow-technicznych\/\">przek\u0142adu technicznego<\/a>. Pami\u0119taj, \u017ce Twoimi g\u0142\u00f3wnymi czytelnikami b\u0119d\u0105 specjali\u015bci; dlatego te\u017c musz\u0105 oni by\u0107 w stanie znale\u017a\u0107 znan\u0105 im terminologi\u0119 w Twoich t\u0142umaczeniach! Stawk\u0105 s\u0105 wiarygodno\u015b\u0107 i czytelno\u015b\u0107 dokumentu technicznego.<\/p>\n\n\n\n<h2 class=\"wp-block-heading\">T\u0142umaczenie dokument\u00f3w technicznych na j\u0119zyk arabski<\/h2>\n\n\n\n<p>Poni\u017cej znajdziesz niepe\u0142ny wykaz tekst\u00f3w technicznych, kt\u00f3re nasza agencja t\u0142umaczy z j\u0119zyka arabskiego i na j\u0119zyk arabski:<\/p>\n\n\n\n<ul class=\"wp-block-list\"><li>Wycena<\/li><li>Teksty in\u017cynieryjne<\/li><li>Podr\u0119czniki dla obrabiarek (lub innych rodzaj\u00f3w maszyn)<\/li><li>Opisy i arkusze danych technicznych<\/li><li>Standardy techniczne<\/li><li>Specyfikacje techniczne<\/li><li>Patenty techniczne<\/li><li>Instrukcje techniczne<\/li><li>Instrukcje obs\u0142ugi<\/li><li>Przewodniki u\u017cytkownika<\/li><\/ul>\n\n\n\n<h3 class=\"wp-block-heading\">&nbsp;T\u0142umaczenia techniczne we wszystkich j\u0119zykach<\/h3>\n\n\n\n<ul class=\"wp-block-list\"><li><a href=\"https:\/\/culturesconnection.com\/pl\/nasze-francuskie-tlumaczenia-techniczne\/\">T\u0142umaczenia techniczne na j\u0119zyk francuski<\/a><\/li><li><a href=\"https:\/\/culturesconnection.com\/pl\/nasze-uslugi-tlumaczen-technicznych-z-jezyka-hiszpanskiego\/\">T\u0142umaczenia techniczne na j\u0119zyk hiszpa\u0144ski<\/a><\/li><li><a href=\"https:\/\/culturesconnection.com\/pl\/nasze-niemieckie-tlumaczenia-techniczne\/\">T\u0142umaczenia techniczne na j\u0119zyk niemiecki<\/a><\/li><li><a href=\"https:\/\/culturesconnection.com\/pl\/nasze-chinskie-tlumaczenia-techniczne\/\">T\u0142umaczenia techniczne na j\u0119zyk chi\u0144ski<\/a><\/li><li><a href=\"https:\/\/culturesconnection.com\/pl\/?page_id=13395\">T\u0142umaczenia techniczne na j\u0119zyk portugalski<\/a><\/li><li><a href=\"https:\/\/culturesconnection.com\/pl\/nasze-wloskie-uslugi-tlumaczen-technicznych\/\">T\u0142umaczenia techniczne na j\u0119zyk w\u0142oski<\/a><\/li><li><a href=\"https:\/\/culturesconnection.com\/pl\/nasze-niderlandzkie-uslugi-tlumaczen-technicznych\/\">T\u0142umaczenia techniczne na j\u0119zyk niderlandzki<\/a><\/li><li><a href=\"https:\/\/culturesconnection.com\/pl\/?page_id=13388\">T\u0142umaczenia techniczne na j\u0119zyk turecki<\/a><\/li><li><a href=\"https:\/\/culturesconnection.com\/pl\/nasze-uslugi-w-zakresie-japonskich-tlumaczen-technicznych\/\">T\u0142umaczenia techniczne na j\u0119zyk japo\u0144ski<\/a><\/li><li><a href=\"https:\/\/culturesconnection.com\/pl\/nasze-uslugi-tlumaczen-technicznych-z-jezyka-rosyjskiego\/\">T\u0142umaczenia techniczne na j\u0119zyk rosyjski<\/a><\/li><\/ul>\n","protected":false},"excerpt":{"rendered":"<p>Us\u0142ugi t\u0142umacze\u0144 technicznych z j\u0119zyka arabskiego: terminologia jest spraw\u0105 najwy\u017cszej wagi Bior\u0105c pod uwag\u0119 wszechobecno\u015b\u0107 nauki i technologii, nie do pomy\u015blenia jest teraz, aby firma [&#8230;]<\/p>\n<p><a class=\"btn btn-secondary understrap-read-more-link\" href=\"https:\/\/culturesconnection.com\/pl\/nasze-arabskie-uslugi-tlumaczeniowe\/nasze-uslugi-tlumaczen-technicznych-z-jezyka-arabskiego\/\">Czytaj dalej\u2026<span class=\"screen-reader-text\"> from Nasze us\u0142ugi t\u0142umacze\u0144 technicznych z j\u0119zyka arabskiego<\/span><\/a><\/p>\n","protected":false},"author":22,"featured_media":24334,"parent":11477,"menu_order":0,"comment_status":"closed","ping_status":"closed","template":"","meta":{"_acf_changed":false,"_editorskit_title_hidden":false,"_editorskit_reading_time":0,"_editorskit_is_block_options_detached":false,"_editorskit_block_options_position":"{}","footnotes":""},"class_list":["post-11476","page","type-page","status-publish","has-post-thumbnail","hentry"],"acf":[],"_links":{"self":[{"href":"https:\/\/culturesconnection.com\/pl\/wp-json\/wp\/v2\/pages\/11476","targetHints":{"allow":["GET"]}}],"collection":[{"href":"https:\/\/culturesconnection.com\/pl\/wp-json\/wp\/v2\/pages"}],"about":[{"href":"https:\/\/culturesconnection.com\/pl\/wp-json\/wp\/v2\/types\/page"}],"author":[{"embeddable":true,"href":"https:\/\/culturesconnection.com\/pl\/wp-json\/wp\/v2\/users\/22"}],"replies":[{"embeddable":true,"href":"https:\/\/culturesconnection.com\/pl\/wp-json\/wp\/v2\/comments?post=11476"}],"version-history":[{"count":0,"href":"https:\/\/culturesconnection.com\/pl\/wp-json\/wp\/v2\/pages\/11476\/revisions"}],"up":[{"embeddable":true,"href":"https:\/\/culturesconnection.com\/pl\/wp-json\/wp\/v2\/pages\/11477"}],"wp:featuredmedia":[{"embeddable":true,"href":"https:\/\/culturesconnection.com\/pl\/wp-json\/wp\/v2\/media\/24334"}],"wp:attachment":[{"href":"https:\/\/culturesconnection.com\/pl\/wp-json\/wp\/v2\/media?parent=11476"}],"curies":[{"name":"wp","href":"https:\/\/api.w.org\/{rel}","templated":true}]}}