{"id":11475,"date":"2018-10-31T15:49:45","date_gmt":"2018-10-31T13:49:45","guid":{"rendered":"http:\/\/culturesconnection.com\/?page_id=11475"},"modified":"2022-06-21T18:17:17","modified_gmt":"2022-06-21T16:17:17","slug":"nasze-arabskie-uslugi-tworzenia-napisow","status":"publish","type":"page","link":"https:\/\/culturesconnection.com\/pl\/nasze-arabskie-uslugi-tlumaczeniowe\/nasze-arabskie-uslugi-tworzenia-napisow\/","title":{"rendered":"Nasze arabskie us\u0142ugi tworzenia napis\u00f3w"},"content":{"rendered":"\n<h2 class=\"wp-block-heading\">Polsko-arabskie us\u0142ugi tworzenia napis\u00f3w<\/h2>\n\n\n\n<p>Dlaczego warto skorzysta\u0107 z us\u0142ug tworzenia napis\u00f3w na j\u0119zyk arabski? Dla telewizji, internetu, kina lub firm, t\u0142umaczenie multimedi\u00f3w na inne j\u0119zyki jest dobrym sposobem na poprawienie widoczno\u015bci Twojej firmy w\u015br\u00f3d wi\u0119kszej ilo\u015bci ludzi. Czy planujesz opublikowa\u0107 wideo w Algierii, Egipcie lub Czadzie? W tym wypadku, b\u0119dziesz musia\u0142 przej\u015b\u0107 przez obowi\u0105zkowy proces: t\u0142umaczenie na j\u0119zyk arabski. Tworzenie napis\u00f3w, dubbing&#8230; Jest na to wiele rozwi\u0105za\u0144. Jednak tego typu zadanie nie mo\u017ce by\u0107 wykonane przez byle kogo. Potrzebny Ci b\u0119dzie t\u0142umacz polsko-arabski lub arabsko-polski, \u015bwiadcz\u0105cy arabskie us\u0142ugi tworzenia napis\u00f3w, do\u015bwiadczony i co najwa\u017cniejsze, specjalizuj\u0105cy si\u0119 w t\u0142umaczeniu tre\u015bci multimedialnych.<\/p>\n\n\n\n<h2 class=\"wp-block-heading\">Szukasz agencji oferuj\u0105cej us\u0142ugi tworzenia napis\u00f3w?<\/h2>\n\n\n\n<p>Dzi\u0119ki do\u015bwiadczeniu w \u015bwiecie t\u0142umacze\u0144 audiowizualnych i tworzenia napis\u00f3w, nasza <a href=\"https:\/\/culturesconnection.com\/pl\/\">agencja t\u0142umacze\u0144<\/a> wypracowa\u0142a rozleg\u0142\u0105 baz\u0119 specjalist\u00f3w. Cultures Connection rekrutuje jedynie najlepszych w swojej dziedzinie t\u0142umaczy i weryfikator\u00f3w, niezale\u017cnie od typu <a href=\"https:\/\/culturesconnection.com\/pl\/profesjonalne-uslugi-tlumaczeniowe-we-wszystkich-jezykach\/\">us\u0142ug t\u0142umaczeniowych<\/a>, jakie oferujemy. Posiadaj\u0105 oni kompetencje, do\u015bwiadczenie i w zwi\u0105zku z tym mog\u0105 dok\u0142adnie zapisa\u0107 Twoje tre\u015bci multimedialne. Dzi\u0119ki temu staj\u0105 si\u0119 one zrozumia\u0142e dla szerszej publiczno\u015bci. Nasze us\u0142ugi s\u0105 zr\u00f3\u017cnicowane: transkrypcja, tworzenie napis\u00f3w, podk\u0142ad g\u0142osowy&#8230; Mamy wszystko, czego potrzebujesz, je\u015bli chcesz zaistnie\u0107 w arabskoj\u0119zycznych krajach.<\/p>\n\n\n\n<h2 class=\"wp-block-heading\">T\u0142umaczenie materia\u0142\u00f3w audiowizualnych na j\u0119zyk arabski<\/h2>\n\n\n\n<p>Jakiego rodzaju materia\u0142y chcesz przet\u0142umaczy\u0107? Jeste\u015bmy w stanie przet\u0142umaczy\u0107 r\u00f3\u017cnego rodzaju <a href=\"https:\/\/culturesconnection.com\/pl\/nasze-uslugi-tworzenia-napisow\/\">materia\u0142y audiowizualne<\/a>. Oto kilka przyk\u0142ad\u00f3w:<\/p>\n\n\n\n<ul class=\"wp-block-list\"><li>Filmy reklamowe i komercyjne<\/li><li>Filmy korporacyjne<\/li><li>Filmy instytucjonalne<\/li><li>Teksty d\u017awi\u0119kowe<\/li><li>Filmy dokumentalne<\/li><li>Gry wideo<\/li><\/ul>\n\n\n\n<h3 class=\"wp-block-heading\">&nbsp;Us\u0142ugi t\u0142umacze\u0144 na wszystkie j\u0119zyki<\/h3>\n\n\n\n<ul class=\"wp-block-list\"><li><a href=\"https:\/\/culturesconnection.com\/pl\/nasze-francuskie-uslugi-tworzenia-napisow\/\">Tworzenie napis\u00f3w na j\u0119zyk francuski<\/a><\/li><li><a href=\"https:\/\/culturesconnection.com\/pl\/nasze-uslugi-tworzenia-napisow-z-hiszpanskiego\/\">Tworzenie napis\u00f3w na j\u0119zyk hiszpa\u0144ski<\/a><\/li><li><a href=\"https:\/\/culturesconnection.com\/pl\/nasze-polsko-niemieckie-uslugi-tworzenia-napisow\/\">Tworzenie napis\u00f3w na j\u0119zyk niemiecki<\/a><\/li><li><a href=\"https:\/\/culturesconnection.com\/pl\/nasze-chinskie-uslugi-tworzenia-napisow\/\">Tworzenie napis\u00f3w na j\u0119zyk chi\u0144ski<\/a><\/li><li><a href=\"https:\/\/culturesconnection.com\/pl\/nasze-uslugi-tworzenia-napisow-z-jezyka-portugalskiego\/\">Tworzenie napis\u00f3w na j\u0119zyk portugalski<\/a><\/li><li><a href=\"https:\/\/culturesconnection.com\/pl\/nasze-wloskie-uslugi-tworzenia-napisow\/\">Tworzenie napis\u00f3w na j\u0119zyk w\u0142oski<\/a><\/li><li><a href=\"https:\/\/culturesconnection.com\/pl\/niderlandzkie-uslugi-tworzenia-napisow\/\">Tworzenie napis\u00f3w na j\u0119zyk niderlandzki<\/a><\/li><li><a href=\"https:\/\/culturesconnection.com\/pl\/?page_id=13387\">Tworzenie napis\u00f3w na j\u0119zyk turecki<\/a><\/li><li><a href=\"https:\/\/culturesconnection.com\/pl\/nasze-japonskie-uslugi-w-zakresie-tworzenia-napisow\/\">Tworzenie napis\u00f3w na j\u0119zyk japo\u0144ski<\/a><\/li><li><a href=\"https:\/\/culturesconnection.com\/pl\/nasze-uslugi-tworzenia-napisow-z-rosyjskiego\/\">Tworzenie napis\u00f3w na j\u0119zyk rosyjski<\/a><\/li><\/ul>\n","protected":false},"excerpt":{"rendered":"<p>Polsko-arabskie us\u0142ugi tworzenia napis\u00f3w Dlaczego warto skorzysta\u0107 z us\u0142ug tworzenia napis\u00f3w na j\u0119zyk arabski? Dla telewizji, internetu, kina lub firm, t\u0142umaczenie multimedi\u00f3w na inne j\u0119zyki [&#8230;]<\/p>\n<p><a class=\"btn btn-secondary understrap-read-more-link\" href=\"https:\/\/culturesconnection.com\/pl\/nasze-arabskie-uslugi-tlumaczeniowe\/nasze-arabskie-uslugi-tworzenia-napisow\/\">Czytaj dalej\u2026<span class=\"screen-reader-text\"> from Nasze arabskie us\u0142ugi tworzenia napis\u00f3w<\/span><\/a><\/p>\n","protected":false},"author":22,"featured_media":24334,"parent":11477,"menu_order":0,"comment_status":"closed","ping_status":"closed","template":"","meta":{"_acf_changed":false,"_editorskit_title_hidden":false,"_editorskit_reading_time":0,"_editorskit_is_block_options_detached":false,"_editorskit_block_options_position":"{}","footnotes":""},"class_list":["post-11475","page","type-page","status-publish","has-post-thumbnail","hentry"],"acf":[],"_links":{"self":[{"href":"https:\/\/culturesconnection.com\/pl\/wp-json\/wp\/v2\/pages\/11475","targetHints":{"allow":["GET"]}}],"collection":[{"href":"https:\/\/culturesconnection.com\/pl\/wp-json\/wp\/v2\/pages"}],"about":[{"href":"https:\/\/culturesconnection.com\/pl\/wp-json\/wp\/v2\/types\/page"}],"author":[{"embeddable":true,"href":"https:\/\/culturesconnection.com\/pl\/wp-json\/wp\/v2\/users\/22"}],"replies":[{"embeddable":true,"href":"https:\/\/culturesconnection.com\/pl\/wp-json\/wp\/v2\/comments?post=11475"}],"version-history":[{"count":0,"href":"https:\/\/culturesconnection.com\/pl\/wp-json\/wp\/v2\/pages\/11475\/revisions"}],"up":[{"embeddable":true,"href":"https:\/\/culturesconnection.com\/pl\/wp-json\/wp\/v2\/pages\/11477"}],"wp:featuredmedia":[{"embeddable":true,"href":"https:\/\/culturesconnection.com\/pl\/wp-json\/wp\/v2\/media\/24334"}],"wp:attachment":[{"href":"https:\/\/culturesconnection.com\/pl\/wp-json\/wp\/v2\/media?parent=11475"}],"curies":[{"name":"wp","href":"https:\/\/api.w.org\/{rel}","templated":true}]}}