{"id":11474,"date":"2018-10-31T15:39:05","date_gmt":"2018-10-31T13:39:05","guid":{"rendered":"http:\/\/culturesconnection.com\/?page_id=11474"},"modified":"2022-06-21T05:49:32","modified_gmt":"2022-06-21T03:49:32","slug":"nasze-arabskie-uslugi-tlumaczen-naukowych","status":"publish","type":"page","link":"https:\/\/culturesconnection.com\/pl\/nasze-arabskie-uslugi-tlumaczeniowe\/nasze-arabskie-uslugi-tlumaczen-naukowych\/","title":{"rendered":"Nasze arabskie us\u0142ugi t\u0142umacze\u0144 naukowych"},"content":{"rendered":"\n<h2 class=\"wp-block-heading\">Arabskie us\u0142ugi t\u0142umacze\u0144 naukowych cechuje przede wszystkim niezwyk\u0142a dok\u0142adno\u015b\u0107 i dyscyplina t\u0142umacza.<\/h2>\n\n\n\n<p>Dokumenty naukowe zawieraj\u0105 rozmait\u0105 kompleksow\u0105 i specyficzn\u0105 terminologi\u0119. Sprawia to, \u017ce t\u0142umaczenie tego typu dokumentu jest szczeg\u00f3lnie delikatne zw\u0142aszcza, gdy jest to przek\u0142ad na j\u0119zyk arabski. Rzeczywi\u015bcie nale\u017cy koniecznie u\u017cywa\u0107 dok\u0142adnych odpowiednik\u00f3w w j\u0119zyku docelowym, aby zachowa\u0107 przes\u0142anie tekstu \u017ar\u00f3d\u0142owego. Jedynie zawodowy t\u0142umacz naukowy, dla kt\u00f3rego j\u0119zyk arabski jest j\u0119zykiem ojczystym, poradzi sobie z tego typu przek\u0142adem. Dziedziny s\u0105 zr\u00f3\u017cnicowane: botanika, wirusologia, medycyna, wzajemne oddzia\u0142ywania pomi\u0119dzy \u017cywicielem a czynnikiem chorobotw\u00f3rczym, bioin\u017cynieria&#8230; i wiele innych. We wszystkich przypadkach Tw\u00f3j projekt zlecamy polsko-arabskiemu lub arabsko-polskiemu t\u0142umaczowi, kt\u00f3ry profesjonalnie wykona arabskie us\u0142ugi t\u0142umacze\u0144 naukowych.<\/p>\n\n\n\n<h2 class=\"wp-block-heading\">Nasza Agencja T\u0142umacze\u0144<\/h2>\n\n\n\n<p><a href=\"https:\/\/culturesconnection.com\/pl\/\">Cultures Connection<\/a> posiada niezb\u0119dne \u015brodki, aby uzyska\u0107 szybkie i niezawodne wyniki. Przez lata naszej dzia\u0142alno\u015bci stworzyli\u015bmy wysokiej jako\u015bci <a href=\"https:\/\/culturesconnection.com\/pl\/profesjonalne-uslugi-tlumaczeniowe-we-wszystkich-jezykach\/\">us\u0142ugi t\u0142umaczeniowe<\/a> i niezawodny system monitorowania projektu, wyszukiwania terminologii oraz obs\u0142ugi klienta, aby zaoferowa\u0107 jako\u015bciowe t\u0142umaczenia w kr\u00f3tkim czasie. Nasze do\u015bwiadczenie nauczy\u0142o nas, \u017ce w przek\u0142adzie z j\u0119zyka polskiego na j\u0119zyk arabski u\u017cywanie dostosowanej terminologii w okre\u015blonym kontek\u015bcie jest niezb\u0119dne. Ka\u017cdy b\u0142\u0105d mo\u017ce mie\u0107 powa\u017cne konsekwencje, dlatego te\u017c stale zmierzamy do tego, aby produkowa\u0107 t\u0142umaczenia wolne od jakichkolwiek nie\u015bcis\u0142o\u015bci.<\/p>\n\n\n\n<h2 class=\"wp-block-heading\">T\u0142umaczenie dokument\u00f3w medycznych na j\u0119zyk arabski<\/h2>\n\n\n\n<p>T\u0142umaczymy wiele rodzaj\u00f3w <a href=\"https:\/\/culturesconnection.com\/pl\/nasze-tlumaczenia-materialow-naukowych\/\">dokument\u00f3w<\/a> z j\u0119zyka arabskiego i na j\u0119zyk arabski. Poni\u017cej znajduje si\u0119 kr\u00f3tka lista przyk\u0142adowych projekt\u00f3w, z kt\u00f3rymi mamy do czynienia na co dzie\u0144:<\/p>\n\n\n\n<ul class=\"wp-block-list\"><li>Leksykony, encyklopedie naukowe i s\u0142owniki<\/li><li>Dokumenty techniczne i artyku\u0142y naukowe<\/li><li>Podr\u0119czniki operatora i instrukcje obs\u0142ugi<\/li><li>Badania laboratoryjne, protoko\u0142y bada\u0144<\/li><li>Dokumenty prawne, patenty i wytyczne<\/li><li>Specyfikacje<\/li><li>Mi\u0119dzynarodowe badania projektu i rynku<\/li><li>Oprogramowania symulacyjne (biotechnologia, \u015brodowisko, przekszta\u0142cenie teren\u00f3w przemys\u0142owych)<\/li><li>Prezentacje multimedialne i wideo<\/li><li>T\u0142umaczenie i lokalizacja stron internetowych<\/li><li>T\u0142umaczenie podr\u0119cznik\u00f3w technicznych, prezentacje konferencyjne<\/li><\/ul>\n\n\n\n<h2 class=\"wp-block-heading\">T\u0142umaczenia naukowe we wszystkich j\u0119zykach<\/h2>\n\n\n\n<ul class=\"wp-block-list\"><li><a href=\"https:\/\/culturesconnection.com\/pl\/nasze-francuskie-uslugi-tlumaczen-naukowych\/\">T\u0142umaczenia naukowe na j\u0119zyk francuski<\/a><\/li><li><a href=\"https:\/\/culturesconnection.com\/pl\/nasze-tlumaczenia-naukowe-z-jezyka-hiszpanskiego\/\">T\u0142umaczenia naukowe na j\u0119zyk hiszpa\u0144ski<\/a><\/li><li><a href=\"https:\/\/culturesconnection.com\/pl\/nasze-niemieckie-uslugi-tlumaczen-naukowych\/\">T\u0142umaczenia naukowe na j\u0119zyk niemiecki<\/a><\/li><li><a href=\"https:\/\/culturesconnection.com\/pl\/nasze-tlumaczenia-naukowe-z-jezyka-chinskiego\/\">T\u0142umaczenia naukowe na j\u0119zyk chi\u0144ski<\/a><\/li><li><a href=\"https:\/\/culturesconnection.com\/pl\/?page_id=13394\">T\u0142umaczenia naukowe na j\u0119zyk portugalski<\/a><\/li><li><a href=\"https:\/\/culturesconnection.com\/pl\/nasze-wloskie-tlumaczenia-naukowe\/\">T\u0142umaczenia naukowe na j\u0119zyk w\u0142oski<\/a><\/li><li><a href=\"https:\/\/culturesconnection.com\/pl\/nasze-niderlandzkie-uslugi-tlumaczen-naukowych\/\">T\u0142umaczenia naukowe na j\u0119zyk niderlandzki<\/a><\/li><li><a href=\"https:\/\/culturesconnection.com\/pl\/?page_id=13386\">T\u0142umaczenia naukowe na j\u0119zyk turecki<\/a><\/li><li><a href=\"https:\/\/culturesconnection.com\/pl\/nasze-japonskie-uslugi-tlumaczen-naukowych\/\">T\u0142umaczenia naukowe na j\u0119zyk japo\u0144ski<\/a><\/li><li><a href=\"https:\/\/culturesconnection.com\/pl\/nasze-tlumaczenia-naukowe-z-jezyka-rosyjskiego\/\">T\u0142umaczenia naukowe na j\u0119zyk rosyjski<\/a><\/li><\/ul>\n","protected":false},"excerpt":{"rendered":"<p>Arabskie us\u0142ugi t\u0142umacze\u0144 naukowych cechuje przede wszystkim niezwyk\u0142a dok\u0142adno\u015b\u0107 i dyscyplina t\u0142umacza. Dokumenty naukowe zawieraj\u0105 rozmait\u0105 kompleksow\u0105 i specyficzn\u0105 terminologi\u0119. Sprawia to, \u017ce t\u0142umaczenie tego [&#8230;]<\/p>\n<p><a class=\"btn btn-secondary understrap-read-more-link\" href=\"https:\/\/culturesconnection.com\/pl\/nasze-arabskie-uslugi-tlumaczeniowe\/nasze-arabskie-uslugi-tlumaczen-naukowych\/\">Czytaj dalej\u2026<span class=\"screen-reader-text\"> from Nasze arabskie us\u0142ugi t\u0142umacze\u0144 naukowych<\/span><\/a><\/p>\n","protected":false},"author":22,"featured_media":24334,"parent":11477,"menu_order":0,"comment_status":"closed","ping_status":"closed","template":"","meta":{"_acf_changed":false,"_editorskit_title_hidden":false,"_editorskit_reading_time":0,"_editorskit_is_block_options_detached":false,"_editorskit_block_options_position":"{}","footnotes":""},"class_list":["post-11474","page","type-page","status-publish","has-post-thumbnail","hentry"],"acf":[],"_links":{"self":[{"href":"https:\/\/culturesconnection.com\/pl\/wp-json\/wp\/v2\/pages\/11474","targetHints":{"allow":["GET"]}}],"collection":[{"href":"https:\/\/culturesconnection.com\/pl\/wp-json\/wp\/v2\/pages"}],"about":[{"href":"https:\/\/culturesconnection.com\/pl\/wp-json\/wp\/v2\/types\/page"}],"author":[{"embeddable":true,"href":"https:\/\/culturesconnection.com\/pl\/wp-json\/wp\/v2\/users\/22"}],"replies":[{"embeddable":true,"href":"https:\/\/culturesconnection.com\/pl\/wp-json\/wp\/v2\/comments?post=11474"}],"version-history":[{"count":0,"href":"https:\/\/culturesconnection.com\/pl\/wp-json\/wp\/v2\/pages\/11474\/revisions"}],"up":[{"embeddable":true,"href":"https:\/\/culturesconnection.com\/pl\/wp-json\/wp\/v2\/pages\/11477"}],"wp:featuredmedia":[{"embeddable":true,"href":"https:\/\/culturesconnection.com\/pl\/wp-json\/wp\/v2\/media\/24334"}],"wp:attachment":[{"href":"https:\/\/culturesconnection.com\/pl\/wp-json\/wp\/v2\/media?parent=11474"}],"curies":[{"name":"wp","href":"https:\/\/api.w.org\/{rel}","templated":true}]}}