{"id":11473,"date":"2018-10-31T14:18:32","date_gmt":"2018-10-31T12:18:32","guid":{"rendered":"http:\/\/culturesconnection.com\/?page_id=11473"},"modified":"2022-06-18T23:51:42","modified_gmt":"2022-06-18T21:51:42","slug":"nasze-arabskie-tlumaczenia-medyczne","status":"publish","type":"page","link":"https:\/\/culturesconnection.com\/pl\/nasze-arabskie-uslugi-tlumaczeniowe\/nasze-arabskie-tlumaczenia-medyczne\/","title":{"rendered":"Nasze arabskie t\u0142umaczenia medyczne"},"content":{"rendered":"\n<h2 class=\"wp-block-heading\">Arabskie t\u0142umaczenia medyczne<\/h2>\n\n\n\n<p>J\u0119zyk u\u017cywany w tekstach medycznych jest konkretny, bardzo precyzyjny i specjalistyczny. Tylko profesjonalista posiadaj\u0105cy umiej\u0119tno\u015bci j\u0119zykowe, medyczne oraz naukowe, wykona jako\u015bciowe arabskie t\u0142umaczenia medyczne. W tego typu pracy nale\u017cy nie tylko wiernie odtworzy\u0107 tre\u015b\u0107 z j\u0119zyka \u017ar\u00f3d\u0142owego, ale r\u00f3wnie\u017c wzi\u0105\u0107 pod uwag\u0119 rygorystyczne prawodawstwo kraju docelowego. T\u0142umacze medyczni nie mog\u0105 pope\u0142ni\u0107 \u017cadnych b\u0142\u0119d\u00f3w! Wchodz\u0105 tu w gr\u0119 zdrowie publiczne i wiarygodno\u015b\u0107 klienta.<\/p>\n\n\n\n<h2 class=\"wp-block-heading\">Szukasz agencji t\u0142umacze\u0144 medycznych?<\/h2>\n\n\n\n<p>Potrzebujesz przet\u0142umaczy\u0107 tekst medyczny z j\u0119zyka polskiego na arabski? A mo\u017ce z j\u0119zyka arabskiego na polski? W agencji <a href=\"https:\/\/culturesconnection.com\/pl\/\">Cultures Connection<\/a>, tak\u0105 prac\u0119 wykonuj\u0105 wy\u0142\u0105cznie nasi t\u0142umacze medyczni, dla kt\u00f3rych j\u0119zyk arabski lub j\u0119zyk polski s\u0105 ich j\u0119zykami ojczystymi. Ch\u0119tnie spe\u0142ni\u0105 oni Twoje oczekiwania i wymagania. Ci specjali\u015bci znaj\u0105 medyczne zagadnienia i terminologi\u0119 zwi\u0105zan\u0105 z Twoim projektem jak swoje pi\u0119\u0107 palc\u00f3w. Dzi\u0119ki naszej wsp\u00f3\u0142pracy z wieloma t\u0142umaczami, jeste\u015bmy w stanie zaoferowa\u0107 specjalistyczn\u0105 ekspertyz\u0119 w t\u0142umaczeniach medycznych i zawsze dostarczamy naszym klientom produkt najwy\u017cszej jako\u015bci. Nasze s\u0142owo kluczowe: jako\u015b\u0107! Zapewnimy Tobie jedne z najbardziej niezawodnych <a href=\"https:\/\/culturesconnection.com\/pl\/profesjonalne-uslugi-tlumaczeniowe-we-wszystkich-jezykach\/\">us\u0142ug t\u0142umaczeniowych<\/a> na rynku.<\/p>\n\n\n\n<h2 class=\"wp-block-heading\">T\u0142umaczenie dokument\u00f3w medycznych na j\u0119zyk arabski<\/h2>\n\n\n\n<p>Poni\u017cej znajdziesz przyk\u0142adowe <a href=\"https:\/\/culturesconnection.com\/pl\/nasze-uslugi-tlumaczen-medycznych\/\">teksty medyczne<\/a>, kt\u00f3re t\u0142umaczymy najcz\u0119\u015bciej:<\/p>\n\n\n\n<ul class=\"wp-block-list\"><li>Czasopisma<\/li><li>Relacje z konferencji<\/li><li>Publikacje<\/li><li>Sprawozdania z projekt\u00f3w i bada\u0144<\/li><li>Wyniki bada\u0144 naukowych i doniesienia naukowe<\/li><li>Prace u\u017cyteczno\u015bci publicznej<\/li><li>Raporty bada\u0144<\/li><li>Kwestionariusze<\/li><li>Ulotki<\/li><li>Dozowanie dla nowych produkt\u00f3w<\/li><li>Wyniki bada\u0144 klinicznych<\/li><li>Prawo farmaceutyczne<\/li><li>Raporty medyczne<\/li><\/ul>\n\n\n\n<h3 class=\"wp-block-heading\">&nbsp;T\u0142umaczenia medyczne we wszystkich j\u0119zykach<\/h3>\n\n\n\n<ul class=\"wp-block-list\"><li><a href=\"https:\/\/culturesconnection.com\/pl\/nasze-francuskie-tlumaczenia-medyczne\/\">T\u0142umaczenia medyczne na j\u0119zyk francuski<\/a><\/li><li><a href=\"https:\/\/culturesconnection.com\/pl\/nasze-tlumaczenia-medyczne-z-jezyka-hiszpanskiego\/\">T\u0142umaczenia medyczne na j\u0119zyk hiszpa\u0144ski<\/a><\/li><li><a href=\"https:\/\/culturesconnection.com\/pl\/nasze-niemieckie-tlumaczenia-medyczne\/\">T\u0142umaczenia medyczne na j\u0119zyk niemiecki<\/a><\/li><li><a href=\"https:\/\/culturesconnection.com\/pl\/nasze-chinskie-tlumaczenia-medyczne\/\">T\u0142umaczenia medyczne na j\u0119zyk chi\u0144ski<\/a><\/li><li><a href=\"https:\/\/culturesconnection.com\/pl\/?page_id=13690\">T\u0142umaczenia medyczne na j\u0119zyk portugalski<\/a><\/li><li><a href=\"https:\/\/culturesconnection.com\/pl\/nasze-wloskie-tlumaczenia-medyczne\/\">T\u0142umaczenia medyczne na j\u0119zyk w\u0142oski<\/a><\/li><li><a href=\"https:\/\/culturesconnection.com\/pl\/nasze-niderlandzkie-uslugi-tlumaczen-medycznych\/\">T\u0142umaczenia medyczne na j\u0119zyk niderlandzki<\/a><\/li><li><a href=\"https:\/\/culturesconnection.com\/pl\/?page_id=13385\">T\u0142umaczenia medyczne na j\u0119zyk turecki<\/a><\/li><li><a href=\"https:\/\/culturesconnection.com\/pl\/nasze-japonskie-tlumaczenia-medyczne\/\">T\u0142umaczenia medyczne na j\u0119zyk japo\u0144ski<\/a><\/li><li><a href=\"https:\/\/culturesconnection.com\/pl\/nasze-medyczne-tlumaczenia-z-jezyka-rosyjskiego\/\">T\u0142umaczenia medyczne na j\u0119zyk rosyjski<\/a><\/li><\/ul>\n","protected":false},"excerpt":{"rendered":"<p>Arabskie t\u0142umaczenia medyczne J\u0119zyk u\u017cywany w tekstach medycznych jest konkretny, bardzo precyzyjny i specjalistyczny. Tylko profesjonalista posiadaj\u0105cy umiej\u0119tno\u015bci j\u0119zykowe, medyczne oraz naukowe, wykona jako\u015bciowe arabskie [&#8230;]<\/p>\n<p><a class=\"btn btn-secondary understrap-read-more-link\" href=\"https:\/\/culturesconnection.com\/pl\/nasze-arabskie-uslugi-tlumaczeniowe\/nasze-arabskie-tlumaczenia-medyczne\/\">Czytaj dalej\u2026<span class=\"screen-reader-text\"> from Nasze arabskie t\u0142umaczenia medyczne<\/span><\/a><\/p>\n","protected":false},"author":22,"featured_media":24334,"parent":11477,"menu_order":0,"comment_status":"closed","ping_status":"closed","template":"","meta":{"_acf_changed":false,"_editorskit_title_hidden":false,"_editorskit_reading_time":0,"_editorskit_is_block_options_detached":false,"_editorskit_block_options_position":"{}","footnotes":""},"class_list":["post-11473","page","type-page","status-publish","has-post-thumbnail","hentry"],"acf":[],"_links":{"self":[{"href":"https:\/\/culturesconnection.com\/pl\/wp-json\/wp\/v2\/pages\/11473","targetHints":{"allow":["GET"]}}],"collection":[{"href":"https:\/\/culturesconnection.com\/pl\/wp-json\/wp\/v2\/pages"}],"about":[{"href":"https:\/\/culturesconnection.com\/pl\/wp-json\/wp\/v2\/types\/page"}],"author":[{"embeddable":true,"href":"https:\/\/culturesconnection.com\/pl\/wp-json\/wp\/v2\/users\/22"}],"replies":[{"embeddable":true,"href":"https:\/\/culturesconnection.com\/pl\/wp-json\/wp\/v2\/comments?post=11473"}],"version-history":[{"count":0,"href":"https:\/\/culturesconnection.com\/pl\/wp-json\/wp\/v2\/pages\/11473\/revisions"}],"up":[{"embeddable":true,"href":"https:\/\/culturesconnection.com\/pl\/wp-json\/wp\/v2\/pages\/11477"}],"wp:featuredmedia":[{"embeddable":true,"href":"https:\/\/culturesconnection.com\/pl\/wp-json\/wp\/v2\/media\/24334"}],"wp:attachment":[{"href":"https:\/\/culturesconnection.com\/pl\/wp-json\/wp\/v2\/media?parent=11473"}],"curies":[{"name":"wp","href":"https:\/\/api.w.org\/{rel}","templated":true}]}}