{"id":11472,"date":"2018-11-06T12:12:44","date_gmt":"2018-11-06T10:12:44","guid":{"rendered":"http:\/\/culturesconnection.com\/?page_id=11472"},"modified":"2022-06-22T02:22:21","modified_gmt":"2022-06-22T00:22:21","slug":"nasze-uslugi-arabskich-tlumaczen-marketingowych","status":"publish","type":"page","link":"https:\/\/culturesconnection.com\/pl\/nasze-arabskie-uslugi-tlumaczeniowe\/nasze-uslugi-arabskich-tlumaczen-marketingowych\/","title":{"rendered":"Nasze us\u0142ugi arabskich t\u0142umacze\u0144 marketingowych"},"content":{"rendered":"\n<h2 class=\"wp-block-heading\">Profesjonalne us\u0142ugi arabskich t\u0142umacze\u0144 marketingowych<\/h2>\n\n\n\n<p>Stopie\u0144 trudno\u015bci wykonania us\u0142ugi arabskich t\u0142umacze\u0144 marketingowych oznacza, \u017ce zawsze musz\u0105 one by\u0107 wykonane przez do\u015bwiadczonego specjalist\u0119. Niezb\u0119dna jest zaawansowana znajomo\u015b\u0107 j\u0119zyk\u00f3w obcych oraz unikalna umiej\u0119tno\u015b\u0107 radzenia sobie z poj\u0119ciami i teoriami marketingu. Jeste\u015bmy tego \u015bwiadomi w naszym <a href=\"https:\/\/culturesconnection.com\/pl\/\">biurze t\u0142umacze\u0144<\/a>, dlatego te\u017c podj\u0119li\u015bmy wsp\u00f3\u0142prac\u0119 z wieloma specjalistami polsko-arabskich t\u0142umacze\u0144, aby zaoferowa\u0107 Tobie perfekcyjnie przet\u0142umaczone materia\u0142y marketingowe. T\u0142umacze, kt\u00f3rzy z nami wsp\u00f3\u0142pracuj\u0105, zostali wybrani na podstawie wykszta\u0142cenia, kwalifikacji i do\u015bwiadczenia w dziedzinie marketingu.<\/p>\n\n\n\n<h2 class=\"wp-block-heading\">Nasze us\u0142ugi t\u0142umacze\u0144 marketingowych<\/h2>\n\n\n\n<p>Nasza agencja t\u0142umacze\u0144 cieszy si\u0119 wieloletnim do\u015bwiadczeniem i zawsze przestrzega swoich zobowi\u0105za\u0144. Jeste\u015bmy dumni z naszej zdolno\u015bci do dostarczania wysokiej jako\u015bci t\u0142umacze\u0144 niezale\u017cnie od typu <a href=\"https:\/\/culturesconnection.com\/pl\/profesjonalne-uslugi-tlumaczeniowe-we-wszystkich-jezykach\/\">us\u0142ug t\u0142umaczeniowych<\/a>, jakie oferujemy. Dbamy r\u00f3wnie\u017c o lokalizacje materia\u0142\u00f3w marketingowych zleconych przez klienta. Innymi s\u0142owy, je\u015bli Tw\u00f3j dokument marketingowy jest przeznaczony dla \u015bwiata arabskiego, jego t\u0142umaczenie powinno zosta\u0107 odpowiednio dostosowane. Na przyk\u0142ad, kultura polska i tunezyjska r\u00f3\u017cni\u0105 si\u0119 od siebie pod wieloma wzgl\u0119dami. Twoja wiadomo\u015b\u0107 musi zosta\u0107 przystosowana. Jest to trudne i \u017cmudne zadanie, ale mimo to nieuniknione.<\/p>\n\n\n\n<h2 class=\"wp-block-heading\">T\u0142umaczenie dokument\u00f3w marketingowych na j\u0119zyk arabski<\/h2>\n\n\n\n<p>Niezale\u017cnie od typu <a href=\"https:\/\/culturesconnection.com\/pl\/nasze-uslugi-tlumaczen-marketingowych\/\">dokumentu marketingowego<\/a> jaki chcesz prze\u0142o\u017cy\u0107, posiadamy wieloletnie do\u015bwiadczenie i jeste\u015bmy w stanie zaoferowa\u0107 us\u0142ugi t\u0142umacze\u0144 dla r\u00f3\u017cnych rodzaj\u00f3w dokument\u00f3w, w tym:<\/p>\n\n\n\n<ul class=\"wp-block-list\"><li>Broszury<\/li><li>Materia\u0142y reklamowe<\/li><li>Biuletyny<\/li><li>strony e-Commerce<\/li><li>Ulotki<\/li><li>Kampanie marketingowe<\/li><li>Reklamy<\/li><li>Strony internetowe<\/li><li>Slogany<\/li><li>Logotypy<\/li><li>Prezentacje<\/li><li>Wprowadzenie produktu na rynek<\/li><li>Komunikaty prasowe<\/li><li>E-ksi\u0105\u017cki<\/li><\/ul>\n\n\n\n<h3 class=\"wp-block-heading\">&nbsp;T\u0142umaczenia marketingowe we wszystkich j\u0119zykach<\/h3>\n\n\n\n<ul class=\"wp-block-list\"><li><a href=\"https:\/\/culturesconnection.com\/pl\/nasze-francuskie-uslugi-tlumaczen-marketingowych\/\">T\u0142umaczenia marketingowe na j\u0119zyk francuski<\/a><\/li><li><a href=\"https:\/\/culturesconnection.com\/pl\/?page_id=13496\">T\u0142umaczenia marketingowe na j\u0119zyk hiszpa\u0144ski<\/a><\/li><li><a href=\"https:\/\/culturesconnection.com\/pl\/nasze-niemieckie-tlumaczenia-marketingowe\/\">T\u0142umaczenia marketingowe na j\u0119zyk niemiecki<\/a><\/li><li><a href=\"https:\/\/culturesconnection.com\/pl\/nasze-chinskie-tlumaczenia-marketingowe\/\">T\u0142umaczenia marketingowe na j\u0119zyk chi\u0144ski<\/a><\/li><li><a href=\"https:\/\/culturesconnection.com\/pl\/nasze-portugalskie-tlumaczenia-marketingowe\/\">T\u0142umaczenia marketingowe na j\u0119zyk portugalski<\/a><\/li><li><a href=\"https:\/\/culturesconnection.com\/pl\/nasze-wloskie-tlumaczenia-marketingowe\/\">T\u0142umaczenia marketingowe na j\u0119zyk w\u0142oski<\/a><\/li><li><a href=\"https:\/\/culturesconnection.com\/pl\/nasze-niderlandzkie-uslugi-tlumaczen-marketingowych\/\">T\u0142umaczenia marketingowe na j\u0119zyk niderlandzki<\/a><\/li><li><a href=\"https:\/\/culturesconnection.com\/pl\/?page_id=13692\">T\u0142umaczenia marketingowe na j\u0119zyk turecki<\/a><\/li><li><a href=\"https:\/\/culturesconnection.com\/pl\/nasze-uslugi-tlumaczen-marketingowych-z-japonskiego\/\">T\u0142umaczenia marketingowe na j\u0119zyk japo\u0144ski<\/a><\/li><li><a href=\"https:\/\/culturesconnection.com\/pl\/?page_id=13691\">T\u0142umaczenia marketingowe na j\u0119zyk rosyjski<\/a><\/li><\/ul>\n","protected":false},"excerpt":{"rendered":"<p>Profesjonalne us\u0142ugi arabskich t\u0142umacze\u0144 marketingowych Stopie\u0144 trudno\u015bci wykonania us\u0142ugi arabskich t\u0142umacze\u0144 marketingowych oznacza, \u017ce zawsze musz\u0105 one by\u0107 wykonane przez do\u015bwiadczonego specjalist\u0119. Niezb\u0119dna jest zaawansowana [&#8230;]<\/p>\n<p><a class=\"btn btn-secondary understrap-read-more-link\" href=\"https:\/\/culturesconnection.com\/pl\/nasze-arabskie-uslugi-tlumaczeniowe\/nasze-uslugi-arabskich-tlumaczen-marketingowych\/\">Czytaj dalej\u2026<span class=\"screen-reader-text\"> from Nasze us\u0142ugi arabskich t\u0142umacze\u0144 marketingowych<\/span><\/a><\/p>\n","protected":false},"author":22,"featured_media":24334,"parent":11477,"menu_order":0,"comment_status":"closed","ping_status":"closed","template":"","meta":{"_acf_changed":false,"_editorskit_title_hidden":false,"_editorskit_reading_time":0,"_editorskit_is_block_options_detached":false,"_editorskit_block_options_position":"{}","footnotes":""},"class_list":["post-11472","page","type-page","status-publish","has-post-thumbnail","hentry"],"acf":[],"_links":{"self":[{"href":"https:\/\/culturesconnection.com\/pl\/wp-json\/wp\/v2\/pages\/11472","targetHints":{"allow":["GET"]}}],"collection":[{"href":"https:\/\/culturesconnection.com\/pl\/wp-json\/wp\/v2\/pages"}],"about":[{"href":"https:\/\/culturesconnection.com\/pl\/wp-json\/wp\/v2\/types\/page"}],"author":[{"embeddable":true,"href":"https:\/\/culturesconnection.com\/pl\/wp-json\/wp\/v2\/users\/22"}],"replies":[{"embeddable":true,"href":"https:\/\/culturesconnection.com\/pl\/wp-json\/wp\/v2\/comments?post=11472"}],"version-history":[{"count":0,"href":"https:\/\/culturesconnection.com\/pl\/wp-json\/wp\/v2\/pages\/11472\/revisions"}],"up":[{"embeddable":true,"href":"https:\/\/culturesconnection.com\/pl\/wp-json\/wp\/v2\/pages\/11477"}],"wp:featuredmedia":[{"embeddable":true,"href":"https:\/\/culturesconnection.com\/pl\/wp-json\/wp\/v2\/media\/24334"}],"wp:attachment":[{"href":"https:\/\/culturesconnection.com\/pl\/wp-json\/wp\/v2\/media?parent=11472"}],"curies":[{"name":"wp","href":"https:\/\/api.w.org\/{rel}","templated":true}]}}