{"id":11471,"date":"2018-10-31T14:22:30","date_gmt":"2018-10-31T12:22:30","guid":{"rendered":"http:\/\/culturesconnection.com\/?page_id=11471"},"modified":"2022-06-19T03:33:24","modified_gmt":"2022-06-19T01:33:24","slug":"nasze-arabskie-tlumaczenia-prawne","status":"publish","type":"page","link":"https:\/\/culturesconnection.com\/pl\/nasze-arabskie-uslugi-tlumaczeniowe\/nasze-arabskie-tlumaczenia-prawne\/","title":{"rendered":"Nasze arabskie t\u0142umaczenia prawne"},"content":{"rendered":"\n<h2 class=\"wp-block-heading\">Polsko-arabskie t\u0142umaczenia prawne to prawdziwe wyzwanie<\/h2>\n\n\n\n<p>T\u0142umaczenia prawne z j\u0119zyka arabskiego lub na j\u0119zyk arabski stawiaj\u0105 wiele wyzwa\u0144 i przeszk\u00f3d. Jedynie wysoko wykwalifikowany, zawodowy t\u0142umacz j\u0119zyka arabskiego mo\u017ce sobie z tym poradzi\u0107. Rzeczywi\u015bcie, musi on posiada\u0107 zaawansowane umiej\u0119tno\u015bci i kwalifikacje w dziedzinie prawa. T\u0142umaczenie tekst\u00f3w prawniczych wymaga ogromnej skrupulatno\u015bci oraz znajomo\u015bci terminologii bran\u017cowej. Je\u017celi zale\u017cy Ci na wysokiej jako\u015bci us\u0142ugach <a href=\"https:\/\/culturesconnection.com\/pl\/\">Cultures Connection<\/a> mo\u017ce zaoferowa\u0107 Ci wsp\u00f3\u0142prac\u0119 z zawodowymi lingwistami, specjalizuj\u0105cymi, wykonuj\u0105cymi arabskie t\u0142umaczenia prawne.<\/p>\n\n\n\n<h2 class=\"wp-block-heading\">Nasza agencja t\u0142umacze\u0144 prawnych<\/h2>\n\n\n\n<p>Nasi klienci mog\u0105 polega\u0107 na pomocy naszych profesjonalnych t\u0142umaczy, kt\u00f3rzy s\u0105 w stanie zapewni\u0107 ro\u017cnego rodzaju <a href=\"https:\/\/culturesconnection.com\/pl\/profesjonalne-uslugi-tlumaczeniowe-we-wszystkich-jezykach\/\">us\u0142ugi t\u0142umaczeniowe<\/a>. Nasi eksperci w dziedzinie arabskich <a href=\"https:\/\/culturesconnection.com\/pl\/nasze-tlumaczenia-dokumentow-prawnych\/\">t\u0142umacze\u0144 prawnych<\/a> zostali starannie wybrani na podstawie ich kwalifikacji i do\u015bwiadczenia w dziedzinie prawa. Spe\u0142niaj\u0105 oni \u015bcis\u0142e i rygorystyczne kryteria. Dodatkowo, sprawdzamy ich przygotowanie poprzez testy, aby upewni\u0107 si\u0119, \u017ce ich umiej\u0119tno\u015bci s\u0105 dopasowane do oczekiwa\u0144 naszych klient\u00f3w. Oczywi\u015bcie wszyscy z nich maj\u0105 wieloletnie do\u015bwiadczenie w dziedzinie t\u0142umacze\u0144 prawnych na j\u0119zyk arabski. S\u0105 oni w stanie spe\u0142ni\u0107 oczekiwania klienta dostarczaj\u0105c mu wysokiej jako\u015bci prac\u0119, cechuj\u0105c\u0105 si\u0119 wiarygodno\u015bci\u0105, sp\u00f3jno\u015bci\u0105 i dok\u0142adno\u015bci\u0105.<\/p>\n\n\n\n<h2 class=\"wp-block-heading\">T\u0142umaczenie dokument\u00f3w prawnych na j\u0119zyk arabski<\/h2>\n\n\n\n<p>Oferujemy zr\u00f3\u017cnicowane rodzaje t\u0142umacze\u0144 prawnych na j\u0119zyk arabski. Poni\u017cej znajdziesz niewyczerpuj\u0105cy wykaz dokument\u00f3w t\u0142umaczonych przez nasz\u0105 agencj\u0119:<\/p>\n\n\n\n<ul class=\"wp-block-list\"><li>Umowy dystrybucji, sprzeda\u017cy i zatrudnienia<\/li><li>Z\u0142o\u017cenie skargi<\/li><li>Procedury prawne<\/li><li>Regulaminy<\/li><li>Ekspertyzy<\/li><li>Regulacje<\/li><li>Rejestr spadkowy<\/li><li>Pozwy rozwodowe<\/li><li>Klauzule o zakazie konkurencji i klauzule poufno\u015bci<\/li><li>Listy intencyjne<\/li><li>Dokumenty pe\u0142nomocnictwa<\/li><li>S\u0105dowe dokumenty zwalniaj\u0105ce od odpowiedzialno\u015bci<\/li><li>Dokumenty statutowe<\/li><\/ul>\n\n\n\n<h3 class=\"wp-block-heading\">&nbsp;T\u0142umaczenia prawne we wszystkich j\u0119zykach<\/h3>\n\n\n\n<ul class=\"wp-block-list\"><li><a href=\"https:\/\/culturesconnection.com\/pl\/nasze-francuskie-tlumaczenia-prawne\/\">T\u0142umaczenia prawne na j\u0119zyk francuski<\/a><\/li><li><a href=\"https:\/\/culturesconnection.com\/pl\/nasze-prawnicze-uslugi-tlumaczeniowe-z-jezyka-hiszpanskiego\/\">T\u0142umaczenia prawne na j\u0119zyk hiszpa\u0144ski<\/a><\/li><li><a href=\"https:\/\/culturesconnection.com\/pl\/nasze-niemieckie-tlumaczenia-prawne\/\">T\u0142umaczenia prawne na j\u0119zyk niemiecki<\/a><\/li><li><a href=\"https:\/\/culturesconnection.com\/pl\/nasze-chinskie-uslugi-tlumaczen-prawnych\/\">T\u0142umaczenia prawne na j\u0119zyk chi\u0144ski<\/a><\/li><li><a href=\"https:\/\/culturesconnection.com\/pl\/nasze-portugalskie-tlumaczenia-prawne\/\">T\u0142umaczenia prawne na j\u0119zyk portugalski<\/a><\/li><li><a href=\"https:\/\/culturesconnection.com\/pl\/nasze-wloskie-tlumaczenia-prawne\/\">T\u0142umaczenia prawne na j\u0119zyk w\u0142oski<\/a><\/li><li><a href=\"https:\/\/culturesconnection.com\/pl\/nasze-niderlandzkie-uslugi-tlumaczen-prawnych\/\">T\u0142umaczenia prawne na j\u0119zyk niderlandzki<\/a><\/li><li><a href=\"https:\/\/culturesconnection.com\/pl\/nasze-uslugi-tlumaczen-prawniczych-z-tureckiego\/\">T\u0142umaczenia prawne na j\u0119zyk turecki<\/a><\/li><li><a href=\"https:\/\/culturesconnection.com\/pl\/nasze-japonskie-uslugi-tlumaczen-prawnych\/\">T\u0142umaczenia prawne na j\u0119zyk japo\u0144ski<\/a><\/li><li><a href=\"https:\/\/culturesconnection.com\/pl\/nasze-tlumaczenia-prawnicze-z-jezyka-rosyjskiego\/\">T\u0142umaczenia prawne na j\u0119zyk rosyjski<\/a><\/li><\/ul>\n","protected":false},"excerpt":{"rendered":"<p>Polsko-arabskie t\u0142umaczenia prawne to prawdziwe wyzwanie T\u0142umaczenia prawne z j\u0119zyka arabskiego lub na j\u0119zyk arabski stawiaj\u0105 wiele wyzwa\u0144 i przeszk\u00f3d. Jedynie wysoko wykwalifikowany, zawodowy t\u0142umacz [&#8230;]<\/p>\n<p><a class=\"btn btn-secondary understrap-read-more-link\" href=\"https:\/\/culturesconnection.com\/pl\/nasze-arabskie-uslugi-tlumaczeniowe\/nasze-arabskie-tlumaczenia-prawne\/\">Czytaj dalej\u2026<span class=\"screen-reader-text\"> from Nasze arabskie t\u0142umaczenia prawne<\/span><\/a><\/p>\n","protected":false},"author":22,"featured_media":24334,"parent":11477,"menu_order":0,"comment_status":"closed","ping_status":"closed","template":"","meta":{"_acf_changed":false,"_editorskit_title_hidden":false,"_editorskit_reading_time":0,"_editorskit_is_block_options_detached":false,"_editorskit_block_options_position":"{}","footnotes":""},"class_list":["post-11471","page","type-page","status-publish","has-post-thumbnail","hentry"],"acf":[],"_links":{"self":[{"href":"https:\/\/culturesconnection.com\/pl\/wp-json\/wp\/v2\/pages\/11471","targetHints":{"allow":["GET"]}}],"collection":[{"href":"https:\/\/culturesconnection.com\/pl\/wp-json\/wp\/v2\/pages"}],"about":[{"href":"https:\/\/culturesconnection.com\/pl\/wp-json\/wp\/v2\/types\/page"}],"author":[{"embeddable":true,"href":"https:\/\/culturesconnection.com\/pl\/wp-json\/wp\/v2\/users\/22"}],"replies":[{"embeddable":true,"href":"https:\/\/culturesconnection.com\/pl\/wp-json\/wp\/v2\/comments?post=11471"}],"version-history":[{"count":0,"href":"https:\/\/culturesconnection.com\/pl\/wp-json\/wp\/v2\/pages\/11471\/revisions"}],"up":[{"embeddable":true,"href":"https:\/\/culturesconnection.com\/pl\/wp-json\/wp\/v2\/pages\/11477"}],"wp:featuredmedia":[{"embeddable":true,"href":"https:\/\/culturesconnection.com\/pl\/wp-json\/wp\/v2\/media\/24334"}],"wp:attachment":[{"href":"https:\/\/culturesconnection.com\/pl\/wp-json\/wp\/v2\/media?parent=11471"}],"curies":[{"name":"wp","href":"https:\/\/api.w.org\/{rel}","templated":true}]}}