{"id":11467,"date":"2018-11-02T10:58:46","date_gmt":"2018-11-02T08:58:46","guid":{"rendered":"http:\/\/culturesconnection.com\/?page_id=11467"},"modified":"2022-08-03T09:43:44","modified_gmt":"2022-08-03T07:43:44","slug":"uslugi-pozycjonowania-i-optymalizacji-seo","status":"publish","type":"page","link":"https:\/\/culturesconnection.com\/pl\/uslugi-pozycjonowania-i-optymalizacji-seo\/","title":{"rendered":"Us\u0142ugi pozycjonowania i optymalizacji (SEO)"},"content":{"rendered":"\n<h2 class=\"wp-block-heading\">Us\u0142ugi pozycjonowania i optymalizacji (SEO), poka\u017c si\u0119 na arenie mi\u0119dzynarodowej<\/h2>\n\n\n\n<p>Angielski jako j\u0119zyk globalny jest u\u017cywany i rozumiany przez du\u017c\u0105 liczb\u0119 ludzi na ca\u0142ym \u015bwiecie. Niemniej jednak, 90% u\u017cytkownik\u00f3w internetu, podczas kupowania produkt\u00f3w lub us\u0142ug, woli przegl\u0105da\u0107 strony w swoim j\u0119zyku ojczystym (wed\u0142ug danych przeprowadzonych przez Komisj\u0119 Europejsk\u0105, <em>Preferencje j\u0119zykowe u\u017cytkownik\u00f3w internetu<\/em>).<br>Us\u0142ugi pozycjonowania i optymalizacji (SEO) stron internetowych jest&nbsp;jednym z najlepszych sposob\u00f3w na dotarcie do zagranicznych rynk\u00f3w i zwi\u0119kszenie sprzeda\u017cy na ca\u0142ym \u015bwiecie. Musisz podj\u0105\u0107 kilka krok\u00f3w, je\u015bli chcesz zapewni\u0107 sukces Twojej strony.<\/p>\n\n\n\n<p><strong>Krok pierwszy: lokalizowanie witryny internetowej<\/strong><br>Nie ma nic lepszego ni\u017c porozumiewanie si\u0119 w j\u0119zyku Twoich potencjalnych klient\u00f3w, je\u015bli chcesz nawi\u0105za\u0107 z nimi bliskie kontakty. Lokalizacja witryny przy u\u017cyciu miejscowego s\u0142ownictwa jest pierwszy krokiem, kt\u00f3ry pozwoli Ci zbli\u017cy\u0107 si\u0119 do rynku docelowego. Na przyk\u0142ad, hiszpa\u0144ska wersja strony skierowanej na Hiszpani\u0119 powinna adresowa\u0107 swoich czytelnik\u00f3w za pomoc\u0105 &#8222;t\u00fa&#8221;, podczas gdy strona skierowana na rynek argenty\u0144ski musi u\u017cywa\u0107 s\u0142owa &#8222;vos&#8221;. Cultures Connection zawsze zleca Twoje projekty t\u0142umaczom, kt\u00f3rych j\u0119zyk ojczysty jest j\u0119zykiem docelowym, aby w ten spos\u00f3b zaoferowa\u0107 t\u0142umaczenia idealnie dostosowane do Twoich odbiorc\u00f3w. Teraz \u201em\u00f3wisz\u201d w j\u0119zyku miejscowych.<\/p>\n\n\n\n<p><strong>Krok drugi:&nbsp;us\u0142ugi pozycjonowania (SEO) i optymalizacji stron internetowych<\/strong><br>Pos\u0142ugiwanie si\u0119 j\u0119zykiem miejscowym to dobry pocz\u0105tek, natomiast bycie spostrzeganym na internecie przez klient\u00f3w jest du\u017co wi\u0119kszym sukcesem! Pokazali\u015bmy Tobie, jak istotna jest dla t\u0142umaczy znajomo\u015b\u0107 niuans\u00f3w i r\u00f3\u017cnic j\u0119zykowych spo\u0142eczno\u015bci lokalnej. Teraz nadszed\u0142 czas, aby <strong>eksperci SEO<\/strong> zaj\u0119li si\u0119 Twoim projektem. Ich zadaniem jest okre\u015bli\u0107, jak u\u017cytkownicy internetu formu\u0142uj\u0105 zapytania w wyszukiwarce w kraju docelowym. Na przyk\u0142ad ustal\u0105 oni, \u017ce w Hiszpanii u\u017cytkownicy szukaj\u0105cy e-commerce wpisuj\u0105 w wyszukiwark\u0119 wyra\u017cenie &#8222;tienda online&#8221; 9900 razy na miesi\u0105c, a z kolei &#8222;tienda en l\u00ednea&#8221; tylko 50 razy. Mo\u017cesz nie by\u0107 tego \u015bwiadomym i u\u017cyjesz &#8222;tienda en l\u00ednea&#8221; na swojej stronie internetowej. Google mo\u017ce wy\u015bwietli\u0107 Twoj\u0105 witryn\u0119 u\u017cytkownikom, kt\u00f3rzy u\u017cyli tego sformu\u0142owania w wyszukiwarce, ale nie wtedy gdy u\u017cyj\u0105 &#8222;tienda online&#8221;. Nie korzystaj\u0105c z us\u0142ugi pozycjonowania (SEO) i optymalizacji stron internetowych mo\u017cesz starci\u0107 9850 potencjalnych odwiedzin!<\/p>\n\n\n\n<p><strong>Krok trzeci: wypozycjonuj swoj\u0105 stron\u0119<\/strong><br>Gratulacje! Tre\u015b\u0107 Twojego t\u0142umaczenia zosta\u0142a zoptymalizowana. Aby sprawi\u0107 by Twoja witryna pojawi\u0142a si\u0119 w najwy\u017cszych wynikach wyszukiwarki, nale\u017cy teraz przekona\u0107 Google, \u017ce zawiera ona najlepsze odpowiedzi na zapytania klient\u00f3w. Aby do tego doprowadzi\u0107 nale\u017cy jeszcze popracowa\u0107 nie tylko nad tre\u015bci\u0105 strony, poniewa\u017c Google szuka wskaz\u00f3wek w celu ustalenia jak trafna jest Twoja strona w stosunku do tego czego szukaj\u0105 u\u017cytkownicy. Cultures Connection pomaga roz\u0142o\u017cy\u0107 te wska\u017aniki wype\u0142niaj\u0105c tytu\u0142, znaczniki meta-descriptions, H1, itp., s\u0142owami kluczowymi, kt\u00f3re zosta\u0142y wcze\u015bniej zidentyfikowane.<\/p>\n\n\n\n<p><strong>Krok czwarty: zbuduj popularno\u015b\u0107 swojej strony internetowej<\/strong><br>Google lubi wyj\u0105tkowe strony internetowe i wyr\u00f3\u017cnia je na swoich pierwszych stronach. Wyszukiwarka analizuje linki z innych witryn, kt\u00f3re wskazuj\u0105 na Twoj\u0105 stron\u0119, ocenia je i nast\u0119pnie sporz\u0105dza list\u0119 rankingow\u0105. Cultures Connection pomaga Tobie zosta\u0107 zauwa\u017conym przez Google tworz\u0105c strategi\u0119 budowania link\u00f3w.<br>Teraz jeste\u015b gotowy na podb\u00f3j \u015bwiata!<\/p>\n\n\n\n<h2 class=\"wp-block-heading\">Prosty proces<\/h2>\n\n\n\n<p>Czy Twoja strona internetowa jest zaprojektowana z WordPress? Cultures Connection oferuje us\u0142ugi t\u0142umaczeniowe przy u\u017cyciu wtyczki WPML. Dzi\u0119ki temu przek\u0142ad Twojej witryny jest dla nas bu\u0142k\u0105 z mas\u0142em, poniewa\u017c pozwala nam ona t\u0142umaczy\u0107 tre\u015bci jak i \u0142atwo wkomponowa\u0107 je w stron\u0119 internetow\u0105.<br>Cultures Connection mo\u017ce r\u00f3wnie\u017c przet\u0142umaczy\u0107 tre\u015bci Twojej witryny niezale\u017cnie od formatu tekstu (Word, Excel, zwyk\u0142y tekst, itp.) lub CMS, kt\u00f3rego u\u017cywasz (Joomla, Magento, PrestaShop, itp.), lub mo\u017ce to nawet zrobi\u0107 bezpo\u015brednio z kodu HTML Twojej strony.<\/p>\n\n\n\n<h2 class=\"wp-block-heading\">Mamy wielu zadowolonych klient\u00f3w we wszystkich bran\u017cach<\/h2>\n\n\n\n<p>Nasze portfolio projekt\u00f3w t\u0142umaczeniowych zawiera tre\u015bci z wielu stron, witryn e-commerce i platform internetowych, itp., dla instytucji, takich jak FAO, ONZ, francuski publiczny system ubezpieczenia zdrowotnego (CPAM), itp., jak r\u00f3wnie\u017c dla du\u017cych przedsi\u0119biorstw &#8211; SANOFI, JACADI , MIRAKL i innych.<\/p>\n\n\n\n<h2 class=\"wp-block-heading\">Nasze us\u0142ugi pozycjonowania (SEO) stron wieloj\u0119zycznych i marketingu cyfrowego<\/h2>\n\n\n\n<ul class=\"wp-block-list\"><li><strong><a href=\"https:\/\/culturesconnection.com\/pl\/wielojezyczna-usluga-seo-tlumaczenia-seo\/\"> T\u0142umaczenia SEO<\/a><\/strong><br>Nasi eksperci SEO identyfikuj\u0105 g\u0142\u00f3wne s\u0142owa kluczowe Twojej aktywno\u015bci na rynku docelowym, a te przechodz\u0105 w r\u0119ce t\u0142umaczy, kt\u00f3rzy b\u0119d\u0105 ich u\u017cywa\u0107 w pierwszej kolejno\u015bci podczas procesu przek\u0142adu.<\/li><li><strong><a href=\"https:\/\/culturesconnection.com\/pl\/uslugi-seo-i-optymalizacji-meta-tagow\/\">Optymalizacja znacznik\u00f3w meta<\/a><\/strong><br>Nasi eksperci SEO tworz\u0105 lub edytuj\u0105 znaczniki do u\u017cycia na stronach HTML Twojej witryny (tytu\u0142, meta-description, nag\u0142\u00f3wki H1, itp.), w celu poprawy jej rankingu w wynikach wyszukiwarki.<\/li><li><strong>Strategia linkowania<\/strong><br>Identyfikujemy backlinki (zewn\u0119trzne linki do Twojej strony z innych witryn), kt\u00f3re najbardziej przyczyni\u0105 si\u0119 do zwi\u0119kszenia Twojej popularno\u015bci.<\/li><li><strong><a href=\"https:\/\/culturesconnection.com\/pl\/uslugi-w-zakresie-seo-copywriting\/\">SEO copywriting<\/a><\/strong><br>Nasi SEO copywriterzy napisz\u0105 dla Ciebie zlokalizowane i przyjazne dla SEO tre\u015bci.<\/li><\/ul>\n","protected":false},"excerpt":{"rendered":"<p>Us\u0142ugi pozycjonowania i optymalizacji (SEO), poka\u017c si\u0119 na arenie mi\u0119dzynarodowej Angielski jako j\u0119zyk globalny jest u\u017cywany i rozumiany przez du\u017c\u0105 liczb\u0119 ludzi na ca\u0142ym \u015bwiecie. [&#8230;]<\/p>\n<p><a class=\"btn btn-secondary understrap-read-more-link\" href=\"https:\/\/culturesconnection.com\/pl\/uslugi-pozycjonowania-i-optymalizacji-seo\/\">Czytaj dalej\u2026<span class=\"screen-reader-text\"> from Us\u0142ugi pozycjonowania i optymalizacji (SEO)<\/span><\/a><\/p>\n","protected":false},"author":22,"featured_media":19545,"parent":0,"menu_order":0,"comment_status":"closed","ping_status":"closed","template":"","meta":{"_acf_changed":false,"_editorskit_title_hidden":false,"_editorskit_reading_time":3,"_editorskit_is_block_options_detached":false,"_editorskit_block_options_position":"{}","footnotes":""},"class_list":["post-11467","page","type-page","status-publish","has-post-thumbnail","hentry"],"acf":[],"_links":{"self":[{"href":"https:\/\/culturesconnection.com\/pl\/wp-json\/wp\/v2\/pages\/11467","targetHints":{"allow":["GET"]}}],"collection":[{"href":"https:\/\/culturesconnection.com\/pl\/wp-json\/wp\/v2\/pages"}],"about":[{"href":"https:\/\/culturesconnection.com\/pl\/wp-json\/wp\/v2\/types\/page"}],"author":[{"embeddable":true,"href":"https:\/\/culturesconnection.com\/pl\/wp-json\/wp\/v2\/users\/22"}],"replies":[{"embeddable":true,"href":"https:\/\/culturesconnection.com\/pl\/wp-json\/wp\/v2\/comments?post=11467"}],"version-history":[{"count":0,"href":"https:\/\/culturesconnection.com\/pl\/wp-json\/wp\/v2\/pages\/11467\/revisions"}],"wp:featuredmedia":[{"embeddable":true,"href":"https:\/\/culturesconnection.com\/pl\/wp-json\/wp\/v2\/media\/19545"}],"wp:attachment":[{"href":"https:\/\/culturesconnection.com\/pl\/wp-json\/wp\/v2\/media?parent=11467"}],"curies":[{"name":"wp","href":"https:\/\/api.w.org\/{rel}","templated":true}]}}