{"id":11464,"date":"2018-11-02T10:14:25","date_gmt":"2018-11-02T08:14:25","guid":{"rendered":"http:\/\/culturesconnection.com\/?page_id=11464"},"modified":"2022-08-03T09:51:29","modified_gmt":"2022-08-03T07:51:29","slug":"uslugi-w-zakresie-seo-copywriting","status":"publish","type":"page","link":"https:\/\/culturesconnection.com\/pl\/uslugi-w-zakresie-seo-copywriting\/","title":{"rendered":"Us\u0142ugi w zakresie SEO copywriting"},"content":{"rendered":"\n<h2 class=\"wp-block-heading\">SEO copywriting,&nbsp;tworzenie tre\u015bci internetowych jako spos\u00f3b na popraw\u0119 do\u015bwiadczenia u\u017cytkownika<\/h2>\n\n\n\n<p>W ramach rewolucji internetowej, zwi\u0119kszaj\u0105cej si\u0119 liczby stron internetowych i boomu serwis\u00f3w spo\u0142eczno\u015bciowych, ka\u017cdego dnia internauci czytaj\u0105 i dziel\u0105 si\u0119 milionami stron internetowych. Tre\u015bci stron internetowych s\u0105 wsz\u0119dzie: artyku\u0142y blogowe, aktualno\u015bci, opisy produkt\u00f3w, informacje prasowe, teksty turystyczne. Bior\u0105c pod uwag\u0119 szeroki wyb\u00f3r tre\u015bci, nie ulega w\u0105tpliwo\u015bci, \u017ce czym lepsza jest ich jako\u015b\u0107, tym wi\u0119ksze zainteresowanie czytelnika.<\/p>\n\n\n\n<p><a href=\"https:\/\/culturesconnection.com\/pl\/\">Cultures Connection<\/a>, dzi\u0119ki swojemu do\u015bwiadczeniu w dziedzinie pisania tre\u015bci internetowych, mo\u017ce przedstawi\u0107 Tobie writer\u00f3w, kt\u00f3rzy poprawi\u0105 wizerunek Twojej firmy tworz\u0105c tre\u015bci multimedialne. Gwarantujemy unikalne tre\u015bci bez jakiegokolwiek przetwarzania poprzednich. Wszyscy z naszych writer\u00f3w przechodz\u0105 przez rygorystyczn\u0105 selekcj\u0119 i s\u0105 specjalistami w swojej dziedzinie, czyli SEO copywriting.<\/p>\n\n\n\n<h2 class=\"wp-block-heading\">Tworzenie tre\u015bci SEO w celu zoptymalizowania pozycji Twojej strony internetowej<\/h2>\n\n\n\n<p>Zawarto\u015b\u0107 Twojej strony internetowej powinna by\u0107 \u0142atwo identyfikowana przez wyszukiwarki, gwarantuj\u0105c jej w ten spos\u00f3b wysokie miejsce w rankingu. Pozycjonowanie stron (czyli SEO) to dzia\u0142ania, kt\u00f3re maj\u0105 fundamentalne znaczenie dla promowania firmy i zwi\u0119kszenia ruchu na Twojej witrynie internetowej.<\/p>\n\n\n\n<p>Gdzie powiniene\u015b si\u0119 uda\u0107, aby zoptymalizowa\u0107 swoj\u0105 stron\u0119? Tworzenie tre\u015bci jest profesj\u0105, a nie improwizacj\u0105. Dlatego te\u017c warto skontaktowa\u0107 si\u0119 z ekspertami w tej dziedzinie jakimi s\u0105: agencje pisania tre\u015bci, niezale\u017cni writerzy stron internetowych&#8230; Praca writera witryn polega na pisaniu odpowiednich, wysokiej jako\u015bci tekst\u00f3w, kt\u00f3re spe\u0142ni\u0105 potrzeby internaut\u00f3w i, kt\u00f3re koresponduj\u0105 z algorytmicznymi kryteriami pozycjonowania w wyszukiwarkach internetowych\u2014 kryteria, kt\u00f3re nieustannie ewoluuj\u0105.<\/p>\n\n\n\n<h2 class=\"wp-block-heading\">Specjalizujemy si\u0119 w pisaniu tre\u015bci na wiele sektor\u00f3w<\/h2>\n\n\n\n<p>Oferujemy nasze us\u0142ugi tworzenia tre\u015bci internetowych w ponad trzydziestu dziedzinach:<\/p>\n\n\n\n<ul class=\"wp-block-list\"><li>Turystyka\/Podr\u00f3\u017ce<\/li><li>E-commerce<\/li><li>Moda<\/li><li>Kosmetyka<\/li><li>Sport<\/li><li>Zdrowie<\/li><li>Chemia<\/li><li>Finanse<\/li><\/ul>\n\n\n\n<h2 class=\"wp-block-heading\">Nasze us\u0142ugi t\u0142umacze\u0144 stron internetowych<\/h2>\n\n\n\n<p>Czy Twoja strona internetowa jest zaprojektowana z WordPress? Cultures Connection oferuje us\u0142ugi t\u0142umaczeniowe przy u\u017cyciu wtyczki WPML. Dzi\u0119ki temu przek\u0142ad Twojej witryny jest dla nas bu\u0142k\u0105 z mas\u0142em, poniewa\u017c pozwala nam to t\u0142umaczy\u0107 tre\u015bci jak i \u0142atwo wkomponowa\u0107 je w stron\u0119 internetow\u0105.<br>Cultures Connection mo\u017ce r\u00f3wnie\u017c przet\u0142umaczy\u0107 tre\u015bci Twojej witryny niezale\u017cnie od formatu tekstu (Word, Excel, zwyk\u0142y tekst, itp.) lub CMS, kt\u00f3rego u\u017cywasz (Joomla, Magento, PrestaShop, itp.), lub mo\u017ce to nawet zrobi\u0107 bezpo\u015brednio z kodu HTML Twojej strony.<\/p>\n\n\n\n<h2 class=\"wp-block-heading\">Mamy wielu zadowolonych klient\u00f3w we wszystkich bran\u017cach<\/h2>\n\n\n\n<p>Nasze portfolio projekt\u00f3w t\u0142umaczeniowych obejmuje tre\u015bci z wielu stron, witryn e-commerce i platform internetowych, itp., dla instytucji, takich jak FAO, ONZ, francuski publiczny system ubezpieczenia zdrowotnego (CPAM), itp., jak r\u00f3wnie\u017c dla du\u017cych przedsi\u0119biorstw &#8211; SANOFI, JACADI , MIRAKL i innych.<\/p>\n\n\n\n<h2 class=\"wp-block-heading\">Nasze us\u0142ugi pozycjonowania (SEO) stron wieloj\u0119zycznych i marketingu cyfrowego<\/h2>\n\n\n\n<ul class=\"wp-block-list\"><li><strong><a href=\"https:\/\/culturesconnection.com\/pl\/wielojezyczna-usluga-seo-tlumaczenia-seo\/\"> t\u0142umaczenia SEO<\/a><\/strong><br>Nasi eksperci SEO identyfikuj\u0105 g\u0142\u00f3wne s\u0142owa kluczowe Twojej aktywno\u015bci na rynku docelowym, a te przechodz\u0105 w r\u0119ce t\u0142umaczy, kt\u00f3rzy b\u0119d\u0105 ich u\u017cywa\u0107 w pierwszej kolejno\u015bci podczas procesu przek\u0142adu.<\/li><li><strong><a href=\"https:\/\/culturesconnection.com\/pl\/uslugi-seo-i-optymalizacji-meta-tagow\/\">Optymalizacja znacznik\u00f3w meta<\/a><\/strong><br>Nasi eksperci SEO tworz\u0105 lub edytuj\u0105 znaczniki do u\u017cycia na stronach HTML Twojej witryny (tytu\u0142, meta-description, nag\u0142\u00f3wki H1, itp.), w celu poprawy jej rankingu w wynikach wyszukiwania.<\/li><li><strong>Strategia linkowania<\/strong><br>Identyfikujemy backlinki (zewn\u0119trzne linki do Twojej strony z innych witryn), kt\u00f3re prawdopodobnie b\u0119d\u0105 najbardziej przydatne do zwi\u0119kszenia Twojej popularno\u015bci.<\/li><\/ul>\n","protected":false},"excerpt":{"rendered":"<p>SEO copywriting,&nbsp;tworzenie tre\u015bci internetowych jako spos\u00f3b na popraw\u0119 do\u015bwiadczenia u\u017cytkownika W ramach rewolucji internetowej, zwi\u0119kszaj\u0105cej si\u0119 liczby stron internetowych i boomu serwis\u00f3w spo\u0142eczno\u015bciowych, ka\u017cdego dnia [&#8230;]<\/p>\n<p><a class=\"btn btn-secondary understrap-read-more-link\" href=\"https:\/\/culturesconnection.com\/pl\/uslugi-w-zakresie-seo-copywriting\/\">Czytaj dalej\u2026<span class=\"screen-reader-text\"> from Us\u0142ugi w zakresie SEO copywriting<\/span><\/a><\/p>\n","protected":false},"author":22,"featured_media":12154,"parent":0,"menu_order":0,"comment_status":"closed","ping_status":"closed","template":"","meta":{"_acf_changed":false,"_editorskit_title_hidden":false,"_editorskit_reading_time":2,"_editorskit_is_block_options_detached":false,"_editorskit_block_options_position":"{}","footnotes":""},"class_list":["post-11464","page","type-page","status-publish","has-post-thumbnail","hentry"],"acf":[],"_links":{"self":[{"href":"https:\/\/culturesconnection.com\/pl\/wp-json\/wp\/v2\/pages\/11464","targetHints":{"allow":["GET"]}}],"collection":[{"href":"https:\/\/culturesconnection.com\/pl\/wp-json\/wp\/v2\/pages"}],"about":[{"href":"https:\/\/culturesconnection.com\/pl\/wp-json\/wp\/v2\/types\/page"}],"author":[{"embeddable":true,"href":"https:\/\/culturesconnection.com\/pl\/wp-json\/wp\/v2\/users\/22"}],"replies":[{"embeddable":true,"href":"https:\/\/culturesconnection.com\/pl\/wp-json\/wp\/v2\/comments?post=11464"}],"version-history":[{"count":0,"href":"https:\/\/culturesconnection.com\/pl\/wp-json\/wp\/v2\/pages\/11464\/revisions"}],"wp:featuredmedia":[{"embeddable":true,"href":"https:\/\/culturesconnection.com\/pl\/wp-json\/wp\/v2\/media\/12154"}],"wp:attachment":[{"href":"https:\/\/culturesconnection.com\/pl\/wp-json\/wp\/v2\/media?parent=11464"}],"curies":[{"name":"wp","href":"https:\/\/api.w.org\/{rel}","templated":true}]}}