{"id":11463,"date":"2018-10-31T14:12:14","date_gmt":"2018-10-31T12:12:14","guid":{"rendered":"http:\/\/culturesconnection.com\/?page_id=11463"},"modified":"2022-08-03T10:38:17","modified_gmt":"2022-08-03T08:38:17","slug":"koreanskie-uslugi-tlumaczeniowe","status":"publish","type":"page","link":"https:\/\/culturesconnection.com\/pl\/koreanskie-uslugi-tlumaczeniowe\/","title":{"rendered":"Korea\u0144skie Us\u0142ugi T\u0142umaczeniowe"},"content":{"rendered":"\n<h2 class=\"wp-block-heading\">Profesjonalne Korea\u0144skie Us\u0142ugi T\u0142umaczeniowe<\/h2>\n\n\n\n<p>Spo\u015br\u00f3d kraj\u00f3w, kt\u00f3re przyst\u0105pi\u0142y do Unii Europejskiej w 2004 roku, Polska jest najwa\u017cniejszym partnerem handlowym Korei Po\u0142udniowej. Je\u015bli jeste\u015b polsk\u0105 firm\u0105 i chcesz eksportowa\u0107 swoje dzia\u0142ania do tego kraju, profesjonalne t\u0142umaczenie dokument\u00f3w jest istotnym krokiem, aby u\u0142atwi\u0107 dialog i by\u0107 o krok przed konkurencj\u0105.<\/p>\n\n\n\n<p>Aby osi\u0105gn\u0105\u0107 ten cel, nasza firma oferuje us\u0142ugi t\u0142umacze\u0144 ustnych i pisemnych po atrakcyjnych cenach. W istocie mo\u017cemy dostosowa\u0107 si\u0119 do Twojego bud\u017cetu dzi\u0119ki naszym czterem poziomom us\u0142ug t\u0142umaczeniowych (Podstawowy, Standardowy, Profesjonalny i Premium). Nasze biuro t\u0142umacze\u0144 oferuje us\u0142ugi bez wzgl\u0119du na rodzaj projektu lub sektor dzia\u0142alno\u015bci, w ponad 80 kombinacjach j\u0119zykowych.<\/p>\n\n\n\n<h2 class=\"wp-block-heading\">Szukasz Korea\u0144skiego T\u0142umacza?<\/h2>\n\n\n\n<p>Nasza <a href=\"https:\/\/culturesconnection.com\/pl\/\">agencja<\/a> <a href=\"https:\/\/culturesconnection.com\/pl\/\">t\u0142umacze\u0144<\/a> starannie wybiera lingwist\u00f3w do wsp\u00f3\u0142pracy. Dla wszystkich naszych ekspert\u00f3w j\u0119zyk korea\u0144ski jest j\u0119zykiem ojczystym i s\u0105 oni mocno zaanga\u017cowani w tym, aby pom\u00f3c Tobie w osi\u0105gni\u0119ciu sukcesu. Aby do\u0142\u0105czy\u0107 do naszej agencji, musz\u0105 oni posiada\u0107 wykszta\u0142cenie t\u0142umacza oraz wi\u0119cej ni\u017c 5 lat do\u015bwiadczenia w wybranej przez siebie specjalizacji. Musz\u0105 oni tak\u017ce zda\u0107 seri\u0119 test\u00f3w, aby udowodni\u0107 nam posiadanie umiej\u0119tno\u015bci j\u0119zykowych i nast\u0119pnie \u015bwiadczy\u0107 korea\u0144skie us\u0142ugi t\u0142umaczeniowe.<\/p>\n\n\n\n<p>Zespo\u0142y w Cultures Connection zobowi\u0105zuj\u0105 si\u0119 do pe\u0142nego zaanga\u017cowania w Tw\u00f3j projekt i gwarantuj\u0105 dostarczenie Ci dokument\u00f3w w j\u0119zyku korea\u0144skim i prze\u0142o\u017conych z j\u0119zyka korea\u0144skiego w wyznaczonym terminie, r\u00f3wnie\u017c w przypadku pilnych t\u0142umacze\u0144. Najwa\u017cniejszym priorytetem dla nas jest indywidualna obs\u0142uga, aby zapewni\u0107 maksymaln\u0105 satysfakcj\u0119 klienta.<\/p>\n\n\n\n<h2 class=\"wp-block-heading\">Wszystkie z naszych korea\u0144skich us\u0142ug t\u0142umaczeniowych<\/h2>\n\n\n\n<p>Cultures Connection jest profesjonaln\u0105 agencj\u0105 t\u0142umacze\u0144 dzia\u0142aj\u0105c\u0105 we Francji i w Argentynie. Dzi\u0119ki naszej obecno\u015bci na dw\u00f3ch kontynentach jeste\u015bmy do Twojej dyspozycji 18 godzin na dob\u0119, 7 dni w tygodniu. W\u015br\u00f3d naszych korea\u0144skich us\u0142ug t\u0142umaczeniowych znajdziesz:<\/p>\n\n\n\n<ul class=\"wp-block-list\"><li>Korea\u0144skie us\u0142ugi t\u0142umacze\u0144 finansowych<\/li><li>Korea\u0144skie us\u0142ugi t\u0142umacze\u0144 biznesowych<\/li><li>Korea\u0144skie us\u0142ugi t\u0142umacze\u0144 naukowych<\/li><li>Korea\u0144skie us\u0142ugi t\u0142umacze\u0144 medycznych<\/li><li>Korea\u0144skie us\u0142ugi t\u0142umacze\u0144 technicznych<\/li><li>Korea\u0144skie us\u0142ugi t\u0142umacze\u0144 prawnych<\/li><li>Korea\u0144skie us\u0142ugi t\u0142umacze\u0144 marketingowych<\/li><li>Korea\u0144skie us\u0142ugi t\u0142umacze\u0144 stron internetowych<\/li><li>Korea\u0144skie us\u0142ugi tworzenia napis\u00f3w<\/li><li>Korea\u0144skie us\u0142ugi t\u0142umacze\u0144 gier wideo<\/li><li>Szybkie us\u0142ugi t\u0142umacze\u0144 na j\u0119zyk korea\u0144ski<\/li><\/ul>\n","protected":false},"excerpt":{"rendered":"<p>Profesjonalne Korea\u0144skie Us\u0142ugi T\u0142umaczeniowe Spo\u015br\u00f3d kraj\u00f3w, kt\u00f3re przyst\u0105pi\u0142y do Unii Europejskiej w 2004 roku, Polska jest najwa\u017cniejszym partnerem handlowym Korei Po\u0142udniowej. Je\u015bli jeste\u015b polsk\u0105 firm\u0105 [&#8230;]<\/p>\n<p><a class=\"btn btn-secondary understrap-read-more-link\" href=\"https:\/\/culturesconnection.com\/pl\/koreanskie-uslugi-tlumaczeniowe\/\">Czytaj dalej\u2026<span class=\"screen-reader-text\"> from Korea\u0144skie Us\u0142ugi T\u0142umaczeniowe<\/span><\/a><\/p>\n","protected":false},"author":22,"featured_media":23256,"parent":0,"menu_order":0,"comment_status":"closed","ping_status":"closed","template":"","meta":{"_acf_changed":false,"_editorskit_title_hidden":false,"_editorskit_reading_time":1,"_editorskit_is_block_options_detached":false,"_editorskit_block_options_position":"{}","footnotes":""},"class_list":["post-11463","page","type-page","status-publish","has-post-thumbnail","hentry"],"acf":[],"_links":{"self":[{"href":"https:\/\/culturesconnection.com\/pl\/wp-json\/wp\/v2\/pages\/11463","targetHints":{"allow":["GET"]}}],"collection":[{"href":"https:\/\/culturesconnection.com\/pl\/wp-json\/wp\/v2\/pages"}],"about":[{"href":"https:\/\/culturesconnection.com\/pl\/wp-json\/wp\/v2\/types\/page"}],"author":[{"embeddable":true,"href":"https:\/\/culturesconnection.com\/pl\/wp-json\/wp\/v2\/users\/22"}],"replies":[{"embeddable":true,"href":"https:\/\/culturesconnection.com\/pl\/wp-json\/wp\/v2\/comments?post=11463"}],"version-history":[{"count":0,"href":"https:\/\/culturesconnection.com\/pl\/wp-json\/wp\/v2\/pages\/11463\/revisions"}],"wp:featuredmedia":[{"embeddable":true,"href":"https:\/\/culturesconnection.com\/pl\/wp-json\/wp\/v2\/media\/23256"}],"wp:attachment":[{"href":"https:\/\/culturesconnection.com\/pl\/wp-json\/wp\/v2\/media?parent=11463"}],"curies":[{"name":"wp","href":"https:\/\/api.w.org\/{rel}","templated":true}]}}