{"id":11462,"date":"2018-10-31T14:05:40","date_gmt":"2018-10-31T12:05:40","guid":{"rendered":"http:\/\/culturesconnection.com\/?page_id=11462"},"modified":"2022-06-22T23:24:27","modified_gmt":"2022-06-22T21:24:27","slug":"japonskie-uslugi-tlumaczen-gier-wideo","status":"publish","type":"page","link":"https:\/\/culturesconnection.com\/pl\/nasze-japonskie-uslugi-tlumaczeniowe\/japonskie-uslugi-tlumaczen-gier-wideo\/","title":{"rendered":"Japo\u0144skie us\u0142ugi t\u0142umacze\u0144 gier wideo"},"content":{"rendered":"\n<h2 class=\"wp-block-heading\">Japo\u0144skie us\u0142ugi t\u0142umacze\u0144 gier wideo<\/h2>\n\n\n\n<p>Je\u015bli chcesz, aby u\u017cytkownicy na rynkach zagranicznych czerpali wi\u0119cej przyjemno\u015bci z Twoich gier wideo, przet\u0142umacz je na ich j\u0119zyk ojczysty. Zwrot \u201et\u0142umaczenie\u201d w rzeczywisto\u015bci nie jest najlepszym okre\u015bleniem, poniewa\u017c praca ta wymaga wi\u0119kszego wk\u0142adu ni\u017c zwyk\u0142y przek\u0142ad. Nale\u017cy uwzgl\u0119dni\u0107 aspekt kulturowy grupy docelowej; ograniczenia przestrzenne uniemo\u017cliwiaj\u0105 pe\u0142ne wy\u015bwietlenie tekstu na ekranie, a przet\u0142umaczony skrypt musi jeszcze zosta\u0107 nagrany. Jest to d\u0142ugi proces, ale <a href=\"https:\/\/culturesconnection.com\/pl\/\">Cultures Connection<\/a> mo\u017ce zaoferowa\u0107 Tobie najlepszych lokalizator\u00f3w, kt\u00f3rzy b\u0119d\u0105 w stanie poradzi\u0107 sobie z takim zadaniem.<\/p>\n\n\n\n<h2 class=\"wp-block-heading\">Nasze us\u0142ugi t\u0142umacze\u0144<\/h2>\n\n\n\n<p>Kultura grania w gry wideo jest niezwykle rozwini\u0119ta w Japonii i wi\u0119kszo\u015b\u0107 gier jest t\u0142umaczona z japo\u0144skiego na inne j\u0119zyki. Konkurencja jest twarda i dlatego te\u017c nie nale\u017cy zostawi\u0107 niczego przypadkowi lokalizuj\u0105c gry wideo na j\u0119zyk japo\u0144ski. Nasze <a href=\"https:\/\/culturesconnection.com\/pl\/profesjonalne-uslugi-tlumaczeniowe-we-wszystkich-jezykach\/\">us\u0142ugi t\u0142umaczeniowe<\/a> obejmuj\u0105 specjalizacj\u0119 w tej dziedzinie i wsp\u00f3\u0142pracujemy z t\u0142umaczami gier wideo, kt\u00f3rzy pasjonuj\u0105 si\u0119 tym co robi\u0105. W samej rzeczy Ci lokalizatorzy sami s\u0105 entuzjastycznymi graczami i dlatego pasuj\u0105 idealnie do pracy nad Twoimi projektami. W trakcie ca\u0142ego procesu wspiera ich kierownik projektu oraz testerzy. Na sam koniec nast\u0119puje kontrola jako\u015bci. W zwi\u0105zku z tym Tw\u00f3j projekt <a href=\"https:\/\/culturesconnection.com\/pl\/nasze-uslugi-tlumaczen-i-lokalizacji-gier-wideo\/\">lokalizacji gier wideo<\/a> jest w dobrych r\u0119kach w Cultures Connection. agencji oferuj\u0105cej profesjonalne japo\u0144skie us\u0142ugi t\u0142umacze\u0144 gier wideo.<\/p>\n\n\n\n<h2 class=\"wp-block-heading\">Lokalizacja Twoich gier wideo z j\u0119zyka japo\u0144skiego i na j\u0119zyk japo\u0144ski<\/h2>\n\n\n\n<p>Poni\u017cej znajdziesz r\u00f3\u017cne <a href=\"https:\/\/culturesconnection.com\/pl\/profesjonalne-uslugi-tlumaczeniowe-we-wszystkich-jezykach\/\">us\u0142ugi<\/a> lokalizacji gier wideo oferowanych przez Cultures Connection:<\/p>\n\n\n\n<ul class=\"wp-block-list\"><li>T\u0142umaczenie gier wideo<\/li><li>Lokalizacja gier wideo<\/li><li>Zarz\u0105dzanie projektami<\/li><li>Tworzenie napis\u00f3w<\/li><li>Nagrywanie i dubbing<\/li><li>Kontrola jako\u015bci<\/li><\/ul>\n\n\n\n<h3 class=\"wp-block-heading\">&nbsp;T\u0142umaczenie gier wideo we wszystkich j\u0119zykach<\/h3>\n\n\n\n<ul class=\"wp-block-list\"><li><a href=\"https:\/\/culturesconnection.com\/pl\/francuskie-uslugi-tlumaczen-gier-wideo\/\">T\u0142umaczenie gier wideo na j\u0119zyk francuski<\/a><\/li><li><a href=\"https:\/\/culturesconnection.com\/pl\/?page_id=13497\">T\u0142umaczenie gier wideo na j\u0119zyk hiszpa\u0144ski<\/a><\/li><li><a href=\"https:\/\/culturesconnection.com\/pl\/niemieckie-tlumaczenia-gier-wideo\/\">T\u0142umaczenie gier wideo na j\u0119zyk niemiecki<\/a><\/li><li><a href=\"https:\/\/culturesconnection.com\/pl\/chinskie-uslugi-tlumaczen-gier-wideo\/\">T\u0142umaczenie gier wideo na j\u0119zyk chi\u0144ski<\/a><\/li><li><a href=\"https:\/\/culturesconnection.com\/pl\/arabskie-uslugi-tlumaczen-gier-wideo\/\">T\u0142umaczenie gier wideo na j\u0119zyk arabski<\/a><\/li><li><a href=\"https:\/\/culturesconnection.com\/pl\/?page_id=13493\">T\u0142umaczenie gier wideo na j\u0119zyk portugalski<\/a><\/li><li><a href=\"https:\/\/culturesconnection.com\/pl\/wloskie-tlumaczenia-gier-wideo\/\">T\u0142umaczenie gier wideo na j\u0119zyk w\u0142oski<\/a><\/li><li><a href=\"https:\/\/culturesconnection.com\/pl\/niderlandzkie-tlumaczenia-gier-wideo\/\">T\u0142umaczenie gier wideo na j\u0119zyk holenderski<\/a><\/li><li><a href=\"https:\/\/culturesconnection.com\/pl\/?page_id=13693\">T\u0142umaczenie gier wideo na j\u0119zyk turecki<\/a><\/li><li><a href=\"https:\/\/culturesconnection.com\/pl\/?page_id=13495\">T\u0142umaczenie gier wideo na j\u0119zyk rosyjski<\/a><\/li><\/ul>\n","protected":false},"excerpt":{"rendered":"<p>Japo\u0144skie us\u0142ugi t\u0142umacze\u0144 gier wideo Je\u015bli chcesz, aby u\u017cytkownicy na rynkach zagranicznych czerpali wi\u0119cej przyjemno\u015bci z Twoich gier wideo, przet\u0142umacz je na ich j\u0119zyk ojczysty. [&#8230;]<\/p>\n<p><a class=\"btn btn-secondary understrap-read-more-link\" href=\"https:\/\/culturesconnection.com\/pl\/nasze-japonskie-uslugi-tlumaczeniowe\/japonskie-uslugi-tlumaczen-gier-wideo\/\">Czytaj dalej\u2026<span class=\"screen-reader-text\"> from Japo\u0144skie us\u0142ugi t\u0142umacze\u0144 gier wideo<\/span><\/a><\/p>\n","protected":false},"author":22,"featured_media":24334,"parent":11551,"menu_order":0,"comment_status":"closed","ping_status":"closed","template":"","meta":{"_acf_changed":false,"_editorskit_title_hidden":false,"_editorskit_reading_time":0,"_editorskit_is_block_options_detached":false,"_editorskit_block_options_position":"{}","footnotes":""},"class_list":["post-11462","page","type-page","status-publish","has-post-thumbnail","hentry"],"acf":[],"_links":{"self":[{"href":"https:\/\/culturesconnection.com\/pl\/wp-json\/wp\/v2\/pages\/11462","targetHints":{"allow":["GET"]}}],"collection":[{"href":"https:\/\/culturesconnection.com\/pl\/wp-json\/wp\/v2\/pages"}],"about":[{"href":"https:\/\/culturesconnection.com\/pl\/wp-json\/wp\/v2\/types\/page"}],"author":[{"embeddable":true,"href":"https:\/\/culturesconnection.com\/pl\/wp-json\/wp\/v2\/users\/22"}],"replies":[{"embeddable":true,"href":"https:\/\/culturesconnection.com\/pl\/wp-json\/wp\/v2\/comments?post=11462"}],"version-history":[{"count":0,"href":"https:\/\/culturesconnection.com\/pl\/wp-json\/wp\/v2\/pages\/11462\/revisions"}],"up":[{"embeddable":true,"href":"https:\/\/culturesconnection.com\/pl\/wp-json\/wp\/v2\/pages\/11551"}],"wp:featuredmedia":[{"embeddable":true,"href":"https:\/\/culturesconnection.com\/pl\/wp-json\/wp\/v2\/media\/24334"}],"wp:attachment":[{"href":"https:\/\/culturesconnection.com\/pl\/wp-json\/wp\/v2\/media?parent=11462"}],"curies":[{"name":"wp","href":"https:\/\/api.w.org\/{rel}","templated":true}]}}