{"id":11460,"date":"2018-11-06T17:58:33","date_gmt":"2018-11-06T15:58:33","guid":{"rendered":"http:\/\/culturesconnection.com\/?page_id=11460"},"modified":"2022-08-03T11:17:32","modified_gmt":"2022-08-03T09:17:32","slug":"wegierskie-uslugi-tlumaczeniowe","status":"publish","type":"page","link":"https:\/\/culturesconnection.com\/pl\/wegierskie-uslugi-tlumaczeniowe\/","title":{"rendered":"W\u0119gierskie Us\u0142ugi T\u0142umaczeniowe"},"content":{"rendered":"\n<h2 class=\"wp-block-heading\">Nasze w\u0119gierskie us\u0142ugi t\u0142umaczeniowe<\/h2>\n\n\n\n<p>By\u0107 mo\u017ce my\u015blisz o eksporcie swojej dzia\u0142alno\u015bci na W\u0119gry i t\u0142umaczenie dokument\u00f3w jest istotnym krokiem w tym procesie. Jednak powinno by\u0107 to wykonane przez profesjonalist\u00f3w. Nasza <a href=\"https:\/\/culturesconnection.com\/pl\/\">agencja<\/a> <a href=\"https:\/\/culturesconnection.com\/pl\/\">t\u0142umacze\u0144<\/a> zarz\u0105dza wszystkimi typami projekt\u00f3w. Dzi\u0119ki naszym czterem poziomom us\u0142ug t\u0142umaczeniowych (Podstawowy, Standardowy, Profesjonalny i Premium) jeste\u015bmy w stanie dostosowa\u0107 si\u0119 do wymaga\u0144 naszych klient\u00f3w. Ka\u017cdym projektem zarz\u0105dza kierownik, kt\u00f3ry jest do Twojej dyspozycji i, kt\u00f3ry zapewni p\u0142ynny przebieg ca\u0142ego procesu, wykonuj\u0105c w\u0119gierskie us\u0142ugi t\u0142umaczeniowe.<\/p>\n\n\n\n<h2 class=\"wp-block-heading\">Poszukujesz w\u0119gierskiego t\u0142umacza?<\/h2>\n\n\n\n<p>W Cultures Connection wsp\u00f3\u0142pracujemy z ponad 750 profesjonalnymi t\u0142umaczami, co pozwala nam znale\u017a\u0107 tych najlepiej odpowiadaj\u0105cych Twoim potrzebom. S\u0105 oni starannie wybierani na podstawie ich dyplom\u00f3w, specjalizacji i do\u015bwiadczenia. W naszej agencji t\u0142umacze przek\u0142adaj\u0105 jedynie na sw\u00f3j <a href=\"https:\/\/culturesconnection.com\/pl\/profesjonalne-tlumaczenia-w-ponad-40-jezykach\/\">j\u0119zyk ojczysty.&nbsp;<\/a> Jest to wym\u00f3g wynikaj\u0105cy z europejskich norm jako\u015bci obowi\u0105zuj\u0105cych w tym sektorze, ale wyb\u00f3r ten wynika r\u00f3wnie\u017c z naszego do\u015bwiadczenia. Przek\u0142ad nigdy nie b\u0119dzie a\u017c tak wysokiej jako\u015bci, jak wtedy, gdy jest on wyprodukowany przez t\u0142umacza, kt\u00f3rego j\u0119zykiem ojczystym jest j\u0119zyk docelowy. W ten spos\u00f3b upewniamy si\u0119 r\u00f3wnie\u017c, \u017ce t\u0142umaczenia kt\u00f3re piszemy, spe\u0142niaj\u0105 Twoje oczekiwania.<\/p>\n\n\n\n<h2 class=\"wp-block-heading\">Nasza Agencja T\u0142umacze\u0144<\/h2>\n\n\n\n<p>Nasza agencja ma siedziby we Francji i w Argentynie, dzi\u0119ki czemu jeste\u015bmy dost\u0119pni przez 18 godzin na dob\u0119. Ju\u017c przez 10 lat cieszymy si\u0119 zaufaniem naszych klient\u00f3w. Wiedz\u0105 oni, \u017ce zrealizujemy ich projekty w spos\u00f3b niezwykle profesjonalny. Oferujemy us\u0142ugi t\u0142umaczeniowe w wielu dziedzinach, takich jak na przyk\u0142ad:<\/p>\n\n\n\n<ul class=\"wp-block-list\"><li>W\u0119gierskie us\u0142ugi t\u0142umacze\u0144 finansowych<\/li><li>W\u0119gierskie us\u0142ugi t\u0142umacze\u0144 biznesowych<\/li><li>W\u0119gierskie us\u0142ugi t\u0142umacze\u0144 naukowych<\/li><li>W\u0119gierskie us\u0142ugi t\u0142umacze\u0144 medycznych<\/li><li>W\u0119gierskie us\u0142ugi t\u0142umacze\u0144 technicznych<\/li><li>W\u0119gierskie us\u0142ugi t\u0142umacze\u0144 prawnych<\/li><li>W\u0119gierskie us\u0142ugi t\u0142umacze\u0144 marketingowych<\/li><li>W\u0119gierskie us\u0142ugi t\u0142umacze\u0144 stron internetowych<\/li><li>W\u0119gierskie us\u0142ugi tworzenia napis\u00f3w<\/li><li>W\u0119gierskie us\u0142ugi t\u0142umacze\u0144 gier wideo<\/li><li>T\u0142umaczenia ekspresowe na j\u0119zyk w\u0119gierski<\/li><\/ul>\n","protected":false},"excerpt":{"rendered":"<p>Nasze w\u0119gierskie us\u0142ugi t\u0142umaczeniowe By\u0107 mo\u017ce my\u015blisz o eksporcie swojej dzia\u0142alno\u015bci na W\u0119gry i t\u0142umaczenie dokument\u00f3w jest istotnym krokiem w tym procesie. Jednak powinno by\u0107 [&#8230;]<\/p>\n<p><a class=\"btn btn-secondary understrap-read-more-link\" href=\"https:\/\/culturesconnection.com\/pl\/wegierskie-uslugi-tlumaczeniowe\/\">Czytaj dalej\u2026<span class=\"screen-reader-text\"> from W\u0119gierskie Us\u0142ugi T\u0142umaczeniowe<\/span><\/a><\/p>\n","protected":false},"author":22,"featured_media":23256,"parent":0,"menu_order":0,"comment_status":"closed","ping_status":"closed","template":"","meta":{"_acf_changed":false,"_editorskit_title_hidden":false,"_editorskit_reading_time":1,"_editorskit_is_block_options_detached":false,"_editorskit_block_options_position":"{}","footnotes":""},"class_list":["post-11460","page","type-page","status-publish","has-post-thumbnail","hentry"],"acf":[],"_links":{"self":[{"href":"https:\/\/culturesconnection.com\/pl\/wp-json\/wp\/v2\/pages\/11460","targetHints":{"allow":["GET"]}}],"collection":[{"href":"https:\/\/culturesconnection.com\/pl\/wp-json\/wp\/v2\/pages"}],"about":[{"href":"https:\/\/culturesconnection.com\/pl\/wp-json\/wp\/v2\/types\/page"}],"author":[{"embeddable":true,"href":"https:\/\/culturesconnection.com\/pl\/wp-json\/wp\/v2\/users\/22"}],"replies":[{"embeddable":true,"href":"https:\/\/culturesconnection.com\/pl\/wp-json\/wp\/v2\/comments?post=11460"}],"version-history":[{"count":0,"href":"https:\/\/culturesconnection.com\/pl\/wp-json\/wp\/v2\/pages\/11460\/revisions"}],"wp:featuredmedia":[{"embeddable":true,"href":"https:\/\/culturesconnection.com\/pl\/wp-json\/wp\/v2\/media\/23256"}],"wp:attachment":[{"href":"https:\/\/culturesconnection.com\/pl\/wp-json\/wp\/v2\/media?parent=11460"}],"curies":[{"name":"wp","href":"https:\/\/api.w.org\/{rel}","templated":true}]}}