{"id":11459,"date":"2018-10-31T14:01:48","date_gmt":"2018-10-31T12:01:48","guid":{"rendered":"http:\/\/culturesconnection.com\/?page_id=11459"},"modified":"2022-08-03T10:51:14","modified_gmt":"2022-08-03T08:51:14","slug":"greckie-uslugi-tlumaczeniowe","status":"publish","type":"page","link":"https:\/\/culturesconnection.com\/pl\/greckie-uslugi-tlumaczeniowe\/","title":{"rendered":"Greckie Us\u0142ugi T\u0142umaczeniowe"},"content":{"rendered":"\n<h2 class=\"wp-block-heading\">Profesjonalne Greckie Us\u0142ugi T\u0142umaczeniowe<\/h2>\n\n\n\n<p>Wymiana handlowa mi\u0119dzy Polsk\u0105 a Grecj\u0105 znacznie wzros\u0142a w przeci\u0105gu ostatnich kilku lat. Ze wzgl\u0119du na barier\u0119 j\u0119zykow\u0105 mi\u0119dzy tymi dwoma krajami, wiele polskich firm potrzebuje us\u0142ug t\u0142umacze\u0144 pisemnych i ustnych.<\/p>\n\n\n\n<p>W Cultures Connection oferujemy profesjonalne greckie us\u0142ugi t\u0142umaczeniowe w wielu sektorach dzia\u0142alno\u015bci, takich jak przyk\u0142adowo w sektorze prawnym i marketingowym. Bez wzgl\u0119du na rodzaj dokumentu, zajmiemy si\u0119 Twoim projektem w spos\u00f3b profesjonalny i zobowi\u0105\u017cemy si\u0119 do przestrzegania uzgodnionych termin\u00f3w. Greckie us\u0142ugi t\u0142umaczeniowe stanowi\u0105 znacz\u0105c\u0105 cz\u0119\u015b\u0107 naszej dzia\u0142alno\u015bci. Nasza <a href=\"https:\/\/culturesconnection.com\/pl\/\">agencja<\/a> <a href=\"https:\/\/culturesconnection.com\/pl\/\">t\u0142umacze\u0144<\/a> oferuje tak\u017ce edycj\u0119 i weryfikacj\u0119 z j\u0119zyka greckiego i na j\u0119zyk grecki.<\/p>\n\n\n\n<h2 class=\"wp-block-heading\">Poszukujesz greckiego t\u0142umacza?<\/h2>\n\n\n\n<p>Tworzenie przek\u0142adu z j\u0119zyka greckiego lub na j\u0119zyk grecki jest procesem z\u0142o\u017conym, a znalezienie wykwalifikowanego t\u0142umacza mo\u017ce okaza\u0107 si\u0119 czasoch\u0142onne. Cultures Connection poprowadzi Ci\u0119 przez ten proces i zrobi wszystko co mo\u017cliwe, aby znale\u017a\u0107 profesjonalnego t\u0142umacza, kt\u00f3ry b\u0119dzie odpowiada\u0142 Twoim wymaganiom. Nasi lingwi\u015bci s\u0105 wybierani na podstawie kwalifikacji i do\u015bwiadczenia, kt\u00f3re posiadaj\u0105. Ponadto wszyscy z nich specjalizuj\u0105 si\u0119 w sektorach, kt\u00f3re doskonale opanowali i t\u0142umacz\u0105 tylko na sw\u00f3j <a href=\"https:\/\/culturesconnection.com\/pl\/profesjonalne-tlumaczenia-w-ponad-40-jezykach\/\">j\u0119zyk&nbsp;<\/a>ojczysty.<\/p>\n\n\n\n<h2 class=\"wp-block-heading\">Nasza Agencja T\u0142umacze\u0144<\/h2>\n\n\n\n<p>Cultures Connection wsp\u00f3\u0142pracuje z wieloma klientami w Polsce i za granic\u0105, we wszystkich bran\u017cach (przemys\u0142, us\u0142ugi, organizacje mi\u0119dzynarodowe, itp&#8230;). Nasza profesjonalna agencja t\u0142umacze\u0144 oferuje wiele us\u0142ug t\u0142umaczeniowych, w tym:<\/p>\n\n\n\n<ul class=\"wp-block-list\"><li>Greckie us\u0142ugi t\u0142umacze\u0144 finansowych<\/li><li>Greckie us\u0142ugi t\u0142umacze\u0144 biznesowych<\/li><li>Greckie us\u0142ugi t\u0142umacze\u0144 naukowych<\/li><li>Greckie us\u0142ugi t\u0142umacze\u0144 medycznych<\/li><li>Greckie us\u0142ugi t\u0142umacze\u0144 technicznych<\/li><li>Greckie us\u0142ugi t\u0142umacze\u0144 prawnych<\/li><li>Greckie us\u0142ugi t\u0142umacze\u0144 marketingowych<\/li><li>Greckie us\u0142ugi t\u0142umacze\u0144 stron internetowych<\/li><li>Greckie us\u0142ugi tworzenia napis\u00f3w<\/li><li>Greckie us\u0142ugi t\u0142umacze\u0144 gier wideo<\/li><li>Szybkie us\u0142ugi t\u0142umacze\u0144 na j\u0119zyk grecki<\/li><\/ul>\n","protected":false},"excerpt":{"rendered":"<p>Profesjonalne Greckie Us\u0142ugi T\u0142umaczeniowe Wymiana handlowa mi\u0119dzy Polsk\u0105 a Grecj\u0105 znacznie wzros\u0142a w przeci\u0105gu ostatnich kilku lat. Ze wzgl\u0119du na barier\u0119 j\u0119zykow\u0105 mi\u0119dzy tymi dwoma [&#8230;]<\/p>\n<p><a class=\"btn btn-secondary understrap-read-more-link\" href=\"https:\/\/culturesconnection.com\/pl\/greckie-uslugi-tlumaczeniowe\/\">Czytaj dalej\u2026<span class=\"screen-reader-text\"> from Greckie Us\u0142ugi T\u0142umaczeniowe<\/span><\/a><\/p>\n","protected":false},"author":22,"featured_media":23256,"parent":0,"menu_order":0,"comment_status":"closed","ping_status":"closed","template":"","meta":{"_acf_changed":false,"_editorskit_title_hidden":false,"_editorskit_reading_time":1,"_editorskit_is_block_options_detached":false,"_editorskit_block_options_position":"{}","footnotes":""},"class_list":["post-11459","page","type-page","status-publish","has-post-thumbnail","hentry"],"acf":[],"_links":{"self":[{"href":"https:\/\/culturesconnection.com\/pl\/wp-json\/wp\/v2\/pages\/11459","targetHints":{"allow":["GET"]}}],"collection":[{"href":"https:\/\/culturesconnection.com\/pl\/wp-json\/wp\/v2\/pages"}],"about":[{"href":"https:\/\/culturesconnection.com\/pl\/wp-json\/wp\/v2\/types\/page"}],"author":[{"embeddable":true,"href":"https:\/\/culturesconnection.com\/pl\/wp-json\/wp\/v2\/users\/22"}],"replies":[{"embeddable":true,"href":"https:\/\/culturesconnection.com\/pl\/wp-json\/wp\/v2\/comments?post=11459"}],"version-history":[{"count":0,"href":"https:\/\/culturesconnection.com\/pl\/wp-json\/wp\/v2\/pages\/11459\/revisions"}],"wp:featuredmedia":[{"embeddable":true,"href":"https:\/\/culturesconnection.com\/pl\/wp-json\/wp\/v2\/media\/23256"}],"wp:attachment":[{"href":"https:\/\/culturesconnection.com\/pl\/wp-json\/wp\/v2\/media?parent=11459"}],"curies":[{"name":"wp","href":"https:\/\/api.w.org\/{rel}","templated":true}]}}