{"id":11458,"date":"2018-11-06T17:44:16","date_gmt":"2018-11-06T15:44:16","guid":{"rendered":"http:\/\/culturesconnection.com\/?page_id=11458"},"modified":"2022-06-22T23:08:33","modified_gmt":"2022-06-22T21:08:33","slug":"niemieckie-tlumaczenia-gier-wideo","status":"publish","type":"page","link":"https:\/\/culturesconnection.com\/pl\/nasze-niemieckie-uslugi-tlumaczeniowe\/niemieckie-tlumaczenia-gier-wideo\/","title":{"rendered":"Niemieckie t\u0142umaczenia gier wideo"},"content":{"rendered":"\n<h2 class=\"wp-block-heading\">Niemieckie t\u0142umaczenia gier wideo<\/h2>\n\n\n\n<p>Zacznij od przet\u0142umaczenia swojej gry na j\u0119zyk niemiecki, je\u015bli chcesz rozpowszechni\u0107 j\u0105 w Niemczech. U\u017cytkownicy b\u0119d\u0105 cieszy\u0107 si\u0119 jeszcze wi\u0119kszymi wra\u017ceniami graj\u0105c we w\u0142asnym j\u0119zyku. T\u0142umacze, wykonuj\u0105cy niemieckie t\u0142umaczenia gier wideo, kt\u00f3rzy s\u0105 specjalistami do tego typu us\u0142ug, b\u0119d\u0105 mie\u0107 za zadanie przepisa\u0107 wszystkie elementy wizualne interfejsu gry takie jak menu, napisy, dialogi, instrukcje&#8230; wraz z materia\u0142em komunikacyjnym, jak instrukcja obs\u0142ugi lub komunikat dla prasy. Przet\u0142umaczenie gry wideo na j\u0119zyk niemiecki jest kluczowe do jej dystrybucji w Niemczech.<\/p>\n\n\n\n<h2 class=\"wp-block-heading\">Nasze us\u0142ugi t\u0142umacze\u0144<\/h2>\n\n\n\n<p>Nasze <a href=\"https:\/\/culturesconnection.com\/pl\/\">biuro t\u0142umacze\u0144<\/a> szczyci si\u0119 dostarczaniem wynik\u00f3w, kt\u00f3re spe\u0142ni\u0105 Twoje oczekiwania w jakichkolwiek <a href=\"https:\/\/culturesconnection.com\/pl\/profesjonalne-uslugi-tlumaczeniowe-we-wszystkich-jezykach\/\">us\u0142ugach t\u0142umaczeniowych<\/a>. Dlatego w\u0142a\u015bnie nasi t\u0142umacze gier s\u0105 r\u00f3wnie\u017c lokalizatorami. S\u0105 oni przeszkoleni w adaptowaniu tre\u015bci do kultury docelowej, w tym przypadku kultury niemieckiej. Wiedz\u0105, \u017ce r\u00f3\u017cnice kulturowe mog\u0105 przyczyni\u0107 si\u0119 do b\u0142\u0119dnej interpretacji i niezrozumienia. Dlatego te\u017c istotn\u0105 kwesti\u0105 jest unikanie jakichkolwiek pomy\u0142ek, kt\u00f3re mog\u0142yby spowodowa\u0107 zamieszanie dla u\u017cytkownika. Cultures Connection zawsze zleci Twoje projekty specjalistom, <a href=\"https:\/\/culturesconnection.com\/pl\/nasze-uslugi-tlumaczen-i-lokalizacji-gier-wideo\/\">t\u0142umaczom i lokalizatorom gier wideo<\/a> na j\u0119zyk niemiecki.<\/p>\n\n\n\n<h2 class=\"wp-block-heading\">Nasze niemieckie us\u0142ugi t\u0142umacze\u0144 gier wideo<\/h2>\n\n\n\n<p>Oto lista us\u0142ug, kt\u00f3re oferujemy:<\/p>\n\n\n\n<ul class=\"wp-block-list\"><li>T\u0142umaczenie gier wideo<\/li><li>Lokalizacja gier wideo<\/li><li>Zarz\u0105dzanie projektami<\/li><li>Tworzenie napis\u00f3w<\/li><li>Nagrywanie i dubbing<\/li><li>Kontrola jako\u015bci<\/li><\/ul>\n\n\n\n<h3 class=\"wp-block-heading\">&nbsp;T\u0142umaczenie gier wideo we wszystkich j\u0119zykach<\/h3>\n\n\n\n<ul class=\"wp-block-list\"><li><a href=\"https:\/\/culturesconnection.com\/pl\/francuskie-uslugi-tlumaczen-gier-wideo\/\">T\u0142umaczenie gier wideo na j\u0119zyk francuski<\/a><\/li><li><a href=\"https:\/\/culturesconnection.com\/pl\/?page_id=13497\">T\u0142umaczenie gier wideo na j\u0119zyk hiszpa\u0144ski<\/a><\/li><li><a href=\"https:\/\/culturesconnection.com\/pl\/chinskie-uslugi-tlumaczen-gier-wideo\/\">T\u0142umaczenie gier wideo na j\u0119zyk chi\u0144ski<\/a><\/li><li><a href=\"https:\/\/culturesconnection.com\/pl\/arabskie-uslugi-tlumaczen-gier-wideo\/\">T\u0142umaczenie gier wideo na j\u0119zyk arabski<\/a><\/li><li><a href=\"https:\/\/culturesconnection.com\/pl\/?page_id=13493\">T\u0142umaczenie gier wideo na j\u0119zyk portugalski<\/a><\/li><li><a href=\"https:\/\/culturesconnection.com\/pl\/wloskie-tlumaczenia-gier-wideo\/\">T\u0142umaczenie gier wideo na j\u0119zyk w\u0142oski<\/a><\/li><li><a href=\"https:\/\/culturesconnection.com\/pl\/niderlandzkie-tlumaczenia-gier-wideo\/\">T\u0142umaczenie gier wideo na j\u0119zyk niderlandzki<\/a><\/li><li><a href=\"https:\/\/culturesconnection.com\/pl\/?page_id=13693\">T\u0142umaczenie gier wideo na j\u0119zyk turecki<\/a><\/li><li><a href=\"https:\/\/culturesconnection.com\/pl\/japonskie-uslugi-tlumaczen-gier-wideo\/\">T\u0142umaczenie gier wideo na j\u0119zyk japo\u0144ski<\/a><\/li><li><a href=\"https:\/\/culturesconnection.com\/pl\/?page_id=13495\">T\u0142umaczenie gier wideo na j\u0119zyk rosyjski<\/a><\/li><\/ul>\n","protected":false},"excerpt":{"rendered":"<p>Niemieckie t\u0142umaczenia gier wideo Zacznij od przet\u0142umaczenia swojej gry na j\u0119zyk niemiecki, je\u015bli chcesz rozpowszechni\u0107 j\u0105 w Niemczech. U\u017cytkownicy b\u0119d\u0105 cieszy\u0107 si\u0119 jeszcze wi\u0119kszymi wra\u017ceniami [&#8230;]<\/p>\n<p><a class=\"btn btn-secondary understrap-read-more-link\" href=\"https:\/\/culturesconnection.com\/pl\/nasze-niemieckie-uslugi-tlumaczeniowe\/niemieckie-tlumaczenia-gier-wideo\/\">Czytaj dalej\u2026<span class=\"screen-reader-text\"> from Niemieckie t\u0142umaczenia gier wideo<\/span><\/a><\/p>\n","protected":false},"author":22,"featured_media":24334,"parent":11517,"menu_order":0,"comment_status":"closed","ping_status":"closed","template":"","meta":{"_acf_changed":false,"_editorskit_title_hidden":false,"_editorskit_reading_time":0,"_editorskit_is_block_options_detached":false,"_editorskit_block_options_position":"{}","footnotes":""},"class_list":["post-11458","page","type-page","status-publish","has-post-thumbnail","hentry"],"acf":[],"_links":{"self":[{"href":"https:\/\/culturesconnection.com\/pl\/wp-json\/wp\/v2\/pages\/11458","targetHints":{"allow":["GET"]}}],"collection":[{"href":"https:\/\/culturesconnection.com\/pl\/wp-json\/wp\/v2\/pages"}],"about":[{"href":"https:\/\/culturesconnection.com\/pl\/wp-json\/wp\/v2\/types\/page"}],"author":[{"embeddable":true,"href":"https:\/\/culturesconnection.com\/pl\/wp-json\/wp\/v2\/users\/22"}],"replies":[{"embeddable":true,"href":"https:\/\/culturesconnection.com\/pl\/wp-json\/wp\/v2\/comments?post=11458"}],"version-history":[{"count":0,"href":"https:\/\/culturesconnection.com\/pl\/wp-json\/wp\/v2\/pages\/11458\/revisions"}],"up":[{"embeddable":true,"href":"https:\/\/culturesconnection.com\/pl\/wp-json\/wp\/v2\/pages\/11517"}],"wp:featuredmedia":[{"embeddable":true,"href":"https:\/\/culturesconnection.com\/pl\/wp-json\/wp\/v2\/media\/24334"}],"wp:attachment":[{"href":"https:\/\/culturesconnection.com\/pl\/wp-json\/wp\/v2\/media?parent=11458"}],"curies":[{"name":"wp","href":"https:\/\/api.w.org\/{rel}","templated":true}]}}