{"id":11456,"date":"2018-10-31T13:53:52","date_gmt":"2018-10-31T11:53:52","guid":{"rendered":"http:\/\/culturesconnection.com\/?page_id=11456"},"modified":"2022-08-03T10:48:54","modified_gmt":"2022-08-03T08:48:54","slug":"finskie-uslugi-tlumaczeniowe","status":"publish","type":"page","link":"https:\/\/culturesconnection.com\/pl\/finskie-uslugi-tlumaczeniowe\/","title":{"rendered":"Fi\u0144skie Us\u0142ugi T\u0142umaczeniowe"},"content":{"rendered":"\n<h2 class=\"wp-block-heading\">Profesjonalne Fi\u0144skie Us\u0142ugi T\u0142umaczeniowe<\/h2>\n\n\n\n<p>Czy uwa\u017casz, \u017ce fi\u0144ski rynek jest atrakcyjny? M\u00f3g\u0142by on Ci pozwoli\u0107 na znaczne rozszerzenie Twojej dzia\u0142alno\u015bci? Je\u015bli tak, to b\u0119dziesz musia\u0142 przet\u0142umaczy\u0107 swoje tre\u015bci na fi\u0144ski. J\u0119zyk ten jest r\u00f3wnie\u017c u\u017cywany w Rosji i w Republice Karelii; w sumie pos\u0142uguje si\u0119 nim 5 milion\u00f3w ludzi. Je\u015bli jeste\u015b potencjalnym klientem, t\u0142umaczenia dokument\u00f3w i stron internetowych na j\u0119zyk fi\u0144ski s\u0105 niezb\u0119dne. Powiniene\u015b r\u00f3wnie\u017c wiedzie\u0107, \u017ce Finlandia czerpie korzy\u015bci z r\u00f3\u017cnych kluczowych sektor\u00f3w gospodarki, takich jak metal, in\u017cynieria, drwalnictwo, telekomunikacja i elektronika. Podbij Europ\u0119 P\u00f3\u0142nocn\u0105, najbardziej innowacyjny region na kontynencie!<\/p>\n\n\n\n<h2 class=\"wp-block-heading\">Poszukujesz fi\u0144skiego t\u0142umacza?<\/h2>\n\n\n\n<p>Nasza <a href=\"https:\/\/culturesconnection.com\/pl\/\">agencja<\/a> <a href=\"https:\/\/culturesconnection.com\/pl\/\">t\u0142umacze\u0144<\/a> wsp\u00f3\u0142pracuje z wieloma t\u0142umaczami fi\u0144skimi i wszyscy z nich s\u0105 wyspecjalizowani w konkretnej dziedzinie. Niezale\u017cnie od tego czy zlecasz nam tekst og\u00f3lny czy specjalistyczny, nasi t\u0142umacze wykonaj\u0105 fi\u0144skie us\u0142ugi t\u0142umaczeniowe z pe\u0142nym profesjonalizmem. Lingwist\u00f3w wybieramy zgodnie ze \u015bcis\u0142ymi kryteriami, aby mie\u0107 pewno\u015b\u0107, \u017ce us\u0142ugi przez nich oferowane s\u0105 wysokiej jako\u015bci. Ich udokumentowane umiej\u0119tno\u015bci i do\u015bwiadczenie s\u0105 zgodne z naszymi podstawowymi warto\u015bciami takimi jak: przejrzysto\u015b\u0107, profesjonalizm, dyscyplina i jako\u015b\u0107. Mo\u017cesz powierzy\u0107 nam sw\u00f3j projekt bez wahania, a my zadbamy o to, aby osi\u0105gn\u0105\u0107 rezultaty, kt\u00f3re spe\u0142ni\u0105 Twoje oczekiwania. T\u0142umaczymy z wielu j\u0119zyk\u00f3w i na wiele&nbsp;<a href=\"https:\/\/culturesconnection.com\/pl\/profesjonalne-tlumaczenia-w-ponad-40-jezykach\/\">j\u0119zyk\u00f3w<\/a>.<\/p>\n\n\n\n<h2 class=\"wp-block-heading\">Nasza Agencja T\u0142umacze\u0144<\/h2>\n\n\n\n<p>Nasze do\u015bwiadczenie w sektorze t\u0142umaczenia jest dobrze udokumentowane. Lojalno\u015b\u0107 naszych klient\u00f3w potwierdza, \u017ce jeste\u015bmy powa\u017cn\u0105 firm\u0105 t\u0142umacze\u0144. Poni\u017cej znajduje si\u0119 przyk\u0142adowa lista projekt\u00f3w, w kt\u00f3rych mamy do\u015bwiadczenie:<\/p>\n\n\n\n<ul class=\"wp-block-list\"><li>Fi\u0144skie us\u0142ugi t\u0142umacze\u0144 finansowych<\/li><li>Fi\u0144skie us\u0142ugi t\u0142umacze\u0144 biznesowych<\/li><li>Fi\u0144skie us\u0142ugi t\u0142umacze\u0144 naukowych<\/li><li>Fi\u0144skie us\u0142ugi t\u0142umacze\u0144 medycznych<\/li><li>Fi\u0144skie us\u0142ugi t\u0142umacze\u0144 technicznych<\/li><li>Fi\u0144skie us\u0142ugi t\u0142umacze\u0144 prawnych<\/li><li>Fi\u0144skie us\u0142ugi t\u0142umacze\u0144 marketingowych<\/li><li>Fi\u0144skie us\u0142ugi t\u0142umacze\u0144 stron internetowych<\/li><li>Fi\u0144skie us\u0142ugi tworzenia napis\u00f3w<\/li><li>Fi\u0144skie us\u0142ugi t\u0142umacze\u0144 gier wideo<\/li><li>Szybkie us\u0142ugi t\u0142umacze\u0144 na j\u0119zyk fi\u0144ski<\/li><\/ul>\n","protected":false},"excerpt":{"rendered":"<p>Profesjonalne Fi\u0144skie Us\u0142ugi T\u0142umaczeniowe Czy uwa\u017casz, \u017ce fi\u0144ski rynek jest atrakcyjny? M\u00f3g\u0142by on Ci pozwoli\u0107 na znaczne rozszerzenie Twojej dzia\u0142alno\u015bci? Je\u015bli tak, to b\u0119dziesz musia\u0142 [&#8230;]<\/p>\n<p><a class=\"btn btn-secondary understrap-read-more-link\" href=\"https:\/\/culturesconnection.com\/pl\/finskie-uslugi-tlumaczeniowe\/\">Czytaj dalej\u2026<span class=\"screen-reader-text\"> from Fi\u0144skie Us\u0142ugi T\u0142umaczeniowe<\/span><\/a><\/p>\n","protected":false},"author":22,"featured_media":23256,"parent":0,"menu_order":0,"comment_status":"closed","ping_status":"closed","template":"","meta":{"_acf_changed":false,"_editorskit_title_hidden":false,"_editorskit_reading_time":1,"_editorskit_is_block_options_detached":false,"_editorskit_block_options_position":"{}","footnotes":""},"class_list":["post-11456","page","type-page","status-publish","has-post-thumbnail","hentry"],"acf":[],"_links":{"self":[{"href":"https:\/\/culturesconnection.com\/pl\/wp-json\/wp\/v2\/pages\/11456","targetHints":{"allow":["GET"]}}],"collection":[{"href":"https:\/\/culturesconnection.com\/pl\/wp-json\/wp\/v2\/pages"}],"about":[{"href":"https:\/\/culturesconnection.com\/pl\/wp-json\/wp\/v2\/types\/page"}],"author":[{"embeddable":true,"href":"https:\/\/culturesconnection.com\/pl\/wp-json\/wp\/v2\/users\/22"}],"replies":[{"embeddable":true,"href":"https:\/\/culturesconnection.com\/pl\/wp-json\/wp\/v2\/comments?post=11456"}],"version-history":[{"count":0,"href":"https:\/\/culturesconnection.com\/pl\/wp-json\/wp\/v2\/pages\/11456\/revisions"}],"wp:featuredmedia":[{"embeddable":true,"href":"https:\/\/culturesconnection.com\/pl\/wp-json\/wp\/v2\/media\/23256"}],"wp:attachment":[{"href":"https:\/\/culturesconnection.com\/pl\/wp-json\/wp\/v2\/media?parent=11456"}],"curies":[{"name":"wp","href":"https:\/\/api.w.org\/{rel}","templated":true}]}}