{"id":11455,"date":"2018-11-06T17:30:13","date_gmt":"2018-11-06T15:30:13","guid":{"rendered":"http:\/\/culturesconnection.com\/?page_id=11455"},"modified":"2022-06-22T22:23:25","modified_gmt":"2022-06-22T20:23:25","slug":"niderlandzkie-tlumaczenia-gier-wideo","status":"publish","type":"page","link":"https:\/\/culturesconnection.com\/pl\/nasze-niderlandzkie-uslugi-tlumaczeniowe\/niderlandzkie-tlumaczenia-gier-wideo\/","title":{"rendered":"Niderlandzkie t\u0142umaczenia gier wideo"},"content":{"rendered":"\n<h2 class=\"wp-block-heading\">Niderlandzkie t\u0142umaczenia gier wideo: rozpowszechnij swoj\u0105 gr\u0119 wideo za granic\u0105<\/h2>\n\n\n\n<p>W <a href=\"https:\/\/culturesconnection.com\/pl\/\">Cultures Connection<\/a> jeste\u015bmy przekonani, \u017ce lokalizacja gier wideo jest niezb\u0119dna do ich dystrybucji. Lokalizacja, a nie t\u0142umaczenie, poniewa\u017c praca jak\u0105 w tym przypadku nale\u017cy wykona\u0107, wykracza poza prostym przeniesieniem s\u0142\u00f3w z j\u0119zyka \u017ar\u00f3d\u0142owego na j\u0119zyk docelowy. Nie jest to tradycyjna <a href=\"https:\/\/culturesconnection.com\/pl\/profesjonalne-uslugi-tlumaczeniowe-we-wszystkich-jezykach\/\">us\u0142uga t\u0142umaczeniowa<\/a>. T\u0142umacz wykonuj\u0105cy niderlandzkie t\u0142umaczenia gier wideo musi by\u0107 ca\u0142kowicie poch\u0142oni\u0119ty \u015bwiatem gry, aby jego praca zosta\u0142a przystosowana do rynku lokalnego, zmieniaj\u0105c r\u00f3wnie\u017c odniesienia, gdzie jest to konieczne. Proces <a href=\"https:\/\/culturesconnection.com\/pl\/nasze-uslugi-tlumaczen-i-lokalizacji-gier-wideo\/\">lokalizacji gry wideo<\/a> obejmuje r\u00f3wnie\u017c dostosowanie menu, napis\u00f3w, instrukcji, obudowy, materia\u0142\u00f3w reklamowych i wielu innych element\u00f3w.<\/p>\n\n\n\n<h2 class=\"wp-block-heading\">Lokalizacja Twoich gier wideo na j\u0119zyk niderlandzki<\/h2>\n\n\n\n<p>Nasi lokalizatorzy gier wideo s\u0105 dumni z tego, \u017ce nie pozostawiaj\u0105 \u017cadnych szczeg\u00f3\u0142\u00f3w przypadkowi. Ich celem jest to, aby niderlandzkoj\u0119zyczna i polskoj\u0119zyczna publiczno\u015b\u0107 mog\u0142y si\u0119 cieszy\u0107 tymi samymi wra\u017ceniami podczas gry. Cultures Connection wsp\u00f3\u0142pracuje z zespo\u0142em profesjonalnych polsko-niderlandzkich t\u0142umaczy. Kierownicy projekt\u00f3w i testerzy pomagaj\u0105 t\u0142umaczom oraz odpowiadaj\u0105 na ich pytania podczas przebiegu ca\u0142ego procesu. Kontrola jako\u015bci przeprowadzana jest na ko\u0144cu. Je\u015bli chcesz przet\u0142umaczy\u0107 swoje gry wideo na j\u0119zyk niderlandzki, mo\u017cesz polega\u0107 na naszej agencji &#8211; nie rozczarujesz si\u0119.<\/p>\n\n\n\n<h2 class=\"wp-block-heading\">Nasze polsko-niderlandzkie us\u0142ugi t\u0142umacze\u0144 gier wideo<\/h2>\n\n\n\n<p>Dzia\u0142alno\u015b\u0107 naszej agencji obejmuje t\u0142umaczenia r\u00f3\u017cnych rodzaj\u00f3w materia\u0142\u00f3w audiowizualnych, w tym:<\/p>\n\n\n\n<ul class=\"wp-block-list\"><li>T\u0142umaczenie gier wideo<\/li><li>Lokalizacja gier wideo<\/li><li>Zarz\u0105dzanie projektami<\/li><li>Tworzenie napis\u00f3w<\/li><li>Nagrywanie i dubbing<\/li><li>Kontrola jako\u015bci<\/li><\/ul>\n\n\n\n<h3 class=\"wp-block-heading\">&nbsp;T\u0142umaczenie gier wideo we wszystkich j\u0119zykach<\/h3>\n\n\n\n<ul class=\"wp-block-list\"><li><a href=\"https:\/\/culturesconnection.com\/pl\/francuskie-uslugi-tlumaczen-gier-wideo\/\">T\u0142umaczenie gier wideo na j\u0119zyk francuski<\/a><\/li><li><a href=\"https:\/\/culturesconnection.com\/pl\/?page_id=13497\">T\u0142umaczenie gier wideo na j\u0119zyk hiszpa\u0144ski<\/a><\/li><li><a href=\"https:\/\/culturesconnection.com\/pl\/niemieckie-tlumaczenia-gier-wideo\/\">T\u0142umaczenie gier wideo na j\u0119zyk niemiecki<\/a><\/li><li><a href=\"https:\/\/culturesconnection.com\/pl\/chinskie-uslugi-tlumaczen-gier-wideo\/\">T\u0142umaczenie gier wideo na j\u0119zyk chi\u0144ski<\/a><\/li><li><a href=\"https:\/\/culturesconnection.com\/pl\/arabskie-uslugi-tlumaczen-gier-wideo\/\">T\u0142umaczenie gier wideo na j\u0119zyk arabski<\/a><\/li><li><a href=\"https:\/\/culturesconnection.com\/pl\/?page_id=13493\">T\u0142umaczenie gier wideo na j\u0119zyk portugalski<\/a><\/li><li><a href=\"https:\/\/culturesconnection.com\/pl\/wloskie-tlumaczenia-gier-wideo\/\">T\u0142umaczenie gier wideo na j\u0119zyk w\u0142oski<\/a><\/li><li><a href=\"https:\/\/culturesconnection.com\/pl\/?page_id=13693\">T\u0142umaczenie gier wideo na j\u0119zyk turecki<\/a><\/li><li><a href=\"https:\/\/culturesconnection.com\/pl\/japonskie-uslugi-tlumaczen-gier-wideo\/\">T\u0142umaczenie gier wideo na j\u0119zyk japo\u0144ski<\/a><\/li><li><a href=\"https:\/\/culturesconnection.com\/pl\/?page_id=13495\">T\u0142umaczenie gier wideo na j\u0119zyk rosyjski<\/a><\/li><\/ul>\n","protected":false},"excerpt":{"rendered":"<p>Niderlandzkie t\u0142umaczenia gier wideo: rozpowszechnij swoj\u0105 gr\u0119 wideo za granic\u0105 W Cultures Connection jeste\u015bmy przekonani, \u017ce lokalizacja gier wideo jest niezb\u0119dna do ich dystrybucji. Lokalizacja, [&#8230;]<\/p>\n<p><a class=\"btn btn-secondary understrap-read-more-link\" href=\"https:\/\/culturesconnection.com\/pl\/nasze-niderlandzkie-uslugi-tlumaczeniowe\/niderlandzkie-tlumaczenia-gier-wideo\/\">Czytaj dalej\u2026<span class=\"screen-reader-text\"> from Niderlandzkie t\u0142umaczenia gier wideo<\/span><\/a><\/p>\n","protected":false},"author":22,"featured_media":24334,"parent":11497,"menu_order":0,"comment_status":"closed","ping_status":"closed","template":"","meta":{"_acf_changed":false,"_editorskit_title_hidden":false,"_editorskit_reading_time":0,"_editorskit_is_block_options_detached":false,"_editorskit_block_options_position":"{}","footnotes":""},"class_list":["post-11455","page","type-page","status-publish","has-post-thumbnail","hentry"],"acf":[],"_links":{"self":[{"href":"https:\/\/culturesconnection.com\/pl\/wp-json\/wp\/v2\/pages\/11455","targetHints":{"allow":["GET"]}}],"collection":[{"href":"https:\/\/culturesconnection.com\/pl\/wp-json\/wp\/v2\/pages"}],"about":[{"href":"https:\/\/culturesconnection.com\/pl\/wp-json\/wp\/v2\/types\/page"}],"author":[{"embeddable":true,"href":"https:\/\/culturesconnection.com\/pl\/wp-json\/wp\/v2\/users\/22"}],"replies":[{"embeddable":true,"href":"https:\/\/culturesconnection.com\/pl\/wp-json\/wp\/v2\/comments?post=11455"}],"version-history":[{"count":0,"href":"https:\/\/culturesconnection.com\/pl\/wp-json\/wp\/v2\/pages\/11455\/revisions"}],"up":[{"embeddable":true,"href":"https:\/\/culturesconnection.com\/pl\/wp-json\/wp\/v2\/pages\/11497"}],"wp:featuredmedia":[{"embeddable":true,"href":"https:\/\/culturesconnection.com\/pl\/wp-json\/wp\/v2\/media\/24334"}],"wp:attachment":[{"href":"https:\/\/culturesconnection.com\/pl\/wp-json\/wp\/v2\/media?parent=11455"}],"curies":[{"name":"wp","href":"https:\/\/api.w.org\/{rel}","templated":true}]}}