{"id":11454,"date":"2018-11-02T10:12:25","date_gmt":"2018-11-02T08:12:25","guid":{"rendered":"http:\/\/culturesconnection.com\/?page_id=11454"},"modified":"2022-07-18T14:24:58","modified_gmt":"2022-07-18T12:24:58","slug":"uslugi-tlumaczen-dokumentow","status":"publish","type":"page","link":"https:\/\/culturesconnection.com\/pl\/uslugi-tlumaczen-dokumentow\/","title":{"rendered":"Us\u0142ugi t\u0142umacze\u0144 dokument\u00f3w"},"content":{"rendered":"\n<h2 class=\"wp-block-heading\">Us\u0142ugi t\u0142umacze\u0144 dokument\u00f3w<\/h2>\n\n\n\n<p><a href=\"https:\/\/culturesconnection.com\/pl\/\">Cultures Connection<\/a> to profesjonalna agencja t\u0142umacze\u0144 z siedzib\u0105 w Argentynie i we Francji, kt\u00f3ra oferuje us\u0142ugi w wielu dziedzinach i parach j\u0119zykowych. Od 2007 roku nasza praca polega na doborze t\u0142umaczy najbardziej odpowiednich do potrzeb klient\u00f3w, zgodnie z wymogami w zakresie standard\u00f3w jako\u015bci i wyznaczonych termin\u00f3w.<\/p>\n\n\n\n<h2 class=\"wp-block-heading\">T\u0142umaczenia specjalistyczne<\/h2>\n\n\n\n<p>Cultures Connection zrealizuje wszystkie Twoje projekty t\u0142umaczeniowe bez wzgl\u0119du na specjalizacj\u0119 i tematyk\u0119. W zwi\u0105zku z tym oferujemy mi\u0119dzy innymi us\u0142ugi t\u0142umacze\u0144 dokument\u00f3w w nast\u0119puj\u0105cych dziedzinach:<br>&#8211;<a href=\"https:\/\/culturesconnection.com\/pl\/nasze-tlumaczenia-dokumentow-prawnych\/\">T\u0142umaczenia prawne<\/a>: umowy, regulaminy, listy intencyjne, raporty ekspert\u00f3w&#8230;<br>&#8211;<a href=\"https:\/\/culturesconnection.com\/pl\/nasze-uslugi-tlumaczen-marketingowych\/\">T\u0142umaczenia marketingowe<\/a>: broszury, materia\u0142y reklamowe, strony internetowe, produktowe karty informacyjne, komunikaty dla prasy&#8230;<br>&#8211;<a href=\"https:\/\/culturesconnection.com\/pl\/nasze-tlumaczenia-dokumentow-finansowych\/\">T\u0142umaczenia finansowe<\/a>: sprawozdania roczne, sprawozdania audytowe, fuzje i przej\u0119cia, bilanse&#8230;<br>&#8211;<a href=\"https:\/\/culturesconnection.com\/pl\/tlumaczenia-dla-organizacji-miedzynarodowych-instytucji-europejskich-i-miedzynarodowych\/\">T\u0142umaczenia dla organizacji mi\u0119dzynarodowych<\/a>: MFW, ONZ&#8230;<br>&#8211;<a href=\"https:\/\/culturesconnection.com\/pl\/nasze-tlumaczenia-dokumentow-biznesowych\/\">T\u0142umaczenia handlowe<\/a>: broszury, badania rynku, bia\u0142e ksi\u0119gi, katalogi&#8230;<br>&#8211;<a href=\"https:\/\/culturesconnection.com\/pl\/nasze-tlumaczenia-materialow-naukowych\/\">T\u0142umaczenia naukowe<\/a>: medyczne, \u015brodowiskowe, wirusologii, biotechnologii&#8230;<br>&#8211;<a href=\"https:\/\/culturesconnection.com\/pl\/nasze-tlumaczenia-dokumentow-technicznych\/\">T\u0142umaczenia techniczne<\/a>: teksty in\u017cynieryjne, normy, patenty, poradniki techniczne, instrukcje&#8230;<br>&#8211;<a href=\"https:\/\/culturesconnection.com\/pl\/nasze-uslugi-tlumaczen-medycznych\/\">T\u0142umaczenia medyczne<\/a>: czasopisma, relacje z konferencji, publikacje, wyniki bada\u0144 klinicznych&#8230;<br>&#8211;<a href=\"https:\/\/culturesconnection.com\/pl\/tlumaczenie-strony-internetowej-nasze-uslugi-tlumaczen-stron-internetowych\/\">T\u0142umaczenia stron internetowych<\/a><br>&#8211;<a href=\"https:\/\/culturesconnection.com\/pl\/nasze-uslugi-tworzenia-napisow\/\">T\u0142umaczenia audiowizualne<\/a>: transkrypcje, oznaczanie chronometru, t\u0142umaczenie i adaptacja napis\u00f3w&#8230;<\/p>\n\n\n\n<h2 class=\"wp-block-heading\">Nasz zesp\u00f3\u0142 profesjonalnych t\u0142umaczy<\/h2>\n\n\n\n<p>Nasza agencja wsp\u00f3\u0142pracuje z ponad 740 profesjonalnymi t\u0142umaczami. Lingwi\u015bci s\u0105 starannie wybierani na podstawie ich kwalifikacji i do\u015bwiadczenia. Dodatkowo, regularnie sprawdzamy ich umiej\u0119tno\u015bci w dziedzinach, w kt\u00f3rych si\u0119 oni specjalizuj\u0105. W ten spos\u00f3b \u015bledzimy ich rozw\u00f3j i upewniamy si\u0119, \u017ce us\u0142ugi, jakie oni oferuj\u0105, s\u0105 zawsze wysokiej jako\u015bci. Ka\u017cdy t\u0142umacz specjalizuje si\u0119 w konkretnej dziedzinie (prawnej, medycznej, marketingowej, finans\u00f3w, gospodarki&#8230;) i przek\u0142ada jedynie na sw\u00f3j j\u0119zyk ojczysty.<\/p>\n\n\n\n<h2 class=\"wp-block-heading\">R\u00f3\u017cne formaty plik\u00f3w<\/h2>\n\n\n\n<p>Ka\u017cda bran\u017ca, z kt\u00f3r\u0105 wsp\u00f3\u0142pracujemy, zazwyczaj u\u017cywa okre\u015blonych format\u00f3w plik\u00f3w. Potrafimy sobie z tym poradzi\u0107 i regularnie u\u017cywamy nast\u0119puj\u0105cych format\u00f3w: .doc, .docx, .dot, .dotx, .docm, .dotm, .rtf, .ppt, .pptx, .pot, potx, .pptm, .potm, .xls, .xlsx, .xlt, .xltl, xlsm, .xltm, .htm, .html, .idml (.indd), .zip, &#8230;<br>Korzystaj\u0105c z innowacyjnych narz\u0119dzi oferujemy profesjonalne us\u0142ugi, skutecznie zajmuj\u0105c si\u0119 wszystkimi Twoimi plikami w ponad 80 r\u00f3\u017cnych <a href=\"https:\/\/culturesconnection.com\/pl\/tlumaczen-kombinacjach-jezykowych\/\">kombinacjach j\u0119zykowych<\/a>.<\/p>\n","protected":false},"excerpt":{"rendered":"<p>Us\u0142ugi t\u0142umacze\u0144 dokument\u00f3w Cultures Connection to profesjonalna agencja t\u0142umacze\u0144 z siedzib\u0105 w Argentynie i we Francji, kt\u00f3ra oferuje us\u0142ugi w wielu dziedzinach i parach j\u0119zykowych. [&#8230;]<\/p>\n<p><a class=\"btn btn-secondary understrap-read-more-link\" href=\"https:\/\/culturesconnection.com\/pl\/uslugi-tlumaczen-dokumentow\/\">Czytaj dalej\u2026<span class=\"screen-reader-text\"> from Us\u0142ugi t\u0142umacze\u0144 dokument\u00f3w<\/span><\/a><\/p>\n","protected":false},"author":22,"featured_media":26098,"parent":0,"menu_order":0,"comment_status":"closed","ping_status":"closed","template":"","meta":{"_acf_changed":false,"_editorskit_title_hidden":false,"_editorskit_reading_time":1,"_editorskit_is_block_options_detached":false,"_editorskit_block_options_position":"{}","footnotes":""},"class_list":["post-11454","page","type-page","status-publish","has-post-thumbnail","hentry"],"acf":[],"_links":{"self":[{"href":"https:\/\/culturesconnection.com\/pl\/wp-json\/wp\/v2\/pages\/11454","targetHints":{"allow":["GET"]}}],"collection":[{"href":"https:\/\/culturesconnection.com\/pl\/wp-json\/wp\/v2\/pages"}],"about":[{"href":"https:\/\/culturesconnection.com\/pl\/wp-json\/wp\/v2\/types\/page"}],"author":[{"embeddable":true,"href":"https:\/\/culturesconnection.com\/pl\/wp-json\/wp\/v2\/users\/22"}],"replies":[{"embeddable":true,"href":"https:\/\/culturesconnection.com\/pl\/wp-json\/wp\/v2\/comments?post=11454"}],"version-history":[{"count":0,"href":"https:\/\/culturesconnection.com\/pl\/wp-json\/wp\/v2\/pages\/11454\/revisions"}],"wp:featuredmedia":[{"embeddable":true,"href":"https:\/\/culturesconnection.com\/pl\/wp-json\/wp\/v2\/media\/26098"}],"wp:attachment":[{"href":"https:\/\/culturesconnection.com\/pl\/wp-json\/wp\/v2\/media?parent=11454"}],"curies":[{"name":"wp","href":"https:\/\/api.w.org\/{rel}","templated":true}]}}