{"id":11453,"date":"2018-10-31T13:48:46","date_gmt":"2018-10-31T11:48:46","guid":{"rendered":"http:\/\/culturesconnection.com\/?page_id=11453"},"modified":"2022-08-03T10:17:11","modified_gmt":"2022-08-03T08:17:11","slug":"dunskie-uslugi-tlumaczeniowe","status":"publish","type":"page","link":"https:\/\/culturesconnection.com\/pl\/dunskie-uslugi-tlumaczeniowe\/","title":{"rendered":"Du\u0144skie Us\u0142ugi T\u0142umaczeniowe"},"content":{"rendered":"\n<h2 class=\"wp-block-heading\">Nasze du\u0144skie us\u0142ugi t\u0142umaczeniowe<\/h2>\n\n\n\n<p>Wsp\u00f3\u0142praca gospodarcza mi\u0119dzy Polsk\u0105 a Dani\u0105 stale si\u0119 poprawia. Najwi\u0119kszy udzia\u0142 w eksporcie Polski do Danii maj\u0105 wyroby przemys\u0142u elektromaszynowego, artyku\u0142y rolno-spo\u017cywcze, wyroby przemys\u0142u chemicznego. Udzia\u0142 w imporcie stanowi\u0105 artyku\u0142y rolno-spo\u017cywcze, wyroby przemys\u0142u elektromaszynowego, chemicznego oraz wyroby metalurgiczne. Aby pomy\u015blnie wyeksportowa\u0107 swoj\u0105 dzia\u0142alno\u015b\u0107, pierwszym krokiem jest bez w\u0105tpienia profesjonalne t\u0142umaczenie dokument\u00f3w na j\u0119zyk du\u0144ski. W agencji Cultures Connection zajmiemy si\u0119 Twoimi potrzebami j\u0119zykowymi od A do Z, wykonuj\u0105c du\u0144skie us\u0142ugi t\u0142umaczeniowe. Nasi kierownicy projekt\u00f3w znajd\u0105 odpowiedniego t\u0142umacza do Twojego sektora dzia\u0142alno\u015bci i zawsze dostarcz\u0105 Ci t\u0142umaczenie w uzgodnionym terminie. Oferujemy r\u00f3wnie\u017c us\u0142ugi weryfikacji, edycji i t\u0142umacze\u0144 ustnych z j\u0119zyka du\u0144skiego i na j\u0119zyk du\u0144ski.<\/p>\n\n\n\n<h2 class=\"wp-block-heading\">Poszukujesz du\u0144skiego t\u0142umacza?<\/h2>\n\n\n\n<p>T\u0142umaczenie dokument\u00f3w z du\u0144skiego i na du\u0144ski jest z\u0142o\u017conym zadaniem, kt\u00f3re wymaga umiej\u0119tno\u015bci j\u0119zykowych i znajomo\u015bci danej kultury. Nasza <a href=\"https:\/\/culturesconnection.com\/pl\/\">agencja<\/a> <a href=\"https:\/\/culturesconnection.com\/pl\/\">t\u0142umacze\u0144<\/a> zawar\u0142a wsp\u00f3\u0142prac\u0119 z wieloma profesjonalnymi lingwistami. Naszych t\u0142umaczy selekcjonujemy na podstawie ich wykszta\u0142cenia i do\u015bwiadczenia, i przek\u0142adaj\u0105 oni jedynie na sw\u00f3j <a href=\"https:\/\/culturesconnection.com\/pl\/profesjonalne-tlumaczenia-w-ponad-40-jezykach\/\">j\u0119zyk ojczysty.&nbsp;<\/a> Ponadto regularnie sprawdzamy ich umiej\u0119tno\u015bci, aby zapewni\u0107 ich konsekwentno\u015b\u0107 i niezmienn\u0105 jako\u015b\u0107 t\u0142umacze\u0144. Wszyscy nasi t\u0142umacze specjalizuj\u0105 si\u0119 w konkretnych dziedzinach: prawnej, medycznej, naukowej, marketingowej&#8230; i w wielu innych. W zale\u017cno\u015bci od Twoich potrzeb i sektora, w jakim pracujesz, nasi kierownicy projekt\u00f3w znajd\u0105 t\u0142umacza najlepiej odpowiadaj\u0105cego Twoim potrzebom.<\/p>\n\n\n\n<h2 class=\"wp-block-heading\">Nasza Agencja T\u0142umacze\u0144<\/h2>\n\n\n\n<p>Stworzona w 2007 roku, agencja Cultures Connection ma siedzib\u0119 we Francji i w Argentynie, dzi\u0119ki czemu nasze zespo\u0142y s\u0105 dost\u0119pne przez d\u0142u\u017cej ni\u017c 18 godzin na dob\u0119. Piszemy profesjonalne t\u0142umaczenia w wielu dziedzinach, w szczeg\u00f3lno\u015bci:<\/p>\n\n\n\n<ul class=\"wp-block-list\"><li>Du\u0144skie us\u0142ugi t\u0142umacze\u0144 finansowych<\/li><li>Du\u0144skie us\u0142ugi t\u0142umacze\u0144 biznesowych<\/li><li>Du\u0144skie us\u0142ugi t\u0142umacze\u0144 naukowych<\/li><li>Du\u0144skie us\u0142ugi t\u0142umacze\u0144 medycznych<\/li><li>Du\u0144skie us\u0142ugi t\u0142umacze\u0144 technicznych<\/li><li>Du\u0144skie us\u0142ugi t\u0142umacze\u0144 prawnych<\/li><li>Du\u0144skie us\u0142ugi t\u0142umacze\u0144 marketingowych<\/li><li>Du\u0144skie us\u0142ugi t\u0142umacze\u0144 stron internetowych<\/li><li>Du\u0144skie us\u0142ugi tworzenia napis\u00f3w<\/li><li>Du\u0144skie us\u0142ugi t\u0142umacze\u0144 gier wideo<\/li><li>Szybkie us\u0142ugi t\u0142umacze\u0144 na j\u0119zyk du\u0144ski<\/li><\/ul>\n","protected":false},"excerpt":{"rendered":"<p>Nasze du\u0144skie us\u0142ugi t\u0142umaczeniowe Wsp\u00f3\u0142praca gospodarcza mi\u0119dzy Polsk\u0105 a Dani\u0105 stale si\u0119 poprawia. Najwi\u0119kszy udzia\u0142 w eksporcie Polski do Danii maj\u0105 wyroby przemys\u0142u elektromaszynowego, artyku\u0142y [&#8230;]<\/p>\n<p><a class=\"btn btn-secondary understrap-read-more-link\" href=\"https:\/\/culturesconnection.com\/pl\/dunskie-uslugi-tlumaczeniowe\/\">Czytaj dalej\u2026<span class=\"screen-reader-text\"> from Du\u0144skie Us\u0142ugi T\u0142umaczeniowe<\/span><\/a><\/p>\n","protected":false},"author":22,"featured_media":23256,"parent":0,"menu_order":0,"comment_status":"closed","ping_status":"closed","template":"","meta":{"_acf_changed":false,"_editorskit_title_hidden":false,"_editorskit_reading_time":1,"_editorskit_is_block_options_detached":false,"_editorskit_block_options_position":"{}","footnotes":""},"class_list":["post-11453","page","type-page","status-publish","has-post-thumbnail","hentry"],"acf":[],"_links":{"self":[{"href":"https:\/\/culturesconnection.com\/pl\/wp-json\/wp\/v2\/pages\/11453","targetHints":{"allow":["GET"]}}],"collection":[{"href":"https:\/\/culturesconnection.com\/pl\/wp-json\/wp\/v2\/pages"}],"about":[{"href":"https:\/\/culturesconnection.com\/pl\/wp-json\/wp\/v2\/types\/page"}],"author":[{"embeddable":true,"href":"https:\/\/culturesconnection.com\/pl\/wp-json\/wp\/v2\/users\/22"}],"replies":[{"embeddable":true,"href":"https:\/\/culturesconnection.com\/pl\/wp-json\/wp\/v2\/comments?post=11453"}],"version-history":[{"count":0,"href":"https:\/\/culturesconnection.com\/pl\/wp-json\/wp\/v2\/pages\/11453\/revisions"}],"wp:featuredmedia":[{"embeddable":true,"href":"https:\/\/culturesconnection.com\/pl\/wp-json\/wp\/v2\/media\/23256"}],"wp:attachment":[{"href":"https:\/\/culturesconnection.com\/pl\/wp-json\/wp\/v2\/media?parent=11453"}],"curies":[{"name":"wp","href":"https:\/\/api.w.org\/{rel}","templated":true}]}}