{"id":11452,"date":"2018-10-31T13:39:05","date_gmt":"2018-10-31T11:39:05","guid":{"rendered":"http:\/\/culturesconnection.com\/?page_id=11452"},"modified":"2022-08-03T10:31:39","modified_gmt":"2022-08-03T08:31:39","slug":"czeskie-uslugi-tlumaczeniowe","status":"publish","type":"page","link":"https:\/\/culturesconnection.com\/pl\/czeskie-uslugi-tlumaczeniowe\/","title":{"rendered":"Czeskie Us\u0142ugi T\u0142umaczeniowe"},"content":{"rendered":"\n<h2 class=\"wp-block-heading\">Profesjonalne Czeskie Us\u0142ugi T\u0142umaczeniowe<\/h2>\n\n\n\n<p>J\u0119zyk czeski jest g\u0142\u00f3wnie u\u017cywany w Republice Czeskiej, gdzie mieszka oko\u0142o 11 milion\u00f3w ludzi. Od 2007 roku pa\u0144stwo to odnotowa\u0142o silny rozw\u00f3j. G\u0142\u00f3wne i kwitn\u0105ce sektory to produkcja, przemys\u0142 motoryzacyjny, tekstylia i turystyka. Kraj obecnie prze\u017cywa prawdziwy boom, zw\u0142aszcza w Pradze, mie\u015bcie bardzo popularnym w\u015br\u00f3d turyst\u00f3w. Gospodarka Republiki Czeskiej jest jedn\u0105 z najbardziej rozwini\u0119tych w Europie \u015arodkowej i Wschodniej. Je\u015bli kusi Ci\u0119 ten kraj, t\u0142umaczenia broszur i dokument\u00f3w handlowych s\u0105 niezb\u0119dne. Nie wahaj si\u0119 skorzysta\u0107 z pomocy eksperta j\u0119zykowego, takiego jak agencja Cultures Connection, oferuj\u0105ca czeskie us\u0142ugi t\u0142umaczeniowe.<\/p>\n\n\n\n<h2 class=\"wp-block-heading\">Nasz zesp\u00f3\u0142 profesjonalnych t\u0142umaczy<\/h2>\n\n\n\n<p>Czeski jest j\u0119zykiem szczeg\u00f3lnie trudnym do nauki, poniewa\u017c jego zawi\u0142o\u015b\u0107 jest powi\u0105zana z r\u00f3\u017cnorodn\u0105 morfologi\u0105 i sk\u0142adni\u0105. Dlatego te\u017c wskazane jest, aby\u015b powierzy\u0142 swoje projekty t\u0142umaczeniowe wyszkolonym i do\u015bwiadczonym lingwistom, dla kt\u00f3rych jest to r\u00f3wnie\u017c j\u0119zyk ojczysty. Nasza <a href=\"https:\/\/culturesconnection.com\/pl\/\">agencja<\/a> t\u0142umacze\u0144 korzysta tylko z us\u0142ug ekspert\u00f3w specjalizuj\u0105cych si\u0119 w konkretnej dziedzinie: t\u0142umaczenie prawne, biznesowe, medyczne, naukowe, techniczne&#8230; Zajmujemy si\u0119 wszelkimi rodzajami projekt\u00f3w dzi\u0119ki naszej wsp\u00f3\u0142pracy z rozleg\u0142\u0105 sieci\u0105 profesjonalnych t\u0142umaczy.<\/p>\n\n\n\n<h2 class=\"wp-block-heading\">Nasza Agencja T\u0142umacze\u0144<\/h2>\n\n\n\n<p>Nasze biura maj\u0105 siedziby we Francji i w Argentynie, co pozwala nam na optymaln\u0105 aktywno\u015b\u0107 przez d\u0142u\u017cszy okres czasu (18 godzin na dob\u0119). Ka\u017cdego dnia obs\u0142ugujemy wiele typ\u00f3w projekt\u00f3w w rozmaitych <a href=\"https:\/\/culturesconnection.com\/pl\/profesjonalne-tlumaczenia-w-ponad-40-jezykach\/\">j\u0119zykach<\/a>. Poni\u017cej znajdziesz kilka przyk\u0142ad\u00f3w:<\/p>\n\n\n\n<ul class=\"wp-block-list\"><li>Czeskie us\u0142ugi t\u0142umacze\u0144 finansowych<\/li><li>Czeskie us\u0142ugi t\u0142umacze\u0144 biznesowych<\/li><li>Czeskie us\u0142ugi t\u0142umacze\u0144 naukowych<\/li><li>Czeskie us\u0142ugi t\u0142umacze\u0144 medycznych<\/li><li>Czeskie us\u0142ugi t\u0142umacze\u0144 technicznych<\/li><li>Czeskie us\u0142ugi t\u0142umacze\u0144 prawnych<\/li><li>Czeskie us\u0142ugi t\u0142umacze\u0144 marketingowych<\/li><li>Czeskie us\u0142ugi t\u0142umacze\u0144 stron internetowych<\/li><li>Czeskie us\u0142ugi tworzenia napis\u00f3w<\/li><li>Czeskie us\u0142ugi t\u0142umacze\u0144 gier wideo<\/li><li>Szybkie us\u0142ugi t\u0142umacze\u0144 na j\u0119zyk czeski<\/li><\/ul>\n","protected":false},"excerpt":{"rendered":"<p>Profesjonalne Czeskie Us\u0142ugi T\u0142umaczeniowe J\u0119zyk czeski jest g\u0142\u00f3wnie u\u017cywany w Republice Czeskiej, gdzie mieszka oko\u0142o 11 milion\u00f3w ludzi. Od 2007 roku pa\u0144stwo to odnotowa\u0142o silny [&#8230;]<\/p>\n<p><a class=\"btn btn-secondary understrap-read-more-link\" href=\"https:\/\/culturesconnection.com\/pl\/czeskie-uslugi-tlumaczeniowe\/\">Czytaj dalej\u2026<span class=\"screen-reader-text\"> from Czeskie Us\u0142ugi T\u0142umaczeniowe<\/span><\/a><\/p>\n","protected":false},"author":22,"featured_media":23256,"parent":0,"menu_order":0,"comment_status":"closed","ping_status":"closed","template":"","meta":{"_acf_changed":false,"_editorskit_title_hidden":false,"_editorskit_reading_time":1,"_editorskit_is_block_options_detached":false,"_editorskit_block_options_position":"{}","footnotes":""},"class_list":["post-11452","page","type-page","status-publish","has-post-thumbnail","hentry"],"acf":[],"yoast_head":"<!-- This site is optimized with the Yoast SEO Premium plugin v23.4 (Yoast SEO v27.3) - https:\/\/yoast.com\/product\/yoast-seo-premium-wordpress\/ -->\n<title>Czeskie Us\u0142ugi T\u0142umaczeniowe<\/title>\n<meta name=\"description\" content=\"Agencja Cultures Connection oferuje profesjonalne czeskie us\u0142ugi t\u0142umaczeniowe. Wysoka jako\u015b\u0107, konkurencyjne ceny, bezp\u0142atna wycena i terminowo\u015b\u0107.\" \/>\n<meta name=\"robots\" content=\"index, follow, max-snippet:-1, max-image-preview:large, max-video-preview:-1\" \/>\n<link rel=\"canonical\" href=\"https:\/\/culturesconnection.com\/pl\/czeskie-uslugi-tlumaczeniowe\/\" \/>\n<meta property=\"og:locale\" content=\"pl_PL\" \/>\n<meta property=\"og:type\" content=\"article\" \/>\n<meta property=\"og:title\" content=\"Czeskie Us\u0142ugi T\u0142umaczeniowe\" \/>\n<meta property=\"og:description\" content=\"Agencja Cultures Connection oferuje profesjonalne czeskie us\u0142ugi t\u0142umaczeniowe. Wysoka jako\u015b\u0107, konkurencyjne ceny, bezp\u0142atna wycena i terminowo\u015b\u0107.\" \/>\n<meta property=\"og:url\" content=\"https:\/\/culturesconnection.com\/pl\/czeskie-uslugi-tlumaczeniowe\/\" \/>\n<meta property=\"og:site_name\" content=\"Cultures Connection\" \/>\n<meta property=\"article:publisher\" content=\"https:\/\/www.facebook.com\/CulturesConnection\" \/>\n<meta property=\"article:modified_time\" content=\"2022-08-03T08:31:39+00:00\" \/>\n<meta property=\"og:image\" content=\"https:\/\/culturesconnection.com\/wp-content\/uploads\/2020\/09\/P\u00e4gina_Servicios_de_traducci\u00f3n_por_idioma.png\" \/>\n\t<meta property=\"og:image:width\" content=\"1417\" \/>\n\t<meta property=\"og:image:height\" content=\"561\" \/>\n\t<meta property=\"og:image:type\" content=\"image\/png\" \/>\n<meta name=\"twitter:card\" content=\"summary_large_image\" \/>\n<meta name=\"twitter:site\" content=\"@CulturesCo_\" \/>\n<meta name=\"twitter:label1\" content=\"Szacowany czas czytania\" \/>\n\t<meta name=\"twitter:data1\" content=\"2 minuty\" \/>\n<script type=\"application\/ld+json\" class=\"yoast-schema-graph\">{\"@context\":\"https:\\\/\\\/schema.org\",\"@graph\":[{\"@type\":\"WebPage\",\"@id\":\"https:\\\/\\\/culturesconnection.com\\\/pl\\\/czeskie-uslugi-tlumaczeniowe\\\/\",\"url\":\"https:\\\/\\\/culturesconnection.com\\\/pl\\\/czeskie-uslugi-tlumaczeniowe\\\/\",\"name\":\"Czeskie Us\u0142ugi T\u0142umaczeniowe\",\"isPartOf\":{\"@id\":\"https:\\\/\\\/culturesconnection.com\\\/fr\\\/#website\"},\"primaryImageOfPage\":{\"@id\":\"https:\\\/\\\/culturesconnection.com\\\/pl\\\/czeskie-uslugi-tlumaczeniowe\\\/#primaryimage\"},\"image\":{\"@id\":\"https:\\\/\\\/culturesconnection.com\\\/pl\\\/czeskie-uslugi-tlumaczeniowe\\\/#primaryimage\"},\"thumbnailUrl\":\"https:\\\/\\\/culturesconnection.com\\\/wp-content\\\/uploads\\\/2020\\\/09\\\/P\u00e4gina_Servicios_de_traducci\u00f3n_por_idioma.png\",\"datePublished\":\"2018-10-31T11:39:05+00:00\",\"dateModified\":\"2022-08-03T08:31:39+00:00\",\"description\":\"Agencja Cultures Connection oferuje profesjonalne czeskie us\u0142ugi t\u0142umaczeniowe. Wysoka jako\u015b\u0107, konkurencyjne ceny, bezp\u0142atna wycena i terminowo\u015b\u0107.\",\"breadcrumb\":{\"@id\":\"https:\\\/\\\/culturesconnection.com\\\/pl\\\/czeskie-uslugi-tlumaczeniowe\\\/#breadcrumb\"},\"inLanguage\":\"pl-PL\",\"potentialAction\":[{\"@type\":\"ReadAction\",\"target\":[\"https:\\\/\\\/culturesconnection.com\\\/pl\\\/czeskie-uslugi-tlumaczeniowe\\\/\"]}]},{\"@type\":\"ImageObject\",\"inLanguage\":\"pl-PL\",\"@id\":\"https:\\\/\\\/culturesconnection.com\\\/pl\\\/czeskie-uslugi-tlumaczeniowe\\\/#primaryimage\",\"url\":\"https:\\\/\\\/culturesconnection.com\\\/wp-content\\\/uploads\\\/2020\\\/09\\\/P\u00e4gina_Servicios_de_traducci\u00f3n_por_idioma.png\",\"contentUrl\":\"https:\\\/\\\/culturesconnection.com\\\/wp-content\\\/uploads\\\/2020\\\/09\\\/P\u00e4gina_Servicios_de_traducci\u00f3n_por_idioma.png\",\"width\":1417,\"height\":561},{\"@type\":\"BreadcrumbList\",\"@id\":\"https:\\\/\\\/culturesconnection.com\\\/pl\\\/czeskie-uslugi-tlumaczeniowe\\\/#breadcrumb\",\"itemListElement\":[{\"@type\":\"ListItem\",\"position\":1,\"name\":\"Home\",\"item\":\"https:\\\/\\\/culturesconnection.com\\\/pl\\\/\"},{\"@type\":\"ListItem\",\"position\":2,\"name\":\"Czeskie Us\u0142ugi T\u0142umaczeniowe\"}]},{\"@type\":\"WebSite\",\"@id\":\"https:\\\/\\\/culturesconnection.com\\\/fr\\\/#website\",\"url\":\"https:\\\/\\\/culturesconnection.com\\\/fr\\\/\",\"name\":\"Cultures Connection\",\"description\":\"Cultures Connection is a translation agency dedicated to the success of its international clients.\",\"publisher\":{\"@id\":\"https:\\\/\\\/culturesconnection.com\\\/fr\\\/#organization\"},\"potentialAction\":[{\"@type\":\"SearchAction\",\"target\":{\"@type\":\"EntryPoint\",\"urlTemplate\":\"https:\\\/\\\/culturesconnection.com\\\/fr\\\/?s={search_term_string}\"},\"query-input\":{\"@type\":\"PropertyValueSpecification\",\"valueRequired\":true,\"valueName\":\"search_term_string\"}}],\"inLanguage\":\"pl-PL\"},{\"@type\":\"Organization\",\"@id\":\"https:\\\/\\\/culturesconnection.com\\\/fr\\\/#organization\",\"name\":\"Cultures Connection\",\"url\":\"https:\\\/\\\/culturesconnection.com\\\/fr\\\/\",\"logo\":{\"@type\":\"ImageObject\",\"inLanguage\":\"pl-PL\",\"@id\":\"https:\\\/\\\/culturesconnection.com\\\/fr\\\/#\\\/schema\\\/logo\\\/image\\\/\",\"url\":\"https:\\\/\\\/culturesconnection.com\\\/wp-content\\\/uploads\\\/2022\\\/06\\\/cropped-favicon512x512.png\",\"contentUrl\":\"https:\\\/\\\/culturesconnection.com\\\/wp-content\\\/uploads\\\/2022\\\/06\\\/cropped-favicon512x512.png\",\"width\":512,\"height\":512,\"caption\":\"Cultures Connection\"},\"image\":{\"@id\":\"https:\\\/\\\/culturesconnection.com\\\/fr\\\/#\\\/schema\\\/logo\\\/image\\\/\"},\"sameAs\":[\"https:\\\/\\\/www.facebook.com\\\/CulturesConnection\",\"https:\\\/\\\/x.com\\\/CulturesCo_\"]}]}<\/script>\n<!-- \/ Yoast SEO Premium plugin. -->","yoast_head_json":{"title":"Czeskie Us\u0142ugi T\u0142umaczeniowe","description":"Agencja Cultures Connection oferuje profesjonalne czeskie us\u0142ugi t\u0142umaczeniowe. Wysoka jako\u015b\u0107, konkurencyjne ceny, bezp\u0142atna wycena i terminowo\u015b\u0107.","robots":{"index":"index","follow":"follow","max-snippet":"max-snippet:-1","max-image-preview":"max-image-preview:large","max-video-preview":"max-video-preview:-1"},"canonical":"https:\/\/culturesconnection.com\/pl\/czeskie-uslugi-tlumaczeniowe\/","og_locale":"pl_PL","og_type":"article","og_title":"Czeskie Us\u0142ugi T\u0142umaczeniowe","og_description":"Agencja Cultures Connection oferuje profesjonalne czeskie us\u0142ugi t\u0142umaczeniowe. Wysoka jako\u015b\u0107, konkurencyjne ceny, bezp\u0142atna wycena i terminowo\u015b\u0107.","og_url":"https:\/\/culturesconnection.com\/pl\/czeskie-uslugi-tlumaczeniowe\/","og_site_name":"Cultures Connection","article_publisher":"https:\/\/www.facebook.com\/CulturesConnection","article_modified_time":"2022-08-03T08:31:39+00:00","og_image":[{"width":1417,"height":561,"url":"https:\/\/culturesconnection.com\/wp-content\/uploads\/2020\/09\/P\u00e4gina_Servicios_de_traducci\u00f3n_por_idioma.png","type":"image\/png"}],"twitter_card":"summary_large_image","twitter_site":"@CulturesCo_","twitter_misc":{"Szacowany czas czytania":"2 minuty"},"schema":{"@context":"https:\/\/schema.org","@graph":[{"@type":"WebPage","@id":"https:\/\/culturesconnection.com\/pl\/czeskie-uslugi-tlumaczeniowe\/","url":"https:\/\/culturesconnection.com\/pl\/czeskie-uslugi-tlumaczeniowe\/","name":"Czeskie Us\u0142ugi T\u0142umaczeniowe","isPartOf":{"@id":"https:\/\/culturesconnection.com\/fr\/#website"},"primaryImageOfPage":{"@id":"https:\/\/culturesconnection.com\/pl\/czeskie-uslugi-tlumaczeniowe\/#primaryimage"},"image":{"@id":"https:\/\/culturesconnection.com\/pl\/czeskie-uslugi-tlumaczeniowe\/#primaryimage"},"thumbnailUrl":"https:\/\/culturesconnection.com\/wp-content\/uploads\/2020\/09\/P\u00e4gina_Servicios_de_traducci\u00f3n_por_idioma.png","datePublished":"2018-10-31T11:39:05+00:00","dateModified":"2022-08-03T08:31:39+00:00","description":"Agencja Cultures Connection oferuje profesjonalne czeskie us\u0142ugi t\u0142umaczeniowe. Wysoka jako\u015b\u0107, konkurencyjne ceny, bezp\u0142atna wycena i terminowo\u015b\u0107.","breadcrumb":{"@id":"https:\/\/culturesconnection.com\/pl\/czeskie-uslugi-tlumaczeniowe\/#breadcrumb"},"inLanguage":"pl-PL","potentialAction":[{"@type":"ReadAction","target":["https:\/\/culturesconnection.com\/pl\/czeskie-uslugi-tlumaczeniowe\/"]}]},{"@type":"ImageObject","inLanguage":"pl-PL","@id":"https:\/\/culturesconnection.com\/pl\/czeskie-uslugi-tlumaczeniowe\/#primaryimage","url":"https:\/\/culturesconnection.com\/wp-content\/uploads\/2020\/09\/P\u00e4gina_Servicios_de_traducci\u00f3n_por_idioma.png","contentUrl":"https:\/\/culturesconnection.com\/wp-content\/uploads\/2020\/09\/P\u00e4gina_Servicios_de_traducci\u00f3n_por_idioma.png","width":1417,"height":561},{"@type":"BreadcrumbList","@id":"https:\/\/culturesconnection.com\/pl\/czeskie-uslugi-tlumaczeniowe\/#breadcrumb","itemListElement":[{"@type":"ListItem","position":1,"name":"Home","item":"https:\/\/culturesconnection.com\/pl\/"},{"@type":"ListItem","position":2,"name":"Czeskie Us\u0142ugi T\u0142umaczeniowe"}]},{"@type":"WebSite","@id":"https:\/\/culturesconnection.com\/fr\/#website","url":"https:\/\/culturesconnection.com\/fr\/","name":"Cultures Connection","description":"Cultures Connection is a translation agency dedicated to the success of its international clients.","publisher":{"@id":"https:\/\/culturesconnection.com\/fr\/#organization"},"potentialAction":[{"@type":"SearchAction","target":{"@type":"EntryPoint","urlTemplate":"https:\/\/culturesconnection.com\/fr\/?s={search_term_string}"},"query-input":{"@type":"PropertyValueSpecification","valueRequired":true,"valueName":"search_term_string"}}],"inLanguage":"pl-PL"},{"@type":"Organization","@id":"https:\/\/culturesconnection.com\/fr\/#organization","name":"Cultures Connection","url":"https:\/\/culturesconnection.com\/fr\/","logo":{"@type":"ImageObject","inLanguage":"pl-PL","@id":"https:\/\/culturesconnection.com\/fr\/#\/schema\/logo\/image\/","url":"https:\/\/culturesconnection.com\/wp-content\/uploads\/2022\/06\/cropped-favicon512x512.png","contentUrl":"https:\/\/culturesconnection.com\/wp-content\/uploads\/2022\/06\/cropped-favicon512x512.png","width":512,"height":512,"caption":"Cultures Connection"},"image":{"@id":"https:\/\/culturesconnection.com\/fr\/#\/schema\/logo\/image\/"},"sameAs":["https:\/\/www.facebook.com\/CulturesConnection","https:\/\/x.com\/CulturesCo_"]}]}},"_links":{"self":[{"href":"https:\/\/culturesconnection.com\/pl\/wp-json\/wp\/v2\/pages\/11452","targetHints":{"allow":["GET"]}}],"collection":[{"href":"https:\/\/culturesconnection.com\/pl\/wp-json\/wp\/v2\/pages"}],"about":[{"href":"https:\/\/culturesconnection.com\/pl\/wp-json\/wp\/v2\/types\/page"}],"author":[{"embeddable":true,"href":"https:\/\/culturesconnection.com\/pl\/wp-json\/wp\/v2\/users\/22"}],"replies":[{"embeddable":true,"href":"https:\/\/culturesconnection.com\/pl\/wp-json\/wp\/v2\/comments?post=11452"}],"version-history":[{"count":0,"href":"https:\/\/culturesconnection.com\/pl\/wp-json\/wp\/v2\/pages\/11452\/revisions"}],"wp:featuredmedia":[{"embeddable":true,"href":"https:\/\/culturesconnection.com\/pl\/wp-json\/wp\/v2\/media\/23256"}],"wp:attachment":[{"href":"https:\/\/culturesconnection.com\/pl\/wp-json\/wp\/v2\/media?parent=11452"}],"curies":[{"name":"wp","href":"https:\/\/api.w.org\/{rel}","templated":true}]}}