{"id":11451,"date":"2018-10-31T13:34:54","date_gmt":"2018-10-31T11:34:54","guid":{"rendered":"http:\/\/culturesconnection.com\/?page_id=11451"},"modified":"2022-08-03T10:29:00","modified_gmt":"2022-08-03T08:29:00","slug":"chorwackie-uslugi-tlumaczeniowe","status":"publish","type":"page","link":"https:\/\/culturesconnection.com\/pl\/chorwackie-uslugi-tlumaczeniowe\/","title":{"rendered":"Chorwackie Us\u0142ugi T\u0142umaczeniowe"},"content":{"rendered":"\n<h2 class=\"wp-block-heading\">Nasze Chorwackie Us\u0142ugi T\u0142umaczeniowe<\/h2>\n\n\n\n<p>Odk\u0105d Chorwacja przyst\u0105pi\u0142a do Unii Europejskiej, handel tego pa\u0144stwa z Polsk\u0105 ro\u015bnie z roku na rok. Sektory takie jak infrastruktura transportowa i przetwarzanie odpad\u00f3w s\u0105 szczeg\u00f3lnie dotkni\u0119te tymi zmianami. Je\u015bli musisz tam eksportowa\u0107 swoj\u0105 dzia\u0142alno\u015b\u0107, t\u0142umaczenie dokument\u00f3w b\u0119dzie krokiem nieuchronnym. Posiadaj\u0105c dokumenty i tre\u015bci dost\u0119pne w j\u0119zyku chorwackim masz wi\u0119ksze prawdopodobie\u0144stwo, \u017ce Twoi potencjalni klienci b\u0119d\u0105 z Tob\u0105 wsp\u00f3\u0142pracowa\u0107. T\u0142umaczenie jest cz\u0119sto etapem, kt\u00f3rego znaczenie nie jest doceniane przez firmy. Jednak\u017ce dobra komunikacja w j\u0119zyku rynku docelowego powinna by\u0107 priorytetem, je\u015bli chcesz rozwija\u0107 tam swoje dzia\u0142ania. Agencja Cultures Connection oferuje profesjonalne chorwackie us\u0142ugi t\u0142umaczeniowe. Zajmiemy si\u0119 Twoim projektem t\u0142umaczeniowym niezale\u017cnie od dziedziny i pary j\u0119zykowej, oraz dostosujemy si\u0119 do Twojego wyznaczonego terminu i bud\u017cetu.<\/p>\n\n\n\n<h2 class=\"wp-block-heading\">Szukasz chorwackiego t\u0142umacza?<\/h2>\n\n\n\n<p>Nasza <a href=\"https:\/\/culturesconnection.com\/pl\/\">agencja&nbsp;<\/a><a href=\"https:\/\/culturesconnection.com\/pl\/\">t\u0142umacze\u0144<\/a> wsp\u00f3\u0142pracuje tylko z profesjonalnymi t\u0142umaczami, wybranymi przez nas. Aby do\u0142\u0105czy\u0107 do naszego zespo\u0142u, musz\u0105 oni posiada\u0107 wykszta\u0142cenie t\u0142umacza i co najmniej 5 lat do\u015bwiadczenia w wybranej przez siebie specjalizacji. Regularnie sprawdzamy ich umiej\u0119tno\u015bci poprzez r\u00f3\u017cnego rodzaju testy. Ponadto, nasi t\u0142umacze przek\u0142adaj\u0105 jedynie na sw\u00f3j <a href=\"https:\/\/culturesconnection.com\/pl\/profesjonalne-tlumaczenia-w-ponad-40-jezykach\/\">j\u0119zyk<\/a> ojczysty.<\/p>\n\n\n\n<h2 class=\"wp-block-heading\">Nasza Agencja T\u0142umacze\u0144<\/h2>\n\n\n\n<p>Od prawie 10-ciu lat nasza profesjonalna agencja oferuje wiele us\u0142ug t\u0142umacze\u0144 w rozmaitych sektorach, na przyk\u0142ad:<\/p>\n\n\n\n<ul class=\"wp-block-list\"><li>Chorwackie us\u0142ugi t\u0142umacze\u0144 finansowych<\/li><li>Chorwackie us\u0142ugi t\u0142umacze\u0144 biznesowych<\/li><li>Chorwackie us\u0142ugi t\u0142umacze\u0144 naukowych<\/li><li>Chorwackie us\u0142ugi t\u0142umacze\u0144 medycznych<\/li><li>Chorwackie us\u0142ugi t\u0142umacze\u0144 technicznych<\/li><li>Chorwackie us\u0142ugi t\u0142umacze\u0144 prawnych<\/li><li>Chorwackie us\u0142ugi t\u0142umacze\u0144 marketingowych<\/li><li>Chorwackie us\u0142ugi t\u0142umacze\u0144 stron internetowych<\/li><li>Chorwackie us\u0142ugi tworzenia napis\u00f3w<\/li><li>Chorwackie us\u0142ugi t\u0142umacze\u0144 gier wideo<\/li><li>Szybkie us\u0142ugi t\u0142umacze\u0144 na j\u0119zyk chorwacki<\/li><\/ul>\n","protected":false},"excerpt":{"rendered":"<p>Nasze Chorwackie Us\u0142ugi T\u0142umaczeniowe Odk\u0105d Chorwacja przyst\u0105pi\u0142a do Unii Europejskiej, handel tego pa\u0144stwa z Polsk\u0105 ro\u015bnie z roku na rok. Sektory takie jak infrastruktura transportowa [&#8230;]<\/p>\n<p><a class=\"btn btn-secondary understrap-read-more-link\" href=\"https:\/\/culturesconnection.com\/pl\/chorwackie-uslugi-tlumaczeniowe\/\">Czytaj dalej\u2026<span class=\"screen-reader-text\"> from Chorwackie Us\u0142ugi T\u0142umaczeniowe<\/span><\/a><\/p>\n","protected":false},"author":22,"featured_media":23256,"parent":0,"menu_order":0,"comment_status":"closed","ping_status":"closed","template":"","meta":{"_acf_changed":false,"_editorskit_title_hidden":false,"_editorskit_reading_time":1,"_editorskit_is_block_options_detached":false,"_editorskit_block_options_position":"{}","footnotes":""},"class_list":["post-11451","page","type-page","status-publish","has-post-thumbnail","hentry"],"acf":[],"_links":{"self":[{"href":"https:\/\/culturesconnection.com\/pl\/wp-json\/wp\/v2\/pages\/11451","targetHints":{"allow":["GET"]}}],"collection":[{"href":"https:\/\/culturesconnection.com\/pl\/wp-json\/wp\/v2\/pages"}],"about":[{"href":"https:\/\/culturesconnection.com\/pl\/wp-json\/wp\/v2\/types\/page"}],"author":[{"embeddable":true,"href":"https:\/\/culturesconnection.com\/pl\/wp-json\/wp\/v2\/users\/22"}],"replies":[{"embeddable":true,"href":"https:\/\/culturesconnection.com\/pl\/wp-json\/wp\/v2\/comments?post=11451"}],"version-history":[{"count":0,"href":"https:\/\/culturesconnection.com\/pl\/wp-json\/wp\/v2\/pages\/11451\/revisions"}],"wp:featuredmedia":[{"embeddable":true,"href":"https:\/\/culturesconnection.com\/pl\/wp-json\/wp\/v2\/media\/23256"}],"wp:attachment":[{"href":"https:\/\/culturesconnection.com\/pl\/wp-json\/wp\/v2\/media?parent=11451"}],"curies":[{"name":"wp","href":"https:\/\/api.w.org\/{rel}","templated":true}]}}