{"id":11446,"date":"2018-10-31T12:59:13","date_gmt":"2018-10-31T10:59:13","guid":{"rendered":"http:\/\/culturesconnection.com\/?page_id=11446"},"modified":"2022-08-03T10:23:37","modified_gmt":"2022-08-03T08:23:37","slug":"bosniackie-uslugi-tlumaczeniowe","status":"publish","type":"page","link":"https:\/\/culturesconnection.com\/pl\/bosniackie-uslugi-tlumaczeniowe\/","title":{"rendered":"Bo\u015bniackie Us\u0142ugi T\u0142umaczeniowe"},"content":{"rendered":"\n<h2 class=\"wp-block-heading\">Profesjonalne Bo\u015bniackie Us\u0142ugi T\u0142umaczeniowe<\/h2>\n\n\n\n<p>Agencja Cultures Connection oferuje bo\u015bniackie us\u0142ugi t\u0142umaczeniowe, b\u0119dzie Ci towarzyszy\u0107 przez ca\u0142y proces t\u0142umaczenia dokument\u00f3w i dba\u0107 o wszystkie typy projekt\u00f3w. Niezale\u017cnie od Twojego bud\u017cetu nasza firma dostosowuje si\u0119 do Twoich potrzeb dzi\u0119ki czterem poziomom us\u0142ug t\u0142umaczeniowych (Podstawowy, Standardowy, Profesjonalny i Premium). Wszystkie t\u0142umaczenia s\u0105 nadzorowane przez kierownika projektu, kt\u00f3ry zapewnia ich p\u0142ynny przebieg. Jego wk\u0142ad jest szczeg\u00f3lnie wa\u017cny w przypadku gdy projekt jest pilny, poniewa\u017c ograniczenia czasowe wymagaj\u0105 bezb\u0142\u0119dnej organizacji.<\/p>\n\n\n\n<h2 class=\"wp-block-heading\">Nasi Bo\u015bniaccy T\u0142umacze<\/h2>\n\n\n\n<p>Aby uzyska\u0107 wyniki wysokiej jako\u015bci, skorzystaj z us\u0142ug profesjonalnego t\u0142umacza bo\u015bniackiego.&nbsp;Nasza <a href=\"https:\/\/culturesconnection.com\/pl\/\">agencja <\/a><a href=\"https:\/\/culturesconnection.com\/pl\/\">t\u0142umacze\u0144<\/a> wsp\u00f3\u0142pracuje z ponad 740 t\u0142umaczami, dzi\u0119ki czemu zawsze jeste\u015bmy w stanie znale\u017a\u0107 najbardziej kompetentnego specjalist\u0119 do Twojego projektu. Nasi bo\u015bniaccy t\u0142umacze przek\u0142adaj\u0105 na sw\u00f3j j\u0119zyk ojczysty. Doskonale opanowali oni <a href=\"https:\/\/culturesconnection.com\/pl\/profesjonalne-tlumaczenia-w-ponad-40-jezykach\/\">j\u0119zyk<\/a> bo\u015bniacki oraz kultur\u0119, co pozwala im jak najlepiej dostosowa\u0107 tre\u015b\u0107 Twojego projektu do rynku docelowego.<\/p>\n\n\n\n<p>Nasze zespo\u0142y licz\u0105 na profesjonalist\u00f3w specjalizuj\u0105cych si\u0119 w danym sektorze, zatrudnionych na podstawie ich do\u015bwiadczenia i wykszta\u0142cenia. Nasza agencja uwa\u017cnie selekcjonuje t\u0142umaczy do wsp\u00f3\u0142pracy, bior\u0105c pod uwag\u0119 ich rozeznanie na rynku. Wybierani s\u0105 oni zgodnie ze \u015bcis\u0142ymi kryteriami (dyplomy, szkolenia, minimum 5 lat do\u015bwiadczenia w dziedzinie, w kt\u00f3rej si\u0119 specjalizuj\u0105), aby zapewni\u0107 Tobie wysokiej jako\u015bci t\u0142umaczenia.<\/p>\n\n\n\n<p>Gramatyka, fonetyka, struktura zdania&#8230; Tak wiele r\u00f3\u017cnic sprawia, \u017ce j\u0119zyk bo\u015bniacki jest szczeg\u00f3lnie skomplikowany i trudny dla osoby, kt\u00f3ra nie zna innych j\u0119zyk\u00f3w s\u0142owia\u0144skich. Dlatego wszyscy z naszych profesjonalnych t\u0142umaczy przek\u0142adaj\u0105 na sw\u00f3j j\u0119zyk ojczysty. W ten spos\u00f3b te subtelno\u015bci j\u0119zykowe i kulturowe s\u0105 uwzgl\u0119dniane.<\/p>\n\n\n\n<h2 class=\"wp-block-heading\">Nasza agencja t\u0142umacze\u0144<\/h2>\n\n\n\n<p>Cultures Connection jest profesjonaln\u0105 agencj\u0105 t\u0142umacze\u0144 z siedzib\u0105 we Francji i w Argentynie. Dzi\u0119ki temu nasze zespo\u0142y s\u0105 dost\u0119pne 18 godzin na dob\u0119, 7 dni w tygodniu. Dzia\u0142amy w wielu sektorach, takich jak na przyk\u0142ad:<\/p>\n\n\n\n<ul class=\"wp-block-list\"><li>Bo\u015bniackie us\u0142ugi t\u0142umacze\u0144 finansowych<\/li><li>Bo\u015bniackie us\u0142ugi t\u0142umacze\u0144 biznesowych<\/li><li>Bo\u015bniackie us\u0142ugi t\u0142umacze\u0144 naukowych<\/li><li>Bo\u015bniackie us\u0142ugi t\u0142umacze\u0144 medycznych<\/li><li>Bo\u015bniackie us\u0142ugi t\u0142umacze\u0144 technicznych<\/li><li>Bo\u015bniackie us\u0142ugi t\u0142umacze\u0144 prawnych<\/li><li>Bo\u015bniackie us\u0142ugi t\u0142umacze\u0144 marketingowych<\/li><li>Bo\u015bniackie us\u0142ugi t\u0142umacze\u0144 stron internetowych<\/li><li>Bo\u015bniacki us\u0142ugi tworzenia napis\u00f3w<\/li><li>Bo\u015bniackie us\u0142ugi t\u0142umacze\u0144 gier wideo<\/li><li>Szybkie us\u0142ugi t\u0142umacze\u0144 na j\u0119zyk bo\u015bniacki<\/li><\/ul>\n","protected":false},"excerpt":{"rendered":"<p>Profesjonalne Bo\u015bniackie Us\u0142ugi T\u0142umaczeniowe Agencja Cultures Connection oferuje bo\u015bniackie us\u0142ugi t\u0142umaczeniowe, b\u0119dzie Ci towarzyszy\u0107 przez ca\u0142y proces t\u0142umaczenia dokument\u00f3w i dba\u0107 o wszystkie typy projekt\u00f3w. [&#8230;]<\/p>\n<p><a class=\"btn btn-secondary understrap-read-more-link\" href=\"https:\/\/culturesconnection.com\/pl\/bosniackie-uslugi-tlumaczeniowe\/\">Czytaj dalej\u2026<span class=\"screen-reader-text\"> from Bo\u015bniackie Us\u0142ugi T\u0142umaczeniowe<\/span><\/a><\/p>\n","protected":false},"author":22,"featured_media":23256,"parent":0,"menu_order":0,"comment_status":"closed","ping_status":"closed","template":"","meta":{"_acf_changed":false,"_editorskit_title_hidden":false,"_editorskit_reading_time":1,"_editorskit_is_block_options_detached":false,"_editorskit_block_options_position":"{}","footnotes":""},"class_list":["post-11446","page","type-page","status-publish","has-post-thumbnail","hentry"],"acf":[],"_links":{"self":[{"href":"https:\/\/culturesconnection.com\/pl\/wp-json\/wp\/v2\/pages\/11446","targetHints":{"allow":["GET"]}}],"collection":[{"href":"https:\/\/culturesconnection.com\/pl\/wp-json\/wp\/v2\/pages"}],"about":[{"href":"https:\/\/culturesconnection.com\/pl\/wp-json\/wp\/v2\/types\/page"}],"author":[{"embeddable":true,"href":"https:\/\/culturesconnection.com\/pl\/wp-json\/wp\/v2\/users\/22"}],"replies":[{"embeddable":true,"href":"https:\/\/culturesconnection.com\/pl\/wp-json\/wp\/v2\/comments?post=11446"}],"version-history":[{"count":0,"href":"https:\/\/culturesconnection.com\/pl\/wp-json\/wp\/v2\/pages\/11446\/revisions"}],"wp:featuredmedia":[{"embeddable":true,"href":"https:\/\/culturesconnection.com\/pl\/wp-json\/wp\/v2\/media\/23256"}],"wp:attachment":[{"href":"https:\/\/culturesconnection.com\/pl\/wp-json\/wp\/v2\/media?parent=11446"}],"curies":[{"name":"wp","href":"https:\/\/api.w.org\/{rel}","templated":true}]}}