{"id":11445,"date":"2018-10-31T12:54:07","date_gmt":"2018-10-31T10:54:07","guid":{"rendered":"http:\/\/culturesconnection.com\/?page_id=11445"},"modified":"2022-06-22T22:50:51","modified_gmt":"2022-06-22T20:50:51","slug":"arabskie-uslugi-tlumaczen-gier-wideo","status":"publish","type":"page","link":"https:\/\/culturesconnection.com\/pl\/nasze-arabskie-uslugi-tlumaczeniowe\/arabskie-uslugi-tlumaczen-gier-wideo\/","title":{"rendered":"Arabskie us\u0142ugi t\u0142umacze\u0144 gier wideo"},"content":{"rendered":"\n<h2 class=\"wp-block-heading\">Arabskie us\u0142ugi t\u0142umacze\u0144 gier wideo: zoptymalizuj wra\u017cenia swoich graczy<\/h2>\n\n\n\n<p>Czy chcia\u0142by\u015b udost\u0119pni\u0107 Twoje gry wideo u\u017cytkownikom arabskoj\u0119zycznym? Zaoferuj im mo\u017cliwo\u015b\u0107 grania w ich j\u0119zyku ojczystym! Nasza <a href=\"https:\/\/culturesconnection.com\/pl\/\">firma t\u0142umaczeniowa<\/a> oferuje arabskie us\u0142ugi t\u0142umacze\u0144 gier wideo oraz ich lokalizacj\u0119, aby\u015b w ten spos\u00f3b m\u00f3g\u0142 rozpowszechnia\u0107 je za granic\u0105 i zwi\u0119kszy\u0107 sprzeda\u017c. Mo\u017cesz zaufa\u0107 naszym uznanym specjalistom, kt\u00f3rzy dostarcz\u0105 Twoj\u0105 wiadomo\u015b\u0107 w niezr\u00f3wnany spos\u00f3b. Jeste\u015bmy Twoim najlepszym sprzymierze\u0144cem do zarz\u0105dzania takim projektem i kontroli jego t\u0142umaczenia i adaptacji kulturowej.<\/p>\n\n\n\n<h2 class=\"wp-block-heading\">Nasza agencja t\u0142umacze\u0144 lokalizuje Twoje gry wideo<\/h2>\n\n\n\n<p>W celu uzyskania optymalnych rezultat\u00f3w, Cultures Connection&nbsp;korzysta z <a href=\"https:\/\/culturesconnection.com\/pl\/profesjonalne-uslugi-tlumaczeniowe-we-wszystkich-jezykach\/\">us\u0142ug<\/a> arabsko-polskich i polsko-arabskich profesjonalnych t\u0142umaczy. S\u0105 oni native speakerami tych j\u0119zyk\u00f3w i dlatego mog\u0105 zapewni\u0107 lepsze dostosowanie tre\u015bci. Nie tylko s\u0105 oni wykwalifikowani j\u0119zykowo, ale r\u00f3wnie\u017c posiadaj\u0105 udokumentowane do\u015bwiadczenie w dziedzinie <a href=\"https:\/\/culturesconnection.com\/pl\/nasze-uslugi-tlumaczen-i-lokalizacji-gier-wideo\/\">t\u0142umaczenia gier wideo<\/a> na j\u0119zyk arabski. Wybieraj\u0105c nasze us\u0142ugi t\u0142umaczeniowe, wybierasz jako\u015b\u0107 i niezawodno\u015b\u0107. T\u0142umaczymy i lokalizujemy gry wideo i jednocze\u015bnie zapewniamy wiarygodno\u015b\u0107 Twojej firmy.<\/p>\n\n\n\n<h2 class=\"wp-block-heading\">Nasze us\u0142ugi t\u0142umacze\u0144 gier wideo na j\u0119zyk arabski<\/h2>\n\n\n\n<p>Agencja Cultures Connection wspiera Ci\u0119 podczas ca\u0142ego procesu internacjonalizacji Twojej firmy poprzez r\u00f3\u017cne us\u0142ugi:<\/p>\n\n\n\n<ul class=\"wp-block-list\"><li>T\u0142umaczenie gier wideo<\/li><li>Lokalizacja gier wideo<\/li><li>Zarz\u0105dzanie projektami<\/li><li>Tworzenie napis\u00f3w<\/li><li>Nagrywanie i dubbing<\/li><li>Kontrola jako\u015bci<\/li><\/ul>\n\n\n\n<h3 class=\"wp-block-heading\">&nbsp;T\u0142umaczenie gier wideo na wszystkie j\u0119zyki<\/h3>\n\n\n\n<ul class=\"wp-block-list\"><li><a href=\"https:\/\/culturesconnection.com\/pl\/francuskie-uslugi-tlumaczen-gier-wideo\/\">T\u0142umaczenie gier wideo na j\u0119zyk francuski<\/a><\/li><li><a href=\"https:\/\/culturesconnection.com\/pl\/?page_id=13497\">T\u0142umaczenie gier wideo na j\u0119zyk hiszpa\u0144ski<\/a><\/li><li><a href=\"https:\/\/culturesconnection.com\/pl\/niemieckie-tlumaczenia-gier-wideo\/\">T\u0142umaczenie gier wideo na j\u0119zyk niemiecki<\/a><\/li><li><a href=\"https:\/\/culturesconnection.com\/pl\/chinskie-uslugi-tlumaczen-gier-wideo\/\">T\u0142umaczenie gier wideo na j\u0119zyk chi\u0144ski<\/a><\/li><li><a href=\"https:\/\/culturesconnection.com\/pl\/?page_id=13493\">T\u0142umaczenie gier wideo na j\u0119zyk portugalski<\/a><\/li><li><a href=\"https:\/\/culturesconnection.com\/pl\/wloskie-tlumaczenia-gier-wideo\/\">T\u0142umaczenie gier wideo na j\u0119zyk w\u0142oski<\/a><\/li><li><a href=\"https:\/\/culturesconnection.com\/pl\/niderlandzkie-tlumaczenia-gier-wideo\/\">T\u0142umaczenie gier wideo na j\u0119zyk niderlandzki<\/a><\/li><li><a href=\"https:\/\/culturesconnection.com\/pl\/?page_id=13693\">T\u0142umaczenie gier wideo na j\u0119zyk turecki<\/a><\/li><li><a href=\"https:\/\/culturesconnection.com\/pl\/japonskie-uslugi-tlumaczen-gier-wideo\/\">T\u0142umaczenie gier wideo na j\u0119zyk japo\u0144ski<\/a><\/li><li><a href=\"https:\/\/culturesconnection.com\/pl\/?page_id=13495\">T\u0142umaczenie gier wideo na j\u0119zyk rosyjski<\/a><\/li><\/ul>\n","protected":false},"excerpt":{"rendered":"<p>Arabskie us\u0142ugi t\u0142umacze\u0144 gier wideo: zoptymalizuj wra\u017cenia swoich graczy Czy chcia\u0142by\u015b udost\u0119pni\u0107 Twoje gry wideo u\u017cytkownikom arabskoj\u0119zycznym? Zaoferuj im mo\u017cliwo\u015b\u0107 grania w ich j\u0119zyku ojczystym! [&#8230;]<\/p>\n<p><a class=\"btn btn-secondary understrap-read-more-link\" href=\"https:\/\/culturesconnection.com\/pl\/nasze-arabskie-uslugi-tlumaczeniowe\/arabskie-uslugi-tlumaczen-gier-wideo\/\">Czytaj dalej\u2026<span class=\"screen-reader-text\"> from Arabskie us\u0142ugi t\u0142umacze\u0144 gier wideo<\/span><\/a><\/p>\n","protected":false},"author":22,"featured_media":24334,"parent":11477,"menu_order":0,"comment_status":"closed","ping_status":"closed","template":"","meta":{"_acf_changed":false,"_editorskit_title_hidden":false,"_editorskit_reading_time":0,"_editorskit_is_block_options_detached":false,"_editorskit_block_options_position":"{}","footnotes":""},"class_list":["post-11445","page","type-page","status-publish","has-post-thumbnail","hentry"],"acf":[],"_links":{"self":[{"href":"https:\/\/culturesconnection.com\/pl\/wp-json\/wp\/v2\/pages\/11445","targetHints":{"allow":["GET"]}}],"collection":[{"href":"https:\/\/culturesconnection.com\/pl\/wp-json\/wp\/v2\/pages"}],"about":[{"href":"https:\/\/culturesconnection.com\/pl\/wp-json\/wp\/v2\/types\/page"}],"author":[{"embeddable":true,"href":"https:\/\/culturesconnection.com\/pl\/wp-json\/wp\/v2\/users\/22"}],"replies":[{"embeddable":true,"href":"https:\/\/culturesconnection.com\/pl\/wp-json\/wp\/v2\/comments?post=11445"}],"version-history":[{"count":0,"href":"https:\/\/culturesconnection.com\/pl\/wp-json\/wp\/v2\/pages\/11445\/revisions"}],"up":[{"embeddable":true,"href":"https:\/\/culturesconnection.com\/pl\/wp-json\/wp\/v2\/pages\/11477"}],"wp:featuredmedia":[{"embeddable":true,"href":"https:\/\/culturesconnection.com\/pl\/wp-json\/wp\/v2\/media\/24334"}],"wp:attachment":[{"href":"https:\/\/culturesconnection.com\/pl\/wp-json\/wp\/v2\/media?parent=11445"}],"curies":[{"name":"wp","href":"https:\/\/api.w.org\/{rel}","templated":true}]}}