{"id":11428,"date":"2018-11-06T12:06:36","date_gmt":"2018-11-06T10:06:36","guid":{"rendered":"http:\/\/culturesconnection.com\/?page_id=11428"},"modified":"2022-06-14T22:21:13","modified_gmt":"2022-06-14T20:21:13","slug":"nasze-tlumaczenia-z-jezyka-rosyjskiego","status":"publish","type":"page","link":"https:\/\/culturesconnection.com\/pl\/nasze-tlumaczenia-z-jezyka-rosyjskiego\/","title":{"rendered":"Nasze t\u0142umaczenia z j\u0119zyka rosyjskiego"},"content":{"rendered":"\n<h2 class=\"wp-block-heading\">Profesjonalne t\u0142umaczenia z j\u0119zyka rosyjskiego<\/h2>\n\n\n\n<p>Czy wiesz, \u017ce j\u0119zyk rosyjski jest sz\u00f3stym najcz\u0119\u015bciej u\u017cywanym j\u0119zykiem na \u015bwiecie? Oficjalny j\u0119zyk najwi\u0119kszego pa\u0144stwa na \u015bwiecie, Rosji, rosyjski jest u\u017cywany r\u00f3wnie\u017c na Bia\u0142orusi, w Kazachstanie i Kirgistanie, a tak\u017ce jest rozumiany w wielu innych pa\u0144stwach. Ukraina, Armenia, Gruzja, Uzbekistan, kraje ba\u0142tyckie&#8230;W\u0142a\u015bnie dlatego t\u0142umaczenia na j\u0119zyk rosyjski mog\u0105 by\u0107 kluczem dla Twojej firmy do rozszerzenia dzia\u0142alno\u015bci na kraje rosyjskoj\u0119zyczne.<\/p>\n\n\n\n<p>T\u0142umaczenie dokument\u00f3w lub stron internetowych na rosyjski jest krokiem niezb\u0119dnym dla firm chc\u0105cych rozpocz\u0105\u0107 swoj\u0105 dzia\u0142alno\u015b\u0107 na rosyjskim rynku. Twoi rosyjscy partnerzy z pewno\u015bci\u0105 doceni\u0105 wysi\u0142ek z Twojej strony, jednak\u017ce aby wywrze\u0107 po\u017c\u0105dany efekt konieczna jest doskona\u0142a jako\u015b\u0107 Twojego t\u0142umaczenia z j\u0119zyka rosyjskiego.<\/p>\n\n\n\n<h2 class=\"wp-block-heading\">Szukasz rosyjskiego t\u0142umacza?<\/h2>\n\n\n\n<p>Potrzebujesz t\u0142umaczenia rosyjsko-polskiego? A mo\u017ce t\u0142umaczenie polsko-rosyjskie? \u015awiadomi trudno\u015bci jakie mog\u0105 sprawi\u0107 poszukiwania t\u0142umacza j\u0119zyka rosyjskiego, agencja Cultures Connection zapewnia profesjonalne us\u0142ugi do Twojej dyspozycji. Aby Ci umo\u017cliwi\u0107 korzystanie z doskona\u0142ej jako\u015bci t\u0142umacze\u0144, nasi managerowie projekt\u00f3w skrupulatnie wybieraj\u0105 t\u0142umaczy narodowo\u015bci rosyjskiej, kt\u00f3rzy p\u0142ynnie pos\u0142uguj\u0105 si\u0119 polskim. Rekrutujemy wy\u0142\u0105cznie t\u0142umaczy posiadaj\u0105cych wy\u017csze wykszta\u0142cenie uznawane przez w\u0142adze publiczne ich kraju oraz pi\u0119\u0107 lat do\u015bwiadczenia zawodowego. Ponadto, przed do\u0142\u0105czeniem do naszej <a href=\"https:\/\/culturesconnection.com\/pl\/\">agencji t\u0142umaczeniowej<\/a>&nbsp;musz\u0105 przej\u015b\u0107 seri\u0119 test\u00f3w, kt\u00f3re potwierdz\u0105 ich wiedz\u0119, a tak\u017ce umiej\u0119tno\u015bci j\u0119zykowe.<\/p>\n\n\n\n<p>W Cultures Connection oferujemy najlepszy stosunek wyceny t\u0142umacze\u0144 do ich jako\u015bci. Co wi\u0119cej, nasze us\u0142ugi t\u0142umaczeniowe s\u0105 podzielone na cztery rodzaje (podstawowe, standardowe, profesjonalne i premium). Maj\u0105c do\u015bwiadczenie w tej dziedzinie, nasza ekipa profesjonalnych t\u0142umaczy dostosuje si\u0119 do Twoich wymaga\u0144 i zapewni dostarczenie t\u0142umacze\u0144 rosyjskich tak szybko jak to mo\u017cliwe, nawet w przypadku nag\u0142ej sytuacji.<\/p>\n\n\n\n<h2 class=\"wp-block-heading\">Wszystkie nasze us\u0142ugi t\u0142umaczeniowe z j\u0119zyka rosyjskiego<\/h2>\n\n\n\n<ul class=\"wp-block-list\"><li><a href=\"https:\/\/culturesconnection.com\/pl\/nasze-tlumaczenia-finansowe-z-jezyka-rosyjskiego\/\">Rosyjskie t\u0142umaczenia finansowe<\/a><\/li><li><a href=\"https:\/\/culturesconnection.com\/pl\/nasze-rosyjskie-tlumaczenia-biznesowe\/\">Rosyjskie t\u0142umaczenia biznesowe<\/a><\/li><li><a href=\"https:\/\/culturesconnection.com\/pl\/nasze-tlumaczenia-naukowe-z-jezyka-rosyjskiego\/\">Rosyjskie t\u0142umaczenia naukowe<\/a><\/li><li><a href=\"https:\/\/culturesconnection.com\/pl\/nasze-medyczne-tlumaczenia-z-jezyka-rosyjskiego\/\">Rosyjskie t\u0142umaczenia medyczne<\/a><\/li><li><a href=\"https:\/\/culturesconnection.com\/pl\/nasze-uslugi-tlumaczen-technicznych-z-jezyka-rosyjskiego\/\">Rosyjskie t\u0142umaczenia techniczne<\/a><\/li><li><a href=\"https:\/\/culturesconnection.com\/pl\/nasze-tlumaczenia-prawnicze-z-jezyka-rosyjskiego\/\">Rosyjskie t\u0142umaczenia prawne<\/a><\/li><li><a href=\"https:\/\/culturesconnection.com\/pl\/?page_id=13691\">Rosyjskie t\u0142umaczenia marketingowe<\/a><\/li><li><a href=\"https:\/\/culturesconnection.com\/pl\/nasze-tlumaczenia-stron-internetowych-z-jezyka-rosyjskiego\/\">Rosyjskie t\u0142umaczenia stron internetowych<\/a><\/li><li><a href=\"https:\/\/culturesconnection.com\/pl\/nasze-uslugi-tworzenia-napisow-z-rosyjskiego\/\">Tworzenie napis\u00f3w po rosyjsku<\/a><\/li><li><a href=\"https:\/\/culturesconnection.com\/pl\/?page_id=13495\">Rosyjskie t\u0142umaczenia gier wideo<\/a><\/li><li>T\u0142umaczenia ekspresowe z j\u0119zyka rosyjskiego<\/li><\/ul>\n","protected":false},"excerpt":{"rendered":"<p>Profesjonalne t\u0142umaczenia z j\u0119zyka rosyjskiego Czy wiesz, \u017ce j\u0119zyk rosyjski jest sz\u00f3stym najcz\u0119\u015bciej u\u017cywanym j\u0119zykiem na \u015bwiecie? Oficjalny j\u0119zyk najwi\u0119kszego pa\u0144stwa na \u015bwiecie, Rosji, rosyjski [&#8230;]<\/p>\n<p><a class=\"btn btn-secondary understrap-read-more-link\" href=\"https:\/\/culturesconnection.com\/pl\/nasze-tlumaczenia-z-jezyka-rosyjskiego\/\">Czytaj dalej\u2026<span class=\"screen-reader-text\"> from Nasze t\u0142umaczenia z j\u0119zyka rosyjskiego<\/span><\/a><\/p>\n","protected":false},"author":22,"featured_media":23256,"parent":0,"menu_order":0,"comment_status":"closed","ping_status":"closed","template":"","meta":{"_acf_changed":false,"_editorskit_title_hidden":false,"_editorskit_reading_time":0,"_editorskit_is_block_options_detached":false,"_editorskit_block_options_position":"{}","footnotes":""},"class_list":["post-11428","page","type-page","status-publish","has-post-thumbnail","hentry"],"acf":[],"_links":{"self":[{"href":"https:\/\/culturesconnection.com\/pl\/wp-json\/wp\/v2\/pages\/11428","targetHints":{"allow":["GET"]}}],"collection":[{"href":"https:\/\/culturesconnection.com\/pl\/wp-json\/wp\/v2\/pages"}],"about":[{"href":"https:\/\/culturesconnection.com\/pl\/wp-json\/wp\/v2\/types\/page"}],"author":[{"embeddable":true,"href":"https:\/\/culturesconnection.com\/pl\/wp-json\/wp\/v2\/users\/22"}],"replies":[{"embeddable":true,"href":"https:\/\/culturesconnection.com\/pl\/wp-json\/wp\/v2\/comments?post=11428"}],"version-history":[{"count":0,"href":"https:\/\/culturesconnection.com\/pl\/wp-json\/wp\/v2\/pages\/11428\/revisions"}],"wp:featuredmedia":[{"embeddable":true,"href":"https:\/\/culturesconnection.com\/pl\/wp-json\/wp\/v2\/media\/23256"}],"wp:attachment":[{"href":"https:\/\/culturesconnection.com\/pl\/wp-json\/wp\/v2\/media?parent=11428"}],"curies":[{"name":"wp","href":"https:\/\/api.w.org\/{rel}","templated":true}]}}