{"id":11427,"date":"2018-11-06T10:25:33","date_gmt":"2018-11-06T08:25:33","guid":{"rendered":"http:\/\/culturesconnection.com\/?page_id=11427"},"modified":"2022-06-22T01:42:12","modified_gmt":"2022-06-21T23:42:12","slug":"nasze-portugalskie-tlumaczenia-marketingowe","status":"publish","type":"page","link":"https:\/\/culturesconnection.com\/pl\/nasze-uslugi-tlumaczeniowe-z-portugalskiego\/nasze-portugalskie-tlumaczenia-marketingowe\/","title":{"rendered":"Nasze portugalskie t\u0142umaczenia marketingowe"},"content":{"rendered":"\n<h2 class=\"wp-block-heading\">Polsko-portugalscy specjali\u015bci wykonuj\u0105cy portugalskie t\u0142umaczenia marketingowe<\/h2>\n\n\n\n<p>T\u0142umaczenia marketingowe z i na j\u0119zyk portugalski s\u0105 cz\u0119sto dziedzin\u0105 t\u0142umacze\u0144, kt\u00f3rej z\u0142o\u017cono\u015b\u0107 jest niedoceniana. Je\u015bli celem profesjonalnego t\u0142umaczenia jest wierne odtworzenie danego dokumentu w obcym j\u0119zyku, to r\u00f3wnie wa\u017cne jest zawarcie atrakcyjnej i przekonuj\u0105cej odbiorc\u00f3w tre\u015bci. W zwi\u0105zku z tym, w przeciwie\u0144stwie do og\u00f3lnych t\u0142umacze\u0144, portugalskie t\u0142umaczenia marketingowe musz\u0105 by\u0107 wykonywane przez profesjonalist\u00f3w posiadaj\u0105cych talent do pisania, do\u015bwiadczenie w marketingu i doskona\u0142\u0105 znajomo\u015b\u0107 portugalskiego, polskiego oraz obu kultur.<\/p>\n\n\n\n<h2 class=\"wp-block-heading\">Nasze us\u0142ugi t\u0142umacze\u0144 marketingowych<\/h2>\n\n\n\n<p><a href=\"https:\/\/culturesconnection.com\/pl\/\">Cultures Connection<\/a>, wsp\u00f3\u0142pracuje z t\u0142umaczami polsko-portugalskimi i portugalsko-polskimi, kt\u00f3rzy \u0142\u0105cz\u0105 do\u015bwiadczenie zawodowe w zakresie t\u0142umacze\u0144 z do\u015bwiadczeniem w dziedzinie marketingu. W zwi\u0105zku z tym s\u0105 w stanie odtworzy\u0107 znaczenie s\u0142\u00f3w, jednocze\u015bnie promuj\u0105c przy tym Twoj\u0105 mark\u0119, jak i wzbudza\u0107 zainteresowanie w\u015br\u00f3d klient\u00f3w docelowych. Czy chcia\u0142by\u015b prowadzi\u0107 reklam\u0119 w Portugalii lub Brazylii? To \u017caden problem, dbamy o t\u0142umaczenie Twoich materia\u0142\u00f3w, przy jednoczesnym poszanowaniu ich celu: informowanie, perswazja i sprzeda\u017c. Nasza firma zapewnia szeroki wachlarz&nbsp;<a href=\"https:\/\/culturesconnection.com\/pl\/profesjonalne-uslugi-tlumaczeniowe-we-wszystkich-jezykach\/\">us\u0142ug t\u0142umaczeniowych&nbsp;<\/a>w konkurencyjnej cenie i zawsze z najlepsz\u0105 jako\u015bci\u0105.<\/p>\n\n\n\n<h2 class=\"wp-block-heading\">T\u0142umaczenie dokument\u00f3w prawnych na j\u0119zyk portugalski<\/h2>\n\n\n\n<p>Nasze us\u0142ugi <a href=\"https:\/\/culturesconnection.com\/pl\/nasze-uslugi-tlumaczen-marketingowych\/\">t\u0142umacze\u0144 marketingowych<\/a> obejmuj\u0105 przek\u0142ad i lokalizacj\u0119 wielu r\u00f3\u017cnych rodzaj\u00f3w materia\u0142\u00f3w:<\/p>\n\n\n\n<ul class=\"wp-block-list\"><li>Broszury<\/li><li>Materia\u0142y reklamowe<\/li><li>Newslettery<\/li><li>Strony e-commerce<\/li><li>Ulotki<\/li><li>Kampanie marketingowe<\/li><li>Reklamy<\/li><li>Strony internetowe<\/li><li>Slogany<\/li><li>Logotypy<\/li><li>Prezentacje<\/li><li>Wprowadzenie produktu na rynek<\/li><li>Komunikaty prasowe<\/li><li>E-booki<\/li><\/ul>\n\n\n\n<h3 class=\"wp-block-heading\">&nbsp;T\u0142umaczenia marketingowe we wszystkich j\u0119zykach<\/h3>\n\n\n\n<ul class=\"wp-block-list\"><li><a href=\"https:\/\/culturesconnection.com\/pl\/nasze-francuskie-uslugi-tlumaczen-marketingowych\/\">T\u0142umaczenia marketingowe na j\u0119zyk francuski<\/a><\/li><li><a href=\"https:\/\/culturesconnection.com\/pl\/?page_id=13496\">T\u0142umaczenia marketingowe na j\u0119zyk hiszpa\u0144ski<\/a><\/li><li><a href=\"https:\/\/culturesconnection.com\/pl\/nasze-niemieckie-tlumaczenia-marketingowe\/\">T\u0142umaczenia marketingowe na j\u0119zyk niemiecki<\/a><\/li><li><a href=\"https:\/\/culturesconnection.com\/pl\/nasze-chinskie-tlumaczenia-marketingowe\/\">T\u0142umaczenia marketingowe na j\u0119zyk chi\u0144ski<\/a><\/li><li><a href=\"https:\/\/culturesconnection.com\/pl\/nasze-uslugi-arabskich-tlumaczen-marketingowych\/\">T\u0142umaczenia marketingowe na j\u0119zyk arabski<\/a><\/li><li><a href=\"https:\/\/culturesconnection.com\/pl\/nasze-wloskie-tlumaczenia-marketingowe\/\">T\u0142umaczenia marketingowe na j\u0119zyk w\u0142oski<\/a><\/li><li><a href=\"https:\/\/culturesconnection.com\/pl\/nasze-niderlandzkie-uslugi-tlumaczen-marketingowych\/\">T\u0142umaczenia marketingowe na j\u0119zyk niderlandzki<\/a><\/li><li><a href=\"https:\/\/culturesconnection.com\/pl\/?page_id=13692\">T\u0142umaczenia marketingowe na j\u0119zyk turecki<\/a><\/li><li><a href=\"https:\/\/culturesconnection.com\/pl\/nasze-uslugi-tlumaczen-marketingowych-z-japonskiego\/\">T\u0142umaczenia marketingowe na j\u0119zyk japo\u0144ski<\/a><\/li><li><a href=\"https:\/\/culturesconnection.com\/pl\/?page_id=13691\">T\u0142umaczenia marketingowe na j\u0119zyk rosyjski<\/a><\/li><\/ul>\n","protected":false},"excerpt":{"rendered":"<p>Polsko-portugalscy specjali\u015bci wykonuj\u0105cy portugalskie t\u0142umaczenia marketingowe T\u0142umaczenia marketingowe z i na j\u0119zyk portugalski s\u0105 cz\u0119sto dziedzin\u0105 t\u0142umacze\u0144, kt\u00f3rej z\u0142o\u017cono\u015b\u0107 jest niedoceniana. Je\u015bli celem profesjonalnego t\u0142umaczenia [&#8230;]<\/p>\n<p><a class=\"btn btn-secondary understrap-read-more-link\" href=\"https:\/\/culturesconnection.com\/pl\/nasze-uslugi-tlumaczeniowe-z-portugalskiego\/nasze-portugalskie-tlumaczenia-marketingowe\/\">Czytaj dalej\u2026<span class=\"screen-reader-text\"> from Nasze portugalskie t\u0142umaczenia marketingowe<\/span><\/a><\/p>\n","protected":false},"author":22,"featured_media":24334,"parent":11425,"menu_order":0,"comment_status":"closed","ping_status":"closed","template":"","meta":{"_acf_changed":false,"_editorskit_title_hidden":false,"_editorskit_reading_time":0,"_editorskit_is_block_options_detached":false,"_editorskit_block_options_position":"{}","footnotes":""},"class_list":["post-11427","page","type-page","status-publish","has-post-thumbnail","hentry"],"acf":[],"_links":{"self":[{"href":"https:\/\/culturesconnection.com\/pl\/wp-json\/wp\/v2\/pages\/11427","targetHints":{"allow":["GET"]}}],"collection":[{"href":"https:\/\/culturesconnection.com\/pl\/wp-json\/wp\/v2\/pages"}],"about":[{"href":"https:\/\/culturesconnection.com\/pl\/wp-json\/wp\/v2\/types\/page"}],"author":[{"embeddable":true,"href":"https:\/\/culturesconnection.com\/pl\/wp-json\/wp\/v2\/users\/22"}],"replies":[{"embeddable":true,"href":"https:\/\/culturesconnection.com\/pl\/wp-json\/wp\/v2\/comments?post=11427"}],"version-history":[{"count":0,"href":"https:\/\/culturesconnection.com\/pl\/wp-json\/wp\/v2\/pages\/11427\/revisions"}],"up":[{"embeddable":true,"href":"https:\/\/culturesconnection.com\/pl\/wp-json\/wp\/v2\/pages\/11425"}],"wp:featuredmedia":[{"embeddable":true,"href":"https:\/\/culturesconnection.com\/pl\/wp-json\/wp\/v2\/media\/24334"}],"wp:attachment":[{"href":"https:\/\/culturesconnection.com\/pl\/wp-json\/wp\/v2\/media?parent=11427"}],"curies":[{"name":"wp","href":"https:\/\/api.w.org\/{rel}","templated":true}]}}