{"id":11426,"date":"2018-11-06T10:30:07","date_gmt":"2018-11-06T08:30:07","guid":{"rendered":"http:\/\/culturesconnection.com\/?page_id=11426"},"modified":"2022-06-19T19:38:06","modified_gmt":"2022-06-19T17:38:06","slug":"nasze-portugalskie-tlumaczenia-prawne","status":"publish","type":"page","link":"https:\/\/culturesconnection.com\/pl\/nasze-uslugi-tlumaczeniowe-z-portugalskiego\/nasze-portugalskie-tlumaczenia-prawne\/","title":{"rendered":"Nasze portugalskie t\u0142umaczenia prawne"},"content":{"rendered":"\n<h2 class=\"wp-block-heading\">Profesjonalni t\u0142umacze wykonuj\u0105cy portugalskie t\u0142umaczenia prawne s\u0105 do Twojej dyspozycji<\/h2>\n\n\n\n<p>T\u0142umaczenia prawne s\u0105 z\u0142o\u017conym i technicznym zadaniem. Tylko wykwalifikowany i do\u015bwiadczony t\u0142umacz, wykonuj\u0105cy portugalskie t\u0142umaczenia prawne, mo\u017ce dostarczy\u0107 rezultat, kt\u00f3ry spe\u0142ni Twoje oczekiwania. W rzeczywisto\u015bci ten rodzaj t\u0142umacze\u0144 wymaga zaawansowanych umiej\u0119tno\u015bci i kwalifikacji w dziedzinie prawa. Fachowe terminy i precyzyjna terminologia obejmuje nie tylko prace badawcze, ale przede wszystkim du\u017co samodyscypliny. Aby zapewni\u0107 szybkie i wiarygodne wyniki, <a href=\"https:\/\/culturesconnection.com\/pl\/\">Cultures Connection<\/a> oferuje rozleg\u0142\u0105 sie\u0107 t\u0142umaczy specjalizuj\u0105cych si\u0119 w t\u0142umaczeniach prawnych, kt\u00f3rzy s\u0105 starannie wybierani na podstawie ich kwalifikacji i do\u015bwiadczenia w danym obszarze.<\/p>\n\n\n\n<h2 class=\"wp-block-heading\">Nasza agencja t\u0142umaczeniowa<\/h2>\n\n\n\n<p>Wybieraj\u0105c Cultures Connection decydujesz si\u0119 na jako\u015b\u0107, oszcz\u0119dno\u015b\u0107 czasu i precyzj\u0119, niezale\u017cnie od rodzaju \u015bwiadczonej <a href=\"https:\/\/culturesconnection.com\/pl\/profesjonalne-uslugi-tlumaczeniowe-we-wszystkich-jezykach\/\">us\u0142ugi t\u0142umaczeniowej<\/a>. Nasza agencja cieszy si\u0119 potwierdzonym do\u015bwiadczeniem w sektorze <a href=\"https:\/\/culturesconnection.com\/pl\/nasze-tlumaczenia-dokumentow-prawnych\/\">t\u0142umacze\u0144<\/a> zar\u00f3wno z, jak i na j\u0119zyk portugalski. Szanujemy kryteria wysokiej jako\u015bci i standard\u00f3w, maj\u0105c zawsze na celu przestrzeganie naszych warto\u015bci: przejrzysto\u015b\u0107, jako\u015b\u0107, terminowo\u015b\u0107 i zdolno\u015bci adaptacyjne. Wszystkie projekty, nad kt\u00f3rymi pracuje nasza agencja, s\u0105 powierzane ekipom naszych t\u0142umaczy i weryfikator\u00f3w wysoko wykwalifikowanych w dziedzinie prawa. Wszyscy ci eksperci pracowali w obr\u0119bie prawa (jako prawnicy, znawcy prawa).<\/p>\n\n\n\n<h2 class=\"wp-block-heading\">T\u0142umaczenie dokument\u00f3w prawnych na j\u0119zyk portugalski<\/h2>\n\n\n\n<p>Poni\u017cej znajduj\u0105 si\u0119 przyk\u0142ady r\u00f3\u017cnych rodzaj\u00f3w dokument\u00f3w prawnych, jakie nasza agencja przet\u0142umaczy\u0142a:<\/p>\n\n\n\n<ul class=\"wp-block-list\"><li>Umowy dystrybucji, sprzeda\u017cy i zatrudnienia<\/li><li>Skargi<\/li><li>Procedury prawne<\/li><li>Regulaminy<\/li><li>Ekspertyzy<\/li><li>Regulacje<\/li><li>Rejestry spadkowe<\/li><li>Pozwy rozwodowe<\/li><li>Klauzule o zakazie konkurencji i klauzule poufno\u015bci<\/li><li>Listy intencyjne<\/li><li>Dokumenty pe\u0142nomocnictwa<\/li><li>Dokumenty s\u0105dowe zwalniaj\u0105ce od odpowiedzialno\u015bci<\/li><li>Dokumenty statutowe<\/li><\/ul>\n\n\n\n<h3 class=\"wp-block-heading\">&nbsp;T\u0142umaczenia prawne we wszystkich j\u0119zykach<\/h3>\n\n\n\n<ul class=\"wp-block-list\"><li><a href=\"https:\/\/culturesconnection.com\/pl\/nasze-francuskie-tlumaczenia-prawne\/\">T\u0142umaczenia prawne na j\u0119zyk francuski<\/a><\/li><li><a href=\"https:\/\/culturesconnection.com\/pl\/nasze-prawnicze-uslugi-tlumaczeniowe-z-jezyka-hiszpanskiego\/\">T\u0142umaczenia prawne na j\u0119zyk hiszpa\u0144ski<\/a><\/li><li><a href=\"https:\/\/culturesconnection.com\/pl\/nasze-niemieckie-tlumaczenia-prawne\/\">T\u0142umaczenia prawne na j\u0119zyk niemiecki<\/a><\/li><li><a href=\"https:\/\/culturesconnection.com\/pl\/nasze-chinskie-uslugi-tlumaczen-prawnych\/\">T\u0142umaczenia prawne na j\u0119zyk chi\u0144ski<\/a><\/li><li><a href=\"https:\/\/culturesconnection.com\/pl\/nasze-arabskie-tlumaczenia-prawne\/\">T\u0142umaczenia prawne na j\u0119zyk arabski<\/a><\/li><li><a href=\"https:\/\/culturesconnection.com\/pl\/nasze-wloskie-tlumaczenia-prawne\/\">T\u0142umaczenia prawne na j\u0119zyk w\u0142oski<\/a><\/li><li><a href=\"https:\/\/culturesconnection.com\/pl\/nasze-niderlandzkie-uslugi-tlumaczen-prawnych\/\">T\u0142umaczenia prawne na j\u0119zyk niderlandzki<\/a><\/li><li><a href=\"https:\/\/culturesconnection.com\/pl\/nasze-uslugi-tlumaczen-prawniczych-z-tureckiego\/\">T\u0142umaczenia prawne na j\u0119zyk turecki<\/a><\/li><li><a href=\"https:\/\/culturesconnection.com\/pl\/nasze-japonskie-uslugi-tlumaczen-prawnych\/\">T\u0142umaczenia prawne na j\u0119zyk japo\u0144ski<\/a><\/li><li><a href=\"https:\/\/culturesconnection.com\/pl\/nasze-tlumaczenia-prawnicze-z-jezyka-rosyjskiego\/\">T\u0142umaczenia prawne na j\u0119zyk rosyjski<\/a><\/li><\/ul>\n","protected":false},"excerpt":{"rendered":"<p>Profesjonalni t\u0142umacze wykonuj\u0105cy portugalskie t\u0142umaczenia prawne s\u0105 do Twojej dyspozycji T\u0142umaczenia prawne s\u0105 z\u0142o\u017conym i technicznym zadaniem. Tylko wykwalifikowany i do\u015bwiadczony t\u0142umacz, wykonuj\u0105cy portugalskie t\u0142umaczenia [&#8230;]<\/p>\n<p><a class=\"btn btn-secondary understrap-read-more-link\" href=\"https:\/\/culturesconnection.com\/pl\/nasze-uslugi-tlumaczeniowe-z-portugalskiego\/nasze-portugalskie-tlumaczenia-prawne\/\">Czytaj dalej\u2026<span class=\"screen-reader-text\"> from Nasze portugalskie t\u0142umaczenia prawne<\/span><\/a><\/p>\n","protected":false},"author":22,"featured_media":24334,"parent":11425,"menu_order":0,"comment_status":"closed","ping_status":"closed","template":"","meta":{"_acf_changed":false,"_editorskit_title_hidden":false,"_editorskit_reading_time":0,"_editorskit_is_block_options_detached":false,"_editorskit_block_options_position":"{}","footnotes":""},"class_list":["post-11426","page","type-page","status-publish","has-post-thumbnail","hentry"],"acf":[],"_links":{"self":[{"href":"https:\/\/culturesconnection.com\/pl\/wp-json\/wp\/v2\/pages\/11426","targetHints":{"allow":["GET"]}}],"collection":[{"href":"https:\/\/culturesconnection.com\/pl\/wp-json\/wp\/v2\/pages"}],"about":[{"href":"https:\/\/culturesconnection.com\/pl\/wp-json\/wp\/v2\/types\/page"}],"author":[{"embeddable":true,"href":"https:\/\/culturesconnection.com\/pl\/wp-json\/wp\/v2\/users\/22"}],"replies":[{"embeddable":true,"href":"https:\/\/culturesconnection.com\/pl\/wp-json\/wp\/v2\/comments?post=11426"}],"version-history":[{"count":0,"href":"https:\/\/culturesconnection.com\/pl\/wp-json\/wp\/v2\/pages\/11426\/revisions"}],"up":[{"embeddable":true,"href":"https:\/\/culturesconnection.com\/pl\/wp-json\/wp\/v2\/pages\/11425"}],"wp:featuredmedia":[{"embeddable":true,"href":"https:\/\/culturesconnection.com\/pl\/wp-json\/wp\/v2\/media\/24334"}],"wp:attachment":[{"href":"https:\/\/culturesconnection.com\/pl\/wp-json\/wp\/v2\/media?parent=11426"}],"curies":[{"name":"wp","href":"https:\/\/api.w.org\/{rel}","templated":true}]}}