{"id":11423,"date":"2018-11-06T14:14:45","date_gmt":"2018-11-06T12:14:45","guid":{"rendered":"http:\/\/culturesconnection.com\/?page_id=11423"},"modified":"2022-06-18T21:39:07","modified_gmt":"2022-06-18T19:39:07","slug":"nasze-uslugi-w-zakresie-japonskich-tlumaczen-technicznych","status":"publish","type":"page","link":"https:\/\/culturesconnection.com\/pl\/nasze-japonskie-uslugi-tlumaczeniowe\/nasze-uslugi-w-zakresie-japonskich-tlumaczen-technicznych\/","title":{"rendered":"Nasze us\u0142ugi w zakresie japo\u0144skich t\u0142umacze\u0144 technicznych"},"content":{"rendered":"\n<h2 class=\"wp-block-heading\">Us\u0142ugi w zakresie japo\u0144skich t\u0142umacze\u0144 technicznych to prawdziwe wyzwanie<\/h2>\n\n\n\n<p>Globalizacja sprawi\u0142a \u017ce t\u0142umaczenia dokument\u00f3w technicznych sta\u0142y si\u0119 istotne dla firm, kt\u00f3re chc\u0105 eksportowa\u0107 swoje produkty na rynki zagraniczne. Us\u0142ugi w zakresie japo\u0144skich t\u0142umacze\u0144 technicznych s\u0105 niezb\u0119dnym krokiem dla firm pragn\u0105cych rozwija\u0107 swoj\u0105 dzia\u0142alno\u015b\u0107 w Japonii. Nie jest to \u0142atwe zadanie, t\u0142umaczenia techniczne wymagaj\u0105 wi\u0119cej ni\u017c tylko umiej\u0119tno\u015bci t\u0142umaczeniowych. W rzeczywisto\u015bci, przed rozpocz\u0119ciem t\u0142umaczenia, profesjonalny t\u0142umacz musi zrozumie\u0107, jak dzia\u0142a produkt, aby zapewni\u0107 jasne i precyzyjne t\u0142umaczenie, dostosowane do lokalnego rynku. Dlatego te\u017c musi posiada\u0107 gruntown\u0105 znajomo\u015b\u0107 termin\u00f3w technicznych.<\/p>\n\n\n\n<h2 class=\"wp-block-heading\">Nasze us\u0142ugi t\u0142umacze\u0144 technicznych<\/h2>\n\n\n\n<p><a href=\"https:\/\/culturesconnection.com\/pl\/\">Cultures Connection<\/a> pracuje z japo\u0144skimi t\u0142umaczami, kt\u00f3rzy specjalizuj\u0105 si\u0119 w t\u0142umaczeniu dokument\u00f3w technicznych. Nasi t\u0142umacze i korektorzy s\u0105 starannie wybierani na podstawie ich kwalifikacji i do\u015bwiadcze\u0144 nabytych po intensywnym szkoleniu lub po karierze w bran\u017cy technicznej. Maj\u0105 oni bardzo dobr\u0105 znajomo\u015b\u0107 j\u0119zyka japo\u0144skiego i polskiego, a tak\u017ce zaawansowane umiej\u0119tno\u015bci techniczne. Niezale\u017cnie od <a href=\"https:\/\/culturesconnection.com\/pl\/profesjonalne-uslugi-tlumaczeniowe-we-wszystkich-jezykach\/\">rodzaju t\u0142umaczenia<\/a>, nasi partnerzy wykonuj\u0105 t\u0142umaczenia tylko na j\u0119zyk ojczysty, w celu zagwarantowania wysokiej jako\u015bci pracy. Nasi t\u0142umacze techniczni s\u0105 wykwalifikowani w r\u00f3\u017cnorodnych obszarach, takich jak odnawialne \u017ar\u00f3d\u0142a energii, przemys\u0142 motoryzacyjny, programowanie graficzne, programowanie szyfruj\u0105ce, elektronika i wiele innych!<\/p>\n\n\n\n<h2 class=\"wp-block-heading\">T\u0142umaczenie dokument\u00f3w technicznych na j\u0119zyk japo\u0144ski<\/h2>\n\n\n\n<p>Poni\u017cejprzedstawiamy przyk\u0142adowy wykaz dokument\u00f3w technicznych, jakie nasza agencja ju\u017c przet\u0142umaczy\u0142a:<\/p>\n\n\n\n<ul class=\"wp-block-list\"><li>Wycena<\/li><li>Teksty in\u017cynieryjne<\/li><li>Podr\u0119czniki dla obrabiarek (lub innych rodzaj\u00f3w maszyn)<\/li><li>Opisy i arkusze danych technicznych<\/li><li>Standardy techniczne<\/li><li>Specyfikacje techniczne<\/li><li>Patenty techniczne<\/li><li>Instrukcje techniczne<\/li><li>Instrukcje obs\u0142ugi<\/li><li>Przewodniki u\u017cytkownika<\/li><\/ul>\n\n\n\n<h3 class=\"wp-block-heading\">&nbsp;T\u0142umaczenia techniczne we wszystkich j\u0119zykach<\/h3>\n\n\n\n<ul class=\"wp-block-list\"><li><a href=\"https:\/\/culturesconnection.com\/pl\/nasze-francuskie-tlumaczenia-techniczne\/\">T\u0142umaczenia techniczne na j\u0119zyk francuski<\/a><\/li><li><a href=\"https:\/\/culturesconnection.com\/pl\/nasze-uslugi-tlumaczen-technicznych-z-jezyka-hiszpanskiego\/\">T\u0142umaczenia techniczne na j\u0119zyk hiszpa\u0144ski<\/a><\/li><li><a href=\"https:\/\/culturesconnection.com\/pl\/nasze-niemieckie-tlumaczenia-techniczne\/\">T\u0142umaczenia techniczne na j\u0119zyk niemiecki<\/a><\/li><li><a href=\"https:\/\/culturesconnection.com\/pl\/nasze-chinskie-tlumaczenia-techniczne\/\">T\u0142umaczenia techniczne na j\u0119zyk chi\u0144ski<\/a><\/li><li><a href=\"https:\/\/culturesconnection.com\/pl\/nasze-uslugi-tlumaczen-technicznych-z-jezyka-arabskiego\/\">T\u0142umaczenia techniczne na j\u0119zyk arabski<\/a><\/li><li><a href=\"https:\/\/culturesconnection.com\/pl\/?page_id=13395\">T\u0142umaczenia techniczne na j\u0119zyk portugalski<\/a><\/li><li><a href=\"https:\/\/culturesconnection.com\/pl\/nasze-wloskie-uslugi-tlumaczen-technicznych\/\">T\u0142umaczenia techniczne na j\u0119zyk w\u0142oski<\/a><\/li><li><a href=\"https:\/\/culturesconnection.com\/pl\/nasze-niderlandzkie-uslugi-tlumaczen-technicznych\/\">T\u0142umaczenia techniczne na j\u0119zyk niderlandzki<\/a><\/li><li><a href=\"https:\/\/culturesconnection.com\/pl\/?page_id=13388\">T\u0142umaczenia techniczne na j\u0119zyk turecki<\/a><\/li><li><a href=\"https:\/\/culturesconnection.com\/pl\/nasze-uslugi-tlumaczen-technicznych-z-jezyka-rosyjskiego\/\">T\u0142umaczenia techniczne na j\u0119zyk rosyjski<\/a><\/li><\/ul>\n","protected":false},"excerpt":{"rendered":"<p>Us\u0142ugi w zakresie japo\u0144skich t\u0142umacze\u0144 technicznych to prawdziwe wyzwanie Globalizacja sprawi\u0142a \u017ce t\u0142umaczenia dokument\u00f3w technicznych sta\u0142y si\u0119 istotne dla firm, kt\u00f3re chc\u0105 eksportowa\u0107 swoje produkty [&#8230;]<\/p>\n<p><a class=\"btn btn-secondary understrap-read-more-link\" href=\"https:\/\/culturesconnection.com\/pl\/nasze-japonskie-uslugi-tlumaczeniowe\/nasze-uslugi-w-zakresie-japonskich-tlumaczen-technicznych\/\">Czytaj dalej\u2026<span class=\"screen-reader-text\"> from Nasze us\u0142ugi w zakresie japo\u0144skich t\u0142umacze\u0144 technicznych<\/span><\/a><\/p>\n","protected":false},"author":22,"featured_media":24334,"parent":11551,"menu_order":0,"comment_status":"closed","ping_status":"closed","template":"","meta":{"_acf_changed":false,"_editorskit_title_hidden":false,"_editorskit_reading_time":0,"_editorskit_is_block_options_detached":false,"_editorskit_block_options_position":"{}","footnotes":""},"class_list":["post-11423","page","type-page","status-publish","has-post-thumbnail","hentry"],"acf":[],"_links":{"self":[{"href":"https:\/\/culturesconnection.com\/pl\/wp-json\/wp\/v2\/pages\/11423","targetHints":{"allow":["GET"]}}],"collection":[{"href":"https:\/\/culturesconnection.com\/pl\/wp-json\/wp\/v2\/pages"}],"about":[{"href":"https:\/\/culturesconnection.com\/pl\/wp-json\/wp\/v2\/types\/page"}],"author":[{"embeddable":true,"href":"https:\/\/culturesconnection.com\/pl\/wp-json\/wp\/v2\/users\/22"}],"replies":[{"embeddable":true,"href":"https:\/\/culturesconnection.com\/pl\/wp-json\/wp\/v2\/comments?post=11423"}],"version-history":[{"count":0,"href":"https:\/\/culturesconnection.com\/pl\/wp-json\/wp\/v2\/pages\/11423\/revisions"}],"up":[{"embeddable":true,"href":"https:\/\/culturesconnection.com\/pl\/wp-json\/wp\/v2\/pages\/11551"}],"wp:featuredmedia":[{"embeddable":true,"href":"https:\/\/culturesconnection.com\/pl\/wp-json\/wp\/v2\/media\/24334"}],"wp:attachment":[{"href":"https:\/\/culturesconnection.com\/pl\/wp-json\/wp\/v2\/media?parent=11423"}],"curies":[{"name":"wp","href":"https:\/\/api.w.org\/{rel}","templated":true}]}}