{"id":11422,"date":"2018-11-05T11:44:19","date_gmt":"2018-11-05T09:44:19","guid":{"rendered":"http:\/\/culturesconnection.com\/?page_id=11422"},"modified":"2022-06-21T19:33:14","modified_gmt":"2022-06-21T17:33:14","slug":"nasze-japonskie-uslugi-w-zakresie-tworzenia-napisow","status":"publish","type":"page","link":"https:\/\/culturesconnection.com\/pl\/nasze-japonskie-uslugi-tlumaczeniowe\/nasze-japonskie-uslugi-w-zakresie-tworzenia-napisow\/","title":{"rendered":"Nasze japo\u0144skie us\u0142ugi w zakresie tworzenia napis\u00f3w"},"content":{"rendered":"\n<h2 class=\"wp-block-heading\">Polsko-japo\u0144skie us\u0142ugi w zakresie tworzenia napis\u00f3w<\/h2>\n\n\n\n<p>Czy chcia\u0142by\u015b aby Tw\u00f3j film dokumentalny lub komercyjny by\u0142 nadawany w Japonii? Nasz zesp\u00f3\u0142 t\u0142umaczy audiowizualnych mo\u017ce Ci pom\u00f3c w rozpowszechnieniu dokument\u00f3w audio i wideo na japo\u0144skim archipelagu. Te media s\u0105 bardzo zr\u00f3\u017cnicowane: reklamy wideo, filmy, filmy dokumentalne, filmy korporacyjne. Wyst\u0119puje na nie ci\u0105g\u0142e zapotrzebowanie, dlatego w odpowiedzi na nie <a href=\"https:\/\/culturesconnection.com\/pl\/\">Cultures Connection<\/a> posiada w swoich szeregach audiowizualnych specjalist\u00f3w i wykwalifikowanych technik\u00f3w, wykonuj\u0105cych us\u0142ugi w zakresie tworzenia napis\u00f3w, w celu udzielenia wsparcia i spe\u0142nienia wszystkich Twoich potrzeb.<\/p>\n\n\n\n<h2 class=\"wp-block-heading\">Szukasz agencji oferuj\u0105cej us\u0142ugi tworzenia napis\u00f3w?<\/h2>\n\n\n\n<p>Napisy, lektor, dubbing&#8230; Niezale\u017cnie czego potrzebujesz, z naszymi <a href=\"https:\/\/culturesconnection.com\/pl\/profesjonalne-uslugi-tlumaczeniowe-we-wszystkich-jezykach\/\">t\u0142umaczeniami<\/a> gwarantujemy wysokiej jako\u015bci us\u0142ugi w j\u0119zyku japo\u0144skim. Aby stworzy\u0107 napisy, nasi profesjonalni t\u0142umacze przepisuj\u0105 tekst, nast\u0119pnie synchronizuj\u0105 napisy z d\u017awi\u0119kiem, t\u0142umacz\u0105 je, by na koniec dostosowa\u0107 je do ca\u0142o\u015bci materia\u0142u. Dubbing stawia wi\u0119cej ogranicze\u0144, poniewa\u017c opr\u00f3cz t\u0142umaczenia tre\u015bci i dostosowania jej do czasu wypowiedzi, jako \u017ce wyst\u0119puje tutaj g\u0142os osoby dubbinguj\u0105cej, usta bohater\u00f3w musz\u0105 by\u0107 zsynchronizowane z wypowiedziami w j\u0119zyku obcym.&nbsp; Nasi t\u0142umacze japo\u0144sko-polscy lub polsko-japo\u0144scy pomog\u0105 Ci w udost\u0119pnieniu Twojego dokumentu wideo lub audio na innych rynkach.<\/p>\n\n\n\n<h2 class=\"wp-block-heading\">Twoje dokumenty audiowizualne w j\u0119zyku japo\u0144skim<\/h2>\n\n\n\n<p><a href=\"https:\/\/culturesconnection.com\/pl\/nasze-uslugi-tworzenia-napisow\/\">Us\u0142ugi tworzenia napis\u00f3w<\/a>, kt\u00f3re oferujemy, odnosz\u0105 si\u0119 do szerokiej gamy materia\u0142\u00f3w. Poni\u017cej mo\u017cna znale\u017a\u0107 wykaz przyk\u0142adowych materia\u0142\u00f3w przet\u0142umaczonych przez Cultures Connection:<\/p>\n\n\n\n<ul class=\"wp-block-list\"><li>Filmy reklamowe i komercyjne<\/li><li>Filmy korporacyjne<\/li><li>Filmy instytucjonalne<\/li><li>Teksty d\u017awi\u0119kowe<\/li><li>Filmy dokumentalne<\/li><li>Gry wideo<\/li><\/ul>\n\n\n\n<h3 class=\"wp-block-heading\">&nbsp;Us\u0142ugi tworzenia napis\u00f3w na wszystkie j\u0119zyki<\/h3>\n\n\n\n<ul class=\"wp-block-list\"><li><a href=\"https:\/\/culturesconnection.com\/pl\/nasze-francuskie-uslugi-tworzenia-napisow\/\">Tworzenie napis\u00f3w na j\u0119zyk francuski<\/a><\/li><li><a href=\"https:\/\/culturesconnection.com\/pl\/nasze-uslugi-tworzenia-napisow-z-hiszpanskiego\/\">Tworzenie napis\u00f3w na j\u0119zyk hiszpa\u0144ski<\/a><\/li><li><a href=\"https:\/\/culturesconnection.com\/pl\/nasze-polsko-niemieckie-uslugi-tworzenia-napisow\/\">Tworzenie napis\u00f3w na j\u0119zyk niemiecki<\/a><\/li><li><a href=\"https:\/\/culturesconnection.com\/pl\/nasze-chinskie-uslugi-tworzenia-napisow\/\">Tworzenie napis\u00f3w na j\u0119zyk chi\u0144ski<\/a><\/li><li><a href=\"https:\/\/culturesconnection.com\/pl\/nasze-arabskie-uslugi-tworzenia-napisow\/\">Tworzenie napis\u00f3w na j\u0119zyk arabski<\/a><\/li><li><a href=\"https:\/\/culturesconnection.com\/pl\/nasze-uslugi-tworzenia-napisow-z-jezyka-portugalskiego\/\">Tworzenie napis\u00f3w na j\u0119zyk portugalski<\/a><\/li><li><a href=\"https:\/\/culturesconnection.com\/pl\/nasze-wloskie-uslugi-tworzenia-napisow\/\">Tworzenie napis\u00f3w na j\u0119zyk w\u0142oski<\/a><\/li><li><a href=\"https:\/\/culturesconnection.com\/pl\/niderlandzkie-uslugi-tworzenia-napisow\/\">Tworzenie napis\u00f3w na j\u0119zyk niderlandzki<\/a><\/li><li><a href=\"https:\/\/culturesconnection.com\/pl\/?page_id=13387\">Tworzenie napis\u00f3w na j\u0119zyk turecki<\/a><\/li><li><a href=\"https:\/\/culturesconnection.com\/pl\/nasze-uslugi-tworzenia-napisow-z-rosyjskiego\/\">Tworzenie napis\u00f3w na j\u0119zyk rosyjski<\/a><\/li><\/ul>\n","protected":false},"excerpt":{"rendered":"<p>Polsko-japo\u0144skie us\u0142ugi w zakresie tworzenia napis\u00f3w Czy chcia\u0142by\u015b aby Tw\u00f3j film dokumentalny lub komercyjny by\u0142 nadawany w Japonii? Nasz zesp\u00f3\u0142 t\u0142umaczy audiowizualnych mo\u017ce Ci pom\u00f3c [&#8230;]<\/p>\n<p><a class=\"btn btn-secondary understrap-read-more-link\" href=\"https:\/\/culturesconnection.com\/pl\/nasze-japonskie-uslugi-tlumaczeniowe\/nasze-japonskie-uslugi-w-zakresie-tworzenia-napisow\/\">Czytaj dalej\u2026<span class=\"screen-reader-text\"> from Nasze japo\u0144skie us\u0142ugi w zakresie tworzenia napis\u00f3w<\/span><\/a><\/p>\n","protected":false},"author":22,"featured_media":24334,"parent":11551,"menu_order":0,"comment_status":"closed","ping_status":"closed","template":"","meta":{"_acf_changed":false,"_editorskit_title_hidden":false,"_editorskit_reading_time":0,"_editorskit_is_block_options_detached":false,"_editorskit_block_options_position":"{}","footnotes":""},"class_list":["post-11422","page","type-page","status-publish","has-post-thumbnail","hentry"],"acf":[],"_links":{"self":[{"href":"https:\/\/culturesconnection.com\/pl\/wp-json\/wp\/v2\/pages\/11422","targetHints":{"allow":["GET"]}}],"collection":[{"href":"https:\/\/culturesconnection.com\/pl\/wp-json\/wp\/v2\/pages"}],"about":[{"href":"https:\/\/culturesconnection.com\/pl\/wp-json\/wp\/v2\/types\/page"}],"author":[{"embeddable":true,"href":"https:\/\/culturesconnection.com\/pl\/wp-json\/wp\/v2\/users\/22"}],"replies":[{"embeddable":true,"href":"https:\/\/culturesconnection.com\/pl\/wp-json\/wp\/v2\/comments?post=11422"}],"version-history":[{"count":0,"href":"https:\/\/culturesconnection.com\/pl\/wp-json\/wp\/v2\/pages\/11422\/revisions"}],"up":[{"embeddable":true,"href":"https:\/\/culturesconnection.com\/pl\/wp-json\/wp\/v2\/pages\/11551"}],"wp:featuredmedia":[{"embeddable":true,"href":"https:\/\/culturesconnection.com\/pl\/wp-json\/wp\/v2\/media\/24334"}],"wp:attachment":[{"href":"https:\/\/culturesconnection.com\/pl\/wp-json\/wp\/v2\/media?parent=11422"}],"curies":[{"name":"wp","href":"https:\/\/api.w.org\/{rel}","templated":true}]}}