{"id":11421,"date":"2018-11-05T11:12:19","date_gmt":"2018-11-05T09:12:19","guid":{"rendered":"http:\/\/culturesconnection.com\/?page_id=11421"},"modified":"2022-06-21T06:11:28","modified_gmt":"2022-06-21T04:11:28","slug":"nasze-japonskie-uslugi-tlumaczen-naukowych","status":"publish","type":"page","link":"https:\/\/culturesconnection.com\/pl\/nasze-japonskie-uslugi-tlumaczeniowe\/nasze-japonskie-uslugi-tlumaczen-naukowych\/","title":{"rendered":"Nasze japo\u0144skie us\u0142ugi t\u0142umacze\u0144 naukowych"},"content":{"rendered":"\n<h2 class=\"wp-block-heading\">Nasze polsko-japo\u0144skie us\u0142ugi t\u0142umacze\u0144 naukowych<\/h2>\n\n\n\n<p>Aby osi\u0105gn\u0105\u0107 dobrej jako\u015bci t\u0142umaczenie naukowe, nale\u017cy zacz\u0105\u0107 od analizy terminologii specjalistycznej w tek\u015bcie \u017ar\u00f3d\u0142owym. Dziedzina nauk \u015bcis\u0142ych wymaga ogromnej precyzji, dlatego te\u017c praca przygotowawcza jest do tego niezb\u0119dna. Cennymi narz\u0119dziami dla t\u0142umaczy s\u0105 s\u0142owniki i podr\u0119czniki do specjalizacji naukowej. Mog\u0105 oni r\u00f3wnie\u017c potrzebowa\u0107 pomocy klienta, je\u015bli maj\u0105 w\u0105tpliwo\u015bci co do poszczeg\u00f3lnych termin\u00f3w w przek\u0142adzie.<\/p>\n\n\n\n<h2 class=\"wp-block-heading\">Nasza agencja t\u0142umacze\u0144<\/h2>\n\n\n\n<p>Agencja <a href=\"https:\/\/culturesconnection.com\/pl\/\">Cultures Connection<\/a>, wraz ze swoim zespo\u0142em japo\u0144skich lingwist\u00f3w wykonuj\u0105cych japo\u0144skie us\u0142ugi t\u0142umacze\u0144 naukowych, oferuje swoje serwisy w r\u00f3\u017cnorodnych dziedzinach nauk \u015bcis\u0142ych. Specjalno\u015bci przez nas oferowane to na przyk\u0142ad bior\u00f3\u017cnorodno\u015b\u0107, specjalno\u015b\u0107 medyczna, biomedyczna, specjalno\u015b\u0107 z zakresu ochrony \u015brodowiska czy wzajemnego oddzia\u0142ywania pomi\u0119dzy \u017cywicielem a czynnikiem chorobotw\u00f3rczym. Chcesz wys\u0142a\u0107 japo\u0144ski dokument naukowy do Polski, lub odwrotnie? Dobrze trafi\u0142e\u015b! Je\u015bli zale\u017cy Ci na wysokiej jako\u015bci <a href=\"https:\/\/culturesconnection.com\/pl\/profesjonalne-uslugi-tlumaczeniowe-we-wszystkich-jezykach\/\">us\u0142ugach t\u0142umaczeniowych<\/a>, jeste\u015b we w\u0142a\u015bciwym miejscu!<\/p>\n\n\n\n<h2 class=\"wp-block-heading\">T\u0142umaczenie dokument\u00f3w naukowych na j\u0119zyk japo\u0144ski<\/h2>\n\n\n\n<p>Cultures Connection obs\u0142uguje wiele <a href=\"https:\/\/culturesconnection.com\/pl\/nasze-tlumaczenia-materialow-naukowych\/\">dokument\u00f3w naukowych<\/a> w j\u0119zyku japo\u0144skim. Oto kilka przyk\u0142ad\u00f3w t\u0142umacze\u0144 wykonanych przez nasz\u0105 agencj\u0119:<\/p>\n\n\n\n<ul class=\"wp-block-list\"><li>Leksykony, encyklopedie naukowe i s\u0142owniki<\/li><li>Dokumenty techniczne i artyku\u0142y naukowe<\/li><li>Podr\u0119czniki operatora i instrukcje obs\u0142ugi<\/li><li>Badania laboratoryjne, protoko\u0142y bada\u0144<\/li><li>Dokumenty prawne, patenty i wytyczne<\/li><li>Specyfikacje<\/li><li>Mi\u0119dzynarodowe badania projektu i rynku<\/li><li>Oprogramowania symulacyjne (biotechnologia, \u015brodowisko, przekszta\u0142cenie teren\u00f3w przemys\u0142owych)<\/li><li>Prezentacje multimedialne i wideo<\/li><li>T\u0142umaczenie i lokalizacja stron internetowych<\/li><li>T\u0142umaczenie podr\u0119cznik\u00f3w technicznych, prezentacje konferencyjne<\/li><\/ul>\n\n\n\n<h2 class=\"wp-block-heading\">T\u0142umaczenia naukowe we wszystkich j\u0119zykach<\/h2>\n\n\n\n<ul class=\"wp-block-list\"><li><a href=\"https:\/\/culturesconnection.com\/pl\/nasze-francuskie-uslugi-tlumaczen-naukowych\/\">T\u0142umaczenia naukowe na j\u0119zyk francuski<\/a><\/li><li><a href=\"https:\/\/culturesconnection.com\/pl\/nasze-tlumaczenia-naukowe-z-jezyka-hiszpanskiego\/\">T\u0142umaczenia naukowe na j\u0119zyk hiszpa\u0144ski<\/a><\/li><li><a href=\"https:\/\/culturesconnection.com\/pl\/nasze-niemieckie-uslugi-tlumaczen-naukowych\/\">T\u0142umaczenia naukowe na j\u0119zyk niemiecki<\/a><\/li><li><a href=\"https:\/\/culturesconnection.com\/pl\/nasze-tlumaczenia-naukowe-z-jezyka-chinskiego\/\">T\u0142umaczenia naukowe na j\u0119zyk chi\u0144ski<\/a><\/li><li><a href=\"https:\/\/culturesconnection.com\/pl\/nasze-arabskie-uslugi-tlumaczen-naukowych\/\">T\u0142umaczenia naukowe na j\u0119zyk arabski<\/a><\/li><li><a href=\"https:\/\/culturesconnection.com\/pl\/?page_id=13394\">T\u0142umaczenia naukowe na j\u0119zyk portugalski<\/a><\/li><li><a href=\"https:\/\/culturesconnection.com\/pl\/nasze-wloskie-tlumaczenia-naukowe\/\">T\u0142umaczenia naukowe na j\u0119zyk w\u0142oski<\/a><\/li><li><a href=\"https:\/\/culturesconnection.com\/pl\/nasze-niderlandzkie-uslugi-tlumaczen-naukowych\/\">T\u0142umaczenia naukowe na j\u0119zyk niderlandzki<\/a><\/li><li><a href=\"https:\/\/culturesconnection.com\/pl\/?page_id=13386\">T\u0142umaczenia naukowe na j\u0119zyk turecki<\/a><\/li><li><a href=\"https:\/\/culturesconnection.com\/pl\/nasze-tlumaczenia-naukowe-z-jezyka-rosyjskiego\/\">T\u0142umaczenia naukowe na j\u0119zyk rosyjski<\/a><\/li><\/ul>\n","protected":false},"excerpt":{"rendered":"<p>Nasze polsko-japo\u0144skie us\u0142ugi t\u0142umacze\u0144 naukowych Aby osi\u0105gn\u0105\u0107 dobrej jako\u015bci t\u0142umaczenie naukowe, nale\u017cy zacz\u0105\u0107 od analizy terminologii specjalistycznej w tek\u015bcie \u017ar\u00f3d\u0142owym. Dziedzina nauk \u015bcis\u0142ych wymaga ogromnej [&#8230;]<\/p>\n<p><a class=\"btn btn-secondary understrap-read-more-link\" href=\"https:\/\/culturesconnection.com\/pl\/nasze-japonskie-uslugi-tlumaczeniowe\/nasze-japonskie-uslugi-tlumaczen-naukowych\/\">Czytaj dalej\u2026<span class=\"screen-reader-text\"> from Nasze japo\u0144skie us\u0142ugi t\u0142umacze\u0144 naukowych<\/span><\/a><\/p>\n","protected":false},"author":22,"featured_media":24334,"parent":11551,"menu_order":0,"comment_status":"closed","ping_status":"closed","template":"","meta":{"_acf_changed":false,"_editorskit_title_hidden":false,"_editorskit_reading_time":0,"_editorskit_is_block_options_detached":false,"_editorskit_block_options_position":"{}","footnotes":""},"class_list":["post-11421","page","type-page","status-publish","has-post-thumbnail","hentry"],"acf":[],"_links":{"self":[{"href":"https:\/\/culturesconnection.com\/pl\/wp-json\/wp\/v2\/pages\/11421","targetHints":{"allow":["GET"]}}],"collection":[{"href":"https:\/\/culturesconnection.com\/pl\/wp-json\/wp\/v2\/pages"}],"about":[{"href":"https:\/\/culturesconnection.com\/pl\/wp-json\/wp\/v2\/types\/page"}],"author":[{"embeddable":true,"href":"https:\/\/culturesconnection.com\/pl\/wp-json\/wp\/v2\/users\/22"}],"replies":[{"embeddable":true,"href":"https:\/\/culturesconnection.com\/pl\/wp-json\/wp\/v2\/comments?post=11421"}],"version-history":[{"count":0,"href":"https:\/\/culturesconnection.com\/pl\/wp-json\/wp\/v2\/pages\/11421\/revisions"}],"up":[{"embeddable":true,"href":"https:\/\/culturesconnection.com\/pl\/wp-json\/wp\/v2\/pages\/11551"}],"wp:featuredmedia":[{"embeddable":true,"href":"https:\/\/culturesconnection.com\/pl\/wp-json\/wp\/v2\/media\/24334"}],"wp:attachment":[{"href":"https:\/\/culturesconnection.com\/pl\/wp-json\/wp\/v2\/media?parent=11421"}],"curies":[{"name":"wp","href":"https:\/\/api.w.org\/{rel}","templated":true}]}}