{"id":11415,"date":"2018-11-06T14:01:46","date_gmt":"2018-11-06T12:01:46","guid":{"rendered":"http:\/\/culturesconnection.com\/?page_id=11415"},"modified":"2022-06-21T19:12:20","modified_gmt":"2022-06-21T17:12:20","slug":"nasze-uslugi-tworzenia-napisow-z-jezyka-portugalskiego","status":"publish","type":"page","link":"https:\/\/culturesconnection.com\/pl\/nasze-uslugi-tlumaczeniowe-z-portugalskiego\/nasze-uslugi-tworzenia-napisow-z-jezyka-portugalskiego\/","title":{"rendered":"Us\u0142ugi tworzenia napis\u00f3w z portugalskiego"},"content":{"rendered":"\n<h2 class=\"wp-block-heading\">Us\u0142ugi tworzenia napis\u00f3w z portugalskiego<\/h2>\n\n\n\n<p>Nie wiesz jak wyemitowa\u0107 wideo w Portugalii lub Brazylii, kt\u00f3re by\u0142o pocz\u0105tkowo w j\u0119zyku polskim? Wy\u015blij nam sw\u00f3j projekt t\u0142umaczenia, a my natychmiast powierzymy go prawdziwemu specjali\u015bcie \u015bwiadcz\u0105cemu us\u0142ugi tworzenia napis\u00f3w z portugalskiego . Jeste\u015bmy \u015bwiadomi, i\u017c obecnie media zajmuj\u0105 wa\u017cne miejsce w naszym spo\u0142ecze\u0144stwie. Reprezentuj\u0105 obszerne \u017ar\u00f3d\u0142o informacji, co je czyni warto\u015bciowym narz\u0119dziem dla ka\u017cdej firmy, kt\u00f3ra chcia\u0142aby by\u0107 rozpoznawalna. W konsekwencji, t\u0142umaczenie tych materia\u0142\u00f3w b\u0119dzie jedynym sposobem \u017ceby rozpocz\u0105\u0107 swoj\u0105 dzia\u0142alno\u015b\u0107 za granic\u0105.<\/p>\n\n\n\n<h2 class=\"wp-block-heading\">Nasza agencja<\/h2>\n\n\n\n<p><a href=\"https:\/\/culturesconnection.com\/pl\/\">Cultures Connection<\/a> zapewnia unikalne <a href=\"https:\/\/culturesconnection.com\/pl\/profesjonalne-uslugi-tlumaczeniowe-we-wszystkich-jezykach\/\">us\u0142ugi t\u0142umaczeniowe<\/a> i wsp\u00f3\u0142pracuje z zespo\u0142em polsko-portugalskich i portugalsko-polskich t\u0142umaczy kt\u00f3rzy s\u0105 do\u015bwiadczeni i wyspecjalizowani w <a href=\"https:\/\/culturesconnection.com\/pl\/nasze-uslugi-tworzenia-napisow\/\">tworzeniu napis\u00f3w<\/a>, w celu \u015bwiadczenia poziomu us\u0142ug jakiego sobie \u017cyczysz. Wszyscy maj\u0105 rozleg\u0142e do\u015bwiadczenie w tej bran\u017cy i zostali wybrani na podstawie przebytych szkole\u0144 i ich umiej\u0119tno\u015bci j\u0119zykowych z portugalskiego i polskiego. Mo\u017cesz wybra\u0107 spo\u015br\u00f3d wielu us\u0142ug: transkrypcje w formie tekstu, \u015bledzenie czasu (synchronizacja napis\u00f3w z d\u017awi\u0119kiem), adaptacja i tworzenie napis\u00f3w w j\u0119zyku portugalskim, lektor&#8230; Wszystko czego potrzebujesz, aby precyzyjnie przystosowa\u0107 swoje multimedia i zadowoli\u0107 brazylijsk\u0105 oraz portugalsk\u0105 publiczno\u015b\u0107.<\/p>\n\n\n\n<h2 class=\"wp-block-heading\">Twoje materia\u0142y audiowizualne w j\u0119zyku portugalskim<\/h2>\n\n\n\n<p>Jakiego rodzaju materia\u0142y chcia\u0142by\u015b przet\u0142umaczy\u0107? Jeste\u015bmy w stanie przet\u0142umaczy\u0107 r\u00f3\u017cnego rodzaju pliki audiowizualne. Oto kilka przyk\u0142ad\u00f3w:<\/p>\n\n\n\n<ul class=\"wp-block-list\"><li>Filmy reklamowe i komercyjne<\/li><li>Filmy korporacyjne<\/li><li>Filmy instytucjonalne<\/li><li>Teksty d\u017awi\u0119kowe<\/li><li>Filmy dokumentalne<\/li><li>Gry wideo<\/li><\/ul>\n\n\n\n<h3 class=\"wp-block-heading\">&nbsp;Us\u0142ugi tworzenia napis\u00f3w na wszystkie j\u0119zyki<\/h3>\n\n\n\n<ul class=\"wp-block-list\"><li><a href=\"https:\/\/culturesconnection.com\/pl\/nasze-francuskie-uslugi-tworzenia-napisow\/\">Tworzenie napis\u00f3w na j\u0119zyk francuski<\/a><\/li><li><a href=\"https:\/\/culturesconnection.com\/pl\/nasze-uslugi-tworzenia-napisow-z-hiszpanskiego\/\">Tworzenie napis\u00f3w na j\u0119zyk hiszpa\u0144ski<\/a><\/li><li><a href=\"https:\/\/culturesconnection.com\/pl\/nasze-polsko-niemieckie-uslugi-tworzenia-napisow\/\">Tworzenie napis\u00f3w na j\u0119zyk niemiecki<\/a><\/li><li><a href=\"https:\/\/culturesconnection.com\/pl\/nasze-chinskie-uslugi-tworzenia-napisow\/\">Tworzenie napis\u00f3w na j\u0119zyk chi\u0144ski<\/a><\/li><li><a href=\"https:\/\/culturesconnection.com\/pl\/nasze-arabskie-uslugi-tworzenia-napisow\/\">Tworzenie napis\u00f3w na j\u0119zyk arabski<\/a><\/li><li><a href=\"https:\/\/culturesconnection.com\/pl\/nasze-wloskie-uslugi-tworzenia-napisow\/\">Tworzenie napis\u00f3w na j\u0119zyk w\u0142oski<\/a><\/li><li><a href=\"https:\/\/culturesconnection.com\/pl\/niderlandzkie-uslugi-tworzenia-napisow\/\">Tworzenie napis\u00f3w na j\u0119zyk niderlandzki<\/a><\/li><li><a href=\"https:\/\/culturesconnection.com\/pl\/?page_id=13387\">Tworzenie napis\u00f3w na j\u0119zyk turecki<\/a><\/li><li><a href=\"https:\/\/culturesconnection.com\/pl\/nasze-japonskie-uslugi-w-zakresie-tworzenia-napisow\/\">Tworzenie napis\u00f3w na j\u0119zyk japo\u0144ski<\/a><\/li><li><a href=\"https:\/\/culturesconnection.com\/pl\/nasze-uslugi-tworzenia-napisow-z-rosyjskiego\/\">Tworzenie napis\u00f3w na j\u0119zyk rosyjski<\/a><\/li><\/ul>\n","protected":false},"excerpt":{"rendered":"<p>Us\u0142ugi tworzenia napis\u00f3w z portugalskiego Nie wiesz jak wyemitowa\u0107 wideo w Portugalii lub Brazylii, kt\u00f3re by\u0142o pocz\u0105tkowo w j\u0119zyku polskim? Wy\u015blij nam sw\u00f3j projekt t\u0142umaczenia, [&#8230;]<\/p>\n<p><a class=\"btn btn-secondary understrap-read-more-link\" href=\"https:\/\/culturesconnection.com\/pl\/nasze-uslugi-tlumaczeniowe-z-portugalskiego\/nasze-uslugi-tworzenia-napisow-z-jezyka-portugalskiego\/\">Czytaj dalej\u2026<span class=\"screen-reader-text\"> from Us\u0142ugi tworzenia napis\u00f3w z portugalskiego<\/span><\/a><\/p>\n","protected":false},"author":22,"featured_media":24334,"parent":11425,"menu_order":0,"comment_status":"closed","ping_status":"closed","template":"","meta":{"_acf_changed":false,"_editorskit_title_hidden":false,"_editorskit_reading_time":0,"_editorskit_is_block_options_detached":false,"_editorskit_block_options_position":"{}","footnotes":""},"class_list":["post-11415","page","type-page","status-publish","has-post-thumbnail","hentry"],"acf":[],"_links":{"self":[{"href":"https:\/\/culturesconnection.com\/pl\/wp-json\/wp\/v2\/pages\/11415","targetHints":{"allow":["GET"]}}],"collection":[{"href":"https:\/\/culturesconnection.com\/pl\/wp-json\/wp\/v2\/pages"}],"about":[{"href":"https:\/\/culturesconnection.com\/pl\/wp-json\/wp\/v2\/types\/page"}],"author":[{"embeddable":true,"href":"https:\/\/culturesconnection.com\/pl\/wp-json\/wp\/v2\/users\/22"}],"replies":[{"embeddable":true,"href":"https:\/\/culturesconnection.com\/pl\/wp-json\/wp\/v2\/comments?post=11415"}],"version-history":[{"count":0,"href":"https:\/\/culturesconnection.com\/pl\/wp-json\/wp\/v2\/pages\/11415\/revisions"}],"up":[{"embeddable":true,"href":"https:\/\/culturesconnection.com\/pl\/wp-json\/wp\/v2\/pages\/11425"}],"wp:featuredmedia":[{"embeddable":true,"href":"https:\/\/culturesconnection.com\/pl\/wp-json\/wp\/v2\/media\/24334"}],"wp:attachment":[{"href":"https:\/\/culturesconnection.com\/pl\/wp-json\/wp\/v2\/media?parent=11415"}],"curies":[{"name":"wp","href":"https:\/\/api.w.org\/{rel}","templated":true}]}}