{"id":8078,"date":"2017-05-08T17:27:12","date_gmt":"2017-05-08T15:27:12","guid":{"rendered":"http:\/\/culturesconnection.com\/?page_id=8078\/"},"modified":"2022-06-21T01:28:07","modified_gmt":"2022-06-20T23:28:07","slug":"financiele-vertaling-portugees","status":"publish","type":"page","link":"https:\/\/culturesconnection.com\/nl\/portugese-vertaling\/financiele-vertaling-portugees\/","title":{"rendered":"Onze financi\u00eble vertaaldiensten in het Portugees"},"content":{"rendered":"\n<h2 class=\"wp-block-heading\">Het werk wordt geleverd door Nederlands-Portugese vertaalexperts gespecialiseerd in de financi\u00eble sector.<\/h2>\n\n\n\n<p>Financi\u00eble vertaling is een ingewikkelde en technische taak die expertise vereist van financi\u00eble concepten en bijbehorende terminologie. Binnen dit vakgebied moet de vertaler competent, ervaren, zorgvuldig en streng zijn. De vertaler kan het zich niet permitteren om fouten te maken, omdat dit kan leiden tot misverstanden bij de lezer. Om een dergelijke, frustrerende situatie te voorkomen, biedt ons <a href=\"https:\/\/culturesconnection.com\/nl\/\">vertaalbureau<\/a> u professionele vertaaldiensten aan van vertalers die gespecialiseerd zijn in financi\u00eble vertalingen naar het Portugees. Deze vertalers zijn geselecteerd op basis van hun ervaring, academische diploma\u2019s en kwalificaties. Ze hebben allemaal meerdere jaren ervaring in de wereld van de financi\u00eble vertalingen en spreken vloeiend Nederlands en Portugees.<\/p>\n\n\n\n<h2 class=\"wp-block-heading\">Heeft u een financi\u00eble vertaling nodig?<\/h2>\n\n\n\n<p>Als u kiest voor ons vertaalbureau voor uw Portugese financi\u00eble vertalingen, kiest u voor betrouwbaarheid, kwaliteit en een tijdige service. Cultures Connection heeft vele jaren ervaring in het vakgebied en biedt uitstekende <a href=\"https:\/\/culturesconnection.com\/nl\/vertaling-in-alle-talen\/\">vertaaldiensten<\/a>. Alle projecten worden uitgevoerd door ervaren vertalers en correctors die aan al uw wensen zullen voldoen tegen de beste marktprijs. Ze hebben een uiterst gedetailleerde vakkennis en staan achter alle waarden van ons vertaalbureau.<\/p>\n\n\n\n<h2 class=\"wp-block-heading\">Uw financi\u00eble documenten in het Portugees<\/h2>\n\n\n\n<p>Hieronder vindt u enkele voorbeelden van <a href=\"https:\/\/culturesconnection.com\/nl\/financiele-vertaling\/\">financi\u00eble documenten<\/a> die we regelmatig vertalen van en naar het Portugees.<\/p>\n\n\n\n<ul class=\"wp-block-list\"><li>Documenten met essenti\u00eble beleggersinformatie<\/li><li>Brochures<\/li><li>Investeringsfondsrapporten<\/li><li>Activiteitenverslagen<\/li><li>Balansen<\/li><li>Effectenbeurs<\/li><li>Bankdocumenten<\/li><li>Documenten met financi\u00eble informatie<\/li><li>Onderzoeksrapporten<\/li><li>Documenten voor risico- en vermogensbeheer<\/li><li>Auditrapporten<\/li><li>Teksten over fusies en overnames<\/li><\/ul>\n","protected":false},"excerpt":{"rendered":"<p>Het werk wordt geleverd door Nederlands-Portugese vertaalexperts gespecialiseerd in de financi\u00eble sector. Financi\u00eble vertaling is een ingewikkelde en technische taak die expertise vereist van financi\u00eble [&#8230;]<\/p>\n<p><a class=\"btn btn-secondary understrap-read-more-link\" href=\"https:\/\/culturesconnection.com\/nl\/portugese-vertaling\/financiele-vertaling-portugees\/\">Lees verder\u2026<span class=\"screen-reader-text\"> from Onze financi\u00eble vertaaldiensten in het Portugees<\/span><\/a><\/p>\n","protected":false},"author":29,"featured_media":0,"parent":8095,"menu_order":0,"comment_status":"closed","ping_status":"closed","template":"","meta":{"_acf_changed":false,"_editorskit_title_hidden":false,"_editorskit_reading_time":0,"_editorskit_is_block_options_detached":false,"_editorskit_block_options_position":"{}","footnotes":""},"class_list":["post-8078","page","type-page","status-publish","hentry"],"acf":[],"_links":{"self":[{"href":"https:\/\/culturesconnection.com\/nl\/wp-json\/wp\/v2\/pages\/8078","targetHints":{"allow":["GET"]}}],"collection":[{"href":"https:\/\/culturesconnection.com\/nl\/wp-json\/wp\/v2\/pages"}],"about":[{"href":"https:\/\/culturesconnection.com\/nl\/wp-json\/wp\/v2\/types\/page"}],"author":[{"embeddable":true,"href":"https:\/\/culturesconnection.com\/nl\/wp-json\/wp\/v2\/users\/29"}],"replies":[{"embeddable":true,"href":"https:\/\/culturesconnection.com\/nl\/wp-json\/wp\/v2\/comments?post=8078"}],"version-history":[{"count":0,"href":"https:\/\/culturesconnection.com\/nl\/wp-json\/wp\/v2\/pages\/8078\/revisions"}],"up":[{"embeddable":true,"href":"https:\/\/culturesconnection.com\/nl\/wp-json\/wp\/v2\/pages\/8095"}],"wp:attachment":[{"href":"https:\/\/culturesconnection.com\/nl\/wp-json\/wp\/v2\/media?parent=8078"}],"curies":[{"name":"wp","href":"https:\/\/api.w.org\/{rel}","templated":true}]}}