{"id":8076,"date":"2017-05-08T19:40:01","date_gmt":"2017-05-08T17:40:01","guid":{"rendered":"http:\/\/culturesconnection.com\/?page_id=8076\/"},"modified":"2022-06-21T00:03:19","modified_gmt":"2022-06-20T22:03:19","slug":"financiele-vertaling-spaans","status":"publish","type":"page","link":"https:\/\/culturesconnection.com\/nl\/spaanse-vertaling\/financiele-vertaling-spaans\/","title":{"rendered":"Onze financi\u00eble vertaaldiensten in het Spaans"},"content":{"rendered":"\n<h2 class=\"wp-block-heading\">Het werk wordt geleverd door Nederlands-Spaanse financi\u00eble vertaalexperts<\/h2>\n\n\n\n<p>Het technische karakter van financi\u00eble documenten vereist een volmaakte kennis van de betreffende financi\u00eble concepten en de termen die worden gebruikt. Om het beste resultaat te verkrijgen is er maar een optie: maak gebruik van de vertaaldiensten van een echte financi\u00eble vertaalexpert die gespecialiseerd is in het Spaans. Alleen een dergelijke specialist heeft de benodigde kwalificaties en precisie om een dergelijke vertaalklus aan te kunnen. Om een financi\u00eble vertaler te worden, is het essentieel om van wanten te weten en jarenlange ervaring te hebben. Bij ons <a href=\"https:\/\/culturesconnection.com\/nl\/\">vertaalbureau<\/a> zijn we ons bewust van deze eisen en we hebben hierom een netwerk van professionele vertalers gecre\u00eberd. Ieder project heeft zijn eigen vertaler: we selecteren ze zorgvuldig op basis van hun kwaliteiten en kwalificaties in de commerci\u00eble sector met betrekking tot uw specifieke project.<\/p>\n\n\n\n<h2 class=\"wp-block-heading\">Zoekt u naar een vertaalbureau voor uw financi\u00eble documenten?<\/h2>\n\n\n\n<p>Ons vertaalbureau heeft een reputatie opgebouwd dankzij onze ervaring en de vele klanten die in ons vertrouwen. Bij Cultures Connection beseffen we dat de vertalingen van uw documenten het imago van uw bedrijf reflecteren en dat fouten of onnauwkeurigheden serieuze gevolgen zullen hebben voor uw geloofwaardigheid. Dit is de reden waarom we uitstekende <a href=\"https:\/\/culturesconnection.com\/nl\/vertaling-in-alle-talen\/\">vertaaldiensten<\/a>aanbieden en dat we u verzekeren dat onze <a href=\"https:\/\/culturesconnection.com\/nl\/financiele-vertaling\/\">financi\u00eble vertalingen<\/a> van en naar het Spaans altijd perfect, nauwkeurig en van hoogstaande kwaliteit zijn.<\/p>\n\n\n\n<h2 class=\"wp-block-heading\">Uw financi\u00eble documenten in het Spaans<\/h2>\n\n\n\n<p>Hieronder vindt u een paar voorbeelden van financi\u00eble documenten die we regelmatig van en naar het Spaans vertalen voor vele klanten:<\/p>\n\n\n\n<ul class=\"wp-block-list\"><li>Documenten met essenti\u00eble beleggersinformatie<\/li><li>Brochures<\/li><li>Investeringsfondsrapporten<\/li><li>Activiteitenverslagen<\/li><li>Balansen<\/li><li>Effectenbeurs<\/li><li>Bankdocumenten<\/li><li>Documenten met financi\u00eble informatie<\/li><li>Onderzoeksrapporten<\/li><li>Documenten voor risico- en vermogensbeheer<\/li><li>Auditrapporten<\/li><\/ul>\n","protected":false},"excerpt":{"rendered":"<p>Het werk wordt geleverd door Nederlands-Spaanse financi\u00eble vertaalexperts Het technische karakter van financi\u00eble documenten vereist een volmaakte kennis van de betreffende financi\u00eble concepten en de [&#8230;]<\/p>\n<p><a class=\"btn btn-secondary understrap-read-more-link\" href=\"https:\/\/culturesconnection.com\/nl\/spaanse-vertaling\/financiele-vertaling-spaans\/\">Lees verder\u2026<span class=\"screen-reader-text\"> from Onze financi\u00eble vertaaldiensten in het Spaans<\/span><\/a><\/p>\n","protected":false},"author":29,"featured_media":0,"parent":8097,"menu_order":0,"comment_status":"closed","ping_status":"closed","template":"","meta":{"_acf_changed":false,"_editorskit_title_hidden":false,"_editorskit_reading_time":0,"_editorskit_is_block_options_detached":false,"_editorskit_block_options_position":"{}","footnotes":""},"class_list":["post-8076","page","type-page","status-publish","hentry"],"acf":[],"_links":{"self":[{"href":"https:\/\/culturesconnection.com\/nl\/wp-json\/wp\/v2\/pages\/8076","targetHints":{"allow":["GET"]}}],"collection":[{"href":"https:\/\/culturesconnection.com\/nl\/wp-json\/wp\/v2\/pages"}],"about":[{"href":"https:\/\/culturesconnection.com\/nl\/wp-json\/wp\/v2\/types\/page"}],"author":[{"embeddable":true,"href":"https:\/\/culturesconnection.com\/nl\/wp-json\/wp\/v2\/users\/29"}],"replies":[{"embeddable":true,"href":"https:\/\/culturesconnection.com\/nl\/wp-json\/wp\/v2\/comments?post=8076"}],"version-history":[{"count":0,"href":"https:\/\/culturesconnection.com\/nl\/wp-json\/wp\/v2\/pages\/8076\/revisions"}],"up":[{"embeddable":true,"href":"https:\/\/culturesconnection.com\/nl\/wp-json\/wp\/v2\/pages\/8097"}],"wp:attachment":[{"href":"https:\/\/culturesconnection.com\/nl\/wp-json\/wp\/v2\/media?parent=8076"}],"curies":[{"name":"wp","href":"https:\/\/api.w.org\/{rel}","templated":true}]}}