{"id":8075,"date":"2017-05-08T19:36:21","date_gmt":"2017-05-08T17:36:21","guid":{"rendered":"http:\/\/culturesconnection.com\/?page_id=8075\/"},"modified":"2022-06-21T01:02:34","modified_gmt":"2022-06-20T23:02:34","slug":"financiele-vertaling-russisch","status":"publish","type":"page","link":"https:\/\/culturesconnection.com\/nl\/russische-vertaling\/financiele-vertaling-russisch\/","title":{"rendered":"Onze financi\u00eble vertaaldiensten in het Russisch"},"content":{"rendered":"\n<h2 class=\"wp-block-heading\">Raadpleeg onze Nederlands-Russische experts in financi\u00eble vertaling<\/h2>\n\n\n\n<p>Het vertalen van financi\u00eble documenten vereist een nauwkeurige en consequente werkwijze, twee belangrijke vaardigheden waarover een financi\u00eble vertaler moet beschikken. Bovendien zijn een uitstekend begrip van de financi\u00eble wereld, terminologie en wetgeving essentieel. In deze sector kan \u00e9\u00e9n fout al serieuze gevolgen hebben. Dit is met name het geval bij de vertaling van verzekeringsdocumenten. Als een verzekeringscontract fouten bevat, kan de klant rechten of garanties verliezen die hem in dit contract waren toegekend. Een andere consequentie is dat bedrijven klanten kunnen verliezen: vertalingen van slechte kwaliteit kunnen het begrip belemmeren en op die manier de besluitvorming van de klant negatief be\u00efnvloeden. Het is daarom essentieel te kiezen voor een betrouwbaar <a href=\"https:\/\/culturesconnection.com\/nl\/\">vertaalbureau<\/a> en de vertaling van uw financi\u00eble documenten over te laten aan experts.<\/p>\n\n\n\n<h2 class=\"wp-block-heading\">Ons financi\u00eble vertaalbureau<\/h2>\n\n\n\n<p>De vertalers waarmee we werken bij Cultures Connection zijn allemaal financi\u00eble specialisten door hun professionele carri\u00e8re in deze sector of door de opleiding in financi\u00ebn die ze hebben gevolgd. Ze worden geselecteerd op basis van hun kwalificaties en ervaring. Ze begrijpen de talen waarin ze werken perfect en spreken ze bovendien vloeiend, in dit geval Nederlands en Russisch. Om de kwaliteit te waarborgen, vertalen ze uitsluitend naar hun moedertaal. Cultures Connection garandeert u dat we vertrouwelijk omgaan met uw documenten gedurende het vertaalproces en daarna. Als u een <a href=\"https:\/\/culturesconnection.com\/nl\/vertaling-in-alle-talen\/\">service<\/a> van topkwaliteit wilt voor de <a href=\"https:\/\/culturesconnection.com\/nl\/financiele-vertaling\/\">vertaling van uw financi\u00eble documenten<\/a>, dan is Cultures Connection de juiste partner voor u!<\/p>\n\n\n\n<h2 class=\"wp-block-heading\">Uw financi\u00eble documenten in het Russisch<\/h2>\n\n\n\n<p>Hieronder vindt u een lijst van voorbeelden van financi\u00eble documenten die Cultures Connection al naar het Russisch heeft vertaald:<\/p>\n\n\n\n<ul class=\"wp-block-list\"><li>Documenten met essenti\u00eble beleggersinformatie<\/li><li>Brochures<\/li><li>Investeringsfondsrapporten<\/li><li>Activiteitenverslagen<\/li><li>Balansen<\/li><li>Effectenbeurs<\/li><li>Bankdocumenten<\/li><li>Documenten met financi\u00eble informatie<\/li><li>Onderzoeksrapporten<\/li><li>Documenten voor risico- en vermogensbeheer<\/li><li>Auditrapporten<\/li><li>Teksten over fusies en overnames<\/li><\/ul>\n","protected":false},"excerpt":{"rendered":"<p>Raadpleeg onze Nederlands-Russische experts in financi\u00eble vertaling Het vertalen van financi\u00eble documenten vereist een nauwkeurige en consequente werkwijze, twee belangrijke vaardigheden waarover een financi\u00eble vertaler [&#8230;]<\/p>\n<p><a class=\"btn btn-secondary understrap-read-more-link\" href=\"https:\/\/culturesconnection.com\/nl\/russische-vertaling\/financiele-vertaling-russisch\/\">Lees verder\u2026<span class=\"screen-reader-text\"> from Onze financi\u00eble vertaaldiensten in het Russisch<\/span><\/a><\/p>\n","protected":false},"author":29,"featured_media":0,"parent":8096,"menu_order":0,"comment_status":"closed","ping_status":"closed","template":"","meta":{"_acf_changed":false,"_editorskit_title_hidden":false,"_editorskit_reading_time":0,"_editorskit_is_block_options_detached":false,"_editorskit_block_options_position":"{}","footnotes":""},"class_list":["post-8075","page","type-page","status-publish","hentry"],"acf":[],"_links":{"self":[{"href":"https:\/\/culturesconnection.com\/nl\/wp-json\/wp\/v2\/pages\/8075","targetHints":{"allow":["GET"]}}],"collection":[{"href":"https:\/\/culturesconnection.com\/nl\/wp-json\/wp\/v2\/pages"}],"about":[{"href":"https:\/\/culturesconnection.com\/nl\/wp-json\/wp\/v2\/types\/page"}],"author":[{"embeddable":true,"href":"https:\/\/culturesconnection.com\/nl\/wp-json\/wp\/v2\/users\/29"}],"replies":[{"embeddable":true,"href":"https:\/\/culturesconnection.com\/nl\/wp-json\/wp\/v2\/comments?post=8075"}],"version-history":[{"count":0,"href":"https:\/\/culturesconnection.com\/nl\/wp-json\/wp\/v2\/pages\/8075\/revisions"}],"up":[{"embeddable":true,"href":"https:\/\/culturesconnection.com\/nl\/wp-json\/wp\/v2\/pages\/8096"}],"wp:attachment":[{"href":"https:\/\/culturesconnection.com\/nl\/wp-json\/wp\/v2\/media?parent=8075"}],"curies":[{"name":"wp","href":"https:\/\/api.w.org\/{rel}","templated":true}]}}