{"id":8073,"date":"2017-05-08T17:54:49","date_gmt":"2017-05-08T15:54:49","guid":{"rendered":"http:\/\/culturesconnection.com\/?page_id=8073\/"},"modified":"2022-06-21T01:10:38","modified_gmt":"2022-06-20T23:10:38","slug":"financiele-vertaling-italiaans","status":"publish","type":"page","link":"https:\/\/culturesconnection.com\/nl\/italiaanse-vertaling\/financiele-vertaling-italiaans\/","title":{"rendered":"Onze financi\u00eble vertaaldiensten in het Italiaans"},"content":{"rendered":"\n<h2 class=\"wp-block-heading\">Nederlands-Italiaanse financi\u00eble vertaalexperts tot uw dienst<\/h2>\n\n\n\n<p>Wat betreft financi\u00eble vertalingen moeten vertalers nauwkeurig en streng zijn. De vertaler moet bekend zijn met dit vakgebied en met financi\u00eble terminologie, zowel in het Italiaans als in het Nederlands. Hij moet ook een expert zijn wat betreft de wetgeving in de financi\u00eble wereld. Elke vertaalfout kan het begrip en de besluitvorming negatief be\u00efnvloeden en op die manier serieuze financi\u00eble gevolgen hebben. Om dergelijke problemen te voorkomen is het belangrijk selectief te zijn bij het kiezen van uw <a href=\"https:\/\/culturesconnection.com\/nl\/\">vertaalbureau<\/a>.<\/p>\n\n\n\n<h2 class=\"wp-block-heading\">Ons financi\u00eble vertaalbureau<\/h2>\n\n\n\n<p>Bij Cultures Connection worden de beste professionele vertalers en correctors streng geselecteerd op basis van hun geloofsbrieven en deskundigheid. De meerderheid van deze specialisten combineert een academische opleiding in financi\u00ebn en talen met een jarenlange ervaring in het vakgebied van de financi\u00ebn. Ze beheersen de talen waarin ze werken tot in de puntjes, in dit geval Italiaans en Nederlands. De projecten die u aan ons toevertrouwt, zijn in handen van professionele vertalers wiens werk voldoet aan hoge kwaliteitseisen. Financi\u00eble documenten staan erom bekend een enorm gevoelige inhoud te hebben. De vertalers van Cultures Connection houden zich daarom aan professionele geheimhouding- en vertrouwelijkheidsovereenkomsten. Ons vertaalbureau biedt uitstekende <a href=\"https:\/\/culturesconnection.com\/nl\/vertaling-in-alle-talen\/\">vertaaldiensten<\/a>. Dus, als u voor ons kiest, dan kiest u voor kwaliteit voor uw Italiaanse <a href=\"https:\/\/culturesconnection.com\/nl\/financiele-vertaling\/\">financi\u00eble vertalingen<\/a>.<\/p>\n\n\n\n<h2 class=\"wp-block-heading\">Vertaling van financi\u00eble documenten in het Italiaans<\/h2>\n\n\n\n<p>Hieronder vindt u een lijst van voorbeelden van financi\u00eble en economische documenten die we vertaald hebben van en naar het Italiaans:<\/p>\n\n\n\n<ul class=\"wp-block-list\"><li>Documenten met essenti\u00eble beleggersinformatie<\/li><li>Brochures<\/li><li>Investeringsfondsrapporten<\/li><li>Activiteitenverslagen<\/li><li>Balansen<\/li><li>Effectenbeurs<\/li><li>Bankdocumenten<\/li><li>Documenten met financi\u00eble informatie<\/li><li>Onderzoeksrapporten<\/li><li>Documenten voor risico- en vermogensbeheer<\/li><li>Auditrapporten<\/li><li>Teksten over fusies en overnames<\/li><\/ul>\n","protected":false},"excerpt":{"rendered":"<p>Nederlands-Italiaanse financi\u00eble vertaalexperts tot uw dienst Wat betreft financi\u00eble vertalingen moeten vertalers nauwkeurig en streng zijn. De vertaler moet bekend zijn met dit vakgebied en [&#8230;]<\/p>\n<p><a class=\"btn btn-secondary understrap-read-more-link\" href=\"https:\/\/culturesconnection.com\/nl\/italiaanse-vertaling\/financiele-vertaling-italiaans\/\">Lees verder\u2026<span class=\"screen-reader-text\"> from Onze financi\u00eble vertaaldiensten in het Italiaans<\/span><\/a><\/p>\n","protected":false},"author":26,"featured_media":0,"parent":8093,"menu_order":0,"comment_status":"closed","ping_status":"closed","template":"","meta":{"_acf_changed":false,"_editorskit_title_hidden":false,"_editorskit_reading_time":0,"_editorskit_is_block_options_detached":false,"_editorskit_block_options_position":"{}","footnotes":""},"class_list":["post-8073","page","type-page","status-publish","hentry"],"acf":[],"_links":{"self":[{"href":"https:\/\/culturesconnection.com\/nl\/wp-json\/wp\/v2\/pages\/8073","targetHints":{"allow":["GET"]}}],"collection":[{"href":"https:\/\/culturesconnection.com\/nl\/wp-json\/wp\/v2\/pages"}],"about":[{"href":"https:\/\/culturesconnection.com\/nl\/wp-json\/wp\/v2\/types\/page"}],"author":[{"embeddable":true,"href":"https:\/\/culturesconnection.com\/nl\/wp-json\/wp\/v2\/users\/26"}],"replies":[{"embeddable":true,"href":"https:\/\/culturesconnection.com\/nl\/wp-json\/wp\/v2\/comments?post=8073"}],"version-history":[{"count":0,"href":"https:\/\/culturesconnection.com\/nl\/wp-json\/wp\/v2\/pages\/8073\/revisions"}],"up":[{"embeddable":true,"href":"https:\/\/culturesconnection.com\/nl\/wp-json\/wp\/v2\/pages\/8093"}],"wp:attachment":[{"href":"https:\/\/culturesconnection.com\/nl\/wp-json\/wp\/v2\/media?parent=8073"}],"curies":[{"name":"wp","href":"https:\/\/api.w.org\/{rel}","templated":true}]}}