{"id":8072,"date":"2017-05-08T17:43:47","date_gmt":"2017-05-08T15:43:47","guid":{"rendered":"http:\/\/culturesconnection.com\/?page_id=8072\/"},"modified":"2022-06-21T00:25:32","modified_gmt":"2022-06-20T22:25:32","slug":"financiele-vertaling-duits","status":"publish","type":"page","link":"https:\/\/culturesconnection.com\/nl\/duitse-vertaling\/financiele-vertaling-duits\/","title":{"rendered":"Onze financi\u00eble vertaaldiensten in het Duits"},"content":{"rendered":"\n<h2 class=\"wp-block-heading\">Nederlands-Duitse financi\u00eble vertaling, een kwestie van nauwkeurigheid.<\/h2>\n\n\n\n<p>Vertaling van financi\u00eble documenten naar het Duits vereist nauwkeurigheid, discipline en een diepgaande kennis van de financi\u00eble wereld, de bijbehorende terminologie en wetgeving. De professionele vertaler die u kiest, moet een betrouwbaar persoon zijn die in staat is u het beste, kwaliteitsvolle resultaat te garanderen. Een fout in een financi\u00eble vertaling kan verschillende consequenties met zich meebrengen, veelal financi\u00eble gevolgen. Deze gevolgen kunnen ernstig zijn. Het is, bijvoorbeeld, erg gewoon dat bedrijven geleidelijk klanten verliezen door slechte vertalingen die verwarring en wantrouwen cre\u00ebren bij hun klanten. In andere woorden, het kiezen van een betrouwbaar <a href=\"https:\/\/culturesconnection.com\/nl\/\">vertaalbureau<\/a> is uitermate belangrijk.<\/p>\n\n\n\n<h2 class=\"wp-block-heading\">Zoekt u naar een vertaalbureau voor uw financi\u00eble documenten?<\/h2>\n\n\n\n<p>Om u kwalitatieve Duitse financi\u00eble vertalingen te leveren, werken we alleen met professionele vertalers die jarenlange ervaring hebben. Ze zijn allemaal geselecteerd op basis van hun kwalificaties en moeten strenge selectietests doorstaan. Uw projecten worden toevertrouwd aan financi\u00eble experts die vloeiend Nederlands en Duits spreken en bovendien altijd vertalen naar hun moedertaal. Als u uw financi\u00eble documenten naar het Duits wilt laten vertalen, dan bent u aan het juiste adres. Cultures Connection verzekert u <a href=\"https:\/\/culturesconnection.com\/nl\/vertaling-in-alle-talen\/\">vertaaldiensten<\/a> van hoogstaande kwaliteit.<\/p>\n\n\n\n<h2 class=\"wp-block-heading\">Vertaling van financi\u00eble documenten in het Duits<\/h2>\n\n\n\n<p>Hieronder vindt u een niet-limitatieve lijst van voorbeelden van verschillende soorten <a href=\"https:\/\/culturesconnection.com\/nl\/financiele-vertaling\/\">financi\u00eble documenten<\/a> die Cultures Connection regelmatig vertaalt van en naar het Duits:<\/p>\n\n\n\n<ul class=\"wp-block-list\"><li>Documenten met essenti\u00eble beleggersinformatie<\/li><li>Brochures<\/li><li>Investeringsfondsrapporten<\/li><li>Activiteitenverslagen<\/li><li>Balansen<\/li><li>Effectenbeurs<\/li><li>Bankdocumenten<\/li><li>Documenten met financi\u00eble informatie<\/li><li>Onderzoeksrapporten<\/li><li>Documenten voor risico- en vermogensbeheer<\/li><li>Auditrapporten<\/li><li>Teksten over fusies en overnames<\/li><\/ul>\n","protected":false},"excerpt":{"rendered":"<p>Nederlands-Duitse financi\u00eble vertaling, een kwestie van nauwkeurigheid. Vertaling van financi\u00eble documenten naar het Duits vereist nauwkeurigheid, discipline en een diepgaande kennis van de financi\u00eble wereld, [&#8230;]<\/p>\n<p><a class=\"btn btn-secondary understrap-read-more-link\" href=\"https:\/\/culturesconnection.com\/nl\/duitse-vertaling\/financiele-vertaling-duits\/\">Lees verder\u2026<span class=\"screen-reader-text\"> from Onze financi\u00eble vertaaldiensten in het Duits<\/span><\/a><\/p>\n","protected":false},"author":29,"featured_media":0,"parent":8092,"menu_order":0,"comment_status":"closed","ping_status":"closed","template":"","meta":{"_acf_changed":false,"_editorskit_title_hidden":false,"_editorskit_reading_time":0,"_editorskit_is_block_options_detached":false,"_editorskit_block_options_position":"{}","footnotes":""},"class_list":["post-8072","page","type-page","status-publish","hentry"],"acf":[],"_links":{"self":[{"href":"https:\/\/culturesconnection.com\/nl\/wp-json\/wp\/v2\/pages\/8072","targetHints":{"allow":["GET"]}}],"collection":[{"href":"https:\/\/culturesconnection.com\/nl\/wp-json\/wp\/v2\/pages"}],"about":[{"href":"https:\/\/culturesconnection.com\/nl\/wp-json\/wp\/v2\/types\/page"}],"author":[{"embeddable":true,"href":"https:\/\/culturesconnection.com\/nl\/wp-json\/wp\/v2\/users\/29"}],"replies":[{"embeddable":true,"href":"https:\/\/culturesconnection.com\/nl\/wp-json\/wp\/v2\/comments?post=8072"}],"version-history":[{"count":0,"href":"https:\/\/culturesconnection.com\/nl\/wp-json\/wp\/v2\/pages\/8072\/revisions"}],"up":[{"embeddable":true,"href":"https:\/\/culturesconnection.com\/nl\/wp-json\/wp\/v2\/pages\/8092"}],"wp:attachment":[{"href":"https:\/\/culturesconnection.com\/nl\/wp-json\/wp\/v2\/media?parent=8072"}],"curies":[{"name":"wp","href":"https:\/\/api.w.org\/{rel}","templated":true}]}}