{"id":8071,"date":"2017-05-08T16:46:28","date_gmt":"2017-05-08T14:46:28","guid":{"rendered":"http:\/\/culturesconnection.com\/?page_id=8071\/"},"modified":"2022-06-20T23:30:00","modified_gmt":"2022-06-20T21:30:00","slug":"financiele-vertaling-frans","status":"publish","type":"page","link":"https:\/\/culturesconnection.com\/nl\/engelse-vertaling\/financiele-vertaling-frans\/","title":{"rendered":"Onze financi\u00eble vertaaldiensten in het Frans"},"content":{"rendered":"\n<h2 class=\"wp-block-heading\">Nederlands-Franse financi\u00eble vertaalexperts staan tot uw dienst<\/h2>\n\n\n\n<p>Financi\u00eble vertalingen vereisen een diepgaande kennis van de commerci\u00eble sector en van de bijbehorende terminologie. In de financi\u00eble sector is het essentieel om nauwkeurig en consequent te werk te gaan. Slechts \u00e9\u00e9n fout in een financieel document kan al leiden tot misverstanden bij de lezer en dit zal zijn besluitvorming negatief be\u00efnvloeden. Om dergelijke situaties te voorkomen en om de kwaliteit van onze vertaaldiensten te garanderen, bieden we u het vakmanschap van een uitgebreid netwerk van vertalers die gespecialiseerd zijn in financi\u00eble vertalingen in het Frans. Zij worden geselecteerd op basis van hun ervaring, kwalificaties en geloofsbrieven. Ze hebben stuk voor stuk jarenlange ervaring in de sector van de financi\u00eble vertaling en zijn uitvoerig door ons getest.<\/p>\n\n\n\n<h2 class=\"wp-block-heading\">Ons financi\u00eble vertaalbureau<\/h2>\n\n\n\n<p>Als u kiest voor <a href=\"https:\/\/culturesconnection.com\/nl\/\">Cultures Connection<\/a> voor uw Franse financi\u00eble vertalingen, dan kiest u voor kwaliteit, betrouwbaarheid en een tijdige service. Ons vertaalbureau heeft een uitgebreide ervaring in deze sector en biedt uitstekende <a href=\"https:\/\/culturesconnection.com\/nl\/vertaling-in-alle-talen\/\">vertaaldiensten<\/a> aan. Ieder project wordt toevertrouwd aan gekwalificeerde, financi\u00eble vertalers die aan al uw behoeften zullen voldoen en u kwalitatieve resultaten zullen leveren tegen een competitieve prijs. Ze zijn vloeiend in zowel het Nederlands als het Frans en daarnaast gespecialiseerd in <a href=\"https:\/\/culturesconnection.com\/nl\/financiele-vertaling\/\">financi\u00eble vertalingen<\/a>. Verder voldoen ze aan alle criteria en waarden waar ons vertaalbureau voor staat.<\/p>\n\n\n\n<h2 class=\"wp-block-heading\">Vertaling van financi\u00eble documenten in het Frans<\/h2>\n\n\n\n<p>Hieronder vindt u een lijst van voorbeelden van financi\u00eble documenten die we regelmatig vertalen van en naar het Frans. Deze lijst is niet-limitatief:<\/p>\n\n\n\n<ul class=\"wp-block-list\"><li>Documenten met essenti\u00eble beleggersinformatie<\/li><li>Brochures<\/li><li>Investeringsfondsrapporten<\/li><li>Activiteitenverslagen<\/li><li>Balansen<\/li><li>Effectenbeurs<\/li><li>Bankdocumenten<\/li><li>Documenten met financi\u00eble informatie<\/li><li>Onderzoeksrapporten<\/li><li>Documenten voor risico- en vermogensbeheer<\/li><li>Auditrapporten<\/li><li>Teksten over fusies en overnames<\/li><\/ul>\n","protected":false},"excerpt":{"rendered":"<p>Nederlands-Franse financi\u00eble vertaalexperts staan tot uw dienst Financi\u00eble vertalingen vereisen een diepgaande kennis van de commerci\u00eble sector en van de bijbehorende terminologie. In de financi\u00eble [&#8230;]<\/p>\n<p><a class=\"btn btn-secondary understrap-read-more-link\" href=\"https:\/\/culturesconnection.com\/nl\/engelse-vertaling\/financiele-vertaling-frans\/\">Lees verder\u2026<span class=\"screen-reader-text\"> from Onze financi\u00eble vertaaldiensten in het Frans<\/span><\/a><\/p>\n","protected":false},"author":29,"featured_media":0,"parent":8090,"menu_order":0,"comment_status":"closed","ping_status":"closed","template":"","meta":{"_acf_changed":false,"_editorskit_title_hidden":false,"_editorskit_reading_time":0,"_editorskit_is_block_options_detached":false,"_editorskit_block_options_position":"{}","footnotes":""},"class_list":["post-8071","page","type-page","status-publish","hentry"],"acf":[],"_links":{"self":[{"href":"https:\/\/culturesconnection.com\/nl\/wp-json\/wp\/v2\/pages\/8071","targetHints":{"allow":["GET"]}}],"collection":[{"href":"https:\/\/culturesconnection.com\/nl\/wp-json\/wp\/v2\/pages"}],"about":[{"href":"https:\/\/culturesconnection.com\/nl\/wp-json\/wp\/v2\/types\/page"}],"author":[{"embeddable":true,"href":"https:\/\/culturesconnection.com\/nl\/wp-json\/wp\/v2\/users\/29"}],"replies":[{"embeddable":true,"href":"https:\/\/culturesconnection.com\/nl\/wp-json\/wp\/v2\/comments?post=8071"}],"version-history":[{"count":0,"href":"https:\/\/culturesconnection.com\/nl\/wp-json\/wp\/v2\/pages\/8071\/revisions"}],"up":[{"embeddable":true,"href":"https:\/\/culturesconnection.com\/nl\/wp-json\/wp\/v2\/pages\/8090"}],"wp:attachment":[{"href":"https:\/\/culturesconnection.com\/nl\/wp-json\/wp\/v2\/media?parent=8071"}],"curies":[{"name":"wp","href":"https:\/\/api.w.org\/{rel}","templated":true}]}}