{"id":8070,"date":"2017-05-08T17:47:34","date_gmt":"2017-05-08T15:47:34","guid":{"rendered":"http:\/\/culturesconnection.com\/?page_id=8070\/"},"modified":"2022-06-20T23:53:19","modified_gmt":"2022-06-20T21:53:19","slug":"financiele-vertaling-engels","status":"publish","type":"page","link":"https:\/\/culturesconnection.com\/nl\/financiele-vertaling-engels\/","title":{"rendered":"Onze financi\u00eble vertaaldiensten in het Engels"},"content":{"rendered":"\n<h2 class=\"wp-block-heading\">Nederlands-Engelse financi\u00eble vertaalexperts tot uw dienst<\/h2>\n\n\n\n<p>Het vertalen van financi\u00eble documenten is een kwestie van nauwkeurig en consequent werken. De vertaler moet de financi\u00eble wereld op zijn duimpje kennen en daarnaast een gedegen kennis hebben van de bijbehorende terminologie en wetgeving. De kleinste fouten, hoe onbenullig ze ook lijken, kunnen ernstige gevolgen hebben, met name economisch gezien. Slordigheid en een gebrek aan precisie kunnen het begrip van een klant belemmeren en op die manier zijn besluitvorming negatief be\u00efnvloeden. Het kiezen van het juiste <a href=\"https:\/\/culturesconnection.com\/nl\/\">vertaalbureau<\/a> voor de vertaling van uw financi\u00eble documenten naar het Engels is essentieel.<\/p>\n\n\n\n<h2 class=\"wp-block-heading\">Ons financi\u00eble vertaalbureau<\/h2>\n\n\n\n<p>Cultures Connection werkt met de beste vertalers en correctors in de financi\u00eble sector. Het selectieproces is gebaseerd op hun geloofsbrieven en expertise. Ze hebben ruime ervaring opgedaan tijdens hun academische en professionele carri\u00e8re in de financi\u00eble sector of door middel van intensieve training. Ze kennen de talen waarin ze werken door en door. Ze beheersen het Nederlands en het Engels perfect en vertalen uitsluitend naar hun moedertaal. Het vertalen naar de moedertaal is een regel die geldt in de wereld van het vertalen en die respecteren we hiermee. Uw financi\u00eble vertaalprojecten zijn in handen van echte experts die uw projecten serieus nemen en deskundig te werk gaan. We garanderen u ook dat we vertrouwelijk omgaan met de financi\u00eble documenten die u aan ons toevertrouwt gedurende het vertaalproces. Als u kiest voor ons vertaalbureau voor de vertaling van uw financi\u00eble documenten van het Nederlands naar het Engels of van het Engels naar het Nederlands, dan kiest u voor kwaliteit. Cultures Connection garandeert uitstekende<a href=\"https:\/\/culturesconnection.com\/nl\/vertaling-in-alle-talen\/\">vertaaldiensten<\/a>.<\/p>\n\n\n\n<h2 class=\"wp-block-heading\">Vertaling van financi\u00eble documenten in het Engels<\/h2>\n\n\n\n<p>Hier vindt u een niet-limitatieve lijst van <a href=\"https:\/\/culturesconnection.com\/nl\/financiele-vertaling\/\">financi\u00eble en economische documenten<\/a> die we al naar het Engels vertaald hebben:<\/p>\n\n\n\n<ul class=\"wp-block-list\"><li>Documenten met essenti\u00eble beleggersinformatie<\/li><li>Brochures<\/li><li>Investeringsfondsrapporten<\/li><li>Activiteitenverslagen<\/li><li>Balansen<\/li><li>Effectenbeurs<\/li><li>Bankdocumenten<\/li><li>Documenten met financi\u00eble informatie<\/li><li>Onderzoeksrapporten<\/li><li>Documenten voor risico- en vermogensbeheer<\/li><li>Auditrapporten<\/li><li>Teksten over fusies en overnames<\/li><\/ul>\n","protected":false},"excerpt":{"rendered":"<p>Nederlands-Engelse financi\u00eble vertaalexperts tot uw dienst Het vertalen van financi\u00eble documenten is een kwestie van nauwkeurig en consequent werken. De vertaler moet de financi\u00eble wereld [&#8230;]<\/p>\n<p><a class=\"btn btn-secondary understrap-read-more-link\" href=\"https:\/\/culturesconnection.com\/nl\/financiele-vertaling-engels\/\">Lees verder\u2026<span class=\"screen-reader-text\"> from Onze financi\u00eble vertaaldiensten in het Engels<\/span><\/a><\/p>\n","protected":false},"author":26,"featured_media":0,"parent":0,"menu_order":0,"comment_status":"closed","ping_status":"closed","template":"","meta":{"_acf_changed":false,"_editorskit_title_hidden":false,"_editorskit_reading_time":0,"_editorskit_is_block_options_detached":false,"_editorskit_block_options_position":"{}","footnotes":""},"class_list":["post-8070","page","type-page","status-publish","hentry"],"acf":[],"_links":{"self":[{"href":"https:\/\/culturesconnection.com\/nl\/wp-json\/wp\/v2\/pages\/8070","targetHints":{"allow":["GET"]}}],"collection":[{"href":"https:\/\/culturesconnection.com\/nl\/wp-json\/wp\/v2\/pages"}],"about":[{"href":"https:\/\/culturesconnection.com\/nl\/wp-json\/wp\/v2\/types\/page"}],"author":[{"embeddable":true,"href":"https:\/\/culturesconnection.com\/nl\/wp-json\/wp\/v2\/users\/26"}],"replies":[{"embeddable":true,"href":"https:\/\/culturesconnection.com\/nl\/wp-json\/wp\/v2\/comments?post=8070"}],"version-history":[{"count":0,"href":"https:\/\/culturesconnection.com\/nl\/wp-json\/wp\/v2\/pages\/8070\/revisions"}],"wp:attachment":[{"href":"https:\/\/culturesconnection.com\/nl\/wp-json\/wp\/v2\/media?parent=8070"}],"curies":[{"name":"wp","href":"https:\/\/api.w.org\/{rel}","templated":true}]}}