{"id":7937,"date":"2017-04-18T16:04:33","date_gmt":"2017-04-18T14:04:33","guid":{"rendered":"http:\/\/culturesconnection.com\/?page_id=7937\/"},"modified":"2022-06-03T18:21:55","modified_gmt":"2022-06-03T16:21:55","slug":"financiele-vertaling","status":"publish","type":"page","link":"https:\/\/culturesconnection.com\/nl\/financiele-vertaling\/","title":{"rendered":"Onze financi\u00eble vertaaldiensten"},"content":{"rendered":"\n<h2 class=\"wp-block-heading\">Financi\u00eble vertaaldiensten: Een kwestie van precisie<\/h2>\n\n\n\n<p>Financi\u00eble vertalingen vereisen een grondige en accurate kennis van het onderwerp en de bijkomende terminologie. De vakkundigheid van professionele vertalers die de complexiteit van financi\u00eble documenten kennen, is essentieel. Iedere fout in de vertaling van financi\u00eble informatie kan lezers misleiden en uiteindelijk invloed hebben op hun besluitvormingsproces. Bij ons <a href=\"https:\/\/culturesconnection.com\/nl\/\">vertaalbureau<\/a> zijn we ons bewust van de mogelijk desastreuze gevolgen van onnauwkeurige vertalingen en daarom selecteren we voor uw projecten professionele vertalers, die zijn gespecialiseerd in financi\u00eble vertaling, gebaseerd op hun diploma\u2019s en ervaring. Cultures Connection biedt uitstekende <a href=\"https:\/\/culturesconnection.com\/nl\/vertaling-in-alle-talen\/\">vertaaldiensten<\/a> en we garanderen u <strong>professionele financi\u00eble vertalingen van topkwaliteit<\/strong>.<\/p>\n\n\n\n<h2 class=\"wp-block-heading\">Vertalingen van financi\u00eble documenten<\/h2>\n\n\n\n<p>Balansen en andere financi\u00eble overzichten. Fondsrapporten. Documenten over marktonderzoek en risicobeheer. Controleverslagen, due diligence-checklists, teksten over fusies\/overnames.<\/p>\n\n\n\n<p>Financi\u00eble documenten kunnen sterk vari\u00ebren en <strong>de specifieke terminologie kan ingewikkeld zijn<\/strong>. Voor vertalingen van hoge kwaliteit zijn gespecialiseerde, professionele vertalers cruciaal. Ons vertaalbureau kan rekenen op een uitgebreid netwerk van professionele vertalers die zijn geselecteerd op basis van hun diploma\u2019s en ervaring.<\/p>\n\n\n\n<h2 class=\"wp-block-heading\">Vertaling van verzekeringsdocumenten: Een verwante discipline<\/h2>\n\n\n\n<p>Cultures Connection biedt gespecialiseerde vertaaldiensten aan voor de verzekeringsindustrie. &nbsp;Accurate vertalingen zijn cruciaal op het gebied van verzekeringsdocumenten. Ze be\u00efnvloeden niet alleen uw vermogen om nieuwe klanten te verwerven, ze kunnen ook uw dekking be\u00efnvloeden. Incorrecte vertalingen van financi\u00eble en verzekeringsdocumenten kunnen het verlies van miljoenen euro\u2019s betekenen.&nbsp;Verzekeringsdocumenten zijn erg veelzijdig, omdat ze niet alleen informatie bevatten over voorwaarden en het verzekeringsbeleid zelf, maar ze bevatten ook juridische, financi\u00eble en medische informatie en mogelijk nog meer zeer specifieke informatie.<\/p>\n","protected":false},"excerpt":{"rendered":"<p>Financi\u00eble vertaaldiensten: Een kwestie van precisie Financi\u00eble vertalingen vereisen een grondige en accurate kennis van het onderwerp en de bijkomende terminologie. De vakkundigheid van professionele [&#8230;]<\/p>\n<p><a class=\"btn btn-secondary understrap-read-more-link\" href=\"https:\/\/culturesconnection.com\/nl\/financiele-vertaling\/\">Lees verder\u2026<span class=\"screen-reader-text\"> from Onze financi\u00eble vertaaldiensten<\/span><\/a><\/p>\n","protected":false},"author":2,"featured_media":22964,"parent":0,"menu_order":0,"comment_status":"closed","ping_status":"closed","template":"","meta":{"_acf_changed":false,"_editorskit_title_hidden":false,"_editorskit_reading_time":0,"_editorskit_is_block_options_detached":false,"_editorskit_block_options_position":"{}","footnotes":""},"class_list":["post-7937","page","type-page","status-publish","has-post-thumbnail","hentry"],"acf":[],"_links":{"self":[{"href":"https:\/\/culturesconnection.com\/nl\/wp-json\/wp\/v2\/pages\/7937","targetHints":{"allow":["GET"]}}],"collection":[{"href":"https:\/\/culturesconnection.com\/nl\/wp-json\/wp\/v2\/pages"}],"about":[{"href":"https:\/\/culturesconnection.com\/nl\/wp-json\/wp\/v2\/types\/page"}],"author":[{"embeddable":true,"href":"https:\/\/culturesconnection.com\/nl\/wp-json\/wp\/v2\/users\/2"}],"replies":[{"embeddable":true,"href":"https:\/\/culturesconnection.com\/nl\/wp-json\/wp\/v2\/comments?post=7937"}],"version-history":[{"count":0,"href":"https:\/\/culturesconnection.com\/nl\/wp-json\/wp\/v2\/pages\/7937\/revisions"}],"wp:featuredmedia":[{"embeddable":true,"href":"https:\/\/culturesconnection.com\/nl\/wp-json\/wp\/v2\/media\/22964"}],"wp:attachment":[{"href":"https:\/\/culturesconnection.com\/nl\/wp-json\/wp\/v2\/media?parent=7937"}],"curies":[{"name":"wp","href":"https:\/\/api.w.org\/{rel}","templated":true}]}}