{"id":7855,"date":"2017-03-20T19:14:40","date_gmt":"2017-03-20T17:14:40","guid":{"rendered":"http:\/\/culturesconnection.com\/?page_id=7855\/"},"modified":"2022-06-22T23:41:10","modified_gmt":"2022-06-22T21:41:10","slug":"traduzione-videogiochi-turco","status":"publish","type":"page","link":"https:\/\/culturesconnection.com\/it\/servizi-di-traduzione-in-turco\/traduzione-videogiochi-turco\/","title":{"rendered":"I nostri servizi di traduzione di videogiochi in turco"},"content":{"rendered":"\n<h2 class=\"wp-block-heading\">Traduzione di videogiochi in turco: esporta il tuo videogioco<\/h2>\n\n\n\n<p>Distribuire un videogioco in un altro mercato spesso richiede un lavoro inimmaginabile. Infatti, non \u00e8 sufficiente tradurre i dialoghi da una lingua all&#8217;altra; ma occorre anche tradurre menu, inventari, istruzioni, manuali utente, giacche, materiale pubblicitario, ecc. \u00c8 un lavoro minuzioso. Oltre a tradurre il videogioco, \u00e8 necessario adattarne i contenuti e i riferimenti culturali al target di riferimento. Questo \u00e8 il motivo per cui noi preferiamo usare il termine &#8220;localizzazione di videogiochi&#8221;.<\/p>\n\n\n\n<h2 class=\"wp-block-heading\">La localizzazione del tuo videogioco in turco<\/h2>\n\n\n\n<p>Vuoi offrire la stessa esperienza multimediale sia al pubblico turco che al pubblico italiano? <a href=\"https:\/\/culturesconnection.com\/it\/\">Cultures Connection<\/a> ha il team di traduttori di videogiochi in turco che pu\u00f2 farlo per te! Pi\u00f9 che semplici traduttori o localizzatori, sono esperti nel mondo dei giochi. Poich\u00e9 sono gamer, sono in grado di comprendere le esigenze del pubblico e produrre un lavoro di qualit\u00e0. Una volta completata la traduzione, la versione viene controllata da professionisti e poi viene eseguito un controllo di qualit\u00e0. I nostri <a href=\"https:\/\/culturesconnection.com\/it\/servizi-di-traduzione\/\">servizi di traduzione<\/a> includono una specializzazione nella <a href=\"https:\/\/culturesconnection.com\/it\/traduzione-localizzazione-videogiochi\/\">localizzazione di videogiochi<\/a> in turco. Tutti i progetti che ci sono affidati vengono eseguiti con la massima attenzione.<\/p>\n\n\n\n<h2 class=\"wp-block-heading\">I nostri servizi di traduzione di videogiochi<\/h2>\n\n\n\n<p>La nostra agenzia si occupa di diversi tipi di materiali audiovisivi, tra cui:<\/p>\n\n\n\n<ul class=\"wp-block-list\"><li>Traduzione di videogiochi<\/li><li>Localizzazione di videogiochi<\/li><li>Gestione progetti<\/li><li>Sottotitoli<\/li><li>Registrazione e doppiaggio<\/li><li>Controllo di qualit\u00e0<\/li><\/ul>\n\n\n\n<h3 class=\"wp-block-heading\">&nbsp;Traduzione di videogiochi in tutte le lingue<\/h3>\n\n\n\n<ul class=\"wp-block-list\"><li><a href=\"https:\/\/culturesconnection.com\/it\/traduzione-videogiochi-francese\/\">Traduzione di videogiochi in francese<\/a><\/li><li><a href=\"https:\/\/culturesconnection.com\/it\/traduzione-videogiochi-spagnolo\/\">Traduzione di videogiochi in spagnolo<\/a><\/li><li><a href=\"https:\/\/culturesconnection.com\/it\/traduzione-videogiochi-tedesco\/\">Traduzione di videogiochi in tedesco<\/a><\/li><li><a href=\"https:\/\/culturesconnection.com\/it\/traduzione-videogiochi-cinese\/\">Traduzione di videogiochi in cinese<\/a><\/li><li><a href=\"https:\/\/culturesconnection.com\/it\/servizi-di-traduzione-per-videogiochi-in-arabo\/\">Traduzione di videogiochi in arabo<\/a><\/li><li><a href=\"https:\/\/culturesconnection.com\/it\/traduzione-videogiochi-portoghese\/\">Traduzione di videogiochi in portoghese<\/a><\/li><li><a href=\"https:\/\/culturesconnection.com\/it\/traduzione-videogiochi-inglese\/\">Traduzione di videogiochi in inglese<\/a><\/li><li><a href=\"https:\/\/culturesconnection.com\/it\/traduzione-videogiochi-olandese\/\">Traduzione di videogiochi in olandese<\/a><\/li><li><a href=\"https:\/\/culturesconnection.com\/it\/traduzione-videogiochi-giapponese\/\">Traduzione di videogiochi in giapponese<\/a><\/li><li><a href=\"https:\/\/culturesconnection.com\/it\/traduzione-videogiochi-russo\/\">Traduzione di videogiochi in russo<\/a><\/li><\/ul>\n","protected":false},"excerpt":{"rendered":"<p>Traduzione di videogiochi in turco: esporta il tuo videogioco Distribuire un videogioco in un altro mercato spesso richiede un lavoro inimmaginabile. Infatti, non \u00e8 sufficiente [&#8230;]<\/p>\n<p><a class=\"btn btn-secondary understrap-read-more-link\" href=\"https:\/\/culturesconnection.com\/it\/servizi-di-traduzione-in-turco\/traduzione-videogiochi-turco\/\">Leggi di pi\u00f9&#8230;<span class=\"screen-reader-text\"> from I nostri servizi di traduzione di videogiochi in turco<\/span><\/a><\/p>\n","protected":false},"author":29,"featured_media":0,"parent":7661,"menu_order":0,"comment_status":"closed","ping_status":"closed","template":"","meta":{"_acf_changed":false,"_editorskit_title_hidden":false,"_editorskit_reading_time":0,"_editorskit_is_block_options_detached":false,"_editorskit_block_options_position":"{}","footnotes":""},"class_list":["post-7855","page","type-page","status-publish","hentry"],"acf":[],"_links":{"self":[{"href":"https:\/\/culturesconnection.com\/it\/wp-json\/wp\/v2\/pages\/7855","targetHints":{"allow":["GET"]}}],"collection":[{"href":"https:\/\/culturesconnection.com\/it\/wp-json\/wp\/v2\/pages"}],"about":[{"href":"https:\/\/culturesconnection.com\/it\/wp-json\/wp\/v2\/types\/page"}],"author":[{"embeddable":true,"href":"https:\/\/culturesconnection.com\/it\/wp-json\/wp\/v2\/users\/29"}],"replies":[{"embeddable":true,"href":"https:\/\/culturesconnection.com\/it\/wp-json\/wp\/v2\/comments?post=7855"}],"version-history":[{"count":0,"href":"https:\/\/culturesconnection.com\/it\/wp-json\/wp\/v2\/pages\/7855\/revisions"}],"up":[{"embeddable":true,"href":"https:\/\/culturesconnection.com\/it\/wp-json\/wp\/v2\/pages\/7661"}],"wp:attachment":[{"href":"https:\/\/culturesconnection.com\/it\/wp-json\/wp\/v2\/media?parent=7855"}],"curies":[{"name":"wp","href":"https:\/\/api.w.org\/{rel}","templated":true}]}}