{"id":7854,"date":"2017-03-20T19:17:27","date_gmt":"2017-03-20T18:17:27","guid":{"rendered":"http:\/\/culturesconnection.com\/?page_id=7854\/"},"modified":"2022-06-22T03:09:24","modified_gmt":"2022-06-22T01:09:24","slug":"traduzione-marketing-turco","status":"publish","type":"page","link":"https:\/\/culturesconnection.com\/it\/servizi-di-traduzione-in-turco\/traduzione-marketing-turco\/","title":{"rendered":"Traduzione per il marketing in turco"},"content":{"rendered":"\n<h2 class=\"wp-block-heading\">I nostri servizi di traduzione di marketing in turco<\/h2>\n\n\n\n<p>Nella traduzione di marketing \u00e8 importante trasmettere il messaggio del testo di origine nel suo complesso piuttosto che il significato di ogni parola. Pertanto, non si tratta di trasporre le parole da una lingua all&#8217;altra, ma di adattare il messaggio in base alle variabili socio-culturali del target di riferimento: la pubblicit\u00e0 non \u00e8 fatta nello stesso modo in Italia e in Turchia. Sono per queste ragioni che \u00e8 pi\u00f9 facile parlare di localizzazione di marketing piuttosto che di traduzione di marketing. Lo scopo di questi testi \u00e8 quello di suscitare l&#8217;interesse del target di mercato e di aumentare le vendite. Tuttavia, si deve fare attenzione perch\u00e9 un errore di traduzione potrebbe avere l&#8217;effetto contrario e danneggiare l&#8217;immagine dell\u2019azienda.<\/p>\n\n\n\n<h2 class=\"wp-block-heading\">La nostra agenzia di traduzione<\/h2>\n\n\n\n<p>Chi si trova in una posizione migliore di un traduttore di documenti di marketing specializzato nel settore per tradurre il tuo progetto? Con <a href=\"https:\/\/culturesconnection.com\/it\/\">Cultures Connection<\/a>, \u00e8 possibile. Nella nostra vasta rete di esperti delle lingue e di <a href=\"https:\/\/culturesconnection.com\/it\/servizi-di-traduzione\/\">servizi di traduzione<\/a>, troverai il traduttore turco specializzato in <a href=\"https:\/\/culturesconnection.com\/it\/traduzione-marketing\/\">traduzione di marketing<\/a> di cui hai bisogno: un esperto altamente competente in italiano e turco, che conosce le culture delle lingue in questione e anche la realt\u00e0 del mercato in cui stai tentando di entrare la tua azienda. Scegliere la nostra agenzia di traduzione per la localizzazione dei tuoi materiali di marketing in turco, ti assicurer\u00e0 un prodotto finale di qualit\u00e0.<\/p>\n\n\n\n<h2 class=\"wp-block-heading\">Traduzione di documenti di marketing in turco<\/h2>\n\n\n\n<p>Di seguito ti presentiamo alcuni tipi di documenti di marketing che la nostra azienda di traduzione ha gi\u00e0 tradotto in turco:<\/p>\n\n\n\n<ul class=\"wp-block-list\"><li>Opuscoli<\/li><li>Materiali pubblicitari<\/li><li>Newsletter<\/li><li>Siti e-commerce<\/li><li>D\u00e9pliant<\/li><li>Campagne di marketing<\/li><li>Annunci<\/li><li>Siti web<\/li><li>Slogan<\/li><li>Logotipi<\/li><li>Presentazioni<\/li><li>Lanci di prodotti<\/li><li>Comunicati stampa<\/li><li>E-book<\/li><\/ul>\n","protected":false},"excerpt":{"rendered":"<p>I nostri servizi di traduzione di marketing in turco Nella traduzione di marketing \u00e8 importante trasmettere il messaggio del testo di origine nel suo complesso [&#8230;]<\/p>\n<p><a class=\"btn btn-secondary understrap-read-more-link\" href=\"https:\/\/culturesconnection.com\/it\/servizi-di-traduzione-in-turco\/traduzione-marketing-turco\/\">Leggi di pi\u00f9&#8230;<span class=\"screen-reader-text\"> from Traduzione per il marketing in turco<\/span><\/a><\/p>\n","protected":false},"author":26,"featured_media":0,"parent":7661,"menu_order":0,"comment_status":"closed","ping_status":"closed","template":"","meta":{"_acf_changed":false,"_editorskit_title_hidden":false,"_editorskit_reading_time":0,"_editorskit_is_block_options_detached":false,"_editorskit_block_options_position":"{}","footnotes":""},"class_list":["post-7854","page","type-page","status-publish","hentry"],"acf":[],"_links":{"self":[{"href":"https:\/\/culturesconnection.com\/it\/wp-json\/wp\/v2\/pages\/7854","targetHints":{"allow":["GET"]}}],"collection":[{"href":"https:\/\/culturesconnection.com\/it\/wp-json\/wp\/v2\/pages"}],"about":[{"href":"https:\/\/culturesconnection.com\/it\/wp-json\/wp\/v2\/types\/page"}],"author":[{"embeddable":true,"href":"https:\/\/culturesconnection.com\/it\/wp-json\/wp\/v2\/users\/26"}],"replies":[{"embeddable":true,"href":"https:\/\/culturesconnection.com\/it\/wp-json\/wp\/v2\/comments?post=7854"}],"version-history":[{"count":0,"href":"https:\/\/culturesconnection.com\/it\/wp-json\/wp\/v2\/pages\/7854\/revisions"}],"up":[{"embeddable":true,"href":"https:\/\/culturesconnection.com\/it\/wp-json\/wp\/v2\/pages\/7661"}],"wp:attachment":[{"href":"https:\/\/culturesconnection.com\/it\/wp-json\/wp\/v2\/media?parent=7854"}],"curies":[{"name":"wp","href":"https:\/\/api.w.org\/{rel}","templated":true}]}}