{"id":7847,"date":"2017-03-20T19:45:35","date_gmt":"2017-03-20T18:45:35","guid":{"rendered":"http:\/\/culturesconnection.com\/?page_id=7847\/"},"modified":"2022-06-21T06:34:12","modified_gmt":"2022-06-21T04:34:12","slug":"traduzione-scientifica-portoghese","status":"publish","type":"page","link":"https:\/\/culturesconnection.com\/it\/traduzione-portoghese\/traduzione-scientifica-portoghese\/","title":{"rendered":"Traduzione scientifica in portoghese"},"content":{"rendered":"\n<h2 class=\"wp-block-heading\">Specialisti della traduzione scientifica dall\u2019italiano al portoghese al tuo servizio<\/h2>\n\n\n\n<p>Quando si tratta di affidare lavori di traduzione scientifica in portoghese ad un\u2019<a href=\"https:\/\/culturesconnection.com\/it\/\">agenzia di traduzione<\/a>, \u00e8 importante avere la certezza che il progetto venga assegnato a professionisti qualificati. Tutti i documenti scientifici contengono terminologia specifica, che si tratti di biotecnologie, di manipolazioni del DNA o biodiversit\u00e0. Se esigi risultati impeccabili, il progetto deve essere affidato a un esperto di traduzione scientifica che lavora da o verso portoghese. Smetti di cercare il tesoro nascosto: I migliori professionisti li trovi nella nostra agenzia. Ci occupiamo di selezionare il miglior traduttore scientifico e servirti al meglio dal ricevimento fino alla consegna dei documenti.<\/p>\n\n\n\n<h2 class=\"wp-block-heading\">Il nostro studio di traduzione<\/h2>\n\n\n\n<p>La nostra azienda di traduzione ti offre i servizi di numerosi traduttori italiano portoghese e portoghese italiano, specializzati in traduzioni scientifiche. Inoltre, un nostro project manager monitorer\u00e0 il progetto e si assicurer\u00e0 che tutto vada per il verso giusto. Ancor prima che il traduttore inizi a lavorare, verr\u00e0 effettuata una ricerca terminologica approfondita al fine di fornire al cliente una traduzione di alta qualit\u00e0. Sappiamo che una sola parola pu\u00f2 avere varie traduzioni; questo \u00e8 il motivo per cui ci assicuriamo che i nostri traduttori scelgano sempre la parola esatta da utilizzare in base al contesto. Siamo in costante contatto con i nostri clienti e disponiamo di materiali di riferimento per svolgere il nostro lavoro nel miglior modo possibile. Se sei alla ricerca di un <a href=\"https:\/\/culturesconnection.com\/it\/servizi-di-traduzione\/\">servizio di traduzione<\/a> di alta qualit\u00e0, scegli Cultures Connection.<\/p>\n\n\n\n<h2 class=\"wp-block-heading\">Traduzione di documenti scientifici in portoghese<\/h2>\n\n\n\n<p>Ci vengono affidate numerose <a href=\"https:\/\/culturesconnection.com\/it\/traduzione-scientifica\/\">traduzioni scientifiche<\/a>. Ecco un elenco di documenti che traduciamo spesso da e verso il portoghese:<\/p>\n\n\n\n<ul class=\"wp-block-list\"><li>Lessici, enciclopedie scientifiche e glossari<\/li><li>Documenti tecnici e articoli di ricerca<\/li><li>Manuali operatore e utente<\/li><li>Esami di laboratorio, protocolli di test<\/li><li>Documenti legali, brevetti e linee guida<\/li><li>Specifiche tecniche<\/li><li>Studi di mercato e di progetto multipaese<\/li><li>Software di simulazione (biotecnologie, ambiente, riqualificazione di siti industriali)<\/li><li>Presentazioni multimediali e video<\/li><li>Traduzione e localizzazione di siti web<\/li><li>Traduzione di manuali tecnici, presentazioni per conferenze<\/li><\/ul>\n","protected":false},"excerpt":{"rendered":"<p>Specialisti della traduzione scientifica dall\u2019italiano al portoghese al tuo servizio Quando si tratta di affidare lavori di traduzione scientifica in portoghese ad un\u2019agenzia di traduzione, [&#8230;]<\/p>\n<p><a class=\"btn btn-secondary understrap-read-more-link\" href=\"https:\/\/culturesconnection.com\/it\/traduzione-portoghese\/traduzione-scientifica-portoghese\/\">Leggi di pi\u00f9&#8230;<span class=\"screen-reader-text\"> from Traduzione scientifica in portoghese<\/span><\/a><\/p>\n","protected":false},"author":26,"featured_media":0,"parent":7821,"menu_order":0,"comment_status":"closed","ping_status":"closed","template":"","meta":{"_acf_changed":false,"_editorskit_title_hidden":false,"_editorskit_reading_time":0,"_editorskit_is_block_options_detached":false,"_editorskit_block_options_position":"{}","footnotes":""},"class_list":["post-7847","page","type-page","status-publish","hentry"],"acf":[],"_links":{"self":[{"href":"https:\/\/culturesconnection.com\/it\/wp-json\/wp\/v2\/pages\/7847","targetHints":{"allow":["GET"]}}],"collection":[{"href":"https:\/\/culturesconnection.com\/it\/wp-json\/wp\/v2\/pages"}],"about":[{"href":"https:\/\/culturesconnection.com\/it\/wp-json\/wp\/v2\/types\/page"}],"author":[{"embeddable":true,"href":"https:\/\/culturesconnection.com\/it\/wp-json\/wp\/v2\/users\/26"}],"replies":[{"embeddable":true,"href":"https:\/\/culturesconnection.com\/it\/wp-json\/wp\/v2\/comments?post=7847"}],"version-history":[{"count":0,"href":"https:\/\/culturesconnection.com\/it\/wp-json\/wp\/v2\/pages\/7847\/revisions"}],"up":[{"embeddable":true,"href":"https:\/\/culturesconnection.com\/it\/wp-json\/wp\/v2\/pages\/7821"}],"wp:attachment":[{"href":"https:\/\/culturesconnection.com\/it\/wp-json\/wp\/v2\/media?parent=7847"}],"curies":[{"name":"wp","href":"https:\/\/api.w.org\/{rel}","templated":true}]}}