{"id":7841,"date":"2017-03-20T20:46:31","date_gmt":"2017-03-20T19:46:31","guid":{"rendered":"http:\/\/culturesconnection.com\/?page_id=7841\/"},"modified":"2022-06-21T01:21:59","modified_gmt":"2022-06-20T23:21:59","slug":"traduzione-finanziaria-turco","status":"publish","type":"page","link":"https:\/\/culturesconnection.com\/it\/servizi-di-traduzione-in-turco\/traduzione-finanziaria-turco\/","title":{"rendered":"Traduzione finanziaria in turco"},"content":{"rendered":"\n<h2 class=\"wp-block-heading\">Specialisti della traduzione finanziaria italiano turco al tuo servizio<\/h2>\n\n\n\n<p>Precisione e rigore sono le parole chiave quando si traducono documenti finanziari in turco. Il traduttore deve avere una conoscenza approfondita del mondo della finanza, della sua terminologia e delle norme che lo regolano. Un piccolo errore di traduzione pu\u00f2 avere gravi conseguenze, soprattutto dal punto di vista economico, perch\u00e9 pu\u00f2 impedire una buona comprensione di un testo e quindi alterare il processo decisionale. Ci\u00f2 vale in particolare per i documenti assicurativi: una persona potrebbe perdere le garanzie che gli erano state concesse in un dato documento se la traduzione di tale documento non \u00e8 corretta. Per evitare questo tipo di situazione, \u00e8 importante scegliere la giusta <a href=\"https:\/\/culturesconnection.com\/it\/\">agenzia di traduzione<\/a> che ti fornisca <a href=\"https:\/\/culturesconnection.com\/it\/servizi-di-traduzione\/\">servizi di traduzione<\/a> di qualit\u00e0.<\/p>\n\n\n\n<h2 class=\"wp-block-heading\">La nostra agenzia di traduzione finanziaria<\/h2>\n\n\n\n<p>Cultures Connection lavora con i migliori traduttori finanziari specializzati in turco. Questi sono accuratamente selezionati sulla base di qualifiche ed esperienza. Hanno acquisito quest\u2019ultima lavorando nel campo della finanza e hanno familiarit\u00e0 con le loro lingue di lavoro, italiano e turco. I nostri traduttori professionisti dedicano la massima cura ai tuoi progetti e lavorano solo nella loro lingua madre. Cultures Connection garantisce anche la massima riservatezza dei tuoi <a href=\"https:\/\/culturesconnection.com\/it\/traduzione-finanziaria\/\">documenti finanziari<\/a>. Scegliendo il nostro studio di traduzione fai la scelta migliore e usufruirai del servizio di esperti per i tuoi documenti finanziari in turco.<\/p>\n\n\n\n<h2 class=\"wp-block-heading\">Traduzioni in turco di documenti finanziari<\/h2>\n\n\n\n<p>Di seguito ti presentiamo alcuni esempi di documenti finanziari ed economici che la nostra azienda di traduzione ha gi\u00e0 tradotto in turco:<\/p>\n\n\n\n<ul class=\"wp-block-list\"><li>Documenti contenenti informazioni chiave per gli investitori (KIID)<\/li><li>D\u00e9pliant<\/li><li>Rapporti di fondi di investimento<\/li><li>Relazioni di attivit\u00e0<\/li><li>Bilanci<\/li><li>Borsa valori<\/li><li>Documenti bancari<\/li><li>Documenti di informazione finanziaria<\/li><li>Documenti di indagine<\/li><li>Documenti di gestione del rischio e del risparmio<\/li><li>Relazioni di audit<\/li><li>Testi riguardanti fusioni e acquisizioni<\/li><\/ul>\n","protected":false},"excerpt":{"rendered":"<p>Specialisti della traduzione finanziaria italiano turco al tuo servizio Precisione e rigore sono le parole chiave quando si traducono documenti finanziari in turco. Il traduttore [&#8230;]<\/p>\n<p><a class=\"btn btn-secondary understrap-read-more-link\" href=\"https:\/\/culturesconnection.com\/it\/servizi-di-traduzione-in-turco\/traduzione-finanziaria-turco\/\">Leggi di pi\u00f9&#8230;<span class=\"screen-reader-text\"> from Traduzione finanziaria in turco<\/span><\/a><\/p>\n","protected":false},"author":26,"featured_media":0,"parent":7661,"menu_order":0,"comment_status":"closed","ping_status":"closed","template":"","meta":{"_acf_changed":false,"_editorskit_title_hidden":false,"_editorskit_reading_time":0,"_editorskit_is_block_options_detached":false,"_editorskit_block_options_position":"{}","footnotes":""},"class_list":["post-7841","page","type-page","status-publish","hentry"],"acf":[],"_links":{"self":[{"href":"https:\/\/culturesconnection.com\/it\/wp-json\/wp\/v2\/pages\/7841","targetHints":{"allow":["GET"]}}],"collection":[{"href":"https:\/\/culturesconnection.com\/it\/wp-json\/wp\/v2\/pages"}],"about":[{"href":"https:\/\/culturesconnection.com\/it\/wp-json\/wp\/v2\/types\/page"}],"author":[{"embeddable":true,"href":"https:\/\/culturesconnection.com\/it\/wp-json\/wp\/v2\/users\/26"}],"replies":[{"embeddable":true,"href":"https:\/\/culturesconnection.com\/it\/wp-json\/wp\/v2\/comments?post=7841"}],"version-history":[{"count":0,"href":"https:\/\/culturesconnection.com\/it\/wp-json\/wp\/v2\/pages\/7841\/revisions"}],"up":[{"embeddable":true,"href":"https:\/\/culturesconnection.com\/it\/wp-json\/wp\/v2\/pages\/7661"}],"wp:attachment":[{"href":"https:\/\/culturesconnection.com\/it\/wp-json\/wp\/v2\/media?parent=7841"}],"curies":[{"name":"wp","href":"https:\/\/api.w.org\/{rel}","templated":true}]}}