{"id":7839,"date":"2017-03-20T21:21:01","date_gmt":"2017-03-20T20:21:01","guid":{"rendered":"http:\/\/culturesconnection.com\/?page_id=7839\/"},"modified":"2022-06-22T05:23:53","modified_gmt":"2022-06-22T03:23:53","slug":"traduzione-siti-web-spagnolo","status":"publish","type":"page","link":"https:\/\/culturesconnection.com\/it\/servizi-di-traduzione-in-spagnolo\/traduzione-siti-web-spagnolo\/","title":{"rendered":"Traduzione di siti web in spagnolo"},"content":{"rendered":"\n<h2 class=\"wp-block-heading\">Servizi di traduzione professionali di siti web in spagnolo<\/h2>\n\n\n\n<p>La globalizzazione apre le porte ai mercati internazionali e Internet \u00e8 una rete globale interconnessa. Pertanto, se vuoi espandere la tua azienda, il tuo sito web \u00e8 il tuo migliore alleato. Affinch\u00e9 la tua espansione a livello internazionale abbia successo devi affidare la traduzione del tuo sito web a professionisti che sanno come tradurre siti web in spagnolo. In effetti, una pagina ben scritta ispirer\u00e0 fiducia pi\u00f9 facilmente che una pagina piena di errori. I nostri traduttori che lavorano dall\u2019inglese allo spagnolo e viceversa ti aiuteranno a dare un\u2019immagine di credibilit\u00e0 e attirare nuovi clienti realizzando un lavoro di qualit\u00e0.<\/p>\n\n\n\n<h2 class=\"wp-block-heading\">La nostra agenzia di traduzione<\/h2>\n\n\n\n<p>Grazie a una considerevole esperienza nel campo della localizzazione di siti web, <a href=\"https:\/\/culturesconnection.com\/it\/\">Cultures Connection<\/a> ti fornisce servizi che soddisfano elevati standard di qualit\u00e0. Se vuoi sviluppare il tuo business in Spagna, America Latina o in un&#8217;altra parte del mondo, assegniamo sempre i tuoi progetti a traduttori di siti web del mercato di riferimento. Questi traduttori adattano i contenuti alla cultura locale e modificano gli elementi grafici, se necessario, perch\u00e9 i colori non sono sempre percepiti allo stesso modo in tutto il mondo. La nostra azienda di traduzione offre <a href=\"https:\/\/culturesconnection.com\/it\/servizi-di-traduzione\/\">servizi di traduzione<\/a> adatti alle tue esigenze.<\/p>\n\n\n\n<h2 class=\"wp-block-heading\">Servizi di traduzione di contenuto web in spagnolo<\/h2>\n\n\n\n<p>I nostri servizi di <a href=\"https:\/\/culturesconnection.com\/it\/traduzione-siti-web\/\">traduzione di siti web<\/a> includono diversi tipi di supporti web. Di seguito ne riportiamo alcuni:<\/p>\n\n\n\n<ul class=\"wp-block-list\"><li>Contenuti web<\/li><li>Siti e-commerce<\/li><li>App per dispositivi mobili<\/li><li>Piattaforme di trading<\/li><li>Schede prodotto<\/li><\/ul>\n","protected":false},"excerpt":{"rendered":"<p>Servizi di traduzione professionali di siti web in spagnolo La globalizzazione apre le porte ai mercati internazionali e Internet \u00e8 una rete globale interconnessa. Pertanto, [&#8230;]<\/p>\n<p><a class=\"btn btn-secondary understrap-read-more-link\" href=\"https:\/\/culturesconnection.com\/it\/servizi-di-traduzione-in-spagnolo\/traduzione-siti-web-spagnolo\/\">Leggi di pi\u00f9&#8230;<span class=\"screen-reader-text\"> from Traduzione di siti web in spagnolo<\/span><\/a><\/p>\n","protected":false},"author":29,"featured_media":0,"parent":7660,"menu_order":0,"comment_status":"closed","ping_status":"closed","template":"","meta":{"_acf_changed":false,"_editorskit_title_hidden":false,"_editorskit_reading_time":0,"_editorskit_is_block_options_detached":false,"_editorskit_block_options_position":"{}","footnotes":""},"class_list":["post-7839","page","type-page","status-publish","hentry"],"acf":[],"_links":{"self":[{"href":"https:\/\/culturesconnection.com\/it\/wp-json\/wp\/v2\/pages\/7839","targetHints":{"allow":["GET"]}}],"collection":[{"href":"https:\/\/culturesconnection.com\/it\/wp-json\/wp\/v2\/pages"}],"about":[{"href":"https:\/\/culturesconnection.com\/it\/wp-json\/wp\/v2\/types\/page"}],"author":[{"embeddable":true,"href":"https:\/\/culturesconnection.com\/it\/wp-json\/wp\/v2\/users\/29"}],"replies":[{"embeddable":true,"href":"https:\/\/culturesconnection.com\/it\/wp-json\/wp\/v2\/comments?post=7839"}],"version-history":[{"count":0,"href":"https:\/\/culturesconnection.com\/it\/wp-json\/wp\/v2\/pages\/7839\/revisions"}],"up":[{"embeddable":true,"href":"https:\/\/culturesconnection.com\/it\/wp-json\/wp\/v2\/pages\/7660"}],"wp:attachment":[{"href":"https:\/\/culturesconnection.com\/it\/wp-json\/wp\/v2\/media?parent=7839"}],"curies":[{"name":"wp","href":"https:\/\/api.w.org\/{rel}","templated":true}]}}