{"id":7834,"date":"2017-03-21T15:12:23","date_gmt":"2017-03-21T14:12:23","guid":{"rendered":"http:\/\/culturesconnection.com\/?page_id=7834\/"},"modified":"2022-06-21T21:12:38","modified_gmt":"2022-06-21T19:12:38","slug":"traduzione-commerciale-spagnolo","status":"publish","type":"page","link":"https:\/\/culturesconnection.com\/it\/servizi-di-traduzione-in-spagnolo\/traduzione-commerciale-spagnolo\/","title":{"rendered":"Traduzione commerciale in spagnolo"},"content":{"rendered":"\n<h2 class=\"wp-block-heading\">Traduzione commerciale italiano spagnolo: sii pi\u00f9 credibile<\/h2>\n\n\n\n<p>La traduzione commerciale da e verso lo spagnolo \u00e8 una sfida fondamentale per ogni azienda che vuole espandersi nei paesi di lingua spagnola. Fornire ai tuoi partner commerciali documenti tradotti nella loro lingua \u00e8 un vantaggio che ti permetter\u00e0 di promuovere la tua azienda, garantendo al contempo maggiore credibilit\u00e0. Altro punto da non trascurare: culture aziendali che variano da un paese all&#8217;altro. Ad esempio, la firma di un contratto in Spagna o in America Latina non avverr\u00e0 nello stesso modo in cui avviene in Italia. Ecco perch\u00e9 questo tipo di lavoro deve essere assolutamente svolto da un professionista di traduzione commerciale in spagnolo che conosca molto bene la cultura imprenditoriale dei paesi in questione.<\/p>\n\n\n\n<h2 class=\"wp-block-heading\">Sei alla ricerca di un\u2019agenzia di traduzione commerciale?<\/h2>\n\n\n\n<p>La nostra <a href=\"https:\/\/culturesconnection.com\/it\/\">azienda di traduzione<\/a> conta su una vasta rete di esperti traduttori commerciali che applicano i nostri standard di qualit\u00e0. Hanno ottima padronanza dello spagnolo e dell\u2019italiano e traducono sempre verso la loro lingua madre. Sono stati tutti selezionati in base alla loro formazione, esperienza e qualifiche. Inoltre hanno superato una serie di rigorosi test che valutano sistematicamente l\u2019evoluzione delle loro abilit\u00e0.<\/p>\n\n\n\n<h2 class=\"wp-block-heading\">Traduzione in spagnolo di documenti commerciali<\/h2>\n\n\n\n<p>A Cultures Connection, garantiamo <a href=\"https:\/\/culturesconnection.com\/it\/servizi-di-traduzione\/\">servizi di traduzione<\/a> di qualit\u00e0 e traduciamo una vasta gamma di <a href=\"https:\/\/culturesconnection.com\/it\/servizi-di-traduzione-commerciale\/\">documenti commerciali<\/a>, il che ci permette di aiutarti ad espanderti internazionalmente. Ecco un elenco di tipi di documenti che traduciamo frequentemente da e verso lo spagnolo:<\/p>\n\n\n\n<ul class=\"wp-block-list\"><li>Opuscoli<\/li><li>D\u00e9pliant<\/li><li>Biglietti da visita<\/li><li>Lanci di prodotti<\/li><li>Campagne<\/li><li>Siti web<\/li><li>Cataloghi<\/li><li>Presentazioni<\/li><li>Media pubblicitari<\/li><li>Studi di mercato<\/li><li>Bollettini commerciali<\/li><li>Libri bianchi<\/li><li>Pubblicit\u00e0<\/li><\/ul>\n","protected":false},"excerpt":{"rendered":"<p>Traduzione commerciale italiano spagnolo: sii pi\u00f9 credibile La traduzione commerciale da e verso lo spagnolo \u00e8 una sfida fondamentale per ogni azienda che vuole espandersi [&#8230;]<\/p>\n<p><a class=\"btn btn-secondary understrap-read-more-link\" href=\"https:\/\/culturesconnection.com\/it\/servizi-di-traduzione-in-spagnolo\/traduzione-commerciale-spagnolo\/\">Leggi di pi\u00f9&#8230;<span class=\"screen-reader-text\"> from Traduzione commerciale in spagnolo<\/span><\/a><\/p>\n","protected":false},"author":29,"featured_media":0,"parent":7660,"menu_order":0,"comment_status":"closed","ping_status":"closed","template":"","meta":{"_acf_changed":false,"_editorskit_title_hidden":false,"_editorskit_reading_time":0,"_editorskit_is_block_options_detached":false,"_editorskit_block_options_position":"{}","footnotes":""},"class_list":["post-7834","page","type-page","status-publish","hentry"],"acf":[],"_links":{"self":[{"href":"https:\/\/culturesconnection.com\/it\/wp-json\/wp\/v2\/pages\/7834","targetHints":{"allow":["GET"]}}],"collection":[{"href":"https:\/\/culturesconnection.com\/it\/wp-json\/wp\/v2\/pages"}],"about":[{"href":"https:\/\/culturesconnection.com\/it\/wp-json\/wp\/v2\/types\/page"}],"author":[{"embeddable":true,"href":"https:\/\/culturesconnection.com\/it\/wp-json\/wp\/v2\/users\/29"}],"replies":[{"embeddable":true,"href":"https:\/\/culturesconnection.com\/it\/wp-json\/wp\/v2\/comments?post=7834"}],"version-history":[{"count":0,"href":"https:\/\/culturesconnection.com\/it\/wp-json\/wp\/v2\/pages\/7834\/revisions"}],"up":[{"embeddable":true,"href":"https:\/\/culturesconnection.com\/it\/wp-json\/wp\/v2\/pages\/7660"}],"wp:attachment":[{"href":"https:\/\/culturesconnection.com\/it\/wp-json\/wp\/v2\/media?parent=7834"}],"curies":[{"name":"wp","href":"https:\/\/api.w.org\/{rel}","templated":true}]}}