{"id":7830,"date":"2017-03-21T15:44:29","date_gmt":"2017-03-21T14:44:29","guid":{"rendered":"http:\/\/culturesconnection.com\/?page_id=7830\/"},"modified":"2022-06-21T06:00:00","modified_gmt":"2022-06-21T04:00:00","slug":"traduzione-scientifica-russo","status":"publish","type":"page","link":"https:\/\/culturesconnection.com\/it\/traduzione-russo\/traduzione-scientifica-russo\/","title":{"rendered":"Traduzione scientifica in russo"},"content":{"rendered":"\n<h2 class=\"wp-block-heading\">La traduzione scientifica italiano russo: un lavoro rigoroso<\/h2>\n\n\n\n<p>Prima di affrontare la traduzione di un documento scientifico, il traduttore tecnico deve effettuare approfondite ricerche terminologiche. Dato che la terminologia \u00e8 specifica per ogni area di specializzazione. I traduttori devono avere familiarit\u00e0 con il settore e con i termini specifici in entrambe le lingue di lavoro. Hanno a disposizione dizionari specializzati e manuali come materiale di riferimento per le loro traduzioni. Nella traduzione, e pi\u00f9 specificamente in campo scientifico, le parole usate sono di particolare importanza e una traduzione imprecisa pu\u00f2 avere gravi conseguenze. Questo \u00e8 il motivo per cui dedichiamo tanta attenzione a questa fase preliminare.<\/p>\n\n\n\n<h2 class=\"wp-block-heading\">Il nostro studio di traduzione<\/h2>\n\n\n\n<p>La biologia, l\u2019ecologia, lo sviluppo sostenibile, la salute e le energie rinnovabili sono solo alcuni dei settori di specializzazione dei nostri traduttori per la traduzione dei tuoi documenti in russo. <a href=\"https:\/\/culturesconnection.com\/it\/\">Cultures Connection<\/a> offre <a href=\"https:\/\/culturesconnection.com\/it\/servizi-di-traduzione\/\">traduzioni<\/a> di qualit\u00e0 e lavora con un team di traduttori russi qualificati. Ogni traduttore lavora all&#8217;interno della sua rispettiva area di specializzazione, offrendo traduzioni scientifiche meticolose in cui nessun dettaglio \u00e8 lasciato al caso.<\/p>\n\n\n\n<h2 class=\"wp-block-heading\">Traduzione di documenti scientifici in russo<\/h2>\n\n\n\n<p>Di seguito ti presentiamo alcuni tipi di <a href=\"https:\/\/culturesconnection.com\/it\/traduzione-scientifica\/\">documenti scientifici<\/a> che la nostra azienda di traduzione ha tradotto in russo in passato:<\/p>\n\n\n\n<ul class=\"wp-block-list\"><li>Lessici, enciclopedie scientifiche e glossari<\/li><li>Documenti tecnici e articoli di ricerca<\/li><li>Manuali operatore e utente<\/li><li>Prove di laboratorio, protocolli di test<\/li><li>Documenti legali, brevetti e linee guida<\/li><li>Specifiche tecniche<\/li><li>Progetti e studi di mercato multipaese<\/li><li>Software di simulazione (biotecnologie, ambiente, riqualificazione di siti industriali)<\/li><li>Presentazioni multimediali e video<\/li><li>Traduzione e localizzazione di siti web<\/li><li>Traduzione di manuali tecnici, presentazioni per conferenze<\/li><\/ul>\n","protected":false},"excerpt":{"rendered":"<p>La traduzione scientifica italiano russo: un lavoro rigoroso Prima di affrontare la traduzione di un documento scientifico, il traduttore tecnico deve effettuare approfondite ricerche terminologiche. [&#8230;]<\/p>\n<p><a class=\"btn btn-secondary understrap-read-more-link\" href=\"https:\/\/culturesconnection.com\/it\/traduzione-russo\/traduzione-scientifica-russo\/\">Leggi di pi\u00f9&#8230;<span class=\"screen-reader-text\"> from Traduzione scientifica in russo<\/span><\/a><\/p>\n","protected":false},"author":26,"featured_media":0,"parent":7825,"menu_order":0,"comment_status":"closed","ping_status":"closed","template":"","meta":{"_acf_changed":false,"_editorskit_title_hidden":false,"_editorskit_reading_time":0,"_editorskit_is_block_options_detached":false,"_editorskit_block_options_position":"{}","footnotes":""},"class_list":["post-7830","page","type-page","status-publish","hentry"],"acf":[],"_links":{"self":[{"href":"https:\/\/culturesconnection.com\/it\/wp-json\/wp\/v2\/pages\/7830","targetHints":{"allow":["GET"]}}],"collection":[{"href":"https:\/\/culturesconnection.com\/it\/wp-json\/wp\/v2\/pages"}],"about":[{"href":"https:\/\/culturesconnection.com\/it\/wp-json\/wp\/v2\/types\/page"}],"author":[{"embeddable":true,"href":"https:\/\/culturesconnection.com\/it\/wp-json\/wp\/v2\/users\/26"}],"replies":[{"embeddable":true,"href":"https:\/\/culturesconnection.com\/it\/wp-json\/wp\/v2\/comments?post=7830"}],"version-history":[{"count":0,"href":"https:\/\/culturesconnection.com\/it\/wp-json\/wp\/v2\/pages\/7830\/revisions"}],"up":[{"embeddable":true,"href":"https:\/\/culturesconnection.com\/it\/wp-json\/wp\/v2\/pages\/7825"}],"wp:attachment":[{"href":"https:\/\/culturesconnection.com\/it\/wp-json\/wp\/v2\/media?parent=7830"}],"curies":[{"name":"wp","href":"https:\/\/api.w.org\/{rel}","templated":true}]}}