{"id":7826,"date":"2017-03-21T16:02:14","date_gmt":"2017-03-21T15:02:14","guid":{"rendered":"http:\/\/culturesconnection.com\/?page_id=7826\/"},"modified":"2022-06-21T22:43:00","modified_gmt":"2022-06-21T20:43:00","slug":"traduzione-commerciale-russo","status":"publish","type":"page","link":"https:\/\/culturesconnection.com\/it\/traduzione-russo\/traduzione-commerciale-russo\/","title":{"rendered":"Traduzione commerciale in russo"},"content":{"rendered":"\n<h2 class=\"wp-block-heading\">Traduzione di documenti commerciali italiano russo: il tuo migliore alleato<\/h2>\n\n\n\n<p>La globalizzazione ha reso la traduzione dei documenti commerciali indispensabile. Se desideri espandere la tua attivit\u00e0 in Russia, dovrai tradurre tutti i documenti commerciali in russo. L\u2019impatto che avr\u00e0 un documento commerciale su una persona non sar\u00e0 lo stesso se \u00e8 presentato in un\u2019altra lingua piuttosto che nella sua lingua madre. Tuttavia, devi tener presente che una traduzione di marketing o commerciale non \u00e8 solo una semplice trasposizione di parole da una lingua ad un&#8217;altra. Si tratta di un adattamento alla cultura locale. Questo \u00e8 il motivo per cui i traduttori di documenti aziendali, in aggiunta alla loro esperienza nel settore, devono anche capire le lingue e le culture che corrispondono ai testi di origine e di destinazione.<\/p>\n\n\n\n<h2 class=\"wp-block-heading\">La nostra agenzia di traduzione commerciale<\/h2>\n\n\n\n<p>Al fine di lavorare solo con traduttori che siano competenti nei loro settori rispettivi, <a href=\"https:\/\/culturesconnection.com\/it\/\">Cultures Connection<\/a> li seleziona con attenzione in base alla loro esperienza e alle loro qualifiche. I nostri traduttori e revisori, con esperienza ottenuta tramite formazione accademica e professionale, sono anche specialisti nelle lingue in cui lavorano, russo e italiano, oltre alla cultura dei paesi interessati. Per garantire un\u2019elevata qualit\u00e0 dei nostri servizi di traduzione di documenti commerciali in russo, i nostri traduttori professionisti lavorano solo nella loro lingua madre. Per tutte queste ragioni, la nostra azienda di traduzione, in virt\u00f9 degli ottimi <a href=\"https:\/\/culturesconnection.com\/it\/servizi-di-traduzione\/\">servizi di traduzione<\/a> offerti, \u00e8 la scelta migliore per garantire il successo della tua azienda nel mercato russo.<\/p>\n\n\n\n<h2 class=\"wp-block-heading\">Traduzione di documenti commerciali in russo<\/h2>\n\n\n\n<p>La nostra agenzia traduce molti tipi di <a href=\"https:\/\/culturesconnection.com\/it\/servizi-di-traduzione-commerciale\/\">documenti commerciali<\/a>. Di seguito \u00e8 riportato un elenco di questi documenti:<\/p>\n\n\n\n<ul class=\"wp-block-list\"><li>Opuscoli<\/li><li>Libretti<\/li><li>Biglietti da visita<\/li><li>Lanci di prodotti<\/li><li>Campagne<\/li><li>Siti web<\/li><li>Cataloghi<\/li><li>Presentazioni<\/li><li>Media pubblicitari<\/li><li>Studi di mercato<\/li><li>Bollettini commerciali<\/li><li>Libri bianchi<\/li><li>Pubblicit\u00e0<\/li><\/ul>\n","protected":false},"excerpt":{"rendered":"<p>Traduzione di documenti commerciali italiano russo: il tuo migliore alleato La globalizzazione ha reso la traduzione dei documenti commerciali indispensabile. Se desideri espandere la tua [&#8230;]<\/p>\n<p><a class=\"btn btn-secondary understrap-read-more-link\" href=\"https:\/\/culturesconnection.com\/it\/traduzione-russo\/traduzione-commerciale-russo\/\">Leggi di pi\u00f9&#8230;<span class=\"screen-reader-text\"> from Traduzione commerciale in russo<\/span><\/a><\/p>\n","protected":false},"author":29,"featured_media":0,"parent":7825,"menu_order":0,"comment_status":"closed","ping_status":"closed","template":"","meta":{"_acf_changed":false,"_editorskit_title_hidden":false,"_editorskit_reading_time":0,"_editorskit_is_block_options_detached":false,"_editorskit_block_options_position":"{}","footnotes":""},"class_list":["post-7826","page","type-page","status-publish","hentry"],"acf":[],"_links":{"self":[{"href":"https:\/\/culturesconnection.com\/it\/wp-json\/wp\/v2\/pages\/7826","targetHints":{"allow":["GET"]}}],"collection":[{"href":"https:\/\/culturesconnection.com\/it\/wp-json\/wp\/v2\/pages"}],"about":[{"href":"https:\/\/culturesconnection.com\/it\/wp-json\/wp\/v2\/types\/page"}],"author":[{"embeddable":true,"href":"https:\/\/culturesconnection.com\/it\/wp-json\/wp\/v2\/users\/29"}],"replies":[{"embeddable":true,"href":"https:\/\/culturesconnection.com\/it\/wp-json\/wp\/v2\/comments?post=7826"}],"version-history":[{"count":0,"href":"https:\/\/culturesconnection.com\/it\/wp-json\/wp\/v2\/pages\/7826\/revisions"}],"up":[{"embeddable":true,"href":"https:\/\/culturesconnection.com\/it\/wp-json\/wp\/v2\/pages\/7825"}],"wp:attachment":[{"href":"https:\/\/culturesconnection.com\/it\/wp-json\/wp\/v2\/media?parent=7826"}],"curies":[{"name":"wp","href":"https:\/\/api.w.org\/{rel}","templated":true}]}}